{"id":7258,"date":"2022-12-06T10:29:29","date_gmt":"2022-12-06T09:29:29","guid":{"rendered":"https:\/\/agora.xtec.cat\/ses-elvern\/?page_id=7258"},"modified":"2025-10-22T11:27:24","modified_gmt":"2025-10-22T09:27:24","slug":"prevencio-de-riscos-i-salut","status":"publish","type":"page","link":"https:\/\/agora.xtec.cat\/ses-elvern\/linstitut\/gestio-i-organitzacio\/prevencio-de-riscos-i-salut\/","title":{"rendered":"Prevenci\u00f3 de riscos i salut"},"content":{"rendered":"<p><a href=\"https:\/\/espai.educacio.gencat.cat\/Personal\/Prevencio-riscos\/Documents\/Infografia-organitzacio-prevencio.pdf\" target=\"_blank\" rel=\"noopener\"><img loading=\"lazy\" decoding=\"async\" class=\"wp-image-7261 alignleft\" src=\"https:\/\/agora.xtec.cat\/ses-elvern\/wp-content\/uploads\/usu1817\/IMATGE_Infografia-organitzacio-prevencio-725x1024.jpg\" alt=\"\" width=\"580\" height=\"819\" srcset=\"https:\/\/agora.xtec.cat\/ses-elvern\/wp-content\/uploads\/usu1817\/IMATGE_Infografia-organitzacio-prevencio-725x1024.jpg 725w, https:\/\/agora.xtec.cat\/ses-elvern\/wp-content\/uploads\/usu1817\/IMATGE_Infografia-organitzacio-prevencio-212x300.jpg 212w, https:\/\/agora.xtec.cat\/ses-elvern\/wp-content\/uploads\/usu1817\/IMATGE_Infografia-organitzacio-prevencio-768x1085.jpg 768w, https:\/\/agora.xtec.cat\/ses-elvern\/wp-content\/uploads\/usu1817\/IMATGE_Infografia-organitzacio-prevencio-1087x1536.jpg 1087w, https:\/\/agora.xtec.cat\/ses-elvern\/wp-content\/uploads\/usu1817\/IMATGE_Infografia-organitzacio-prevencio.jpg 1241w\" sizes=\"auto, (max-width: 580px) 100vw, 580px\" \/><\/a><\/p>\n<p>La prevenci\u00f3 de riscos laborals \u00e9s el <strong>conjunt d&#8217;activitats i mesures adoptades o previstes en totes les fases de l&#8217;activitat laboral, amb la finalitat d&#8217;identificar els riscos derivats del treball per tal d&#8217;eliminar-los o reduir-los i evitar les possibles conseq\u00fc\u00e8ncies so\u200b\u200bbre la salut del personal treballador i l&#8217;entorn.<\/strong><\/p>\n<p>Dins d&#8217;aquest espai trobareu informaci\u00f3 sobre com est\u00e0 organitzada la prevenci\u00f3 de riscos laborals al\u00a0 nostre centre, aix\u00ed com recomanacions, procediments i instruccions d&#8217;actuaci\u00f3 en diferents situacions d&#8217;emerg\u00e8ncia<\/p>\n<p>Segiu l&#8217;enlla\u00e7 per accedir a la <a href=\"https:\/\/espai.educacio.gencat.cat\/Personal\/Prevencio-riscos\/Pagines\/default.aspx\" target=\"_blank\" rel=\"noopener\">informaci\u00f3 sobre el servei de Prevenci\u00f3 de riscos laborals al Departament d&#8217;Educaci\u00f3.\u200b\u200b<\/a><\/p>\n<p>Seguiu l&#8217;enlla\u00e7 per accedir al <a href=\"https:\/\/docs.google.com\/document\/d\/1aC9DwLP1Az5DdjWYulnY1HEmP0vjqoPqoKdxlhaK06o\/edit?usp=sharing\" target=\"_blank\" rel=\"noopener\">Pla d&#8217;emerg\u00e8ncia de l&#8217;Institut El Vern<\/a><\/p>\n","protected":false},"excerpt":{"rendered":"<p>La prevenci\u00f3 de riscos laborals \u00e9s el conjunt d&#8217;activitats i mesures adoptades o previstes en totes les fases de l&#8217;activitat laboral, amb la finalitat d&#8217;identificar els riscos derivats del treball per tal d&#8217;eliminar-los o reduir-los i evitar les possibles conseq\u00fc\u00e8ncies so\u200b\u200bbre la salut del personal treballador i l&#8217;entorn. Dins d&#8217;aquest espai trobareu informaci\u00f3 sobre com [&hellip;]<\/p>\n","protected":false},"author":1,"featured_media":0,"parent":4769,"menu_order":6,"comment_status":"closed","ping_status":"closed","template":"","meta":{"_bbp_topic_count":0,"_bbp_reply_count":0,"_bbp_total_topic_count":0,"_bbp_total_reply_count":0,"_bbp_voice_count":0,"_bbp_anonymous_reply_count":0,"_bbp_topic_count_hidden":0,"_bbp_reply_count_hidden":0,"_bbp_forum_subforum_count":0,"site-sidebar-layout":"default","site-content-layout":"","ast-site-content-layout":"default","site-content-style":"default","site-sidebar-style":"default","ast-global-header-display":"","ast-banner-title-visibility":"","ast-main-header-display":"","ast-hfb-above-header-display":"","ast-hfb-below-header-display":"","ast-hfb-mobile-header-display":"","site-post-title":"","ast-breadcrumbs-content":"","ast-featured-img":"","footer-sml-layout":"","theme-transparent-header-meta":"","adv-header-id-meta":"","stick-header-meta":"","header-above-stick-meta":"","header-main-stick-meta":"","header-below-stick-meta":"","astra-migrate-meta-layouts":"set","ast-page-background-enabled":"default","ast-page-background-meta":{"desktop":{"background-color":"var(--ast-global-color-4)","background-image":"","background-repeat":"repeat","background-position":"center center","background-size":"auto","background-attachment":"scroll","background-type":"","background-media":"","overlay-type":"","overlay-color":"","overlay-opacity":"","overlay-gradient":""},"tablet":{"background-color":"","background-image":"","background-repeat":"repeat","background-position":"center center","background-size":"auto","background-attachment":"scroll","background-type":"","background-media":"","overlay-type":"","overlay-color":"","overlay-opacity":"","overlay-gradient":""},"mobile":{"background-color":"","background-image":"","background-repeat":"repeat","background-position":"center center","background-size":"auto","background-attachment":"scroll","background-type":"","background-media":"","overlay-type":"","overlay-color":"","overlay-opacity":"","overlay-gradient":""}},"ast-content-background-meta":{"desktop":{"background-color":"var(--ast-global-color-5)","background-image":"","background-repeat":"repeat","background-position":"center center","background-size":"auto","background-attachment":"scroll","background-type":"","background-media":"","overlay-type":"","overlay-color":"","overlay-opacity":"","overlay-gradient":""},"tablet":{"background-color":"var(--ast-global-color-5)","background-image":"","background-repeat":"repeat","background-position":"center center","background-size":"auto","background-attachment":"scroll","background-type":"","background-media":"","overlay-type":"","overlay-color":"","overlay-opacity":"","overlay-gradient":""},"mobile":{"background-color":"var(--ast-global-color-5)","background-image":"","background-repeat":"repeat","background-position":"center center","background-size":"auto","background-attachment":"scroll","background-type":"","background-media":"","overlay-type":"","overlay-color":"","overlay-opacity":"","overlay-gradient":""}},"footnotes":""},"class_list":["post-7258","page","type-page","status-publish","hentry"],"post_mailing_queue_ids":[],"_links":{"self":[{"href":"https:\/\/agora.xtec.cat\/ses-elvern\/wp-json\/wp\/v2\/pages\/7258","targetHints":{"allow":["GET"]}}],"collection":[{"href":"https:\/\/agora.xtec.cat\/ses-elvern\/wp-json\/wp\/v2\/pages"}],"about":[{"href":"https:\/\/agora.xtec.cat\/ses-elvern\/wp-json\/wp\/v2\/types\/page"}],"author":[{"embeddable":true,"href":"https:\/\/agora.xtec.cat\/ses-elvern\/wp-json\/wp\/v2\/users\/1"}],"replies":[{"embeddable":true,"href":"https:\/\/agora.xtec.cat\/ses-elvern\/wp-json\/wp\/v2\/comments?post=7258"}],"version-history":[{"count":4,"href":"https:\/\/agora.xtec.cat\/ses-elvern\/wp-json\/wp\/v2\/pages\/7258\/revisions"}],"predecessor-version":[{"id":10378,"href":"https:\/\/agora.xtec.cat\/ses-elvern\/wp-json\/wp\/v2\/pages\/7258\/revisions\/10378"}],"up":[{"embeddable":true,"href":"https:\/\/agora.xtec.cat\/ses-elvern\/wp-json\/wp\/v2\/pages\/4769"}],"wp:attachment":[{"href":"https:\/\/agora.xtec.cat\/ses-elvern\/wp-json\/wp\/v2\/media?parent=7258"}],"curies":[{"name":"wp","href":"https:\/\/api.w.org\/{rel}","templated":true}]}}