{"id":6444,"date":"2022-04-04T19:24:20","date_gmt":"2022-04-04T17:24:20","guid":{"rendered":"https:\/\/agora.xtec.cat\/ses-elvern\/?page_id=6444"},"modified":"2025-09-26T07:25:43","modified_gmt":"2025-09-26T05:25:43","slug":"us-i-normativa-dordinadors-cedits-pla-digital","status":"publish","type":"page","link":"https:\/\/agora.xtec.cat\/ses-elvern\/families-digitals\/us-i-normativa-dordinadors-cedits-pla-digital\/","title":{"rendered":"\u00das i normativa d&#8217;ordinadors cedits (Pla digital)"},"content":{"rendered":"<p><a href=\"https:\/\/docs.google.com\/document\/d\/1tCSx7XZQct5Un3KHkBzMNfPOkGWrFIZ-k_TlnfqJBPE\/edit?usp=sharing\" target=\"_blank\" rel=\"noopener\"><b>NORMATIVA SOBRE LA UTILITZACI\u00d3 DE L\u2019ORDINADOR CEDIT PEL DEPARTAMENT D&#8217;EDUCACI\u00d3<\/b><\/a><\/p>\n<p><img loading=\"lazy\" decoding=\"async\" class=\"alignnone size-large wp-image-6445\" src=\"https:\/\/agora.xtec.cat\/ses-elvern\/wp-content\/uploads\/usu1817\/LOGO_PEDC-1024x516.png\" alt=\"\" width=\"1024\" height=\"516\" srcset=\"https:\/\/agora.xtec.cat\/ses-elvern\/wp-content\/uploads\/usu1817\/LOGO_PEDC-1024x516.png 1024w, https:\/\/agora.xtec.cat\/ses-elvern\/wp-content\/uploads\/usu1817\/LOGO_PEDC-300x151.png 300w, https:\/\/agora.xtec.cat\/ses-elvern\/wp-content\/uploads\/usu1817\/LOGO_PEDC-768x387.png 768w, https:\/\/agora.xtec.cat\/ses-elvern\/wp-content\/uploads\/usu1817\/LOGO_PEDC.png 1422w\" sizes=\"auto, (max-width: 1024px) 100vw, 1024px\" \/><\/p>\n<p><span style=\"font-weight: 400;\">Des del centre posem a la disposici\u00f3 un ordinador Lenovo amb pantalla t\u00e0ctil d\u201911\u20196\u201d i 8Gb de mem\u00f2ria RAM\u00a0 per tal que l&#8217;alumnat en faci l&#8217;\u00fas necessari per seguir el seu aprenentatge. \u00c9s responsabilitat de l&#8217;alumnat i les fam\u00edlies assegurar-se que es mant\u00e9 en bon estat al llarg de tot el curs. A final de curs, si no es confirma la matr\u00edcula al centre, s&#8217;ha de retornar en bon estat i en la caixa original. Si es continua cursant l\u2019ESO a l\u2019Institut El Vern, l&#8217;alumnat se&#8217;l pot quedar tamb\u00e9 durant l\u2019estiu. El centre pot demanar al llarg del curs diversos punts de control si aix\u00ed ho considera. Recordeu, l&#8217;ordinador \u00e9s cedit en pr\u00e9stec, no \u00e9s propietat de l&#8217;alumnat, no es pot comprar i cal retornar-lo en finalitzar la vostra etapa educativa al Vern.<\/span><\/p>\n<p><span style=\"font-weight: 400;\">L&#8217;ordinador s\u2019ha de portar cada dia carregat i en \u00f2ptimes condicions per al treball. Cal portar-lo en una funda protectora (no inclosa en el lliurament del dispositiu) i portar tamb\u00e9 sempre uns auriculars per a les tasques que requereixin fer activitats d\u2019\u00e0udio individual.\u00a0 No s&#8217;hi poden posar enganxines, ni pintar-lo, ni personalitzar-lo.<\/span><\/p>\n<p><span style=\"font-weight: 400;\">En cas que es detecti qualsevol incid\u00e8ncia en l\u2019equipament cal comunicar-ho de seguida a la coordinadora inform\u00e0tica del centre, la Cristina Zamorano, al correu <\/span><a href=\"mailto:informatica@institutelvern.cat\"><span style=\"font-weight: 400;\">informatica@institutelvern.cat<\/span><\/a><span style=\"font-weight: 400;\">, ja que la via per resoldre les incid\u00e8ncies no es pot fer de forma particular.<\/span><\/p>\n<p><span style=\"font-weight: 400;\">\u00c9s important que no llenceu la caixa de cartr\u00f3 amb la qual es lliura l\u2019ordinador, ja que en el moment de retornar-lo ho s&#8217;haur\u00e0 de fer amb la caixa original.<\/span><\/p>\n<p dir=\"ltr\">El mal \u00fas dels ordinadors pot ser objecte de sanci\u00f3, de la mateixa manera que passa amb els desperfectes ocasionats a d\u2019altres estris i instal\u00b7lacions del centre. Aix\u00f2 comportar\u00e0 demanar a la fam\u00edlia amb port\u00e0til cedit\u00a0 que es faci c\u00e0rrec de pagar una quantitat econ\u00f2mica per l\u2019\u00fas inadequat del dispositiu\u00a0 i qu\u00e8 els danys, desperfectes lleus o greus en l\u2019ordinador, tinguin una sanci\u00f3 econ\u00f2mica proporcional al desperfecte ocasionat.<\/p>\n<p dir=\"ltr\">Alguns dels desperfectes a considerar i la sanci\u00f3 monet\u00e0ria per responsabilitat per danys pot ser*:<\/p>\n<ul>\n<li dir=\"ltr\">Pantalla trencada (100 \u20ac)<\/li>\n<li dir=\"ltr\">Teclat trencat o reposici\u00f3 de tecles (35 \u20ac)<\/li>\n<li dir=\"ltr\">Cop i\/o desperfectes a l\u2019estructura (frontissa, carcassa posterior, tapa&#8230;), amb equip operatiu (50\u20ac)<\/li>\n<li dir=\"ltr\">Cop i\/o desperfectes a l\u2019estructura (frontissa, carcassa posterior, tapa&#8230;), amb equip no operatiu.(150\u20ac)<\/li>\n<li dir=\"ltr\">P\u00e8rdua de carregador (25\u20ac)<\/li>\n<li dir=\"ltr\">Remaquetaci\u00f3 a conseq\u00fc\u00e8ncia de la pres\u00e8ncia de virus, jocs o software no adequat o malici\u00f3s (30\u20ac)<\/li>\n<\/ul>\n<p><span style=\"font-weight: 400;\">(*) Preus aproximats i revisables a final de curs en funci\u00f3 de l\u2019encariment.<\/span><\/p>\n<p dir=\"ltr\">L\u2019institut procedir\u00e0 a demanar fer efectiu el pagament d\u2019aquests desperfectes en el moment que se&#8217;n tingui coneixement. Com a mesures de prevenci\u00f3, l\u2019institut va fent a l\u2019alumnat recordatoris peri\u00f2dics del bon \u00fas. Si l\u2019institut observa que el tracte que es dona a l\u2019aparell no \u00e9s correcte (deixadesa, tancament brusc de pantalla, manipulaci\u00f3, pintat, marcat, etc) l\u2019alumnat no es podr\u00e0 endur l\u2019ordinador al domicili en finalitzar les classes.<\/p>\n<p dir=\"ltr\">\u00c9s important prendre consci\u00e8ncia de l\u2019ordinador com a dispositiu inform\u00e0tic cedit per al seu bon \u00fas,\u00a0 i que aquest fet implica la responsabilitat compartida de la fam\u00edlia. A les fam\u00edlies us demanem poseu en valor l\u2019acc\u00e9s i \u00fas del vostre dispositiu i fomenteu-ne el bon \u00fas i tracte per part dels vostres fills i filles.<\/p>\n<p dir=\"ltr\"><strong>Aquest protocol ha estat revisat l&#8217;abril de 2025<\/strong><\/p>\n","protected":false},"excerpt":{"rendered":"<p>NORMATIVA SOBRE LA UTILITZACI\u00d3 DE L\u2019ORDINADOR CEDIT PEL DEPARTAMENT D&#8217;EDUCACI\u00d3 Des del centre posem a la disposici\u00f3 un ordinador Lenovo amb pantalla t\u00e0ctil d\u201911\u20196\u201d i 8Gb de mem\u00f2ria RAM\u00a0 per tal que l&#8217;alumnat en faci l&#8217;\u00fas necessari per seguir el seu aprenentatge. \u00c9s responsabilitat de l&#8217;alumnat i les fam\u00edlies assegurar-se que es mant\u00e9 en bon [&hellip;]<\/p>\n","protected":false},"author":1,"featured_media":0,"parent":10015,"menu_order":2,"comment_status":"closed","ping_status":"closed","template":"","meta":{"_bbp_topic_count":0,"_bbp_reply_count":0,"_bbp_total_topic_count":0,"_bbp_total_reply_count":0,"_bbp_voice_count":0,"_bbp_anonymous_reply_count":0,"_bbp_topic_count_hidden":0,"_bbp_reply_count_hidden":0,"_bbp_forum_subforum_count":0,"site-sidebar-layout":"default","site-content-layout":"","ast-site-content-layout":"default","site-content-style":"default","site-sidebar-style":"default","ast-global-header-display":"","ast-banner-title-visibility":"","ast-main-header-display":"","ast-hfb-above-header-display":"","ast-hfb-below-header-display":"","ast-hfb-mobile-header-display":"","site-post-title":"","ast-breadcrumbs-content":"","ast-featured-img":"","footer-sml-layout":"","theme-transparent-header-meta":"","adv-header-id-meta":"","stick-header-meta":"","header-above-stick-meta":"","header-main-stick-meta":"","header-below-stick-meta":"","astra-migrate-meta-layouts":"set","ast-page-background-enabled":"default","ast-page-background-meta":{"desktop":{"background-color":"var(--ast-global-color-4)","background-image":"","background-repeat":"repeat","background-position":"center center","background-size":"auto","background-attachment":"scroll","background-type":"","background-media":"","overlay-type":"","overlay-color":"","overlay-opacity":"","overlay-gradient":""},"tablet":{"background-color":"","background-image":"","background-repeat":"repeat","background-position":"center center","background-size":"auto","background-attachment":"scroll","background-type":"","background-media":"","overlay-type":"","overlay-color":"","overlay-opacity":"","overlay-gradient":""},"mobile":{"background-color":"","background-image":"","background-repeat":"repeat","background-position":"center center","background-size":"auto","background-attachment":"scroll","background-type":"","background-media":"","overlay-type":"","overlay-color":"","overlay-opacity":"","overlay-gradient":""}},"ast-content-background-meta":{"desktop":{"background-color":"var(--ast-global-color-5)","background-image":"","background-repeat":"repeat","background-position":"center center","background-size":"auto","background-attachment":"scroll","background-type":"","background-media":"","overlay-type":"","overlay-color":"","overlay-opacity":"","overlay-gradient":""},"tablet":{"background-color":"var(--ast-global-color-5)","background-image":"","background-repeat":"repeat","background-position":"center center","background-size":"auto","background-attachment":"scroll","background-type":"","background-media":"","overlay-type":"","overlay-color":"","overlay-opacity":"","overlay-gradient":""},"mobile":{"background-color":"var(--ast-global-color-5)","background-image":"","background-repeat":"repeat","background-position":"center center","background-size":"auto","background-attachment":"scroll","background-type":"","background-media":"","overlay-type":"","overlay-color":"","overlay-opacity":"","overlay-gradient":""}},"footnotes":""},"class_list":["post-6444","page","type-page","status-publish","hentry"],"post_mailing_queue_ids":[],"_links":{"self":[{"href":"https:\/\/agora.xtec.cat\/ses-elvern\/wp-json\/wp\/v2\/pages\/6444","targetHints":{"allow":["GET"]}}],"collection":[{"href":"https:\/\/agora.xtec.cat\/ses-elvern\/wp-json\/wp\/v2\/pages"}],"about":[{"href":"https:\/\/agora.xtec.cat\/ses-elvern\/wp-json\/wp\/v2\/types\/page"}],"author":[{"embeddable":true,"href":"https:\/\/agora.xtec.cat\/ses-elvern\/wp-json\/wp\/v2\/users\/1"}],"replies":[{"embeddable":true,"href":"https:\/\/agora.xtec.cat\/ses-elvern\/wp-json\/wp\/v2\/comments?post=6444"}],"version-history":[{"count":6,"href":"https:\/\/agora.xtec.cat\/ses-elvern\/wp-json\/wp\/v2\/pages\/6444\/revisions"}],"predecessor-version":[{"id":10094,"href":"https:\/\/agora.xtec.cat\/ses-elvern\/wp-json\/wp\/v2\/pages\/6444\/revisions\/10094"}],"up":[{"embeddable":true,"href":"https:\/\/agora.xtec.cat\/ses-elvern\/wp-json\/wp\/v2\/pages\/10015"}],"wp:attachment":[{"href":"https:\/\/agora.xtec.cat\/ses-elvern\/wp-json\/wp\/v2\/media?parent=6444"}],"curies":[{"name":"wp","href":"https:\/\/api.w.org\/{rel}","templated":true}]}}