{"id":6440,"date":"2022-04-03T18:37:46","date_gmt":"2022-04-03T16:37:46","guid":{"rendered":"https:\/\/agora.xtec.cat\/ses-elvern\/?page_id=6440"},"modified":"2022-07-17T20:41:33","modified_gmt":"2022-07-17T18:41:33","slug":"justificant-lesio-per-a-educacio-fisica","status":"publish","type":"page","link":"https:\/\/agora.xtec.cat\/ses-elvern\/curs-2025-2026\/justificant-lesio-per-a-educacio-fisica\/","title":{"rendered":"Justificant lesi\u00f3 per a Educaci\u00f3 f\u00edsica"},"content":{"rendered":"<p>En cas que un alumne\/a estigui lesionat i no pugui dur a terme les classes d&#8217;educaci\u00f3 f\u00edsica caldr\u00e0 presentar al professorat que imparteix la classe aquest document degudament complimentat per la fam\u00edlia. Aquest document es pot acompanyar tamb\u00e9 d&#8217;un justificant m\u00e8dic que acrediti la lesi\u00f3.<\/p>\n<p><strong><a href=\"https:\/\/docs.google.com\/document\/d\/1OLRwkmXrMQ8OInFw7nhXcPOUrS9VbYFeJjatA31clGw\/edit\" target=\"_blank\" rel=\"noopener\">Justificant de no poder fer educaci\u00f3 f\u00edsica<\/a><\/strong><\/p>\n<p><img loading=\"lazy\" decoding=\"async\" class=\"alignnone size-full wp-image-6441\" src=\"https:\/\/agora.xtec.cat\/ses-elvern\/wp-content\/uploads\/usu1817\/lesio.png\" alt=\"\" width=\"525\" height=\"412\" srcset=\"https:\/\/agora.xtec.cat\/ses-elvern\/wp-content\/uploads\/usu1817\/lesio.png 525w, https:\/\/agora.xtec.cat\/ses-elvern\/wp-content\/uploads\/usu1817\/lesio-300x235.png 300w\" sizes=\"auto, (max-width: 525px) 100vw, 525px\" \/><\/p>\n","protected":false},"excerpt":{"rendered":"<p>En cas que un alumne\/a estigui lesionat i no pugui dur a terme les classes d&#8217;educaci\u00f3 f\u00edsica caldr\u00e0 presentar al professorat que imparteix la classe aquest document degudament complimentat per la fam\u00edlia. Aquest document es pot acompanyar tamb\u00e9 d&#8217;un justificant m\u00e8dic que acrediti la lesi\u00f3. Justificant de no poder fer educaci\u00f3 f\u00edsica<\/p>\n","protected":false},"author":1,"featured_media":0,"parent":1570,"menu_order":9,"comment_status":"closed","ping_status":"closed","template":"page-templates\/side-menu.php","meta":{"_bbp_topic_count":0,"_bbp_reply_count":0,"_bbp_total_topic_count":0,"_bbp_total_reply_count":0,"_bbp_voice_count":0,"_bbp_anonymous_reply_count":0,"_bbp_topic_count_hidden":0,"_bbp_reply_count_hidden":0,"_bbp_forum_subforum_count":0,"site-sidebar-layout":"default","site-content-layout":"","ast-site-content-layout":"","site-content-style":"default","site-sidebar-style":"default","ast-global-header-display":"","ast-banner-title-visibility":"","ast-main-header-display":"","ast-hfb-above-header-display":"","ast-hfb-below-header-display":"","ast-hfb-mobile-header-display":"","site-post-title":"","ast-breadcrumbs-content":"","ast-featured-img":"","footer-sml-layout":"","theme-transparent-header-meta":"","adv-header-id-meta":"","stick-header-meta":"","header-above-stick-meta":"","header-main-stick-meta":"","header-below-stick-meta":"","astra-migrate-meta-layouts":"default","ast-page-background-enabled":"default","ast-page-background-meta":{"desktop":{"background-color":"var(--ast-global-color-4)","background-image":"","background-repeat":"repeat","background-position":"center center","background-size":"auto","background-attachment":"scroll","background-type":"","background-media":"","overlay-type":"","overlay-color":"","overlay-opacity":"","overlay-gradient":""},"tablet":{"background-color":"","background-image":"","background-repeat":"repeat","background-position":"center center","background-size":"auto","background-attachment":"scroll","background-type":"","background-media":"","overlay-type":"","overlay-color":"","overlay-opacity":"","overlay-gradient":""},"mobile":{"background-color":"","background-image":"","background-repeat":"repeat","background-position":"center center","background-size":"auto","background-attachment":"scroll","background-type":"","background-media":"","overlay-type":"","overlay-color":"","overlay-opacity":"","overlay-gradient":""}},"ast-content-background-meta":{"desktop":{"background-color":"var(--ast-global-color-5)","background-image":"","background-repeat":"repeat","background-position":"center center","background-size":"auto","background-attachment":"scroll","background-type":"","background-media":"","overlay-type":"","overlay-color":"","overlay-opacity":"","overlay-gradient":""},"tablet":{"background-color":"var(--ast-global-color-5)","background-image":"","background-repeat":"repeat","background-position":"center center","background-size":"auto","background-attachment":"scroll","background-type":"","background-media":"","overlay-type":"","overlay-color":"","overlay-opacity":"","overlay-gradient":""},"mobile":{"background-color":"var(--ast-global-color-5)","background-image":"","background-repeat":"repeat","background-position":"center center","background-size":"auto","background-attachment":"scroll","background-type":"","background-media":"","overlay-type":"","overlay-color":"","overlay-opacity":"","overlay-gradient":""}},"footnotes":""},"class_list":["post-6440","page","type-page","status-publish","hentry"],"post_mailing_queue_ids":[],"_links":{"self":[{"href":"https:\/\/agora.xtec.cat\/ses-elvern\/wp-json\/wp\/v2\/pages\/6440","targetHints":{"allow":["GET"]}}],"collection":[{"href":"https:\/\/agora.xtec.cat\/ses-elvern\/wp-json\/wp\/v2\/pages"}],"about":[{"href":"https:\/\/agora.xtec.cat\/ses-elvern\/wp-json\/wp\/v2\/types\/page"}],"author":[{"embeddable":true,"href":"https:\/\/agora.xtec.cat\/ses-elvern\/wp-json\/wp\/v2\/users\/1"}],"replies":[{"embeddable":true,"href":"https:\/\/agora.xtec.cat\/ses-elvern\/wp-json\/wp\/v2\/comments?post=6440"}],"version-history":[{"count":1,"href":"https:\/\/agora.xtec.cat\/ses-elvern\/wp-json\/wp\/v2\/pages\/6440\/revisions"}],"predecessor-version":[{"id":6442,"href":"https:\/\/agora.xtec.cat\/ses-elvern\/wp-json\/wp\/v2\/pages\/6440\/revisions\/6442"}],"up":[{"embeddable":true,"href":"https:\/\/agora.xtec.cat\/ses-elvern\/wp-json\/wp\/v2\/pages\/1570"}],"wp:attachment":[{"href":"https:\/\/agora.xtec.cat\/ses-elvern\/wp-json\/wp\/v2\/media?parent=6440"}],"curies":[{"name":"wp","href":"https:\/\/api.w.org\/{rel}","templated":true}]}}