{"id":63,"date":"2014-09-18T10:06:31","date_gmt":"2014-09-18T08:06:31","guid":{"rendered":"http:\/\/agora.xtec.cat\/ses-elvern\/?page_id=63"},"modified":"2021-03-10T20:52:13","modified_gmt":"2021-03-10T19:52:13","slug":"serveis","status":"publish","type":"page","link":"https:\/\/agora.xtec.cat\/ses-elvern\/serveis\/","title":{"rendered":"SERVEIS"},"content":{"rendered":"<p style=\"color: #444444;\">El centre disposa de serveis a les fam\u00edlies i a l&#8217;alumnat com s\u00f3n:<\/p>\n<ul>\n<li style=\"color: #444444;\">el servei de cantina i <a href=\"https:\/\/agora.xtec.cat\/ses-elvern\/serveis\/menjador-escolar\/\" target=\"_blank\" rel=\"noopener noreferrer\">menjador escolar<\/a><\/li>\n<li style=\"color: #444444;\">el servei de pr\u00e9stec a la <a href=\"https:\/\/agora.xtec.cat\/ses-elvern\/serveis\/biblioteca-escolar\/\" target=\"_blank\" rel=\"noopener noreferrer\">biblioteca de l&#8217;institut<\/a><\/li>\n<li style=\"color: #444444;\">les <a href=\"https:\/\/agora.xtec.cat\/ses-elvern\/serveis\/activitats-extraescolars\/\" target=\"_blank\" rel=\"noopener noreferrer\">activitats extraescolars<\/a><\/li>\n<li style=\"color: #444444;\">el servei de fotocopiadora, que funciona a les hores del pati<\/li>\n<li>els <a href=\"https:\/\/agora.xtec.cat\/ses-elvern\/serveis\/serveis-digitals\/\" target=\"_blank\" rel=\"noopener noreferrer\">serveis digitals<\/a><\/li>\n<li>el projecte de <a href=\"https:\/\/agora.xtec.cat\/ses-elvern\/serveis\/sostenibilitat\/\" target=\"_blank\" rel=\"noopener noreferrer\">socialitzaci\u00f3 de materials educatius i llibres de text<\/a><\/li>\n<\/ul>\n<p>&nbsp;<\/p>\n","protected":false},"excerpt":{"rendered":"<p>El centre disposa de serveis a les fam\u00edlies i a l&#8217;alumnat com s\u00f3n: el servei de cantina i menjador escolar el servei de pr\u00e9stec a la biblioteca de l&#8217;institut les activitats extraescolars el servei de fotocopiadora, que funciona a les hores del pati els serveis digitals el projecte de socialitzaci\u00f3 de materials educatius i llibres [&hellip;]<\/p>\n","protected":false},"author":1,"featured_media":0,"parent":0,"menu_order":0,"comment_status":"closed","ping_status":"closed","template":"page-templates\/side-menu.php","meta":{"_bbp_topic_count":0,"_bbp_reply_count":0,"_bbp_total_topic_count":0,"_bbp_total_reply_count":0,"_bbp_voice_count":0,"_bbp_anonymous_reply_count":0,"_bbp_topic_count_hidden":0,"_bbp_reply_count_hidden":0,"_bbp_forum_subforum_count":0,"site-sidebar-layout":"default","site-content-layout":"","ast-site-content-layout":"","site-content-style":"default","site-sidebar-style":"default","ast-global-header-display":"","ast-banner-title-visibility":"","ast-main-header-display":"","ast-hfb-above-header-display":"","ast-hfb-below-header-display":"","ast-hfb-mobile-header-display":"","site-post-title":"","ast-breadcrumbs-content":"","ast-featured-img":"","footer-sml-layout":"","theme-transparent-header-meta":"","adv-header-id-meta":"","stick-header-meta":"","header-above-stick-meta":"","header-main-stick-meta":"","header-below-stick-meta":"","astra-migrate-meta-layouts":"default","ast-page-background-enabled":"default","ast-page-background-meta":{"desktop":{"background-color":"var(--ast-global-color-4)","background-image":"","background-repeat":"repeat","background-position":"center center","background-size":"auto","background-attachment":"scroll","background-type":"","background-media":"","overlay-type":"","overlay-color":"","overlay-opacity":"","overlay-gradient":""},"tablet":{"background-color":"","background-image":"","background-repeat":"repeat","background-position":"center center","background-size":"auto","background-attachment":"scroll","background-type":"","background-media":"","overlay-type":"","overlay-color":"","overlay-opacity":"","overlay-gradient":""},"mobile":{"background-color":"","background-image":"","background-repeat":"repeat","background-position":"center center","background-size":"auto","background-attachment":"scroll","background-type":"","background-media":"","overlay-type":"","overlay-color":"","overlay-opacity":"","overlay-gradient":""}},"ast-content-background-meta":{"desktop":{"background-color":"var(--ast-global-color-5)","background-image":"","background-repeat":"repeat","background-position":"center center","background-size":"auto","background-attachment":"scroll","background-type":"","background-media":"","overlay-type":"","overlay-color":"","overlay-opacity":"","overlay-gradient":""},"tablet":{"background-color":"var(--ast-global-color-5)","background-image":"","background-repeat":"repeat","background-position":"center center","background-size":"auto","background-attachment":"scroll","background-type":"","background-media":"","overlay-type":"","overlay-color":"","overlay-opacity":"","overlay-gradient":""},"mobile":{"background-color":"var(--ast-global-color-5)","background-image":"","background-repeat":"repeat","background-position":"center center","background-size":"auto","background-attachment":"scroll","background-type":"","background-media":"","overlay-type":"","overlay-color":"","overlay-opacity":"","overlay-gradient":""}},"footnotes":""},"class_list":["post-63","page","type-page","status-publish","hentry"],"post_mailing_queue_ids":[],"_links":{"self":[{"href":"https:\/\/agora.xtec.cat\/ses-elvern\/wp-json\/wp\/v2\/pages\/63","targetHints":{"allow":["GET"]}}],"collection":[{"href":"https:\/\/agora.xtec.cat\/ses-elvern\/wp-json\/wp\/v2\/pages"}],"about":[{"href":"https:\/\/agora.xtec.cat\/ses-elvern\/wp-json\/wp\/v2\/types\/page"}],"author":[{"embeddable":true,"href":"https:\/\/agora.xtec.cat\/ses-elvern\/wp-json\/wp\/v2\/users\/1"}],"replies":[{"embeddable":true,"href":"https:\/\/agora.xtec.cat\/ses-elvern\/wp-json\/wp\/v2\/comments?post=63"}],"version-history":[{"count":4,"href":"https:\/\/agora.xtec.cat\/ses-elvern\/wp-json\/wp\/v2\/pages\/63\/revisions"}],"predecessor-version":[{"id":4781,"href":"https:\/\/agora.xtec.cat\/ses-elvern\/wp-json\/wp\/v2\/pages\/63\/revisions\/4781"}],"wp:attachment":[{"href":"https:\/\/agora.xtec.cat\/ses-elvern\/wp-json\/wp\/v2\/media?parent=63"}],"curies":[{"name":"wp","href":"https:\/\/api.w.org\/{rel}","templated":true}]}}