{"id":576,"date":"2018-03-02T11:59:54","date_gmt":"2018-03-02T10:59:54","guid":{"rendered":"http:\/\/agora.xtec.cat\/ses-elvern\/?page_id=576"},"modified":"2025-11-19T16:40:35","modified_gmt":"2025-11-19T15:40:35","slug":"programa-salut-i-escola-consulta-oberta","status":"publish","type":"page","link":"https:\/\/agora.xtec.cat\/ses-elvern\/programes-educatius\/programa-salut-i-escola-consulta-oberta\/","title":{"rendered":"Programa Salut i escola Consulta oberta"},"content":{"rendered":"<h2><span style=\"color: #339966;\"><img loading=\"lazy\" decoding=\"async\" class=\"wp-image-1780 alignright\" src=\"https:\/\/agora.xtec.cat\/ses-elvern\/wp-content\/uploads\/usu1817\/2019\/10\/PSiE.png\" alt=\"\" width=\"287\" height=\"258\" \/>Consulta oberta. Estem per tu<\/span><\/h2>\n<div class=\"box generalbox center clearfix\">\n<div class=\"no-overflow\">\n<p><a href=\"https:\/\/agora.xtec.cat\/ses-elvern\/wp-content\/uploads\/usu1817\/Imatge-Consulta-oberta.jpg\"><img loading=\"lazy\" decoding=\"async\" class=\"size-full wp-image-6941\" src=\"https:\/\/agora.xtec.cat\/ses-elvern\/wp-content\/uploads\/usu1817\/Imatge-Consulta-oberta.jpg\" alt=\"\" width=\"280\" height=\"268\" \/><\/a><\/p>\n<p>La infermera del CAP Lourdes Mart\u00ednez ser\u00e0 l&#8217;encarregada de dinamitzar el servei. <strong>La Consulta Oberta<\/strong>\u00a0\u00e9s un espai d&#8217;atenci\u00f3 directa i de consulta adre\u00e7at a adolescents que s&#8217;ofereix dins del centre educatiu amb un\/a professional d&#8217;infermeria del\u00a0<a href=\"https:\/\/salutpublica.gencat.cat\/ca\/ambits\/promocio_salut\/salut-i-escola\/Informacio-per-a-centres-educatius\/\">Programa Salut i Escola (PSiE)<\/a>\u00a0que es despla\u00e7a des del centre d&#8217;atenci\u00f3 prim\u00e0ria de salut.<\/p>\n<p>La funci\u00f3 d&#8217;aquest\/a professional d&#8217;infermeria \u00e9s resoldre dubtes de salut, detectar problemes de salut, psicol\u00f2gics o socials, sense entrar en diagn\u00f2stics ni tractaments, realitzar escolta activa, detectar senyals d\u2019alarma, facilitar eines als adolescents per identificar els problemes i acompanyar-los o derivar-los en l\u2019orientaci\u00f3 cap a l\u2019atenci\u00f3 dins del Sistema Sanitari.<\/p>\n<p>Els alumnes hi poden accedir de manera espont\u00e0nia o derivats pel professor, tutor o fam\u00edlies, amb garanties de privacitat i confidencialitat.<\/p>\n<p>Teniu m\u00e9s informaci\u00f3 del funcionament del Servei al seg\u00fcent diagrama: <a href=\"https:\/\/salutpublica.gencat.cat\/web\/.content\/minisite\/aspcat\/promocio_salut\/salut-i-escola\/materials\/Diagrama-Consulta-Oberta-PSIE.pdf\" target=\"_blank\" rel=\"noopener\">Diagrama del funcionament del la Consulta oberta del programa Salut i Escola<\/a><\/p>\n<p>Alumnat! La <strong>Consulta Oberta<\/strong> \u00e9s un espai a la vostra mida i amb professionals de la salut dels quals et pots refiar. Pots anar-hi sol o sola, amb company@s&#8230; tal com et sentis millor.<\/p>\n<p>Cada setmana els <span style=\"color: #ff0000;\"><strong>dilluns de 12:55 a 13:40<\/strong><\/span><\/p>\n<p>Lloc: <strong><span style=\"color: #ff0000;\">Aula Palau Ferr\u00e9 (Pl.1)<\/span><\/strong><\/p>\n<p><strong style=\"font-family: inherit; font-size: 1em;\">No cal demanar cita, per\u00f2 si avisar el professorat afectat per l&#8217;abs\u00e8ncia de l&#8217;alumne\/a l&#8217;aula.<\/strong><\/p>\n<p>Pots trobar m\u00e9s informaci\u00f3 a <a href=\"http:\/\/jovecat.gencat.cat\/ca\/temes\/salut\/\" target=\"_blank\" rel=\"noopener noreferrer\">http:\/\/jovecat.gencat.cat\/ca\/temes\/salut\/<\/a><\/p>\n<\/div>\n<\/div>\n","protected":false},"excerpt":{"rendered":"<p>Consulta oberta. Estem per tu La infermera del CAP Lourdes Mart\u00ednez ser\u00e0 l&#8217;encarregada de dinamitzar el servei. La Consulta Oberta\u00a0\u00e9s un espai d&#8217;atenci\u00f3 directa i de consulta adre\u00e7at a adolescents que s&#8217;ofereix dins del centre educatiu amb un\/a professional d&#8217;infermeria del\u00a0Programa Salut i Escola (PSiE)\u00a0que es despla\u00e7a des del centre d&#8217;atenci\u00f3 prim\u00e0ria de salut. La [&hellip;]<\/p>\n","protected":false},"author":1,"featured_media":0,"parent":10677,"menu_order":80,"comment_status":"closed","ping_status":"closed","template":"","meta":{"_bbp_topic_count":0,"_bbp_reply_count":0,"_bbp_total_topic_count":0,"_bbp_total_reply_count":0,"_bbp_voice_count":0,"_bbp_anonymous_reply_count":0,"_bbp_topic_count_hidden":0,"_bbp_reply_count_hidden":0,"_bbp_forum_subforum_count":0,"site-sidebar-layout":"default","site-content-layout":"","ast-site-content-layout":"default","site-content-style":"default","site-sidebar-style":"default","ast-global-header-display":"","ast-banner-title-visibility":"","ast-main-header-display":"","ast-hfb-above-header-display":"","ast-hfb-below-header-display":"","ast-hfb-mobile-header-display":"","site-post-title":"","ast-breadcrumbs-content":"","ast-featured-img":"","footer-sml-layout":"","theme-transparent-header-meta":"","adv-header-id-meta":"","stick-header-meta":"","header-above-stick-meta":"","header-main-stick-meta":"","header-below-stick-meta":"","astra-migrate-meta-layouts":"set","ast-page-background-enabled":"default","ast-page-background-meta":{"desktop":{"background-color":"var(--ast-global-color-4)","background-image":"","background-repeat":"repeat","background-position":"center center","background-size":"auto","background-attachment":"scroll","background-type":"","background-media":"","overlay-type":"","overlay-color":"","overlay-opacity":"","overlay-gradient":""},"tablet":{"background-color":"","background-image":"","background-repeat":"repeat","background-position":"center center","background-size":"auto","background-attachment":"scroll","background-type":"","background-media":"","overlay-type":"","overlay-color":"","overlay-opacity":"","overlay-gradient":""},"mobile":{"background-color":"","background-image":"","background-repeat":"repeat","background-position":"center center","background-size":"auto","background-attachment":"scroll","background-type":"","background-media":"","overlay-type":"","overlay-color":"","overlay-opacity":"","overlay-gradient":""}},"ast-content-background-meta":{"desktop":{"background-color":"var(--ast-global-color-5)","background-image":"","background-repeat":"repeat","background-position":"center center","background-size":"auto","background-attachment":"scroll","background-type":"","background-media":"","overlay-type":"","overlay-color":"","overlay-opacity":"","overlay-gradient":""},"tablet":{"background-color":"var(--ast-global-color-5)","background-image":"","background-repeat":"repeat","background-position":"center center","background-size":"auto","background-attachment":"scroll","background-type":"","background-media":"","overlay-type":"","overlay-color":"","overlay-opacity":"","overlay-gradient":""},"mobile":{"background-color":"var(--ast-global-color-5)","background-image":"","background-repeat":"repeat","background-position":"center center","background-size":"auto","background-attachment":"scroll","background-type":"","background-media":"","overlay-type":"","overlay-color":"","overlay-opacity":"","overlay-gradient":""}},"footnotes":""},"class_list":["post-576","page","type-page","status-publish","hentry"],"post_mailing_queue_ids":[],"_links":{"self":[{"href":"https:\/\/agora.xtec.cat\/ses-elvern\/wp-json\/wp\/v2\/pages\/576","targetHints":{"allow":["GET"]}}],"collection":[{"href":"https:\/\/agora.xtec.cat\/ses-elvern\/wp-json\/wp\/v2\/pages"}],"about":[{"href":"https:\/\/agora.xtec.cat\/ses-elvern\/wp-json\/wp\/v2\/types\/page"}],"author":[{"embeddable":true,"href":"https:\/\/agora.xtec.cat\/ses-elvern\/wp-json\/wp\/v2\/users\/1"}],"replies":[{"embeddable":true,"href":"https:\/\/agora.xtec.cat\/ses-elvern\/wp-json\/wp\/v2\/comments?post=576"}],"version-history":[{"count":6,"href":"https:\/\/agora.xtec.cat\/ses-elvern\/wp-json\/wp\/v2\/pages\/576\/revisions"}],"predecessor-version":[{"id":10604,"href":"https:\/\/agora.xtec.cat\/ses-elvern\/wp-json\/wp\/v2\/pages\/576\/revisions\/10604"}],"up":[{"embeddable":true,"href":"https:\/\/agora.xtec.cat\/ses-elvern\/wp-json\/wp\/v2\/pages\/10677"}],"wp:attachment":[{"href":"https:\/\/agora.xtec.cat\/ses-elvern\/wp-json\/wp\/v2\/media?parent=576"}],"curies":[{"name":"wp","href":"https:\/\/api.w.org\/{rel}","templated":true}]}}