{"id":572,"date":"2018-03-02T11:58:45","date_gmt":"2018-03-02T10:58:45","guid":{"rendered":"http:\/\/agora.xtec.cat\/ses-elvern\/?page_id=572"},"modified":"2026-03-23T17:12:22","modified_gmt":"2026-03-23T16:12:22","slug":"projecte-educacio-emocional","status":"publish","type":"page","link":"https:\/\/agora.xtec.cat\/ses-elvern\/projectes-del-centre\/projecte-educacio-emocional\/","title":{"rendered":"(3r d&#8217;ESO) Investiguem i creem"},"content":{"rendered":"\n<p>Ja fa uns anys la <a href=\"https:\/\/www.unesco.org\/es\">UNESCO <\/a>va assumir un gran repte amb 17 objectius, la suma dels quals ens ajudaria a fer del&nbsp; nostre planeta un lloc millor per a viure.<\/p>\n\n\n\n<p>Amb el treball de S\u00edntesi &#8220;Investiguem i creem&#8221; convidem a l&#8217;alumnat a posar el seu gra de sorra, tot centrant-nos en  l&#8217;Objectiu 11: ciutats i comunitats sostenibles.<\/p>\n\n\n\n<p>Durant el projecte es fan activitats introduct\u00f2ries sobre el m\u00e8tode cient\u00edfic i es prepara una sortida a la ciutat de Girona on es fan observacions de solucions a problemes reals de la ciutadania.<\/p>\n\n\n\n<p> A partir de la investigaci\u00f3 de casos reals es planteja una soluci\u00f3 a un problema detectat a la ciutat de Girona amb una proposta per respondre al repte detectat.<\/p>\n\n\n\n<p>El projecte de s\u00edntesi combina la descoberta i la recerca amb l&#8217;objectiu que l&#8217;alumnat es comenci a familiaritzar en la resoluci\u00f3 de problemes i vagi encarant el projecte de recerca que es realitza a 4t d&#8217;ESO<\/p>\n\n\n\n<figure class=\"wp-block-image aligncenter size-large is-resized\"><img loading=\"lazy\" decoding=\"async\" width=\"1024\" height=\"594\" src=\"https:\/\/agora.xtec.cat\/ses-elvern\/wp-content\/uploads\/usu1817\/Investiguem-i-creem-1024x594.jpg\" alt=\"\" class=\"wp-image-11313\" style=\"width:709px;height:auto\" srcset=\"https:\/\/agora.xtec.cat\/ses-elvern\/wp-content\/uploads\/usu1817\/Investiguem-i-creem-1024x594.jpg 1024w, https:\/\/agora.xtec.cat\/ses-elvern\/wp-content\/uploads\/usu1817\/Investiguem-i-creem-300x174.jpg 300w, https:\/\/agora.xtec.cat\/ses-elvern\/wp-content\/uploads\/usu1817\/Investiguem-i-creem-768x446.jpg 768w, https:\/\/agora.xtec.cat\/ses-elvern\/wp-content\/uploads\/usu1817\/Investiguem-i-creem.jpg 1167w\" sizes=\"auto, (max-width: 1024px) 100vw, 1024px\" \/><\/figure>\n","protected":false},"excerpt":{"rendered":"<p>Ja fa uns anys la UNESCO va assumir un gran repte amb 17 objectius, la suma dels quals ens ajudaria a fer del&nbsp; nostre planeta un lloc millor per a viure. Amb el treball de S\u00edntesi &#8220;Investiguem i creem&#8221; convidem a l&#8217;alumnat a posar el seu gra de sorra, tot centrant-nos en l&#8217;Objectiu 11: ciutats [&hellip;]<\/p>\n","protected":false},"author":1,"featured_media":0,"parent":57,"menu_order":12,"comment_status":"closed","ping_status":"closed","template":"","meta":{"_bbp_topic_count":0,"_bbp_reply_count":0,"_bbp_total_topic_count":0,"_bbp_total_reply_count":0,"_bbp_voice_count":0,"_bbp_anonymous_reply_count":0,"_bbp_topic_count_hidden":0,"_bbp_reply_count_hidden":0,"_bbp_forum_subforum_count":0,"site-sidebar-layout":"default","site-content-layout":"","ast-site-content-layout":"default","site-content-style":"default","site-sidebar-style":"default","ast-global-header-display":"","ast-banner-title-visibility":"","ast-main-header-display":"","ast-hfb-above-header-display":"","ast-hfb-below-header-display":"","ast-hfb-mobile-header-display":"","site-post-title":"","ast-breadcrumbs-content":"","ast-featured-img":"","footer-sml-layout":"","theme-transparent-header-meta":"","adv-header-id-meta":"","stick-header-meta":"","header-above-stick-meta":"","header-main-stick-meta":"","header-below-stick-meta":"","astra-migrate-meta-layouts":"set","ast-page-background-enabled":"default","ast-page-background-meta":{"desktop":{"background-color":"var(--ast-global-color-4)","background-image":"","background-repeat":"repeat","background-position":"center center","background-size":"auto","background-attachment":"scroll","background-type":"","background-media":"","overlay-type":"","overlay-color":"","overlay-opacity":"","overlay-gradient":""},"tablet":{"background-color":"","background-image":"","background-repeat":"repeat","background-position":"center center","background-size":"auto","background-attachment":"scroll","background-type":"","background-media":"","overlay-type":"","overlay-color":"","overlay-opacity":"","overlay-gradient":""},"mobile":{"background-color":"","background-image":"","background-repeat":"repeat","background-position":"center center","background-size":"auto","background-attachment":"scroll","background-type":"","background-media":"","overlay-type":"","overlay-color":"","overlay-opacity":"","overlay-gradient":""}},"ast-content-background-meta":{"desktop":{"background-color":"var(--ast-global-color-5)","background-image":"","background-repeat":"repeat","background-position":"center center","background-size":"auto","background-attachment":"scroll","background-type":"","background-media":"","overlay-type":"","overlay-color":"","overlay-opacity":"","overlay-gradient":""},"tablet":{"background-color":"var(--ast-global-color-5)","background-image":"","background-repeat":"repeat","background-position":"center center","background-size":"auto","background-attachment":"scroll","background-type":"","background-media":"","overlay-type":"","overlay-color":"","overlay-opacity":"","overlay-gradient":""},"mobile":{"background-color":"var(--ast-global-color-5)","background-image":"","background-repeat":"repeat","background-position":"center center","background-size":"auto","background-attachment":"scroll","background-type":"","background-media":"","overlay-type":"","overlay-color":"","overlay-opacity":"","overlay-gradient":""}},"footnotes":""},"class_list":["post-572","page","type-page","status-publish","hentry"],"post_mailing_queue_ids":[],"_links":{"self":[{"href":"https:\/\/agora.xtec.cat\/ses-elvern\/wp-json\/wp\/v2\/pages\/572","targetHints":{"allow":["GET"]}}],"collection":[{"href":"https:\/\/agora.xtec.cat\/ses-elvern\/wp-json\/wp\/v2\/pages"}],"about":[{"href":"https:\/\/agora.xtec.cat\/ses-elvern\/wp-json\/wp\/v2\/types\/page"}],"author":[{"embeddable":true,"href":"https:\/\/agora.xtec.cat\/ses-elvern\/wp-json\/wp\/v2\/users\/1"}],"replies":[{"embeddable":true,"href":"https:\/\/agora.xtec.cat\/ses-elvern\/wp-json\/wp\/v2\/comments?post=572"}],"version-history":[{"count":6,"href":"https:\/\/agora.xtec.cat\/ses-elvern\/wp-json\/wp\/v2\/pages\/572\/revisions"}],"predecessor-version":[{"id":11343,"href":"https:\/\/agora.xtec.cat\/ses-elvern\/wp-json\/wp\/v2\/pages\/572\/revisions\/11343"}],"up":[{"embeddable":true,"href":"https:\/\/agora.xtec.cat\/ses-elvern\/wp-json\/wp\/v2\/pages\/57"}],"wp:attachment":[{"href":"https:\/\/agora.xtec.cat\/ses-elvern\/wp-json\/wp\/v2\/media?parent=572"}],"curies":[{"name":"wp","href":"https:\/\/api.w.org\/{rel}","templated":true}]}}