{"id":570,"date":"2018-03-02T11:58:14","date_gmt":"2018-03-02T10:58:14","guid":{"rendered":"http:\/\/agora.xtec.cat\/ses-elvern\/?page_id=570"},"modified":"2025-11-30T20:42:41","modified_gmt":"2025-11-30T19:42:41","slug":"aula-daprenentatges-aplicats","status":"publish","type":"page","link":"https:\/\/agora.xtec.cat\/ses-elvern\/programes-educatius\/aula-daprenentatges-aplicats\/","title":{"rendered":"Aula d&#8217;aprenentatges aplicats (A++)"},"content":{"rendered":"<p>L&#8217;Aula d&#8217;Aprenentatges Aplicats s&#8217;emmarca dintre dels programes de diversificaci\u00f3 curricular (PDC). Aquest es\u00a0duu a terme gr\u00e0cies a la col\u00b7laboraci\u00f3 i implicaci\u00f3 de l\u2019Ajuntament de Lli\u00e7\u00e0 de Vall i el\u00a0 conveni signat amb el Departament d\u2019Ensenyament de la Generalitat de Catalunya. En el marc d\u2019un sistema educatiu inclusiu, el Programa de Diversificaci\u00f3 Curricular\u00a0 es concreta com una mesura addicional en e<b>l Decret 175\/2022, de 27 de setembre, d\u2019ordenaci\u00f3 dels ensenyaments de l\u2019educaci\u00f3 b\u00e0sica<\/b>, a l\u2019article 20, per estimular la continu\u00eftat formativa de l\u2019alumnat amb dificultats d\u2019aprenentatge i\/o risc d\u2019abandonament escolar i d\u2019acord amb el D<b>ecret 150\/2017, \u00a0de l\u2019atenci\u00f3 educativa a l\u2019alumnat en el marc d\u2019un sistema educatiu inclusiu,\u00a0<\/b>que regula les mesures i suports universals, addicionals i intensius per garantir la inclusi\u00f3 i l\u2019equitat educativa de tot l\u2019alumnat.<\/p>\n<p>La finalitat d\u2019aquesta aula \u00e9s donar suport a l\u2019alumnat de 3r i 4t d\u2019ESO\u00a0que presenta dificultats d\u2019aprenentatge i\/o d\u2019organitzaci\u00f3 escolar, oferint una manera diferent de treballar que combina l\u2019horari lectiu amb experi\u00e8ncies laborals en empreses o administracions p\u00fabliques. Aquest alumnat presenta una atenci\u00f3 molt m\u00e9s individualitzada de l&#8217;aprenentatge\u00a0 i potencia el treball per projectes.<\/p>\n<p>Realitza Experi\u00e8ncies Laborals dos dies a la setmana. L\u2019objectiu principal d\u2019aquestes experi\u00e8ncies \u00e9s fomentar valors com la responsabilitat, la confian\u00e7a en un mateix, millorar l&#8217;autoconcepte, l\u2019empatia i la sensibilitat envers els altres.<\/p>\n<p><b>L\u2019Escola Les Llisses, Els Vinyals i l\u2019\u00c0rea d\u2019Esports\u00a0i d&#8217;Educaci\u00f3 de l\u2019Ajuntament de Lli\u00e7\u00e0 de Vall\u00a0<\/b>han ajudat a fer cr\u00e9ixer aquest projecte des dels seus inicis. Altres empreses del municipi, com<b>\u00a0Cultius Lli\u00e7\u00e0,\u00a0 Vall\u00e8s Mobel, Guapets, Perruqueria Aduho, Mi Casa Lli\u00e7\u00e0, Resid\u00e8ncia Bona Vista\u00a0 i Tancaments\u00a0\u00a0<\/b>s\u2019hi han anat sumant al llarg dels anys, treballant conjuntament per a la formaci\u00f3 del nostre alumnat. Gr\u00e0cies a la col\u00b7laboraci\u00f3 i participaci\u00f3\u00a0 d&#8217;aquestes empreses i entitats, el projecte es fa realitat any rere any.<\/p>\n<p>L\u2019objectiu de totes aquestes actuacions \u00e9s\u00a0<strong>treballar conjuntament per fer de la inclusi\u00f3 una realitat<\/strong>, tal com promou el decret d\u2019inclusi\u00f3 i els principis del nostre sistema educatiu.<\/p>\n<p><img loading=\"lazy\" decoding=\"async\" class=\" wp-image-1971 aligncenter\" src=\"https:\/\/agora.xtec.cat\/ses-elvern\/wp-content\/uploads\/usu1817\/2019\/11\/AULA-DAPRENENTATGES-APLICATS1.png\" alt=\"\" width=\"649\" height=\"247\" srcset=\"https:\/\/agora.xtec.cat\/ses-elvern\/wp-content\/uploads\/usu1817\/2019\/11\/AULA-DAPRENENTATGES-APLICATS1.png 820w, https:\/\/agora.xtec.cat\/ses-elvern\/wp-content\/uploads\/usu1817\/2019\/11\/AULA-DAPRENENTATGES-APLICATS1-300x114.png 300w, https:\/\/agora.xtec.cat\/ses-elvern\/wp-content\/uploads\/usu1817\/2019\/11\/AULA-DAPRENENTATGES-APLICATS1-768x292.png 768w\" sizes=\"auto, (max-width: 649px) 100vw, 649px\" \/><\/p>\n","protected":false},"excerpt":{"rendered":"<p>L&#8217;Aula d&#8217;Aprenentatges Aplicats s&#8217;emmarca dintre dels programes de diversificaci\u00f3 curricular (PDC). Aquest es\u00a0duu a terme gr\u00e0cies a la col\u00b7laboraci\u00f3 i implicaci\u00f3 de l\u2019Ajuntament de Lli\u00e7\u00e0 de Vall i el\u00a0 conveni signat amb el Departament d\u2019Ensenyament de la Generalitat de Catalunya. En el marc d\u2019un sistema educatiu inclusiu, el Programa de Diversificaci\u00f3 Curricular\u00a0 es concreta com [&hellip;]<\/p>\n","protected":false},"author":1,"featured_media":0,"parent":10677,"menu_order":100,"comment_status":"closed","ping_status":"closed","template":"","meta":{"_bbp_topic_count":0,"_bbp_reply_count":0,"_bbp_total_topic_count":0,"_bbp_total_reply_count":0,"_bbp_voice_count":0,"_bbp_anonymous_reply_count":0,"_bbp_topic_count_hidden":0,"_bbp_reply_count_hidden":0,"_bbp_forum_subforum_count":0,"site-sidebar-layout":"default","site-content-layout":"","ast-site-content-layout":"default","site-content-style":"default","site-sidebar-style":"default","ast-global-header-display":"","ast-banner-title-visibility":"","ast-main-header-display":"","ast-hfb-above-header-display":"","ast-hfb-below-header-display":"","ast-hfb-mobile-header-display":"","site-post-title":"","ast-breadcrumbs-content":"","ast-featured-img":"","footer-sml-layout":"","theme-transparent-header-meta":"","adv-header-id-meta":"","stick-header-meta":"","header-above-stick-meta":"","header-main-stick-meta":"","header-below-stick-meta":"","astra-migrate-meta-layouts":"set","ast-page-background-enabled":"default","ast-page-background-meta":{"desktop":{"background-color":"var(--ast-global-color-4)","background-image":"","background-repeat":"repeat","background-position":"center center","background-size":"auto","background-attachment":"scroll","background-type":"","background-media":"","overlay-type":"","overlay-color":"","overlay-opacity":"","overlay-gradient":""},"tablet":{"background-color":"","background-image":"","background-repeat":"repeat","background-position":"center center","background-size":"auto","background-attachment":"scroll","background-type":"","background-media":"","overlay-type":"","overlay-color":"","overlay-opacity":"","overlay-gradient":""},"mobile":{"background-color":"","background-image":"","background-repeat":"repeat","background-position":"center center","background-size":"auto","background-attachment":"scroll","background-type":"","background-media":"","overlay-type":"","overlay-color":"","overlay-opacity":"","overlay-gradient":""}},"ast-content-background-meta":{"desktop":{"background-color":"var(--ast-global-color-5)","background-image":"","background-repeat":"repeat","background-position":"center center","background-size":"auto","background-attachment":"scroll","background-type":"","background-media":"","overlay-type":"","overlay-color":"","overlay-opacity":"","overlay-gradient":""},"tablet":{"background-color":"var(--ast-global-color-5)","background-image":"","background-repeat":"repeat","background-position":"center center","background-size":"auto","background-attachment":"scroll","background-type":"","background-media":"","overlay-type":"","overlay-color":"","overlay-opacity":"","overlay-gradient":""},"mobile":{"background-color":"var(--ast-global-color-5)","background-image":"","background-repeat":"repeat","background-position":"center center","background-size":"auto","background-attachment":"scroll","background-type":"","background-media":"","overlay-type":"","overlay-color":"","overlay-opacity":"","overlay-gradient":""}},"footnotes":""},"class_list":["post-570","page","type-page","status-publish","hentry"],"post_mailing_queue_ids":[],"_links":{"self":[{"href":"https:\/\/agora.xtec.cat\/ses-elvern\/wp-json\/wp\/v2\/pages\/570","targetHints":{"allow":["GET"]}}],"collection":[{"href":"https:\/\/agora.xtec.cat\/ses-elvern\/wp-json\/wp\/v2\/pages"}],"about":[{"href":"https:\/\/agora.xtec.cat\/ses-elvern\/wp-json\/wp\/v2\/types\/page"}],"author":[{"embeddable":true,"href":"https:\/\/agora.xtec.cat\/ses-elvern\/wp-json\/wp\/v2\/users\/1"}],"replies":[{"embeddable":true,"href":"https:\/\/agora.xtec.cat\/ses-elvern\/wp-json\/wp\/v2\/comments?post=570"}],"version-history":[{"count":6,"href":"https:\/\/agora.xtec.cat\/ses-elvern\/wp-json\/wp\/v2\/pages\/570\/revisions"}],"predecessor-version":[{"id":10795,"href":"https:\/\/agora.xtec.cat\/ses-elvern\/wp-json\/wp\/v2\/pages\/570\/revisions\/10795"}],"up":[{"embeddable":true,"href":"https:\/\/agora.xtec.cat\/ses-elvern\/wp-json\/wp\/v2\/pages\/10677"}],"wp:attachment":[{"href":"https:\/\/agora.xtec.cat\/ses-elvern\/wp-json\/wp\/v2\/media?parent=570"}],"curies":[{"name":"wp","href":"https:\/\/api.w.org\/{rel}","templated":true}]}}