{"id":5641,"date":"2021-07-19T18:16:50","date_gmt":"2021-07-19T16:16:50","guid":{"rendered":"http:\/\/agora.xtec.cat\/ses-elvern\/?page_id=5641"},"modified":"2022-10-26T09:55:05","modified_gmt":"2022-10-26T07:55:05","slug":"ieduca-2","status":"publish","type":"page","link":"https:\/\/agora.xtec.cat\/ses-elvern\/serveis\/serveis-digitals\/ieduca-2\/","title":{"rendered":"iEduca"},"content":{"rendered":"<h5><a href=\"https:\/\/login.ieduca.com\/?error=login.no_token&amp;lang=ca&amp;centre=institutelvern&amp;modul=base&amp;urlback=Lw%3D%3D&amp;__cf_chl_jschl_tk__=pmd_f5bcdad4ec5ad9af29d28805b57fabe62995ca0f-1626711357-0-gqNtZGzNAjijcnBszQhi\" target=\"_blank\" rel=\"noopener noreferrer\"><span style=\"color: #ff6600;\">iEduca TokApp <\/span><\/a>\u00e9s l&#8217;aplicaci\u00f3 digital per a comunicar-nos entre l&#8217;institut i les fam\u00edlies.<\/h5>\n<h5>Podreu veure els horaris dels nostres fills i filles aix\u00ed com justificar les faltes que tenen i rebre els avisos que el professorat tutor us faci arribar. T\u00e9 una versi\u00f3 web i tamb\u00e9 una aplicaci\u00f3 m\u00f2bil.<\/h5>\n<p><strong>Podeu consultar els manuals d&#8217;instal\u00b7laci\u00f3 de l&#8217;aplicaci\u00f3:<\/strong><\/p>\n<p><strong><a href=\"https:\/\/agora.xtec.cat\/ses-elvern\/wp-content\/uploads\/usu1817\/Guia-aplicacio-iEduca-Tokapp.pdf\">Guia aplicaci\u00f3 iEduca Tokapp<\/a> <\/strong><\/p>\n<p><strong><a href=\"https:\/\/agora.xtec.cat\/ses-elvern\/wp-content\/uploads\/usu1817\/Guia-iEduca-per-les-families-1.pdf\">Guia iEduca per les fam\u00edlies<\/a><\/strong><\/p>\n<p><iframe loading=\"lazy\" src=\"https:\/\/www.youtube.com\/embed\/rnFTwePxLpc\" width=\"424\" height=\"238\" frameborder=\"0\"><span data-mce-type=\"bookmark\" style=\"display: inline-block; width: 0px; overflow: hidden; line-height: 0;\" class=\"mce_SELRES_start\">\ufeff<\/span><\/iframe><\/p>\n<p><strong>En cas que tingueu un problema amb l&#8217;aplicaci\u00f3 per justificar o notificar una abs\u00e8ncia cal trucar a l&#8217;institut a primera hora del mat\u00ed (938445514) o notificar l&#8217;abs\u00e8ncia al correu electr\u00f2nic de <a href=\"mailto:consergeria@institutelvern.cat\">consergeria@institutelvern.cat<\/a><\/strong><\/p>\n<h1 style=\"text-align: center;\"><a href=\"https:\/\/login.ieduca.com\/?error=login.no_token&amp;lang=ca&amp;centre=institutelvern&amp;modul=base&amp;urlback=Lw%3D%3D&amp;__cf_chl_jschl_tk__=ff0a13d6bc7491415fc906280b6e9f5b280ffac9-1626421156-0-AU1zjxhNaIXHNjL5oDoAv-VkH-AQaygyhkhPqV4WDdLTo9moaUF5YWP1B1JGCTG29s45UDqSww5f1WI_wsI2liso-OfLsmo1HYmf-lFYhNPv8z4seE982s_gsJyaI3F_G2kUwJZhtFloCThgthkeyb_YAiCnNT53Y2GuerXCm56yN1bEv9XHQxqYyEixB-Spj2gSNe_iD6sDN799Hrre0d5rUKtjdLeMKTUt3zWY1Z7RR2cjDGG5OB6QB2YcsH40afTC0KLjoOOSx6tojxskyvEYiyxnMyumt-bocno1Q7-4cLwfRTOXTE5og7kGtEJdrZ55IYmrOgvVi1LtBBjIEFALe7S3UfeEfI8-aRPsMfgEqa5mnIgp-BtSmlGelkPq4KPb2WqJCNal4O4bgKzEYCIIidsFfYVXgm7U4CBNqz1tKS-0k-XW1y-iUyeTG6nFfXGhb3jS1tCvMww11SZOMjnXvKw1JpYfTIsSWovgxSqSKFE5W69MIwB3lUBXq6yQqA\" target=\"_blank\" rel=\"noopener noreferrer\">Accediu a Ieduca<\/a><\/h1>\n","protected":false},"excerpt":{"rendered":"<p>iEduca TokApp \u00e9s l&#8217;aplicaci\u00f3 digital per a comunicar-nos entre l&#8217;institut i les fam\u00edlies. Podreu veure els horaris dels nostres fills i filles aix\u00ed com justificar les faltes que tenen i rebre els avisos que el professorat tutor us faci arribar. T\u00e9 una versi\u00f3 web i tamb\u00e9 una aplicaci\u00f3 m\u00f2bil. Podeu consultar els manuals d&#8217;instal\u00b7laci\u00f3 de [&hellip;]<\/p>\n","protected":false},"author":1,"featured_media":0,"parent":65,"menu_order":0,"comment_status":"closed","ping_status":"closed","template":"","meta":{"_bbp_topic_count":0,"_bbp_reply_count":0,"_bbp_total_topic_count":0,"_bbp_total_reply_count":0,"_bbp_voice_count":0,"_bbp_anonymous_reply_count":0,"_bbp_topic_count_hidden":0,"_bbp_reply_count_hidden":0,"_bbp_forum_subforum_count":0,"site-sidebar-layout":"default","site-content-layout":"","ast-site-content-layout":"","site-content-style":"default","site-sidebar-style":"default","ast-global-header-display":"","ast-banner-title-visibility":"","ast-main-header-display":"","ast-hfb-above-header-display":"","ast-hfb-below-header-display":"","ast-hfb-mobile-header-display":"","site-post-title":"","ast-breadcrumbs-content":"","ast-featured-img":"","footer-sml-layout":"","theme-transparent-header-meta":"","adv-header-id-meta":"","stick-header-meta":"","header-above-stick-meta":"","header-main-stick-meta":"","header-below-stick-meta":"","astra-migrate-meta-layouts":"default","ast-page-background-enabled":"default","ast-page-background-meta":{"desktop":{"background-color":"var(--ast-global-color-4)","background-image":"","background-repeat":"repeat","background-position":"center center","background-size":"auto","background-attachment":"scroll","background-type":"","background-media":"","overlay-type":"","overlay-color":"","overlay-opacity":"","overlay-gradient":""},"tablet":{"background-color":"","background-image":"","background-repeat":"repeat","background-position":"center center","background-size":"auto","background-attachment":"scroll","background-type":"","background-media":"","overlay-type":"","overlay-color":"","overlay-opacity":"","overlay-gradient":""},"mobile":{"background-color":"","background-image":"","background-repeat":"repeat","background-position":"center center","background-size":"auto","background-attachment":"scroll","background-type":"","background-media":"","overlay-type":"","overlay-color":"","overlay-opacity":"","overlay-gradient":""}},"ast-content-background-meta":{"desktop":{"background-color":"var(--ast-global-color-5)","background-image":"","background-repeat":"repeat","background-position":"center center","background-size":"auto","background-attachment":"scroll","background-type":"","background-media":"","overlay-type":"","overlay-color":"","overlay-opacity":"","overlay-gradient":""},"tablet":{"background-color":"var(--ast-global-color-5)","background-image":"","background-repeat":"repeat","background-position":"center center","background-size":"auto","background-attachment":"scroll","background-type":"","background-media":"","overlay-type":"","overlay-color":"","overlay-opacity":"","overlay-gradient":""},"mobile":{"background-color":"var(--ast-global-color-5)","background-image":"","background-repeat":"repeat","background-position":"center center","background-size":"auto","background-attachment":"scroll","background-type":"","background-media":"","overlay-type":"","overlay-color":"","overlay-opacity":"","overlay-gradient":""}},"footnotes":""},"class_list":["post-5641","page","type-page","status-publish","hentry"],"post_mailing_queue_ids":[],"_links":{"self":[{"href":"https:\/\/agora.xtec.cat\/ses-elvern\/wp-json\/wp\/v2\/pages\/5641","targetHints":{"allow":["GET"]}}],"collection":[{"href":"https:\/\/agora.xtec.cat\/ses-elvern\/wp-json\/wp\/v2\/pages"}],"about":[{"href":"https:\/\/agora.xtec.cat\/ses-elvern\/wp-json\/wp\/v2\/types\/page"}],"author":[{"embeddable":true,"href":"https:\/\/agora.xtec.cat\/ses-elvern\/wp-json\/wp\/v2\/users\/1"}],"replies":[{"embeddable":true,"href":"https:\/\/agora.xtec.cat\/ses-elvern\/wp-json\/wp\/v2\/comments?post=5641"}],"version-history":[{"count":3,"href":"https:\/\/agora.xtec.cat\/ses-elvern\/wp-json\/wp\/v2\/pages\/5641\/revisions"}],"predecessor-version":[{"id":7015,"href":"https:\/\/agora.xtec.cat\/ses-elvern\/wp-json\/wp\/v2\/pages\/5641\/revisions\/7015"}],"up":[{"embeddable":true,"href":"https:\/\/agora.xtec.cat\/ses-elvern\/wp-json\/wp\/v2\/pages\/65"}],"wp:attachment":[{"href":"https:\/\/agora.xtec.cat\/ses-elvern\/wp-json\/wp\/v2\/media?parent=5641"}],"curies":[{"name":"wp","href":"https:\/\/api.w.org\/{rel}","templated":true}]}}