{"id":564,"date":"2018-03-02T11:56:16","date_gmt":"2018-03-02T10:56:16","guid":{"rendered":"http:\/\/agora.xtec.cat\/ses-elvern\/?page_id=564"},"modified":"2025-11-19T16:44:03","modified_gmt":"2025-11-19T15:44:03","slug":"lectura","status":"publish","type":"page","link":"https:\/\/agora.xtec.cat\/ses-elvern\/programes-educatius\/lectura\/","title":{"rendered":"Lli\u00e7\u00e0 de Vall Municipi lector"},"content":{"rendered":"\n<h4 class=\"wp-block-heading\"><span style=\"color: #de3131;\">Foment de la lectura<\/span><\/h4>\n\n\n\n<p><span style=\"font-weight: 400;\">El Vern \u00e9s un institut que participa en&nbsp;el Pla Nacional de Lectura&nbsp; del Departament d\u2019Ensenyament, segons el qual el seu objectiu estrat\u00e8gic \u00e9s la millora de l\u2019\u00e8xit escolar de tots l&#8217;alumnat. I ho fa potenciant la lectura sistem\u00e0tica en totes les \u00e0rees i mat\u00e8ries del curr\u00edculum per augmentar la compet\u00e8ncia comunicativa ling\u00fc\u00edstica i el desenvolupament de l&#8217;h\u00e0bit lector dels infants i joves, tenint present que la compet\u00e8ncia lectora \u00e9s a la base de molts dels aprenentatges i un requisit per participar amb \u00e8xit en bona part dels \u00e0mbits de la vida adulta.<\/span><\/p>\n\n\n\n<p>A tots el cursos els alumnes llegeixen 25 minuts diaris una selecci\u00f3 de 10-12 llibres per curs de diferents g\u00e8neres i continguts literaris.<\/p>\n\n\n\n<p><span style=\"font-weight: 400;\">El pla es fonamenta en els tres eixos seg\u00fcents:<\/span><\/p>\n\n\n\n<p class=\"has-vivid-red-color has-text-color has-link-color wp-elements-4483522d82f449688a6a864269382426\"><b>Saber llegir<\/b><\/p>\n\n\n\n<ol class=\"wp-block-list\">\n<li><\/li>\n<\/ol>\n\n\n\n<p><span style=\"font-weight: 400;\">L&#8217;aprenentatge de la lectura com a desenvolupament de la capacitat de llegir, de comprendre i d&#8217;interpretar textos.<\/span><\/p>\n\n\n\n<p class=\"has-vivid-red-color has-text-color has-link-color wp-elements-043c0279a9b38d250a5a61c891a9c61d\"><b>Llegir per aprendre<\/b><\/p>\n\n\n\n<p><span style=\"font-weight: 400;\">L&#8217;\u00fas de la lectura per a l&#8217;aprenentatge. Els alumnes han de desenvolupar la seva responsabilitat en l&#8217;aprenentatge i tenir la capacitat d&#8217;utilitzar la lectura com a eina per a l&#8217;acc\u00e9s a la informaci\u00f3, la descoberta i l&#8217;ampliaci\u00f3 de coneixements, \u00e9s a dir, l&#8217;\u00fas de la lectura com a instrument d&#8217;aprenentatge en totes les \u00e0rees del curr\u00edculum.<\/span><\/p>\n\n\n\n<p class=\"has-vivid-red-color has-text-color has-link-color wp-elements-500de150991998dc231ce519867d5b99\"><b>Gust per llegir<\/b><\/p>\n\n\n\n<p><span style=\"font-weight: 400;\">El gust per llegir s&#8217;adquireix desenvolupant l&#8217;h\u00e0bit lector i fomentant la lectura sistem\u00e0tica en qualsevol suport, aprenent a reflexionar sobre el que s&#8217;ha llegit, sabent-ho explicar mitjan\u00e7ant evid\u00e8ncies orals o escrites i sabent-ho compartir.<\/span><\/p>\n\n\n\n<p>Consulteu el <a href=\"https:\/\/view.genially.com\/68a8417dc26eae6fb06e44ec\" target=\"_blank\" rel=\"noreferrer noopener\">pla de lectura del curs 25-26<\/a> clicant sobre l&#8217;enlla\u00e7<\/p>\n\n\n\n<p><\/p>\n","protected":false},"excerpt":{"rendered":"<p>Foment de la lectura El Vern \u00e9s un institut que participa en&nbsp;el Pla Nacional de Lectura&nbsp; del Departament d\u2019Ensenyament, segons el qual el seu objectiu estrat\u00e8gic \u00e9s la millora de l\u2019\u00e8xit escolar de tots l&#8217;alumnat. I ho fa potenciant la lectura sistem\u00e0tica en totes les \u00e0rees i mat\u00e8ries del curr\u00edculum per augmentar la compet\u00e8ncia comunicativa [&hellip;]<\/p>\n","protected":false},"author":1,"featured_media":0,"parent":10677,"menu_order":90,"comment_status":"closed","ping_status":"closed","template":"","meta":{"_bbp_topic_count":0,"_bbp_reply_count":0,"_bbp_total_topic_count":0,"_bbp_total_reply_count":0,"_bbp_voice_count":0,"_bbp_anonymous_reply_count":0,"_bbp_topic_count_hidden":0,"_bbp_reply_count_hidden":0,"_bbp_forum_subforum_count":0,"site-sidebar-layout":"default","site-content-layout":"","ast-site-content-layout":"default","site-content-style":"default","site-sidebar-style":"default","ast-global-header-display":"","ast-banner-title-visibility":"","ast-main-header-display":"","ast-hfb-above-header-display":"","ast-hfb-below-header-display":"","ast-hfb-mobile-header-display":"","site-post-title":"","ast-breadcrumbs-content":"","ast-featured-img":"","footer-sml-layout":"","theme-transparent-header-meta":"","adv-header-id-meta":"","stick-header-meta":"","header-above-stick-meta":"","header-main-stick-meta":"","header-below-stick-meta":"","astra-migrate-meta-layouts":"set","ast-page-background-enabled":"default","ast-page-background-meta":{"desktop":{"background-color":"var(--ast-global-color-4)","background-image":"","background-repeat":"repeat","background-position":"center center","background-size":"auto","background-attachment":"scroll","background-type":"","background-media":"","overlay-type":"","overlay-color":"","overlay-opacity":"","overlay-gradient":""},"tablet":{"background-color":"","background-image":"","background-repeat":"repeat","background-position":"center center","background-size":"auto","background-attachment":"scroll","background-type":"","background-media":"","overlay-type":"","overlay-color":"","overlay-opacity":"","overlay-gradient":""},"mobile":{"background-color":"","background-image":"","background-repeat":"repeat","background-position":"center center","background-size":"auto","background-attachment":"scroll","background-type":"","background-media":"","overlay-type":"","overlay-color":"","overlay-opacity":"","overlay-gradient":""}},"ast-content-background-meta":{"desktop":{"background-color":"var(--ast-global-color-5)","background-image":"","background-repeat":"repeat","background-position":"center center","background-size":"auto","background-attachment":"scroll","background-type":"","background-media":"","overlay-type":"","overlay-color":"","overlay-opacity":"","overlay-gradient":""},"tablet":{"background-color":"var(--ast-global-color-5)","background-image":"","background-repeat":"repeat","background-position":"center center","background-size":"auto","background-attachment":"scroll","background-type":"","background-media":"","overlay-type":"","overlay-color":"","overlay-opacity":"","overlay-gradient":""},"mobile":{"background-color":"var(--ast-global-color-5)","background-image":"","background-repeat":"repeat","background-position":"center center","background-size":"auto","background-attachment":"scroll","background-type":"","background-media":"","overlay-type":"","overlay-color":"","overlay-opacity":"","overlay-gradient":""}},"footnotes":""},"class_list":["post-564","page","type-page","status-publish","hentry"],"post_mailing_queue_ids":[],"_links":{"self":[{"href":"https:\/\/agora.xtec.cat\/ses-elvern\/wp-json\/wp\/v2\/pages\/564","targetHints":{"allow":["GET"]}}],"collection":[{"href":"https:\/\/agora.xtec.cat\/ses-elvern\/wp-json\/wp\/v2\/pages"}],"about":[{"href":"https:\/\/agora.xtec.cat\/ses-elvern\/wp-json\/wp\/v2\/types\/page"}],"author":[{"embeddable":true,"href":"https:\/\/agora.xtec.cat\/ses-elvern\/wp-json\/wp\/v2\/users\/1"}],"replies":[{"embeddable":true,"href":"https:\/\/agora.xtec.cat\/ses-elvern\/wp-json\/wp\/v2\/comments?post=564"}],"version-history":[{"count":6,"href":"https:\/\/agora.xtec.cat\/ses-elvern\/wp-json\/wp\/v2\/pages\/564\/revisions"}],"predecessor-version":[{"id":10683,"href":"https:\/\/agora.xtec.cat\/ses-elvern\/wp-json\/wp\/v2\/pages\/564\/revisions\/10683"}],"up":[{"embeddable":true,"href":"https:\/\/agora.xtec.cat\/ses-elvern\/wp-json\/wp\/v2\/pages\/10677"}],"wp:attachment":[{"href":"https:\/\/agora.xtec.cat\/ses-elvern\/wp-json\/wp\/v2\/media?parent=564"}],"curies":[{"name":"wp","href":"https:\/\/api.w.org\/{rel}","templated":true}]}}