{"id":556,"date":"2018-03-02T11:53:02","date_gmt":"2018-03-02T10:53:02","guid":{"rendered":"http:\/\/agora.xtec.cat\/ses-elvern\/?page_id=556"},"modified":"2025-11-19T16:38:29","modified_gmt":"2025-11-19T15:38:29","slug":"servei-de-mediacio","status":"publish","type":"page","link":"https:\/\/agora.xtec.cat\/ses-elvern\/programes-educatius\/servei-de-mediacio\/","title":{"rendered":"Servei de mediaci\u00f3"},"content":{"rendered":"\n<h4 class=\"wp-block-heading\"><span style=\"color: #cf3434;\">Servei de mediaci\u00f3<\/span><\/h4>\n\n\n\n<figure class=\"wp-block-image aligncenter size-full\"><img loading=\"lazy\" decoding=\"async\" width=\"1000\" height=\"667\" src=\"https:\/\/agora.xtec.cat\/ses-elvern\/wp-content\/uploads\/usu1817\/grupo-ninos-alegres-pie-circulo.jpg\" alt=\"\" class=\"wp-image-10594\" srcset=\"https:\/\/agora.xtec.cat\/ses-elvern\/wp-content\/uploads\/usu1817\/grupo-ninos-alegres-pie-circulo.jpg 1000w, https:\/\/agora.xtec.cat\/ses-elvern\/wp-content\/uploads\/usu1817\/grupo-ninos-alegres-pie-circulo-300x200.jpg 300w, https:\/\/agora.xtec.cat\/ses-elvern\/wp-content\/uploads\/usu1817\/grupo-ninos-alegres-pie-circulo-768x512.jpg 768w\" sizes=\"auto, (max-width: 1000px) 100vw, 1000px\" \/><\/figure>\n\n\n\n<div class=\"box generalbox center clearfix\">\n<div class=\"no-overflow\">\n<p>La mediaci\u00f3 \u00e9s una via per resoldre els problemes escolars per mitj\u00e0 del di\u00e0leg i el sentit com\u00fa. Permet que les parts implicades en un conflicte, amb l\u2019ajut de dues persones imparcials o mediadores, solucionin les seves difer\u00e8ncies parlant-ne.<\/p>\n<p>El que es parla en les sessions de mediaci\u00f3 \u00e9s confidencial i les dues persones mediadores es comprometen a mantenir en secret el que s\u2019ha parlat.<\/p>\n<p><strong><span style=\"color: #008000;\">QU\u00c8 HI GUANYEM?<\/span><\/strong><br \/>Enfortim les bones relacions personals aprenent a dialogar i a cooperar.<br \/>Aprenem a respectar els altres tamb\u00e9 aprenem a respectar-nos i fer-nos respectar.<br \/>Aprenem a resoldre conflictes de manera positiva, ens estalvia molts mals moments i tamb\u00e9 millorem la conviv\u00e8ncia i la bona harmonia a l\u2019institut.<\/p>\n<p><strong><span style=\"color: #008000;\">QUAN PO<\/span><span style=\"color: #008000;\">DEM UTILITZAR EL SERVEI DE MEDIACI\u00d3?<\/span><\/strong><br \/>Si alguna vegada t\u2019ha costat venir a l\u2019institut perqu\u00e8 alg\u00fa et molesta\u2026<br \/>Si tens problemes amb algun company o companya de l\u2019institut\u2026<br \/>Amb la viol\u00e8ncia guanya el m\u00e9s fort no qui t\u00e9 ra\u00f3. La mediaci\u00f3, en canvi, et descobreix que hi ha una nova manera de resoldre els problemes que permet tothom quedi satisfet<\/p>\n<p><strong><span style=\"color: #008000;\">COM FUNCIONA?<\/span><\/strong><br \/>Si et trobes en una situaci\u00f3 de conflicte, pots adre\u00e7ar-te al correu <a href=\"mailto:mediacio@institutelvern.cat\" target=\"_blank\" rel=\"noopener\">mediacio@institutelvern.cat<\/a>\u00a0 o b\u00e9 al teu tutor o tutora.<br \/>L\u2019equip de mediaci\u00f3 s\u2019entrevistar\u00e0 amb les dues parts en conflicte perqu\u00e8 li expliquin el problema i informar-los del proc\u00e9s. A continuaci\u00f3 assignar\u00e0 les persones mediadores i fixar\u00e0 el dia i hora de la primera reuni\u00f3.<\/p>\n<\/div>\n<\/div>\n","protected":false},"excerpt":{"rendered":"<p>Servei de mediaci\u00f3 La mediaci\u00f3 \u00e9s una via per resoldre els problemes escolars per mitj\u00e0 del di\u00e0leg i el sentit com\u00fa. Permet que les parts implicades en un conflicte, amb l\u2019ajut de dues persones imparcials o mediadores, solucionin les seves difer\u00e8ncies parlant-ne. El que es parla en les sessions de mediaci\u00f3 \u00e9s confidencial i les [&hellip;]<\/p>\n","protected":false},"author":1,"featured_media":0,"parent":10677,"menu_order":10,"comment_status":"closed","ping_status":"closed","template":"","meta":{"_bbp_topic_count":0,"_bbp_reply_count":0,"_bbp_total_topic_count":0,"_bbp_total_reply_count":0,"_bbp_voice_count":0,"_bbp_anonymous_reply_count":0,"_bbp_topic_count_hidden":0,"_bbp_reply_count_hidden":0,"_bbp_forum_subforum_count":0,"site-sidebar-layout":"default","site-content-layout":"","ast-site-content-layout":"default","site-content-style":"default","site-sidebar-style":"default","ast-global-header-display":"","ast-banner-title-visibility":"","ast-main-header-display":"","ast-hfb-above-header-display":"","ast-hfb-below-header-display":"","ast-hfb-mobile-header-display":"","site-post-title":"","ast-breadcrumbs-content":"","ast-featured-img":"","footer-sml-layout":"","theme-transparent-header-meta":"","adv-header-id-meta":"","stick-header-meta":"","header-above-stick-meta":"","header-main-stick-meta":"","header-below-stick-meta":"","astra-migrate-meta-layouts":"set","ast-page-background-enabled":"default","ast-page-background-meta":{"desktop":{"background-color":"var(--ast-global-color-4)","background-image":"","background-repeat":"repeat","background-position":"center center","background-size":"auto","background-attachment":"scroll","background-type":"","background-media":"","overlay-type":"","overlay-color":"","overlay-opacity":"","overlay-gradient":""},"tablet":{"background-color":"","background-image":"","background-repeat":"repeat","background-position":"center center","background-size":"auto","background-attachment":"scroll","background-type":"","background-media":"","overlay-type":"","overlay-color":"","overlay-opacity":"","overlay-gradient":""},"mobile":{"background-color":"","background-image":"","background-repeat":"repeat","background-position":"center center","background-size":"auto","background-attachment":"scroll","background-type":"","background-media":"","overlay-type":"","overlay-color":"","overlay-opacity":"","overlay-gradient":""}},"ast-content-background-meta":{"desktop":{"background-color":"var(--ast-global-color-5)","background-image":"","background-repeat":"repeat","background-position":"center center","background-size":"auto","background-attachment":"scroll","background-type":"","background-media":"","overlay-type":"","overlay-color":"","overlay-opacity":"","overlay-gradient":""},"tablet":{"background-color":"var(--ast-global-color-5)","background-image":"","background-repeat":"repeat","background-position":"center center","background-size":"auto","background-attachment":"scroll","background-type":"","background-media":"","overlay-type":"","overlay-color":"","overlay-opacity":"","overlay-gradient":""},"mobile":{"background-color":"var(--ast-global-color-5)","background-image":"","background-repeat":"repeat","background-position":"center center","background-size":"auto","background-attachment":"scroll","background-type":"","background-media":"","overlay-type":"","overlay-color":"","overlay-opacity":"","overlay-gradient":""}},"footnotes":""},"class_list":["post-556","page","type-page","status-publish","hentry"],"post_mailing_queue_ids":[],"_links":{"self":[{"href":"https:\/\/agora.xtec.cat\/ses-elvern\/wp-json\/wp\/v2\/pages\/556","targetHints":{"allow":["GET"]}}],"collection":[{"href":"https:\/\/agora.xtec.cat\/ses-elvern\/wp-json\/wp\/v2\/pages"}],"about":[{"href":"https:\/\/agora.xtec.cat\/ses-elvern\/wp-json\/wp\/v2\/types\/page"}],"author":[{"embeddable":true,"href":"https:\/\/agora.xtec.cat\/ses-elvern\/wp-json\/wp\/v2\/users\/1"}],"replies":[{"embeddable":true,"href":"https:\/\/agora.xtec.cat\/ses-elvern\/wp-json\/wp\/v2\/comments?post=556"}],"version-history":[{"count":6,"href":"https:\/\/agora.xtec.cat\/ses-elvern\/wp-json\/wp\/v2\/pages\/556\/revisions"}],"predecessor-version":[{"id":10598,"href":"https:\/\/agora.xtec.cat\/ses-elvern\/wp-json\/wp\/v2\/pages\/556\/revisions\/10598"}],"up":[{"embeddable":true,"href":"https:\/\/agora.xtec.cat\/ses-elvern\/wp-json\/wp\/v2\/pages\/10677"}],"wp:attachment":[{"href":"https:\/\/agora.xtec.cat\/ses-elvern\/wp-json\/wp\/v2\/media?parent=556"}],"curies":[{"name":"wp","href":"https:\/\/api.w.org\/{rel}","templated":true}]}}