{"id":551,"date":"2018-03-02T11:42:38","date_gmt":"2018-03-02T10:42:38","guid":{"rendered":"http:\/\/agora.xtec.cat\/ses-elvern\/?page_id=551"},"modified":"2026-03-04T16:08:22","modified_gmt":"2026-03-04T15:08:22","slug":"matricula","status":"publish","type":"page","link":"https:\/\/agora.xtec.cat\/ses-elvern\/secretaria-2\/matricula\/","title":{"rendered":"Matr\u00edcula"},"content":{"rendered":"<h3><span style=\"color: #339966;\"><strong>CONFIRMACI\u00d3 DE MATR\u00cdCULA 2026-2027 (alumnat que actualment ja est\u00e0 matriculat a El Vern)<\/strong><\/span><\/h3>\n<p>L&#8217;alumnat que actualment ja est\u00e0 matriculat a El Vern, rebr\u00e0 al correu electr\u00f2nic de les fam\u00edlies informaci\u00f3 sobre el proc\u00e9s de confirmaci\u00f3 de pla\u00e7a, que es far\u00e0 de forma virtual igual que el curs passat mitjan\u00e7ant un formulari que ha d&#8217;omplir la fam\u00edlia. L&#8217;alumnat que no confirmi la pla\u00e7a en el per\u00edode establert es considera que renuncia a la pla\u00e7a adjudicada, llevat que sigui per causes justificades.<\/p>\n<table style=\"width: 918px;\">\n<tbody>\n<tr>\n<td style=\"width: 587px;\"><span style=\"color: #b02020;\"><strong>CONFIRMACI\u00d3 DE\u00a0 MATR\u00cdCULA (ALUMNAT DE 2n,3r I 4t D&#8217;ESO ESCOLARITZAT ACTUALMENT AL CENTRE)<\/strong><\/span><\/td>\n<td style=\"width: 323px;\"><span style=\"color: #b02020;\"><strong>DATES<\/strong><\/span><\/td>\n<\/tr>\n<tr>\n<td style=\"width: 587px;\">Per\u00edode de confirmaci\u00f3 de matr\u00edcula (a trav\u00e9s d&#8217;un formulari en l\u00ednia)Reviseu el vostre correu electr\u00f2nic on trobareu l&#8217;enlla\u00e7 al formulari i les instruccions sobre la confirmaci\u00f3 de pla\u00e7a.Termini per lliurar al centre la documentaci\u00f3 relativa a la sol\u00b7licitud de beca durant tot el mes de juliol.<\/td>\n<td style=\"width: 323px;\"><span style=\"color: #993300;\">per confirmar<\/span><\/td>\n<\/tr>\n<\/tbody>\n<\/table>\n<h3><span style=\"color: #339966;\"><strong>MATR\u00cdCULA 2026-2027 (nou alumnat)<\/strong><\/span><\/h3>\n<table style=\"width: 81.0731%; height: 99px;\" width=\"924\">\n<tbody>\n<tr style=\"height: 33px;\">\n<td style=\"height: 33px;\" width=\"593\"><span style=\"color: #b02020;\"><strong>MATRICULACI\u00d3<\/strong><\/span><\/td>\n<td style=\"height: 33px;\" width=\"331\"><span style=\"color: #b02020;\"><strong>DATES<\/strong><\/span><\/td>\n<\/tr>\n<tr style=\"height: 33px;\">\n<td style=\"height: 33px;\" width=\"593\"><strong>Per\u00edode de matriculaci\u00f3 per a alumnat nou.<\/strong><\/td>\n<td style=\"height: 33px;\" width=\"331\"><span style=\"color: #993300;\">per confirmar<\/span><\/td>\n<\/tr>\n<tr style=\"height: 33px;\">\n<td style=\"height: 33px;\"><\/td>\n<td style=\"height: 33px;\"><\/td>\n<\/tr>\n<\/tbody>\n<\/table>\n<div class=\"FW_sArticleFoto\">\n<div class=\"FW_sEditPro\">\n<p>L&#8217;alumnat\u00a0 adm\u00e8s ha de formalitzar la matr\u00edcula en les dates que es detallen en el calendari, encara per confirmar. L&#8217;alumnat que no ho fa en el per\u00edode establert es considera que renuncia a la pla\u00e7a adjudicada, llevat que sigui per causes justificades.<\/p>\n<p>Cal passar pel centre presencialment en per\u00edode de matriculaci\u00f3. Us lliurarem un full amb dades que caldr\u00e0 omplir (el podeu omplir a casa i retornar-lo al centre un altre dia, sempre en per\u00edode de matriculaci\u00f3).<\/p>\n<p><strong>Horari de matr\u00edcula de 8:30 a 14:00. El dia ?? ( <span style=\"color: #993300;\">per confirmar<\/span>) de juny tamb\u00e9 s&#8217;admetran matr\u00edcules de 15:00 a 17:00<\/strong><\/p>\n<p>A m\u00e9s de la documentaci\u00f3 aportada amb la sol\u00b7licitud de preinscripci\u00f3, per matricular-se cal presentar obligat\u00f2riament.<\/p>\n<ol>\n<li>Una c\u00f2pia del <strong>carnet de vacunacions<\/strong> on constin les dosis de vacunes rebudes i les dates corresponents.<br \/>\n&#8211; Si no es t\u00e9 carnet de vacunacions cal presentar un certificat m\u00e8dic oficial o el carnet de salut amb les dosis de vacuna rebudes i les dates corresponents.<br \/>\n&#8211; Si el nen o la nena no han estat vacunats per indicaci\u00f3 m\u00e8dica o per altres circumst\u00e0ncies, cal presentar un certificat m\u00e8dic oficial justificatiu.<\/li>\n<li>Una fotoc\u00f2pia de la <strong>targeta sanit\u00e0ria.<\/strong><\/li>\n<li>Una <strong>fotografia de carnet<\/strong> (en paper fotogr\u00e0fic i fons blanc) amb el nom del nen o nena escrit en bol\u00edgraf al darrera.<\/li>\n<li><strong>Fotoc\u00f2pia del DNI de l&#8217;alumne\/a<\/strong>. Quan el domicili al\u00b7legat a la sol\u00b7licitud de preinscripci\u00f3 no coincideixi amb el domicili del DNI cal presentar <strong>el DNI renovat<\/strong> amb la nova adre\u00e7a.<\/li>\n<li><strong>Fotoc\u00f2pia del Llibre de Fam\u00edlia<\/strong>\u00a0on surti l\u2019alumne\/a i els progenitors.<\/li>\n<li><strong>Fotoc\u00f2pia del DNI del pare\/mare o tutor legal<\/strong> que realitza la matr\u00edcula.<\/li>\n<li>En cas que l&#8217;alumne\/a provingui d&#8217;un centre no adscrit o privat cal adjuntar la <strong>c\u00f2pia de l&#8217;expedient acad\u00e8mic<\/strong>.<\/li>\n<li><strong>Haver fet els pagaments de la quota d&#8217;AFA<\/strong> (35\u20ac per fam\u00edlia)<strong> i de sortides<\/strong> (85\u20ac). Us enviarem un correu electr\u00f2nic un cop tinguem confirmada l&#8217;admissi\u00f3 al centre amb un enlla\u00e7 on es podran fer els pagaments durant la primera setmana de juliol.<\/li>\n<\/ol>\n<p>Si en formalitzar la matr\u00edcula, el o la sol\u00b7licitant no al\u00b7lega el mateix domicili que el de la sol\u00b7licitud de preinscripci\u00f3, amb el qual hauria obtingut una puntuaci\u00f3 inferior, el centre ha d&#8217;informar d&#8217;aquest fet a la comissi\u00f3 de garanties d&#8217;admissi\u00f3 corresponent perqu\u00e8 pugui investigar si hi ha hagut o no frau en el proc\u00e9s de preinscripci\u00f3.<\/p>\n<p>La falsedat o el frau en les dades al\u00b7legades o en la documentaci\u00f3 aportada comporta la invalidaci\u00f3 dels drets de prioritat i fins i tot, si escau, la p\u00e8rdua de la pla\u00e7a assignada. El Departament d&#8217;Educaci\u00f3 comunica a l&#8217;autoritat competent el fet perqu\u00e8 aquesta adopti les mesures oportunes en relaci\u00f3 amb la responsabilitat que correspongui, tant al sol\u00b7licitant com a la persona que hagi em\u00e8s la documentaci\u00f3 acreditativa.<\/p>\n<p>A l&#8217;alumnat que compleix els requisits acad\u00e8mics en el moment de la matr\u00edcula per\u00f2 que per causes justificades no pot aportar la documentaci\u00f3 acreditativa corresponent, se&#8217;l matricula condicionalment.<\/p>\n<\/div>\n<\/div>\n","protected":false},"excerpt":{"rendered":"<p>CONFIRMACI\u00d3 DE MATR\u00cdCULA 2026-2027 (alumnat que actualment ja est\u00e0 matriculat a El Vern) L&#8217;alumnat que actualment ja est\u00e0 matriculat a El Vern, rebr\u00e0 al correu electr\u00f2nic de les fam\u00edlies informaci\u00f3 sobre el proc\u00e9s de confirmaci\u00f3 de pla\u00e7a, que es far\u00e0 de forma virtual igual que el curs passat mitjan\u00e7ant un formulari que ha d&#8217;omplir la [&hellip;]<\/p>\n","protected":false},"author":1,"featured_media":0,"parent":887,"menu_order":2,"comment_status":"closed","ping_status":"closed","template":"","meta":{"_bbp_topic_count":0,"_bbp_reply_count":0,"_bbp_total_topic_count":0,"_bbp_total_reply_count":0,"_bbp_voice_count":0,"_bbp_anonymous_reply_count":0,"_bbp_topic_count_hidden":0,"_bbp_reply_count_hidden":0,"_bbp_forum_subforum_count":0,"site-sidebar-layout":"default","site-content-layout":"","ast-site-content-layout":"default","site-content-style":"default","site-sidebar-style":"default","ast-global-header-display":"","ast-banner-title-visibility":"","ast-main-header-display":"","ast-hfb-above-header-display":"","ast-hfb-below-header-display":"","ast-hfb-mobile-header-display":"","site-post-title":"","ast-breadcrumbs-content":"","ast-featured-img":"","footer-sml-layout":"","theme-transparent-header-meta":"","adv-header-id-meta":"","stick-header-meta":"","header-above-stick-meta":"","header-main-stick-meta":"","header-below-stick-meta":"","astra-migrate-meta-layouts":"set","ast-page-background-enabled":"default","ast-page-background-meta":{"desktop":{"background-color":"var(--ast-global-color-4)","background-image":"","background-repeat":"repeat","background-position":"center center","background-size":"auto","background-attachment":"scroll","background-type":"","background-media":"","overlay-type":"","overlay-color":"","overlay-opacity":"","overlay-gradient":""},"tablet":{"background-color":"","background-image":"","background-repeat":"repeat","background-position":"center center","background-size":"auto","background-attachment":"scroll","background-type":"","background-media":"","overlay-type":"","overlay-color":"","overlay-opacity":"","overlay-gradient":""},"mobile":{"background-color":"","background-image":"","background-repeat":"repeat","background-position":"center center","background-size":"auto","background-attachment":"scroll","background-type":"","background-media":"","overlay-type":"","overlay-color":"","overlay-opacity":"","overlay-gradient":""}},"ast-content-background-meta":{"desktop":{"background-color":"var(--ast-global-color-5)","background-image":"","background-repeat":"repeat","background-position":"center center","background-size":"auto","background-attachment":"scroll","background-type":"","background-media":"","overlay-type":"","overlay-color":"","overlay-opacity":"","overlay-gradient":""},"tablet":{"background-color":"var(--ast-global-color-5)","background-image":"","background-repeat":"repeat","background-position":"center center","background-size":"auto","background-attachment":"scroll","background-type":"","background-media":"","overlay-type":"","overlay-color":"","overlay-opacity":"","overlay-gradient":""},"mobile":{"background-color":"var(--ast-global-color-5)","background-image":"","background-repeat":"repeat","background-position":"center center","background-size":"auto","background-attachment":"scroll","background-type":"","background-media":"","overlay-type":"","overlay-color":"","overlay-opacity":"","overlay-gradient":""}},"footnotes":""},"class_list":["post-551","page","type-page","status-publish","hentry"],"post_mailing_queue_ids":[],"_links":{"self":[{"href":"https:\/\/agora.xtec.cat\/ses-elvern\/wp-json\/wp\/v2\/pages\/551","targetHints":{"allow":["GET"]}}],"collection":[{"href":"https:\/\/agora.xtec.cat\/ses-elvern\/wp-json\/wp\/v2\/pages"}],"about":[{"href":"https:\/\/agora.xtec.cat\/ses-elvern\/wp-json\/wp\/v2\/types\/page"}],"author":[{"embeddable":true,"href":"https:\/\/agora.xtec.cat\/ses-elvern\/wp-json\/wp\/v2\/users\/1"}],"replies":[{"embeddable":true,"href":"https:\/\/agora.xtec.cat\/ses-elvern\/wp-json\/wp\/v2\/comments?post=551"}],"version-history":[{"count":6,"href":"https:\/\/agora.xtec.cat\/ses-elvern\/wp-json\/wp\/v2\/pages\/551\/revisions"}],"predecessor-version":[{"id":10976,"href":"https:\/\/agora.xtec.cat\/ses-elvern\/wp-json\/wp\/v2\/pages\/551\/revisions\/10976"}],"up":[{"embeddable":true,"href":"https:\/\/agora.xtec.cat\/ses-elvern\/wp-json\/wp\/v2\/pages\/887"}],"wp:attachment":[{"href":"https:\/\/agora.xtec.cat\/ses-elvern\/wp-json\/wp\/v2\/media?parent=551"}],"curies":[{"name":"wp","href":"https:\/\/api.w.org\/{rel}","templated":true}]}}