{"id":549,"date":"2018-03-02T11:42:10","date_gmt":"2018-03-02T10:42:10","guid":{"rendered":"http:\/\/agora.xtec.cat\/ses-elvern\/?page_id=549"},"modified":"2026-04-15T09:58:13","modified_gmt":"2026-04-15T07:58:13","slug":"preinscripcio","status":"publish","type":"page","link":"https:\/\/agora.xtec.cat\/ses-elvern\/secretaria-2\/preinscripcio\/","title":{"rendered":"Preinscripci\u00f3"},"content":{"rendered":"\n<h3 class=\"wp-block-heading\"><span style=\"color: #bf2626;\">PREINSCRIPCI\u00d3 CURS 2026\/2027<\/span><\/h3>\n\n\n\n<h4 class=\"wp-block-heading\"><a href=\"https:\/\/preinscripcio.gencat.cat\/ca\/estudis\/eso\/inici\/\" target=\"_blank\" rel=\"noopener noreferrer\">Portal Preinscripci\u00f3 Gencat<\/a><\/h4>\n\n\n\n<p>DATES DE LA PREINSCRIPCI\u00d3<\/p>\n\n\n\n<p><h3>Primer cicle d&#8217;educaci\u00f3 infa\u200bntil<\/h3><p><strong><span style=\"color: #993300;\">Del 8 al 22 de maig de 2026, o les dates que estableixi el\u00a0municipi<\/span><\/strong><\/p><\/p>\n\n\n\n<p><h3>Segon cicle d&#8217;educaci\u00f3 infa\u200bntil i educaci\u00f3 prim\u00e0ria<\/h3><p><strong><span style=\"color: #993300;\">Del 4 al 18 de mar\u00e7 de 2026<\/span><\/strong><\/p><\/p>\n\n\n\n<p><h3>Batxille\u200brat<\/h3><p><span style=\"color: #993300;\"><strong>Del 9 al 16 d&#8217;abril de 2026<\/strong><\/span><\/p><\/p>\n\n\n\n<p><h3>Educac\u200b\u200b\u200bi\u00f3 secund\u00e0ria obligat\u00f2ria<\/h3><p><span style=\"color: #993300;\"><strong>Del 6 al 18 de mar\u00e7 de 2026<\/strong><\/span><\/p><\/p>\n\n\n\n<h3 class=\"wp-block-heading\"><strong>INSTITUT EL VERN<\/strong><\/h3>\n\n\n\n<p><p><a href=\"https:\/\/agora.xtec.cat\/ses-elvern\/wp-content\/uploads\/usu1817\/20260303_INFORME_OFERTA_INICIAL-2.pdf\" target=\"_blank\" rel=\"noopener\"><strong> INFORME_OFERTA INICIAL DE PLACES<\/strong><\/a><\/p><\/p>\n\n\n\n<p><p><strong><a href=\"http:\/\/mapaescolar.gencat.cat\/\" target=\"_blank\" rel=\"noopener\">Mapa Escolar de Catalunya<\/a><\/strong><\/p><\/p>\n\n\n\n<p><p>Codi de centre 08058969<\/p><\/p>\n\n\n\n<p><p>\u00c0rees territorials:\u00a0 Vall\u00e8s oriental-Maresme\u00a0 \u00a0<\/p><\/p>\n\n\n\n<p><p> Comarca: Vall\u00e8s orientalMunicipi: Lli\u00e7\u00e0 de Vall<\/p><\/p>\n\n\n\n<div class=\"wp-block-columns is-layout-flex wp-container-core-columns-is-layout-1 wp-block-columns-is-layout-flex\">\n<div class=\"wp-block-column is-layout-flow wp-block-column-is-layout-flow\" style=\"flex-basis:100%\">\n<figure class=\"wp-block-table\"><table class=\"has-fixed-layout\"><thead><tr><th><strong>PASSOS DEL PROC\u00c9S<\/strong><\/th><th class=\"has-text-align-center\" data-align=\"center\"><strong>CALENDARI<\/strong><\/th><\/tr><\/thead><tbody><tr><td><strong>Presentaci\u00f3 de sol\u00b7licituds.<\/strong><br><br>\u00c9s molt important respectar les dates de presentaci\u00f3, perqu\u00e8 totes les sol\u00b7licituds que es presentin fora d&#8217;aquest termini perdran qualsevol prioritat a l&#8217;hora d&#8217;obtenir la pla\u00e7a. En la sol\u00b7licitud de preinscripci\u00f3 cal indicar si el centre escollit \u00e9s un centre&nbsp;<strong>adscrit<\/strong> a l&#8217;escola de prim\u00e0ria on s&#8217;han cursat els cursos anteriors. L&#8217;adscripci\u00f3 dels centres i els criteris de prioritat general serveixen per adjudicar una puntuaci\u00f3 a cada sol\u00b7licitud i establir l&#8217;ordre d&#8217;acc\u00e9s a les places dels centres. Els centres de prim\u00e0ria adscrits a l&#8217;institut El Vern s\u00f3n l&#8217;Escola Les Llisses i l&#8217;Escola Els Vinyals, ambd\u00f3s de Lli\u00e7\u00e0 de Vall.<\/td><td class=\"has-text-align-center\" data-align=\"center\"><p style=\"text-align: center;\">Del 6 al 18 de mar\u00e7<\/p><\/td><\/tr><tr><td><strong>Presentaci\u00f3 de la documentaci\u00f3<\/strong><\/td><td class=\"has-text-align-center\" data-align=\"center\">Fins el 19 de mar\u00e7&nbsp;<\/td><\/tr><tr><td><strong><a href=\"https:\/\/agora.xtec.cat\/ses-elvern\/wp-content\/uploads\/usu1817\/15042026_INFORME_BAREM_PROVISIONAL.pdf\" target=\"_blank\" rel=\"noreferrer noopener\">Llistat amb Informe del barem provisional\u00a0(el trobareu tamb\u00e9\u00a0 penjat impr\u00e8s a l&#8217;interior del centre)<\/a><\/strong><br><br>Un cop acabat el per\u00edode de presentaci\u00f3 de sol\u00b7licituds, els centres educatius estudien cadascuna de les peticions que han rebut: n&#8217;analitzen les dades, els criteris de prioritat que les fam\u00edlies demanen que es tinguin en compte i els documents justificatius, i publiquen la llista de sol\u00b7licituds amb els barems provisionals. En aquesta llista hi ha les sol\u00b7licituds ordenades alfab\u00e8ticament amb la puntuaci\u00f3 que ha rebut cada sol\u00b7licitud en aplicar-hi el barem.<\/td><td class=\"has-text-align-center\" data-align=\"center\">Previsi\u00f3 15 d&#8217;abril<\/td><\/tr><tr><td><strong>Presentaci\u00f3 reclamacions<\/strong><br><br>Per\u00edode en qu\u00e8 es recullen les reclamacions que les fam\u00edlies puguin presentar, si \u00e9s que es detecta alguna errada o anomalia en el barem assignat.<\/td><td class=\"has-text-align-center\" data-align=\"center\">Previsi\u00f3 del 15 al 20 d&#8217;abril<\/td><\/tr><tr><td><strong>Llistat amb el barem un cop resoltes les reclamacions (el trobareu tamb\u00e9&nbsp; penjat impr\u00e8s a l&#8217;interior del centre)<\/strong><br><br><strong>INFORME_BAREM_RESOLTES_BAREM<\/strong><br><br>Un cop resoltes totes les reclamacions presentades, el centre publica la llista definitiva de sol\u00b7licituds amb la puntuaci\u00f3 corresponent i el seu n\u00famero de desempat.<\/td><td class=\"has-text-align-center\" data-align=\"center\">Previsi\u00f3&nbsp;23 d&#8217;abril<\/td><\/tr><tr><td><strong>Sorteig per resoldre les sol\u00b7licituds empatades en punts<\/strong><br><h5>N\u00famero de desempat:<\/h5><p>El nombre de places a cada centre educatiu \u00e9s limitat. Si el nombre de peticions supera el d&#8217;alumnes que l&#8217;escola pot acollir, cal aplicar un sistema de desempat entre les sol\u00b7licituds amb la mateixa puntuaci\u00f3. Per fer-ho, s&#8217;obt\u00e9 un n\u00famero per sorteig a partir del qual s&#8217;ordenen totes les peticions empatades en punts, tenint en compte el n\u00famero de desempat que s&#8217;ha assignat a cada sol\u00b7licitud.<\/p><\/td><td class=\"has-text-align-center\" data-align=\"center\">&nbsp;Previsi\u00f3&nbsp;28 d&#8217;abril<\/td><\/tr><tr><td><strong>Llista de sol\u00b7licituds que han demanat el centre i l&#8217;ensenyament en primera petici\u00f3 ordenada<\/strong><br><br><strong>INFORME_BAREM_DEFINITIU_BAREM<\/strong><br><br>Despr\u00e9s del sorteig, s&#8217;elabora la llista de sol\u00b7licituds per a l&#8217;assignaci\u00f3 de places. Per fer aquesta llista, en primer lloc es t\u00e9 en compte les adscripcions, despr\u00e8s la puntuaci\u00f3 de criteris prioritaris, de m\u00e9s a menys, i en cas d&#8217;empat primer la puntuaci\u00f3 pels criteris complementaris i despr\u00e9s el n\u00famero de desempat.<\/td><td class=\"has-text-align-center\" data-align=\"center\">Previsi\u00f3 10 de juny<\/td><\/tr><tr><td><strong>Ampliaci\u00f3 de peticions de preinscripci\u00f3 per a alumnes sense pla\u00e7a assignada a cap centre<\/strong>.<br><br>Si no s&#8217;ha obtingut cap pla\u00e7a en els centres demanats i es tracta de sol\u00b7licituds de primer d&#8217;ESO, o quan s&#8217;ha marcat expressament que es vol una assignaci\u00f3 d&#8217;ofici, durant aquest per\u00edode es poden ampliar les peticions originals i demanar places en centres que en tinguin de disponibles, un cop fets ja els processos d&#8217;assignaci\u00f3. Despr\u00e9s d&#8217;aquesta ampliaci\u00f3 de la sol\u00b7licitud, es fa l&#8217;\u00faltim proc\u00e9s d&#8217;assignaci\u00f3 tenint en compte les peticions ampliades.<\/td><td class=\"has-text-align-center\" data-align=\"center\">Previsi\u00f3 de l&#8217;1 al 3 de juny<\/td><\/tr><tr><td><strong>OFERTA DEFINITIVA PLACES PREINSCRIPCI\u00d3 26-27<\/strong><br><br>Publicaci\u00f3 del nombre definitiu de places escolars per centre i curs que \u00e9s el que s&#8217;utilitza per a l&#8217;assignaci\u00f3 de places.<br><br><strong>Publicaci\u00f3 de la llista d&#8217;alumnes admesos en cada centre i de la llista d&#8217;espera<\/strong><br><br><strong>&nbsp;INFORME_ASSIGNADES_INFORME_ASSIGNADESINFORME_LLISTA_ESPERA_OME_LLISTA_ESPERA<\/strong><\/td><td class=\"has-text-align-center\" data-align=\"center\">Previsi\u00f3 10 de&nbsp; juny<\/td><\/tr><tr><td><strong>Matr\u00edcula<\/strong><br><br>Un cop s&#8217;ha publicat la llista final d&#8217;alumnes admesos en cada centre, comen\u00e7a el per\u00edode de matriculaci\u00f3 dels preinscrits amb pla\u00e7a assignada.<\/td><td class=\"has-text-align-center\" data-align=\"center\">Previsi\u00f3 del 22 al 30 juny<\/td><\/tr><\/tbody><\/table><\/figure>\n<\/div>\n<\/div>\n\n\n\n<h4 class=\"wp-block-heading\">Tota la informaci\u00f3 la trobareu a:&nbsp;Portal Preinscripci\u00f3 Gencat<\/h4>\n\n\n\n<div class=\"FW_sPregunta FW_sImpacte\">\n<h4 id=\"FW_bloc_64c3baaf-55e8-11e4-aafa-000c29f68999_1\" class=\"FW_ancora\"><span style=\"color: #339966;\">Criteris d&#8217;assignaci\u00f3 de pla\u00e7a<\/span><\/h4>\n<ul>\n<li><a class=\"scroll\" href=\"https:\/\/preinscripcio.gencat.cat\/ca\/estudis\/eso\/informat\/criteris-assignacio\/#bloc1\">Criteri d&#8217;adscripci\u00f3 del centre<\/a><\/li>\n<li><a class=\"scroll\" href=\"https:\/\/preinscripcio.gencat.cat\/ca\/estudis\/eso\/informat\/criteris-assignacio\/#bloc2\">Criteris de prioritat generals i criteri complementari<\/a><\/li>\n<li><a class=\"scroll\" href=\"https:\/\/preinscripcio.gencat.cat\/ca\/estudis\/eso\/informat\/criteris-assignacio\/#bloc3\">Assignaci\u00f3 de places<\/a><\/li>\n<\/ul>\n<h4><span style=\"color: #339966;\">Documentaci\u00f3 necess\u00e0ria<\/span><\/h4>\n<div class=\"FW_sArticleFoto\">\n<div class=\"FW_sEditPro\">\n<p>Per fer la sol\u00b7licitud de preinscripci\u00f3 cal omplir un <strong><a href=\"https:\/\/preinscripcio.gencat.cat\/ca\/estudis\/eso\/preinscriute\/sollicitud\/\">formulari de sol\u00b7licitud<\/a><\/strong> i&nbsp; presentar tota la documentaci\u00f3 necess\u00e0ria per acreditar la identitat de les fam\u00edlies sol\u00b7licitants i l&#8217;acompliment dels criteris de prioritat d&#8217;assignaci\u00f3 de places. <strong>Els tr\u00e0mits es fan de manera telem\u00e0tica<\/strong>,&nbsp;cal escanejar o fotografiar tots els documents demanats per ambdues cares&nbsp;i tenir-los disponibles en el dispositiu que utilitzareu per emplenar el formulari de preinscripci\u00f3, ja sigui un ordinador, una tauleta o un tel\u00e8fon intel\u00b7ligent, per tal de poder-los adjuntar.<br>Els documents necessaris per acreditar la identitat de les fam\u00edlies en la sol\u00b7licitud de preinscripci\u00f3 s\u00f3n:<\/p>\n<ul>\n<li><strong>Llibre de fam\u00edlia o altres documents relatius a la filiaci\u00f3.<br><\/strong>Quan l&#8217;alumne estigui en situaci\u00f3 d&#8217;acolliment, el document que cal aportar \u00e9s la&nbsp;<strong>resoluci\u00f3 d&#8217;acolliment del Departament de Treball, Afers Socials i Fam\u00edlies<\/strong>.<\/li>\n<li><strong>DNI del pare, la mare o el tutor o la tutora de l&#8217;alumne<\/strong>.<br>Si el sol\u00b7licitant \u00e9s estranger, necessitar\u00e0 la&nbsp;<strong>targeta de resid\u00e8ncia<\/strong>&nbsp;on consta el NIE o el&nbsp;<strong>passaport<\/strong>, i si \u00e9s estranger d&#8217;un pa\u00eds membre de la Uni\u00f3 Europea li caldr\u00e0 adjuntar el&nbsp;<strong>document d&#8217;identitat del pa\u00eds d&#8217;origen<\/strong>.<\/li>\n<\/ul>\n<p>De manera excepcional, es poden acreditar les dades d&#8217;identificaci\u00f3 o de filiaci\u00f3 de l&#8217;alumnat estranger amb el document d&#8217;identitat, el llibre de fam\u00edlia del pa\u00eds d&#8217;origen o la documentaci\u00f3 alternativa que la persona pugui aportar. El director o la directora del centre educatiu corresponent valorar\u00e0 i examinar\u00e0 la documentaci\u00f3 presentada.<\/p>\n<p><span style=\"color: #339966; font-size: 1.4375em; font-weight: bold;\">Documentaci\u00f3 acreditativa dels criteris de prioritat<\/span><\/p>\n<\/div>\n<\/div>\n<\/div>\n\n\n\n<div class=\"FW_sPregunta FW_sImpacte\">\n<div class=\"FW_sArticleFoto\">\n<div class=\"FW_sEditPro\">\n<div>\n<p>Els documents necessaris per acreditar els criteris de prioritat s\u00f3n:<\/p>\n<\/div>\n<ul>\n<li><strong>Per justificar la proximitat del domicili habitual a l&#8217;escola.<\/strong>\u00a0En rebre la sol\u00b7licitud de preinscripci\u00f3\u00a0<strong>el centre consulta les dades del padr\u00f3<\/strong>\u00a0per confirmar l&#8217;adre\u00e7a del domicili familiar. Si no es poden obtenir les dades del padr\u00f3 cal acreditar la resid\u00e8ncia adjuntant\u00a0<strong>un certificat o volant de conviv\u00e8ncia de l&#8217;alumne<\/strong>, on ha de constar l&#8217;adre\u00e7a del domicili i acreditar que viu com a m\u00ednim amb el pare o la mare que presenta la sol\u00b7licitud.<\/li>\n<li>P<strong>er acreditar la proximitat del lloc de treball del pare, la mare o el tutor o la tutora legal a l&#8217;escola.<\/strong>\u00a0En el cas de les persones assalariades, \u00e9s suficient si s&#8217;aporta el\u00a0<strong>contracte laboral o un certificat em\u00e8s per l&#8217;empresa<\/strong>. En el cas de ser treballadora o treballador aut\u00f2nom, s&#8217;haur\u00e0 de presentar\u00a0<strong>el model de l&#8217;Ag\u00e8ncia tribut\u00e0ria 036 o 037<\/strong>, on es deixa const\u00e0ncia del domicili en qu\u00e8 es porta a terme l&#8217;activitat.<\/li>\n<li><strong>Per justificar la renda garantida de ciutadania<\/strong>. Aportaci\u00f3 de documents com la certificaci\u00f3 o la resoluci\u00f3 emesa pel Departament de Treball, Afers Socials i Fam\u00edlia.<\/li>\n<li><strong>Per acreditar que un membre de la unitat familiar t\u00e9 una discapacitat.<\/strong>\u00a0Aquest sup\u00f2sit inclou la discapacitat igual o superior al 33 % de l&#8217;alumne, del pare o la mare o d&#8217;algun germ\u00e0 o germana, i es valida mitjan\u00e7ant consultes interadministratives. Si no es pot validar o si es tracta d&#8217;una discapacitat reconeguda per altres comunitats aut\u00f2nomes, cal presentar el certificat o la targeta acreditativa de discapacitat que emet el Departament de Treball, Afers Socials i Fam\u00edlies o els organismes competents en altres comunitats aut\u00f2nomes. Tamb\u00e9 es pot adjuntar el document que acrediti ser beneficiari o benefici\u00e0ria d&#8217;una pensi\u00f3 d&#8217;incapacitat permanent de grau total o de gran invalidesa, o b\u00e9, quan sigui oport\u00fa, el corresponent certificat de les classes passives que tenen reconeguda una pensi\u00f3 de jubilaci\u00f3 o retir per incapacitat permanent per al servei o inutilitat.<\/li>\n<li><strong>Per acreditar que l&#8217;alumne forma part d&#8217;una fam\u00edlia nombrosa o monoparental.<\/strong>\u00a0Aquesta informaci\u00f3 es validar\u00e0 mitjan\u00e7ant consultes interadministratives quan es faci la sol\u00b7licitud de preinscripci\u00f3. Nom\u00e9s quan no sigui possible validar-ho perqu\u00e8 es tracta de t\u00edtols emesos per altres comunitats aut\u00f2nomes caldr\u00e0 presentar el carnet de fam\u00edlia nombrosa o el de fam\u00edlia monoparental.<\/li>\n<\/ul>\n<p>M\u00e9s informaci\u00f3 a: <a href=\"https:\/\/preinscripcio.gencat.cat\/ca\/estudis\/eso\/informat\/prepara-documentacio\/\" target=\"_blank\" rel=\"noopener noreferrer\">https:\/\/preinscripcio.gencat.cat\/ca\/estudis\/eso\/informat\/prepara-documentacio\/<\/a><\/p>\n<\/div>\n<\/div>\n<\/div>\n\n\n\n<p><a href=\"http:\/\/agora.xtec.cat\/ses-elvern\/secretaria-2\/\" rel=\"noopener\">\u21b5TORNAR<\/a><\/p>\n","protected":false},"excerpt":{"rendered":"<p>PREINSCRIPCI\u00d3 CURS 2026\/2027 Portal Preinscripci\u00f3 Gencat DATES DE LA PREINSCRIPCI\u00d3 Primer cicle d&#8217;educaci\u00f3 infa\u200bntil Del 8 al 22 de maig de 2026, o les dates que estableixi el\u00a0municipi Segon cicle d&#8217;educaci\u00f3 infa\u200bntil i educaci\u00f3 prim\u00e0ria Del 4 al 18 de mar\u00e7 de 2026 Batxille\u200brat Del 9 al 16 d&#8217;abril de 2026 Educac\u200b\u200b\u200bi\u00f3 secund\u00e0ria obligat\u00f2ria Del [&hellip;]<\/p>\n","protected":false},"author":1,"featured_media":0,"parent":887,"menu_order":1,"comment_status":"closed","ping_status":"closed","template":"","meta":{"_bbp_topic_count":0,"_bbp_reply_count":0,"_bbp_total_topic_count":0,"_bbp_total_reply_count":0,"_bbp_voice_count":0,"_bbp_anonymous_reply_count":0,"_bbp_topic_count_hidden":0,"_bbp_reply_count_hidden":0,"_bbp_forum_subforum_count":0,"site-sidebar-layout":"default","site-content-layout":"","ast-site-content-layout":"default","site-content-style":"default","site-sidebar-style":"default","ast-global-header-display":"","ast-banner-title-visibility":"","ast-main-header-display":"","ast-hfb-above-header-display":"","ast-hfb-below-header-display":"","ast-hfb-mobile-header-display":"","site-post-title":"","ast-breadcrumbs-content":"","ast-featured-img":"","footer-sml-layout":"","theme-transparent-header-meta":"","adv-header-id-meta":"","stick-header-meta":"","header-above-stick-meta":"","header-main-stick-meta":"","header-below-stick-meta":"","astra-migrate-meta-layouts":"set","ast-page-background-enabled":"default","ast-page-background-meta":{"desktop":{"background-color":"var(--ast-global-color-4)","background-image":"","background-repeat":"repeat","background-position":"center center","background-size":"auto","background-attachment":"scroll","background-type":"","background-media":"","overlay-type":"","overlay-color":"","overlay-opacity":"","overlay-gradient":""},"tablet":{"background-color":"","background-image":"","background-repeat":"repeat","background-position":"center center","background-size":"auto","background-attachment":"scroll","background-type":"","background-media":"","overlay-type":"","overlay-color":"","overlay-opacity":"","overlay-gradient":""},"mobile":{"background-color":"","background-image":"","background-repeat":"repeat","background-position":"center center","background-size":"auto","background-attachment":"scroll","background-type":"","background-media":"","overlay-type":"","overlay-color":"","overlay-opacity":"","overlay-gradient":""}},"ast-content-background-meta":{"desktop":{"background-color":"var(--ast-global-color-5)","background-image":"","background-repeat":"repeat","background-position":"center center","background-size":"auto","background-attachment":"scroll","background-type":"","background-media":"","overlay-type":"","overlay-color":"","overlay-opacity":"","overlay-gradient":""},"tablet":{"background-color":"var(--ast-global-color-5)","background-image":"","background-repeat":"repeat","background-position":"center center","background-size":"auto","background-attachment":"scroll","background-type":"","background-media":"","overlay-type":"","overlay-color":"","overlay-opacity":"","overlay-gradient":""},"mobile":{"background-color":"var(--ast-global-color-5)","background-image":"","background-repeat":"repeat","background-position":"center center","background-size":"auto","background-attachment":"scroll","background-type":"","background-media":"","overlay-type":"","overlay-color":"","overlay-opacity":"","overlay-gradient":""}},"footnotes":""},"class_list":["post-549","page","type-page","status-publish","hentry"],"post_mailing_queue_ids":[],"_links":{"self":[{"href":"https:\/\/agora.xtec.cat\/ses-elvern\/wp-json\/wp\/v2\/pages\/549","targetHints":{"allow":["GET"]}}],"collection":[{"href":"https:\/\/agora.xtec.cat\/ses-elvern\/wp-json\/wp\/v2\/pages"}],"about":[{"href":"https:\/\/agora.xtec.cat\/ses-elvern\/wp-json\/wp\/v2\/types\/page"}],"author":[{"embeddable":true,"href":"https:\/\/agora.xtec.cat\/ses-elvern\/wp-json\/wp\/v2\/users\/1"}],"replies":[{"embeddable":true,"href":"https:\/\/agora.xtec.cat\/ses-elvern\/wp-json\/wp\/v2\/comments?post=549"}],"version-history":[{"count":6,"href":"https:\/\/agora.xtec.cat\/ses-elvern\/wp-json\/wp\/v2\/pages\/549\/revisions"}],"predecessor-version":[{"id":11441,"href":"https:\/\/agora.xtec.cat\/ses-elvern\/wp-json\/wp\/v2\/pages\/549\/revisions\/11441"}],"up":[{"embeddable":true,"href":"https:\/\/agora.xtec.cat\/ses-elvern\/wp-json\/wp\/v2\/pages\/887"}],"wp:attachment":[{"href":"https:\/\/agora.xtec.cat\/ses-elvern\/wp-json\/wp\/v2\/media?parent=549"}],"curies":[{"name":"wp","href":"https:\/\/api.w.org\/{rel}","templated":true}]}}