{"id":5270,"date":"2021-04-26T09:48:42","date_gmt":"2021-04-26T07:48:42","guid":{"rendered":"http:\/\/agora.xtec.cat\/ses-elvern\/?page_id=5270"},"modified":"2024-07-30T16:34:33","modified_gmt":"2024-07-30T14:34:33","slug":"equip-directiu","status":"publish","type":"page","link":"https:\/\/agora.xtec.cat\/ses-elvern\/linstitut\/organigrama\/equip-directiu\/","title":{"rendered":"Equip directiu"},"content":{"rendered":"<p><a href=\"https:\/\/agora.xtec.cat\/ses-elvern\/wp-content\/uploads\/usu1817\/2021\/04\/dirigir.jpg\"><img loading=\"lazy\" decoding=\"async\" class=\"size-medium wp-image-5271 alignright\" src=\"https:\/\/agora.xtec.cat\/ses-elvern\/wp-content\/uploads\/usu1817\/2021\/04\/dirigir-300x225.jpg\" alt=\"\" width=\"300\" height=\"225\" srcset=\"https:\/\/agora.xtec.cat\/ses-elvern\/wp-content\/uploads\/usu1817\/2021\/04\/dirigir-300x225.jpg 300w, https:\/\/agora.xtec.cat\/ses-elvern\/wp-content\/uploads\/usu1817\/2021\/04\/dirigir-200x150.jpg 200w, https:\/\/agora.xtec.cat\/ses-elvern\/wp-content\/uploads\/usu1817\/2021\/04\/dirigir.jpg 400w\" sizes=\"auto, (max-width: 300px) 100vw, 300px\" \/><\/a><\/p>\n<p>L&#8217;equip directiu actual del Vern est\u00e0 format per:<\/p>\n<p><strong>Bego\u00f1a Gibert Lasao<\/strong><strong style=\"font-family: inherit; font-size: 1em;\">sa<\/strong><span style=\"font-family: inherit; font-size: 1em;\">, directora <a href=\"mailto:dir@institutelvern.cat\"><span style=\"font-weight: 400;\">dir@institutelvern.cat<\/span><\/a><\/span><\/p>\n<p><span style=\"font-weight: 400;\">Llicenciada en Matem\u00e0tiques per la Universitat Aut\u00f2noma de Barcelona 1997. <\/span><span style=\"font-weight: 400;\">M\u00e0ster en Gesti\u00f3 i Direcci\u00f3 de Centres Educat<\/span><span style=\"font-weight: 400;\">ius Universitat de Barcelona, 2014. <\/span><span style=\"font-weight: 400;\">E<\/span><span style=\"font-weight: 400;\">xerceix com a professora de matem\u00e0tiques de secund\u00e0ria des del 1997. <\/span><span style=\"font-weight: 400;\">Ha desenvolupat diversos c\u00e0rrecs directius i de coordinaci\u00f3.\u00a0<\/span><span style=\"font-weight: 400;\">Ha desenvolupat diferents c\u00e0rrecs de coordinaci\u00f3 des del 2000. Al 2010 entra a formar part de l\u2019Equip directiu del Vern com a Cap d\u2019Estudis. <\/span><span style=\"font-weight: 400;\">Des del 2016 i fins l\u2019actualitat realitza les funcions de Directora a l\u2019Institut El Vern de Lli\u00e7\u00e0 de Vall.<\/span><\/p>\n<p><span style=\"font-weight: 400;\"><strong>\u00c8lia Giralt Romanos<\/strong>, cap d&#8217;estudis <a href=\"mailto:cap@institutelvern.cat\">cap@institutelvern.cat<\/a><\/span><\/p>\n<p>Llicenciada en Qu\u00edmica per la Universitat de Barcelona i M\u00e0ster en Qu\u00edmica i Enginyeria Aliment\u00e0ria per l&#8217;Institut Qu\u00edmic de Sarri\u00e0. Ha treballat al sector privat com a Directora Comercial i Gestora de Vendes del laboratori veterinari Vetplus SL i t\u00e9 el M\u00e0ster en Direcci\u00f3 Comercial i M\u00e0rqueting per l&#8217;<i>Esade Business School.<\/i>\u00a0Des del 2023 forma part del cos de professorat de secund\u00e0ria del Departament d&#8217;Educaci\u00f3 i des del juliol de 2024 exerceix de Cap d&#8217;Estudis a l&#8217;Institut El Vern.<\/p>\n<p><span style=\"font-weight: 400;\"><strong>Carme Rodr\u00edguez Valverde<\/strong>, secret\u00e0ria <a href=\"mailto:sec@institutelvern.cat\">sec@institutelvern.cat<\/a><\/span><\/p>\n<p><span style=\"font-weight: 400;\">Llicenciada en Biologia i Geologia per la Universitat de Val\u00e8ncia en la facultat de Ci\u00e8ncies Biol\u00f2giques, exerceix com a professora de Biologia i Geologia de secund\u00e0ria des del 1997. A l\u2019equip de professorat de l\u2019Institut el Vern des del setembre del 2006 ha desenvolupat diversos c\u00e0rrecs com tutoria i de coordinaci\u00f3 de riscos. Des del 2015 i fins l\u2019actualitat exerceix la funci\u00f3 de secretaria d\u2019equip directiu a l\u2019Institut El Vern de Lli\u00e7\u00e0 de Vall.<\/span><\/p>\n<p><span style=\"font-weight: 400;\"><strong>Deva Gresa Barbero<\/strong>, coordinadora pedag\u00f2gica <a href=\"mailto:coop@institutelvern.cat\">coop@institutelvern.cat.<\/a><\/span><\/p>\n<p>Graduada en Lleng\u00fces Modernes per la Universitat de Barcelona l&#8217;any 2012. M\u00e0ster en Estudis Avan\u00e7ats de Llengua i Literatura Catalanes per la UAB-UB el 2013. Exerceix com a professora de llengua catalana a secund\u00e0ria des del 2017. El 2019 va entrar a formar part de l&#8217;equip de professorat del Vern i ha estat tutora i cap del departament de lleng\u00fces. Des del juliol del 2024 realitza les funcions de coordinadora pedag\u00f2gica a l&#8217;Institut El Vern de Lli\u00e7\u00e0 de Vall.<\/p>\n","protected":false},"excerpt":{"rendered":"<p>L&#8217;equip directiu actual del Vern est\u00e0 format per: Bego\u00f1a Gibert Lasaosa, directora dir@institutelvern.cat Llicenciada en Matem\u00e0tiques per la Universitat Aut\u00f2noma de Barcelona 1997. M\u00e0ster en Gesti\u00f3 i Direcci\u00f3 de Centres Educatius Universitat de Barcelona, 2014. Exerceix com a professora de matem\u00e0tiques de secund\u00e0ria des del 1997. Ha desenvolupat diversos c\u00e0rrecs directius i de coordinaci\u00f3.\u00a0Ha desenvolupat [&hellip;]<\/p>\n","protected":false},"author":1,"featured_media":0,"parent":46,"menu_order":0,"comment_status":"closed","ping_status":"closed","template":"page-templates\/side-menu.php","meta":{"_bbp_topic_count":0,"_bbp_reply_count":0,"_bbp_total_topic_count":0,"_bbp_total_reply_count":0,"_bbp_voice_count":0,"_bbp_anonymous_reply_count":0,"_bbp_topic_count_hidden":0,"_bbp_reply_count_hidden":0,"_bbp_forum_subforum_count":0,"site-sidebar-layout":"default","site-content-layout":"","ast-site-content-layout":"","site-content-style":"default","site-sidebar-style":"default","ast-global-header-display":"","ast-banner-title-visibility":"","ast-main-header-display":"","ast-hfb-above-header-display":"","ast-hfb-below-header-display":"","ast-hfb-mobile-header-display":"","site-post-title":"","ast-breadcrumbs-content":"","ast-featured-img":"","footer-sml-layout":"","theme-transparent-header-meta":"","adv-header-id-meta":"","stick-header-meta":"","header-above-stick-meta":"","header-main-stick-meta":"","header-below-stick-meta":"","astra-migrate-meta-layouts":"default","ast-page-background-enabled":"default","ast-page-background-meta":{"desktop":{"background-color":"var(--ast-global-color-4)","background-image":"","background-repeat":"repeat","background-position":"center center","background-size":"auto","background-attachment":"scroll","background-type":"","background-media":"","overlay-type":"","overlay-color":"","overlay-opacity":"","overlay-gradient":""},"tablet":{"background-color":"","background-image":"","background-repeat":"repeat","background-position":"center center","background-size":"auto","background-attachment":"scroll","background-type":"","background-media":"","overlay-type":"","overlay-color":"","overlay-opacity":"","overlay-gradient":""},"mobile":{"background-color":"","background-image":"","background-repeat":"repeat","background-position":"center center","background-size":"auto","background-attachment":"scroll","background-type":"","background-media":"","overlay-type":"","overlay-color":"","overlay-opacity":"","overlay-gradient":""}},"ast-content-background-meta":{"desktop":{"background-color":"var(--ast-global-color-5)","background-image":"","background-repeat":"repeat","background-position":"center center","background-size":"auto","background-attachment":"scroll","background-type":"","background-media":"","overlay-type":"","overlay-color":"","overlay-opacity":"","overlay-gradient":""},"tablet":{"background-color":"var(--ast-global-color-5)","background-image":"","background-repeat":"repeat","background-position":"center center","background-size":"auto","background-attachment":"scroll","background-type":"","background-media":"","overlay-type":"","overlay-color":"","overlay-opacity":"","overlay-gradient":""},"mobile":{"background-color":"var(--ast-global-color-5)","background-image":"","background-repeat":"repeat","background-position":"center center","background-size":"auto","background-attachment":"scroll","background-type":"","background-media":"","overlay-type":"","overlay-color":"","overlay-opacity":"","overlay-gradient":""}},"footnotes":""},"class_list":["post-5270","page","type-page","status-publish","hentry"],"post_mailing_queue_ids":[],"_links":{"self":[{"href":"https:\/\/agora.xtec.cat\/ses-elvern\/wp-json\/wp\/v2\/pages\/5270","targetHints":{"allow":["GET"]}}],"collection":[{"href":"https:\/\/agora.xtec.cat\/ses-elvern\/wp-json\/wp\/v2\/pages"}],"about":[{"href":"https:\/\/agora.xtec.cat\/ses-elvern\/wp-json\/wp\/v2\/types\/page"}],"author":[{"embeddable":true,"href":"https:\/\/agora.xtec.cat\/ses-elvern\/wp-json\/wp\/v2\/users\/1"}],"replies":[{"embeddable":true,"href":"https:\/\/agora.xtec.cat\/ses-elvern\/wp-json\/wp\/v2\/comments?post=5270"}],"version-history":[{"count":5,"href":"https:\/\/agora.xtec.cat\/ses-elvern\/wp-json\/wp\/v2\/pages\/5270\/revisions"}],"predecessor-version":[{"id":9241,"href":"https:\/\/agora.xtec.cat\/ses-elvern\/wp-json\/wp\/v2\/pages\/5270\/revisions\/9241"}],"up":[{"embeddable":true,"href":"https:\/\/agora.xtec.cat\/ses-elvern\/wp-json\/wp\/v2\/pages\/46"}],"wp:attachment":[{"href":"https:\/\/agora.xtec.cat\/ses-elvern\/wp-json\/wp\/v2\/media?parent=5270"}],"curies":[{"name":"wp","href":"https:\/\/api.w.org\/{rel}","templated":true}]}}