{"id":49,"date":"2014-09-17T16:55:55","date_gmt":"2014-09-17T16:55:55","guid":{"rendered":"http:\/\/agora.xtec.cat\/ses-elvern\/?page_id=49"},"modified":"2025-07-15T20:08:06","modified_gmt":"2025-07-15T18:08:06","slug":"normes-dorganitzacio-i-funcionament","status":"publish","type":"page","link":"https:\/\/agora.xtec.cat\/ses-elvern\/linstitut\/normes-dorganitzacio-i-funcionament\/","title":{"rendered":"Ideari"},"content":{"rendered":"\n<h3 class=\"wp-block-heading has-text-align-center\"><span style=\"color: #e33636;\"><b>Sis raons per escollir l&#8217;Institut El Vern<\/b><\/span><\/h3>\n\n\n\n<h5 class=\"wp-block-heading\">&nbsp;<\/h5>\n\n\n\n<h5 class=\"wp-block-heading has-text-align-center\"><a href=\"https:\/\/docs.google.com\/document\/d\/1KJuVSF8qNq45c2exezcZ20qDr2TJCMPV_xznRaWfpXU\/edit?usp=sharing\" target=\"_blank\" rel=\"noopener\">Carta comprom\u00eds educatiu&nbsp;<\/a><\/h5>\n\n\n\n<ol class=\"wp-block-list\">\n<li>L\u2019Institut El Vern considera l&#8217;alumnat com a centre i objectiu del proc\u00e9s educatiu. I \u00e9s a l\u2019alumnat a qui va adre\u00e7at l\u2019esfor\u00e7 quotidi\u00e0 i el comprom\u00eds del professorat.<\/li>\n\n\n\n<li>A m\u00e9s de preparar l\u2019alumnat per cursar estudis superiors o per a incorporar-se al m\u00f3n professional, aprofundim en el seu car\u00e0cter, descobrint i desenvolupant les seves aptituds i talents, per tal que esdevinguin ciutadans conscients i responsables capa\u00e7os d\u2019enfrontar-se amb la vida.<\/li>\n\n\n\n<li>El Vern ha estat pioner en la implementaci\u00f3 de la tecnologia a l\u2019aula d\u2019una manera equilibrada i coordinada. L\u2019institut t\u00e9 com a un dels objectius treballar la compet\u00e8ncia tecnol\u00f2gica per tal de fomentar l\u2019autoaprenentatge, una qualitat personal de gran utilitat en la societat actual. Participem del programa <a href=\"https:\/\/projectes.xtec.cat\/steamcat\/\" target=\"_blank\" rel=\"noreferrer noopener\">STEAMcat<\/a> des de l&#8217;octubre de 2018.<\/li>\n\n\n\n<li>L&#8217;Institut El Vern impulsa un Grup Experimental Pluriling\u00fce que permet que en tots els nivells de l\u2019ESO s\u2019imparteixin classes de diverses mat\u00e8ries en angl\u00e8s perqu\u00e8 el domini de la llengua estrangera permeti l&#8217;alumnat fer intervencions orals i presentacions escrites de forma competent. Impulsem el programa d&#8217;innovaci\u00f3 educativa AVANCEM en el tractament integral de totes les lleng\u00fces d&#8217;\u00fas de l&#8217;institut.<\/li>\n\n\n\n<li>El Vern motiva i incentiva el gust per la lectura i la descoberta, el plantejament de q\u00fcestions obertes, i el desig d\u2019anar m\u00e9s enll\u00e0 dels coneixements estructurats tal i com apareixen en els llibres de text. Per aix\u00f2 implementem el treball per projectes i en equips cooperatius.<\/li>\n\n\n\n<li>L\u2019acci\u00f3 educativa del l&#8217;Institut El Vern s\u2019organitza amb la finalitat de transmetre valors \u00e8tics per a la conviv\u00e8ncia. Per aconseguir-ho es treballa la cultura de l\u2019esfor\u00e7, la gesti\u00f3 emocional i la voluntat de superaci\u00f3. I tamb\u00e9 el sentit de la responsabilitat, del respecte envers les persones i l&#8217;entorn, el sentit de la just\u00edcia i l\u2019honestedat.<\/li>\n<\/ol>\n\n\n\n<p>SI APOSTEU PER UNA EDUCACI\u00d3 P\u00daBLICA,&nbsp;PR\u00d2XIMA I DE QUALITAT, EL VERN \u00c9S LA VOSTRA OPCI\u00d3<\/p>\n\n\n\n<p><a href=\"https:\/\/youtu.be\/n0e8lsSSHZk\" target=\"_blank\" rel=\"noopener noreferrer\">VIDEO PORTES OBERTES<\/a><\/p>\n\n\n<div class=\"ast-oembed-container \" style=\"height: 100%;\"><iframe loading=\"lazy\" title=\"INSTITUT EL VERN\" width=\"500\" height=\"281\" src=\"https:\/\/www.youtube.com\/embed\/n0e8lsSSHZk?feature=oembed\" frameborder=\"0\" allow=\"accelerometer; autoplay; clipboard-write; encrypted-media; gyroscope; picture-in-picture; web-share\" referrerpolicy=\"strict-origin-when-cross-origin\" allowfullscreen><\/iframe><\/div>\n\n\n\n<p><a href=\"http:\/\/agora.xtec.cat\/ses-elvern\/linstitut\/\">\u21b5TORNA<\/a><\/p>\n","protected":false},"excerpt":{"rendered":"<p>Sis raons per escollir l&#8217;Institut El Vern &nbsp; Carta comprom\u00eds educatiu&nbsp; SI APOSTEU PER UNA EDUCACI\u00d3 P\u00daBLICA,&nbsp;PR\u00d2XIMA I DE QUALITAT, EL VERN \u00c9S LA VOSTRA OPCI\u00d3 VIDEO PORTES OBERTES \u21b5TORNA<\/p>\n","protected":false},"author":1,"featured_media":0,"parent":19,"menu_order":0,"comment_status":"closed","ping_status":"closed","template":"","meta":{"_bbp_topic_count":0,"_bbp_reply_count":0,"_bbp_total_topic_count":0,"_bbp_total_reply_count":0,"_bbp_voice_count":0,"_bbp_anonymous_reply_count":0,"_bbp_topic_count_hidden":0,"_bbp_reply_count_hidden":0,"_bbp_forum_subforum_count":0,"site-sidebar-layout":"default","site-content-layout":"","ast-site-content-layout":"default","site-content-style":"default","site-sidebar-style":"default","ast-global-header-display":"","ast-banner-title-visibility":"","ast-main-header-display":"","ast-hfb-above-header-display":"","ast-hfb-below-header-display":"","ast-hfb-mobile-header-display":"","site-post-title":"","ast-breadcrumbs-content":"","ast-featured-img":"","footer-sml-layout":"","theme-transparent-header-meta":"","adv-header-id-meta":"","stick-header-meta":"","header-above-stick-meta":"","header-main-stick-meta":"","header-below-stick-meta":"","astra-migrate-meta-layouts":"set","ast-page-background-enabled":"default","ast-page-background-meta":{"desktop":{"background-color":"var(--ast-global-color-4)","background-image":"","background-repeat":"repeat","background-position":"center center","background-size":"auto","background-attachment":"scroll","background-type":"","background-media":"","overlay-type":"","overlay-color":"","overlay-opacity":"","overlay-gradient":""},"tablet":{"background-color":"","background-image":"","background-repeat":"repeat","background-position":"center center","background-size":"auto","background-attachment":"scroll","background-type":"","background-media":"","overlay-type":"","overlay-color":"","overlay-opacity":"","overlay-gradient":""},"mobile":{"background-color":"","background-image":"","background-repeat":"repeat","background-position":"center center","background-size":"auto","background-attachment":"scroll","background-type":"","background-media":"","overlay-type":"","overlay-color":"","overlay-opacity":"","overlay-gradient":""}},"ast-content-background-meta":{"desktop":{"background-color":"var(--ast-global-color-5)","background-image":"","background-repeat":"repeat","background-position":"center center","background-size":"auto","background-attachment":"scroll","background-type":"","background-media":"","overlay-type":"","overlay-color":"","overlay-opacity":"","overlay-gradient":""},"tablet":{"background-color":"var(--ast-global-color-5)","background-image":"","background-repeat":"repeat","background-position":"center center","background-size":"auto","background-attachment":"scroll","background-type":"","background-media":"","overlay-type":"","overlay-color":"","overlay-opacity":"","overlay-gradient":""},"mobile":{"background-color":"var(--ast-global-color-5)","background-image":"","background-repeat":"repeat","background-position":"center center","background-size":"auto","background-attachment":"scroll","background-type":"","background-media":"","overlay-type":"","overlay-color":"","overlay-opacity":"","overlay-gradient":""}},"footnotes":""},"class_list":["post-49","page","type-page","status-publish","hentry"],"post_mailing_queue_ids":[],"_links":{"self":[{"href":"https:\/\/agora.xtec.cat\/ses-elvern\/wp-json\/wp\/v2\/pages\/49","targetHints":{"allow":["GET"]}}],"collection":[{"href":"https:\/\/agora.xtec.cat\/ses-elvern\/wp-json\/wp\/v2\/pages"}],"about":[{"href":"https:\/\/agora.xtec.cat\/ses-elvern\/wp-json\/wp\/v2\/types\/page"}],"author":[{"embeddable":true,"href":"https:\/\/agora.xtec.cat\/ses-elvern\/wp-json\/wp\/v2\/users\/1"}],"replies":[{"embeddable":true,"href":"https:\/\/agora.xtec.cat\/ses-elvern\/wp-json\/wp\/v2\/comments?post=49"}],"version-history":[{"count":6,"href":"https:\/\/agora.xtec.cat\/ses-elvern\/wp-json\/wp\/v2\/pages\/49\/revisions"}],"predecessor-version":[{"id":10002,"href":"https:\/\/agora.xtec.cat\/ses-elvern\/wp-json\/wp\/v2\/pages\/49\/revisions\/10002"}],"up":[{"embeddable":true,"href":"https:\/\/agora.xtec.cat\/ses-elvern\/wp-json\/wp\/v2\/pages\/19"}],"wp:attachment":[{"href":"https:\/\/agora.xtec.cat\/ses-elvern\/wp-json\/wp\/v2\/media?parent=49"}],"curies":[{"name":"wp","href":"https:\/\/api.w.org\/{rel}","templated":true}]}}