{"id":4761,"date":"2021-03-10T18:15:52","date_gmt":"2021-03-10T17:15:52","guid":{"rendered":"http:\/\/agora.xtec.cat\/ses-elvern\/?page_id=4761"},"modified":"2024-02-29T16:27:56","modified_gmt":"2024-02-29T15:27:56","slug":"pga","status":"publish","type":"page","link":"https:\/\/agora.xtec.cat\/ses-elvern\/linstitut\/gestio-i-organitzacio\/pga\/","title":{"rendered":"PGA"},"content":{"rendered":"<p><strong>Programaci\u00f3 General Anual (PGA)<\/strong>.<\/p>\n<p>\u00c9s el document que concreta, a partir del Projecte Educatiu de Centre i del Projecte de Direcci\u00f3, les actuacions concretes per a cada curs.<\/p>\n<p>Cadascun dels objectius estan definits amb les actuacions, desenvolupament i indicadors d\u2019avaluaci\u00f3.<\/p>\n<p>La PGA \u00e9s valorada al final de cada curs pels diferents agents del centre, creant la Mem\u00f2ria del curs, on es recullen les actuacions fetes i pendents, a partir dels indicadors d\u2019avaluaci\u00f3 previstos a principi de curs.<\/p>\n<p>&nbsp;<\/p>\n","protected":false},"excerpt":{"rendered":"<p>Programaci\u00f3 General Anual (PGA). \u00c9s el document que concreta, a partir del Projecte Educatiu de Centre i del Projecte de Direcci\u00f3, les actuacions concretes per a cada curs. Cadascun dels objectius estan definits amb les actuacions, desenvolupament i indicadors d\u2019avaluaci\u00f3. La PGA \u00e9s valorada al final de cada curs pels diferents agents del centre, creant [&hellip;]<\/p>\n","protected":false},"author":1,"featured_media":0,"parent":4769,"menu_order":1,"comment_status":"closed","ping_status":"closed","template":"page-templates\/side-menu.php","meta":{"_bbp_topic_count":0,"_bbp_reply_count":0,"_bbp_total_topic_count":0,"_bbp_total_reply_count":0,"_bbp_voice_count":0,"_bbp_anonymous_reply_count":0,"_bbp_topic_count_hidden":0,"_bbp_reply_count_hidden":0,"_bbp_forum_subforum_count":0,"site-sidebar-layout":"default","site-content-layout":"","ast-site-content-layout":"","site-content-style":"default","site-sidebar-style":"default","ast-global-header-display":"","ast-banner-title-visibility":"","ast-main-header-display":"","ast-hfb-above-header-display":"","ast-hfb-below-header-display":"","ast-hfb-mobile-header-display":"","site-post-title":"","ast-breadcrumbs-content":"","ast-featured-img":"","footer-sml-layout":"","theme-transparent-header-meta":"","adv-header-id-meta":"","stick-header-meta":"","header-above-stick-meta":"","header-main-stick-meta":"","header-below-stick-meta":"","astra-migrate-meta-layouts":"default","ast-page-background-enabled":"default","ast-page-background-meta":{"desktop":{"background-color":"var(--ast-global-color-4)","background-image":"","background-repeat":"repeat","background-position":"center center","background-size":"auto","background-attachment":"scroll","background-type":"","background-media":"","overlay-type":"","overlay-color":"","overlay-opacity":"","overlay-gradient":""},"tablet":{"background-color":"","background-image":"","background-repeat":"repeat","background-position":"center center","background-size":"auto","background-attachment":"scroll","background-type":"","background-media":"","overlay-type":"","overlay-color":"","overlay-opacity":"","overlay-gradient":""},"mobile":{"background-color":"","background-image":"","background-repeat":"repeat","background-position":"center center","background-size":"auto","background-attachment":"scroll","background-type":"","background-media":"","overlay-type":"","overlay-color":"","overlay-opacity":"","overlay-gradient":""}},"ast-content-background-meta":{"desktop":{"background-color":"var(--ast-global-color-5)","background-image":"","background-repeat":"repeat","background-position":"center center","background-size":"auto","background-attachment":"scroll","background-type":"","background-media":"","overlay-type":"","overlay-color":"","overlay-opacity":"","overlay-gradient":""},"tablet":{"background-color":"var(--ast-global-color-5)","background-image":"","background-repeat":"repeat","background-position":"center center","background-size":"auto","background-attachment":"scroll","background-type":"","background-media":"","overlay-type":"","overlay-color":"","overlay-opacity":"","overlay-gradient":""},"mobile":{"background-color":"var(--ast-global-color-5)","background-image":"","background-repeat":"repeat","background-position":"center center","background-size":"auto","background-attachment":"scroll","background-type":"","background-media":"","overlay-type":"","overlay-color":"","overlay-opacity":"","overlay-gradient":""}},"footnotes":""},"class_list":["post-4761","page","type-page","status-publish","hentry"],"post_mailing_queue_ids":[],"_links":{"self":[{"href":"https:\/\/agora.xtec.cat\/ses-elvern\/wp-json\/wp\/v2\/pages\/4761","targetHints":{"allow":["GET"]}}],"collection":[{"href":"https:\/\/agora.xtec.cat\/ses-elvern\/wp-json\/wp\/v2\/pages"}],"about":[{"href":"https:\/\/agora.xtec.cat\/ses-elvern\/wp-json\/wp\/v2\/types\/page"}],"author":[{"embeddable":true,"href":"https:\/\/agora.xtec.cat\/ses-elvern\/wp-json\/wp\/v2\/users\/1"}],"replies":[{"embeddable":true,"href":"https:\/\/agora.xtec.cat\/ses-elvern\/wp-json\/wp\/v2\/comments?post=4761"}],"version-history":[{"count":2,"href":"https:\/\/agora.xtec.cat\/ses-elvern\/wp-json\/wp\/v2\/pages\/4761\/revisions"}],"predecessor-version":[{"id":8734,"href":"https:\/\/agora.xtec.cat\/ses-elvern\/wp-json\/wp\/v2\/pages\/4761\/revisions\/8734"}],"up":[{"embeddable":true,"href":"https:\/\/agora.xtec.cat\/ses-elvern\/wp-json\/wp\/v2\/pages\/4769"}],"wp:attachment":[{"href":"https:\/\/agora.xtec.cat\/ses-elvern\/wp-json\/wp\/v2\/media?parent=4761"}],"curies":[{"name":"wp","href":"https:\/\/api.w.org\/{rel}","templated":true}]}}