{"id":4089,"date":"2021-02-06T16:10:21","date_gmt":"2021-02-06T15:10:21","guid":{"rendered":"http:\/\/agora.xtec.cat\/ses-elvern\/?page_id=4089"},"modified":"2026-03-23T16:21:18","modified_gmt":"2026-03-23T15:21:18","slug":"el-medi-litoral","status":"publish","type":"page","link":"https:\/\/agora.xtec.cat\/ses-elvern\/projectes-del-centre\/el-medi-litoral\/","title":{"rendered":"(2n d&#8217;ESO) Aqua"},"content":{"rendered":"<table style=\"border-collapse: collapse; width: 100%;\">\n<tbody>\n<tr>\n<td style=\"width: 33.3333%;\"><a href=\"https:\/\/agora.xtec.cat\/ses-elvern\/wp-content\/uploads\/usu1817\/marinada.jpg\"><img loading=\"lazy\" decoding=\"async\" class=\"wp-image-8088 aligncenter\" src=\"https:\/\/agora.xtec.cat\/ses-elvern\/wp-content\/uploads\/usu1817\/marinada-768x1024.jpg\" alt=\"\" width=\"275\" height=\"367\" srcset=\"https:\/\/agora.xtec.cat\/ses-elvern\/wp-content\/uploads\/usu1817\/marinada-768x1024.jpg 768w, https:\/\/agora.xtec.cat\/ses-elvern\/wp-content\/uploads\/usu1817\/marinada-225x300.jpg 225w, https:\/\/agora.xtec.cat\/ses-elvern\/wp-content\/uploads\/usu1817\/marinada-1152x1536.jpg 1152w, https:\/\/agora.xtec.cat\/ses-elvern\/wp-content\/uploads\/usu1817\/marinada.jpg 1200w\" sizes=\"auto, (max-width: 275px) 100vw, 275px\" \/><\/a><\/td>\n<td style=\"width: 33.3333%;\"><a href=\"https:\/\/agora.xtec.cat\/ses-elvern\/wp-content\/uploads\/usu1817\/Cardedeu.jpg\"><img loading=\"lazy\" decoding=\"async\" class=\"alignnone size-large wp-image-8089\" src=\"https:\/\/agora.xtec.cat\/ses-elvern\/wp-content\/uploads\/usu1817\/Cardedeu-1024x576.jpg\" alt=\"\" width=\"1024\" height=\"576\" srcset=\"https:\/\/agora.xtec.cat\/ses-elvern\/wp-content\/uploads\/usu1817\/Cardedeu-1024x576.jpg 1024w, https:\/\/agora.xtec.cat\/ses-elvern\/wp-content\/uploads\/usu1817\/Cardedeu-300x169.jpg 300w, https:\/\/agora.xtec.cat\/ses-elvern\/wp-content\/uploads\/usu1817\/Cardedeu-768x432.jpg 768w, https:\/\/agora.xtec.cat\/ses-elvern\/wp-content\/uploads\/usu1817\/Cardedeu-1536x864.jpg 1536w, https:\/\/agora.xtec.cat\/ses-elvern\/wp-content\/uploads\/usu1817\/Cardedeu.jpg 1599w\" sizes=\"auto, (max-width: 1024px) 100vw, 1024px\" \/><\/a><\/td>\n<td style=\"width: 33.3333%;\"><a href=\"https:\/\/agora.xtec.cat\/ses-elvern\/wp-content\/uploads\/usu1817\/el-prat.jpg\"><img loading=\"lazy\" decoding=\"async\" class=\"alignnone size-large wp-image-8090\" src=\"https:\/\/agora.xtec.cat\/ses-elvern\/wp-content\/uploads\/usu1817\/el-prat-1024x576.jpg\" alt=\"\" width=\"1024\" height=\"576\" srcset=\"https:\/\/agora.xtec.cat\/ses-elvern\/wp-content\/uploads\/usu1817\/el-prat-1024x576.jpg 1024w, https:\/\/agora.xtec.cat\/ses-elvern\/wp-content\/uploads\/usu1817\/el-prat-300x169.jpg 300w, https:\/\/agora.xtec.cat\/ses-elvern\/wp-content\/uploads\/usu1817\/el-prat-768x432.jpg 768w, https:\/\/agora.xtec.cat\/ses-elvern\/wp-content\/uploads\/usu1817\/el-prat-1536x864.jpg 1536w, https:\/\/agora.xtec.cat\/ses-elvern\/wp-content\/uploads\/usu1817\/el-prat.jpg 1599w\" sizes=\"auto, (max-width: 1024px) 100vw, 1024px\" \/><\/a><\/td>\n<\/tr>\n<\/tbody>\n<\/table>\n<p><em>Aqua<\/em> \u00e9s el t\u00edtol del Treball de s\u00edntesi de 2n d\u2019ESO. Donada la import\u00e0ncia d\u2019aquest element natural, l\u2019alumnat t\u00e9 l\u2019oportunitat de treballar aspectes com la gesti\u00f3 i contaminaci\u00f3 de l\u2019aigua, el canvi clim\u00e0tic, la distribuci\u00f3 i usos, l\u2019explotaci\u00f3 econ\u00f2mica, entre d\u2019altres.<\/p>\n<p>Per fer-ho, visitem diversos espais que ofereixen serveis diferents a la poblaci\u00f3:<\/p>\n<ul>\n<li>la potabilitzadora de Cardedeu, des d\u2019on es distribueix aigua potable a la poblaci\u00f3 de la zona;<\/li>\n<li>la dessalinitzadora del Llobregat, que malgrat l\u2019elevat cost de la instal\u00b7laci\u00f3 i producci\u00f3 d\u2019aigua, resulta imprescindible en un moment de sequera extrema com l\u2019actual per evitar restriccions d\u2019aigua en la poblaci\u00f3 i que abasteix d\u2019aigua un 30% del territori catal\u00e0 de l\u2019entorn de Barcelona, amb uns 5 milions d\u2019habitants;<\/li>\n<li>les basses de Can Gurri, espai renaturalitzat del municipi.<\/li>\n<li>i una sortida a Arenys de Mar.<\/li>\n<\/ul>\n<p>A Arenys fem un passeig en barca per agafar algunes mostres d\u2019aigua i una visita al port i a les drassanes del Moll, inclosa la llotja. No ens oblidem dels usos l\u00fadics de l&#8217;aigua i per aix\u00f2 tamb\u00e9 fem caiac i BigSup amb la Base N\u00e0utica d&#8217;Arenys.<\/p>\n<p>*Durant el curs 25-26 la potabilitzadora de Cardedeu romandr\u00e0 tancada per obres.<\/p>\n","protected":false},"excerpt":{"rendered":"<p>Aqua \u00e9s el t\u00edtol del Treball de s\u00edntesi de 2n d\u2019ESO. Donada la import\u00e0ncia d\u2019aquest element natural, l\u2019alumnat t\u00e9 l\u2019oportunitat de treballar aspectes com la gesti\u00f3 i contaminaci\u00f3 de l\u2019aigua, el canvi clim\u00e0tic, la distribuci\u00f3 i usos, l\u2019explotaci\u00f3 econ\u00f2mica, entre d\u2019altres. Per fer-ho, visitem diversos espais que ofereixen serveis diferents a la poblaci\u00f3: la potabilitzadora [&hellip;]<\/p>\n","protected":false},"author":1,"featured_media":0,"parent":57,"menu_order":8,"comment_status":"closed","ping_status":"closed","template":"","meta":{"_bbp_topic_count":0,"_bbp_reply_count":0,"_bbp_total_topic_count":0,"_bbp_total_reply_count":0,"_bbp_voice_count":0,"_bbp_anonymous_reply_count":0,"_bbp_topic_count_hidden":0,"_bbp_reply_count_hidden":0,"_bbp_forum_subforum_count":0,"site-sidebar-layout":"default","site-content-layout":"","ast-site-content-layout":"default","site-content-style":"default","site-sidebar-style":"default","ast-global-header-display":"","ast-banner-title-visibility":"","ast-main-header-display":"","ast-hfb-above-header-display":"","ast-hfb-below-header-display":"","ast-hfb-mobile-header-display":"","site-post-title":"","ast-breadcrumbs-content":"","ast-featured-img":"","footer-sml-layout":"","theme-transparent-header-meta":"","adv-header-id-meta":"","stick-header-meta":"","header-above-stick-meta":"","header-main-stick-meta":"","header-below-stick-meta":"","astra-migrate-meta-layouts":"set","ast-page-background-enabled":"default","ast-page-background-meta":{"desktop":{"background-color":"var(--ast-global-color-4)","background-image":"","background-repeat":"repeat","background-position":"center center","background-size":"auto","background-attachment":"scroll","background-type":"","background-media":"","overlay-type":"","overlay-color":"","overlay-opacity":"","overlay-gradient":""},"tablet":{"background-color":"","background-image":"","background-repeat":"repeat","background-position":"center center","background-size":"auto","background-attachment":"scroll","background-type":"","background-media":"","overlay-type":"","overlay-color":"","overlay-opacity":"","overlay-gradient":""},"mobile":{"background-color":"","background-image":"","background-repeat":"repeat","background-position":"center center","background-size":"auto","background-attachment":"scroll","background-type":"","background-media":"","overlay-type":"","overlay-color":"","overlay-opacity":"","overlay-gradient":""}},"ast-content-background-meta":{"desktop":{"background-color":"var(--ast-global-color-5)","background-image":"","background-repeat":"repeat","background-position":"center center","background-size":"auto","background-attachment":"scroll","background-type":"","background-media":"","overlay-type":"","overlay-color":"","overlay-opacity":"","overlay-gradient":""},"tablet":{"background-color":"var(--ast-global-color-5)","background-image":"","background-repeat":"repeat","background-position":"center center","background-size":"auto","background-attachment":"scroll","background-type":"","background-media":"","overlay-type":"","overlay-color":"","overlay-opacity":"","overlay-gradient":""},"mobile":{"background-color":"var(--ast-global-color-5)","background-image":"","background-repeat":"repeat","background-position":"center center","background-size":"auto","background-attachment":"scroll","background-type":"","background-media":"","overlay-type":"","overlay-color":"","overlay-opacity":"","overlay-gradient":""}},"footnotes":""},"class_list":["post-4089","page","type-page","status-publish","hentry"],"post_mailing_queue_ids":[],"_links":{"self":[{"href":"https:\/\/agora.xtec.cat\/ses-elvern\/wp-json\/wp\/v2\/pages\/4089","targetHints":{"allow":["GET"]}}],"collection":[{"href":"https:\/\/agora.xtec.cat\/ses-elvern\/wp-json\/wp\/v2\/pages"}],"about":[{"href":"https:\/\/agora.xtec.cat\/ses-elvern\/wp-json\/wp\/v2\/types\/page"}],"author":[{"embeddable":true,"href":"https:\/\/agora.xtec.cat\/ses-elvern\/wp-json\/wp\/v2\/users\/1"}],"replies":[{"embeddable":true,"href":"https:\/\/agora.xtec.cat\/ses-elvern\/wp-json\/wp\/v2\/comments?post=4089"}],"version-history":[{"count":5,"href":"https:\/\/agora.xtec.cat\/ses-elvern\/wp-json\/wp\/v2\/pages\/4089\/revisions"}],"predecessor-version":[{"id":11295,"href":"https:\/\/agora.xtec.cat\/ses-elvern\/wp-json\/wp\/v2\/pages\/4089\/revisions\/11295"}],"up":[{"embeddable":true,"href":"https:\/\/agora.xtec.cat\/ses-elvern\/wp-json\/wp\/v2\/pages\/57"}],"wp:attachment":[{"href":"https:\/\/agora.xtec.cat\/ses-elvern\/wp-json\/wp\/v2\/media?parent=4089"}],"curies":[{"name":"wp","href":"https:\/\/api.w.org\/{rel}","templated":true}]}}