{"id":2700,"date":"2020-03-22T16:25:59","date_gmt":"2020-03-22T15:25:59","guid":{"rendered":"http:\/\/agora.xtec.cat\/ses-elvern\/?page_id=2700"},"modified":"2026-03-26T18:33:54","modified_gmt":"2026-03-26T17:33:54","slug":"orientacio-academica-i-despres-de-leso-que","status":"publish","type":"page","link":"https:\/\/agora.xtec.cat\/ses-elvern\/orientacio-academica-i-despres-de-leso-que\/","title":{"rendered":"Orientaci\u00f3 acad\u00e8mica. I despr\u00e9s de l&#8217;ESO, qu\u00e8?"},"content":{"rendered":"\n<h4 class=\"wp-block-heading\"><span style=\"color: #993300;\">Qu\u00e8 puc fer quan acabi l&#8217;ESO?<\/span><\/h4>\n\n\n\n<p>Quan acabis l&#8217;ESO, tant si has obtingut el t\u00edtol de graduat en Educaci\u00f3 Secund\u00e0ria com si no, ser\u00e0 el moment de decidir si vols continuar estudiant o comen\u00e7ar a treballar. Si vols estudiar, pots fer el batxillerat, cursar algun cicle formatiu o cercar un curs o taller de formaci\u00f3 ocupacional per comen\u00e7ar a aprendre i tastar una professi\u00f3 que t&#8217;interessi. Per\u00f2 si t&#8217;estimes m\u00e9s cercar feina, abans de posar-t&#8217;hi has de saber quines eines i mitjans tens a l&#8217;abast.<\/p>\n\n\n\n<p>A l&#8217;Institut El Vern t&#8217;ajudem amb el nostre programa d&#8217;orientaci\u00f3 acad\u00e8mica i professional. Si et sents perdut\/da i no saps qu\u00e8 fer, s<span style=\"font-family: inherit; font-size: 1em;\">i vols saber quin ventall de possibilitats tens a l&#8217;abast per a orientar el teu futur professional despr\u00e9s de l&#8217;ESO, et conv\u00e9 investigar, contrastar opinions, informacions, opcions&#8230; T&#8217;oferim un programa d&#8217;orientaci\u00f3 a les tutories de 2n, 3r i 4t d&#8217;ESO i una materials de consulta que posem a la teva disposici\u00f3.<\/span><\/p>\n\n\n\n<div style=\"position: relative; width: 100%; height: 0; padding-top: 56.2500%;\n padding-bottom: 0; box-shadow: 0 2px 8px 0 rgba(63,69,81,0.16); margin-top: 1.6em; margin-bottom: 0.9em; overflow: hidden;\n border-radius: 8px; will-change: transform;\">\n  <iframe loading=\"lazy\" style=\"position: absolute; width: 100%; height: 100%; top: 0; left: 0; border: none; padding: 0;margin: 0;\"\n    src=\"https:\/\/www.canva.com\/design\/DAHDj_Nu9_c\/CFvrzsItl41iYXhLr-b54A\/view?embed\" allowfullscreen=\"allowfullscreen\" allow=\"fullscreen\">\n  <\/iframe>\n<\/div>\n<a href=\"https:&#x2F;&#x2F;www.canva.com&#x2F;design&#x2F;DAHDj_Nu9_c&#x2F;CFvrzsItl41iYXhLr-b54A&#x2F;view?utm_content=DAHDj_Nu9_c&amp;utm_campaign=designshare&amp;utm_medium=embeds&amp;utm_source=link\" target=\"_blank\" rel=\"noopener\">\n\n\n\n<h6 class=\"wp-block-heading\"><span style=\"color: #008000;\">La import\u00e0ncia de la nota Mitjana a l&#8217;ESO<\/span><figure><a href=\"https:\/\/agora.xtec.cat\/ses-elvern\/wp-content\/uploads\/usu1817\/2020\/03\/save-study-time.jpg\"><img loading=\"lazy\" decoding=\"async\" class=\"size-full wp-image-2704 alignright\" src=\"https:\/\/agora.xtec.cat\/ses-elvern\/wp-content\/uploads\/usu1817\/2020\/03\/save-study-time.jpg\" alt=\"\" width=\"300\" height=\"300\" srcset=\"https:\/\/agora.xtec.cat\/ses-elvern\/wp-content\/uploads\/usu1817\/2020\/03\/save-study-time.jpg 300w, https:\/\/agora.xtec.cat\/ses-elvern\/wp-content\/uploads\/usu1817\/2020\/03\/save-study-time-150x150.jpg 150w\" sizes=\"auto, (max-width: 300px) 100vw, 300px\" \/><\/a><\/figure><\/h6>\n\n\n\n<p><strong><a href=\"https:\/\/agora.xtec.cat\/ses-elvern\/wp-content\/uploads\/usu1817\/2020\/03\/C\u00e0psula_-Nota-mitja-a-lESO-orientaci\u00f3-2n-ESO.pdf\">Nota mitja a l&#8217;ESO<\/a><\/strong><\/p>\n\n\n\n<h6 class=\"wp-block-heading\"><span style=\"color: #008000;\">Criteris per calcular la qualificaci\u00f3 mitjana per a la incorporaci\u00f3 a un batxillerat o a un cicle formatiu de grau mitj\u00e0 (CFGM)<\/span><\/h6>\n\n\n\n<p><a href=\"https:\/\/docs.google.com\/document\/d\/1T87wqFhXtCGgptEbSMfiFtHwcp7HdSTBPddsNkJFq-c\/edit?usp=sharing\" target=\"_blank\" rel=\"noopener\"><b>C\u00e0lcul de la nota mitjana de 1r a 3r per accedir al batxillerat<\/b><\/a><\/p>\n\n\n\n<p><a href=\"https:\/\/docs.google.com\/document\/d\/1SISyHnxBz4gU3jtjyI9f6N7zN4KxGDxFHvESlXarBCk\/edit?usp=sharing\" target=\"_blank\" rel=\"noopener\"><strong>C\u00e0lcul de la nota mitjana de 3r i 4t per accedir als cicles formatius de grau mitja (CFGM)<\/strong><\/a><\/p>\n\n\n\n<h6 class=\"wp-block-heading\"><span style=\"color: #008000;\">Orientaci\u00f3 acad\u00e8mica quan acabem l&#8217;ESO<\/span><\/h6>\n\n\n\n<p><strong><a href=\"http:\/\/queestudiar.gencat.cat\/ca\/orientacio\/joves\/conec-interessos\/questionari-autoconeixement\/\" target=\"_blank\" rel=\"noopener noreferrer\">Q\u00fcestionari d&#8217;autoconeixement&nbsp;<\/a><\/strong><\/p>\n\n\n\n<h6 class=\"wp-block-heading\"><span style=\"color: #008000;\">P\u00e0gines d&#8217;inter\u00e8s<\/span><\/h6>\n\n\n\n<p><strong><a href=\"http:\/\/queestudiar.gencat.cat\/ca\/orientacio\/joves\/informo-ensenyaments\/explora_mapa_destudis\/\" target=\"_blank\" rel=\"noopener noreferrer\">http:\/\/queestudiar.gencat.cat\/ca\/index.html<\/a><\/strong><\/p>\n\n\n\n<p><strong><a href=\"http:\/\/xtec.gencat.cat\/ca\/curriculum\/batxillerat\/curriculum\/\" target=\"_blank\" rel=\"noopener noreferrer\" data-saferedirecturl=\"https:\/\/www.google.com\/url?q=http:\/\/xtec.gencat.cat\/ca\/curriculum\/batxillerat\/curriculum\/&amp;source=gmail&amp;ust=1588595626062000&amp;usg=AFQjCNGjRBsjjeOcA7w7NshV6ybhNya92Q\">Continguts de les diferents mat\u00e8ries del Batxillerat<\/a><\/strong><\/p>\n\n\n\n<p><strong><a href=\"https:\/\/universitats.gencat.cat\/ca\/preinscripcions\/sobre-preinscripcio\/ponderacions\/\" target=\"_blank\" rel=\"noopener noreferrer\">Ponderaci\u00f3 de les mat\u00e8ries de modalitat de 2n de batxillerat per a l&#8217;acc\u00e9s a la universitat a la preinscripci\u00f3 universit\u00e0ria a Catalunya<\/a><\/strong><\/p>\n\n\n\n<p><strong><a href=\"https:\/\/universitats.gencat.cat\/ca\/preinscripcions\/sobre-preinscripcio\/notes-tall\/\" target=\"_blank\" rel=\"noopener noreferrer\" data-saferedirecturl=\"https:\/\/www.google.com\/url?q=http:\/\/universitats.gencat.cat\/web\/.content\/01_acces_i_admissio\/preinscripcio\/documentacio\/Notes_i_places\/Notes_tall_1a_assignacio_11-07-19_JUNY_2019.pdf&amp;source=gmail&amp;ust=1588595626062000&amp;usg=AFQjCNG-s47CAE5z7pCFKSsApzlU5pTuCQ\">Notes de Tall dels graus universitaris<\/a><\/strong><\/p>\n\n\n\n<p><strong><a href=\"https:\/\/preparats.cat\/selectivitat\/calculadora-nota-de-tall\" target=\"_blank\" rel=\"noopener noreferrer\">Calculadora de la nota d&#8217;admissi\u00f3 a la universitat<\/a><\/strong><\/p>\n\n\n\n<p><strong><a href=\"https:\/\/www.educaweb.cat\/continguts\/educatius\/estudis-universitaris\/oferta-titulacions-universitaries-branca-coneixement\/\" target=\"_blank\" rel=\"noopener noreferrer\" data-saferedirecturl=\"https:\/\/www.google.com\/url?q=https:\/\/www.educaweb.cat\/continguts\/educatius\/estudis-universitaris\/oferta-titulacions-universitaries-branca-coneixement\/&amp;source=gmail&amp;ust=1588595626062000&amp;usg=AFQjCNGeksR_P9crCNJuXabeEaib-w8e5g\">Oferta de titulacions universit\u00e0ries per branca de coneixements<\/a><\/strong><\/p>\n\n\n\n<h4 class=\"wp-block-heading\"><span style=\"color: #993300;\"><strong>Informacions pel curs 2026-27<\/strong><\/span><\/h4>\n\n\n\n<p><strong>Dates de la <span style=\"color: #ff6600;\"><a href=\"https:\/\/preinscripcio.gencat.cat\/ca\/detalls\/noticia\/dates-preinscripcio-2026-2027\" target=\"_blank\" rel=\"noreferrer noopener\">preinscripci\u00f3<\/a><\/span> i novetats en relaci\u00f3 a la nota mitjana de l&#8217;ESO per a l&#8217;acc\u00e9s als Cicles Formatius<\/strong><\/p>\n\n\n\n<ul class=\"wp-block-list\">\n<li><b>Batxillerat:&nbsp; <\/b><strong><span style=\"color: #ff6600;\">del 9 al 16 d&#8217;abril de 2026<\/span><\/strong><\/li>\n\n\n\n<li><b>Cicles Formatius de Grau Mitj\u00e0:&nbsp;<\/b><strong><span style=\"color: #ff6600;\">del 26 de maig a l&#8217;1 de juny de 2026<\/span><\/strong><\/li>\n\n\n\n<li><b>Programes de Formaci\u00f3 i Inserci\u00f3<\/b>: <span style=\"color: #ff6600;\"><strong>del 4 al 13 de maig de 2026<\/strong><\/span><\/li>\n<\/ul>\n\n\n\n<p>L&#8217;alumnat que vulgui estudiar un Cicle&nbsp;<span style=\"font-family: arial, sans-serif;\">Formatiu de Grau Mitj\u00e0, amb aquest&nbsp;&nbsp;nou proc\u00e9s, es comptar\u00e0 la&nbsp;<strong>qualificaci\u00f3 mitjana de 3r i 4t d&#8217;ESO.&nbsp;<\/strong><\/span><\/p>\n\n\n\n<p><strong>Dates de la <span style=\"color: #ff6600;\">matr\u00edcula<\/span><\/strong><\/p>\n\n\n\n<ul class=\"wp-block-list\">\n<li><b>Batxillerat:&nbsp;<\/b><strong><span style=\"color: #ff6600;\"><strong>del 18 al 30 de juny de 2026<\/strong><\/span><\/strong><\/li>\n\n\n\n<li><b>Cicles Formatius de Grau Mitj\u00e0:&nbsp;<\/b><strong><span style=\"color: #ff6600;\">1a tanda Del 10 al 16 de juliol de 2026l \/ 2 tanda Del 24 al 29 de juliol de 2026<\/span><\/strong><\/li>\n\n\n\n<li><b>Programes de Formaci\u00f3 i Inserci\u00f3<\/b>: <span style=\"color: #ff6600;\"><strong>del 6 al 10 de juliol de 2026<\/strong><\/span><\/li>\n<\/ul>\n\n\n\n<p><\/p>\n\n\n\n<h3 class=\"wp-block-heading\"><span style=\"color: #993366;\"><strong>CICLES FORMATIUS<\/strong><\/span><\/h3>\n\n\n\n<ul class=\"wp-block-list\">\n<li><b><a data-saferedirecturl=\"https:\/\/www.google.com\/url?q=https:\/\/triaeducativa.gencat.cat\/ca\/proves\/proves-acces\/fp\/fp-gm\/index.html&amp;source=gmail&amp;ust=1709813277590000&amp;usg=AOvVaw12GzsLSC40eXY0REdEM4Gz\" href=\"https:\/\/triaeducativa.gencat.cat\/ca\/proves\/proves-acces\/fp\/fp-gm\/index.html\" target=\"_blank\" rel=\"noopener\">Prova d&#8217;acc\u00e9s a Cicles Formatius de Grau mitj\u00e0<\/a><\/b><\/li>\n\n\n\n<li><b><a data-saferedirecturl=\"https:\/\/www.google.com\/url?q=https:\/\/triaeducativa.gencat.cat\/ca\/proves\/proves-acces\/apd\/apd-gm\/&amp;source=gmail&amp;ust=1709813277590000&amp;usg=AOvVaw2oV5U88dAD4-AP2-M_SzXt\" href=\"https:\/\/triaeducativa.gencat.cat\/ca\/proves\/proves-acces\/apd\/apd-gm\/\" target=\"_blank\" rel=\"noopener\">Proves d&#8217;acc\u00e9s a cicles d&#8217;arts pl\u00e0stiques i disseny de grau mitj\u00e0<\/a><\/b><\/li>\n\n\n\n<li><a data-saferedirecturl=\"https:\/\/www.google.com\/url?q=https:\/\/triaeducativa.gencat.cat\/ca\/proves\/proves-acces\/esportius\/esportius-gm\/&amp;source=gmail&amp;ust=1709813277590000&amp;usg=AOvVaw2CLc1xKBS4xQixRmPeLwhK\" href=\"https:\/\/triaeducativa.gencat.cat\/ca\/proves\/proves-acces\/esportius\/esportius-gm\/\" target=\"_blank\" rel=\"noopener\"><b>Proves d&#8217;acc\u00e9s a Ensenyaments Esportius<\/b><\/a><\/li>\n\n\n\n<li><b><a data-saferedirecturl=\"https:\/\/www.google.com\/url?q=https:\/\/triaeducativa.gencat.cat\/ca\/proves\/proves-acces\/musica-dansa-professionals\/&amp;source=gmail&amp;ust=1709813277590000&amp;usg=AOvVaw3v2yPAZNr9pn1w1VM_iM5S\" href=\"https:\/\/triaeducativa.gencat.cat\/ca\/proves\/proves-acces\/musica-dansa-professionals\/\" target=\"_blank\" rel=\"noopener\">Ensenyaments professionals de m\u00fasica i dansa<\/a><\/b><\/li>\n<\/ul>\n\n\n\n<figure class=\"wp-block-embed\"><div class=\"wp-block-embed__wrapper\">\nhttps:\/\/educacio.gencat.cat\/ca\/serveis-tramits\/proves\/proves-acces\n<\/div><\/figure>\n\n\n\n<p>Les persones que tenen el t\u00edtol de graduat d&#8217;educaci\u00f3 secund\u00e0ria obligat\u00f2ria (o un&nbsp;<a title=\"t\u00edtol equivalent\" href=\"http:\/\/queestudiar.gencat.cat\/es\/estudis\/apd\/equivalencies\/equivalencies-geso\/\" target=\"_blank\" rel=\"noopener noreferrer\">t\u00edtol equivalent<\/a>&nbsp;a efectes d&#8217;acc\u00e9s) nom\u00e9s han de fer la part espec\u00edfica de la prova. Les persones que es troben a l&#8217;\u00faltim curs d&#8217;un d&#8217;aquests t\u00edtols tamb\u00e9 poden fer la prova i han d&#8217;acreditar que tenen el t\u00edtol en el proc\u00e9s de matr\u00edcula.<\/p>\n\n\n\n<p>Les persones que no tenen el t\u00edtol de graduat d&#8217;educaci\u00f3 secund\u00e0ria obligat\u00f2ria (o equivalent) han de fer les dues parts de la prova: la part comuna i la part espec\u00edfica. Per inscriure&#8217;s a la prova cal tenir&nbsp;<strong>17 anys o m\u00e9s (o complir-los l&#8217;any 2024)<\/strong>.<\/p>\n\n\n\n<h3 class=\"wp-block-heading\"><span style=\"color: #993366;\"><strong>BATXILLERATS ESPECIALS<\/strong><\/span><\/h3>\n\n\n\n<ul class=\"wp-block-list\">\n<li><strong><a href=\"https:\/\/triaeducativa.gencat.cat\/ca\/batxillerat\/doble-titulacio\/batxillerat-baccalaureat\/\" target=\"_blank\" rel=\"noreferrer noopener\">El Batxibac \/baccalaur\u00e9at<\/a><\/strong><\/li>\n\n\n\n<li><strong><a href=\"https:\/\/triaeducativa.gencat.cat\/ca\/batxillerat\/doble-titulacio\/batxillerat-internacional\/\" target=\"_blank\" rel=\"noreferrer noopener\">El batxillerat internacional i altres titulacions especials<\/a><\/strong><\/li>\n<\/ul>\n\n\n\n<h3 class=\"wp-block-heading\"><span style=\"color: #993366;\"><strong>ALTRES INFORMACIONS<\/strong><\/span><\/h3>\n\n\n\n<ul class=\"wp-block-list\">\n<li><strong>Servei <a href=\"https:\/\/triaeducativa.gencat.cat\/ca\/inici\/\" target=\"_blank\" rel=\"noopener noreferrer\">&#8220;Al teu costat en la tria educativa&#8221;<\/a><\/strong><\/li>\n\n\n\n<li><strong><a href=\"https:\/\/www.ensenyament.com\/ca\/\" target=\"_blank\" rel=\"noopener\">Sal\u00f3 de l&#8217;ensenyament<\/a>.<\/strong> Es realitza del 18 al 22 de mar de 2026 al recinte Montjuic de a Fira de Barcelona. Cal comprar entrades per a accedir-hi.<\/li>\n\n\n\n<li><strong><a href=\"https:\/\/www.vallesjove.cat\/fira-guiat\/\" target=\"_blank\" rel=\"noopener\">PRESENTACI\u00d3 FIRA GUIA&#8217;T 2026<\/a>.<\/strong> Es tracta d&#8217;una fira d\u2019orientaci\u00f3 acad\u00e8mica amb seu a Granollers, en la qual es vol mostrar i donar a con\u00e8ixer la formaci\u00f3 professionalitzadora que els joves poden trobar al a comarca o a l\u2019entorn proper.&nbsp; Enguany es far\u00e0 entre els dies 24, 25 i 26 de mar\u00e7 de 2026 a la F\u00e0brica de les Arts Roca Umbert de Granollers.<\/li>\n<\/ul>\n\n\n\n<div>\u00a0<\/div>\n","protected":false},"excerpt":{"rendered":"<p>Qu\u00e8 puc fer quan acabi l&#8217;ESO? Quan acabis l&#8217;ESO, tant si has obtingut el t\u00edtol de graduat en Educaci\u00f3 Secund\u00e0ria com si no, ser\u00e0 el moment de decidir si vols continuar estudiant o comen\u00e7ar a treballar. Si vols estudiar, pots fer el batxillerat, cursar algun cicle formatiu o cercar un curs o taller de formaci\u00f3 [&hellip;]<\/p>\n","protected":false},"author":1,"featured_media":0,"parent":0,"menu_order":0,"comment_status":"closed","ping_status":"closed","template":"","meta":{"_bbp_topic_count":0,"_bbp_reply_count":0,"_bbp_total_topic_count":0,"_bbp_total_reply_count":0,"_bbp_voice_count":0,"_bbp_anonymous_reply_count":0,"_bbp_topic_count_hidden":0,"_bbp_reply_count_hidden":0,"_bbp_forum_subforum_count":0,"site-sidebar-layout":"default","site-content-layout":"","ast-site-content-layout":"default","site-content-style":"default","site-sidebar-style":"default","ast-global-header-display":"","ast-banner-title-visibility":"","ast-main-header-display":"","ast-hfb-above-header-display":"","ast-hfb-below-header-display":"","ast-hfb-mobile-header-display":"","site-post-title":"","ast-breadcrumbs-content":"","ast-featured-img":"","footer-sml-layout":"","theme-transparent-header-meta":"","adv-header-id-meta":"","stick-header-meta":"","header-above-stick-meta":"","header-main-stick-meta":"","header-below-stick-meta":"","astra-migrate-meta-layouts":"set","ast-page-background-enabled":"default","ast-page-background-meta":{"desktop":{"background-color":"var(--ast-global-color-4)","background-image":"","background-repeat":"repeat","background-position":"center center","background-size":"auto","background-attachment":"scroll","background-type":"","background-media":"","overlay-type":"","overlay-color":"","overlay-opacity":"","overlay-gradient":""},"tablet":{"background-color":"","background-image":"","background-repeat":"repeat","background-position":"center center","background-size":"auto","background-attachment":"scroll","background-type":"","background-media":"","overlay-type":"","overlay-color":"","overlay-opacity":"","overlay-gradient":""},"mobile":{"background-color":"","background-image":"","background-repeat":"repeat","background-position":"center center","background-size":"auto","background-attachment":"scroll","background-type":"","background-media":"","overlay-type":"","overlay-color":"","overlay-opacity":"","overlay-gradient":""}},"ast-content-background-meta":{"desktop":{"background-color":"var(--ast-global-color-5)","background-image":"","background-repeat":"repeat","background-position":"center center","background-size":"auto","background-attachment":"scroll","background-type":"","background-media":"","overlay-type":"","overlay-color":"","overlay-opacity":"","overlay-gradient":""},"tablet":{"background-color":"var(--ast-global-color-5)","background-image":"","background-repeat":"repeat","background-position":"center center","background-size":"auto","background-attachment":"scroll","background-type":"","background-media":"","overlay-type":"","overlay-color":"","overlay-opacity":"","overlay-gradient":""},"mobile":{"background-color":"var(--ast-global-color-5)","background-image":"","background-repeat":"repeat","background-position":"center center","background-size":"auto","background-attachment":"scroll","background-type":"","background-media":"","overlay-type":"","overlay-color":"","overlay-opacity":"","overlay-gradient":""}},"footnotes":""},"class_list":["post-2700","page","type-page","status-publish","hentry"],"post_mailing_queue_ids":[],"_links":{"self":[{"href":"https:\/\/agora.xtec.cat\/ses-elvern\/wp-json\/wp\/v2\/pages\/2700","targetHints":{"allow":["GET"]}}],"collection":[{"href":"https:\/\/agora.xtec.cat\/ses-elvern\/wp-json\/wp\/v2\/pages"}],"about":[{"href":"https:\/\/agora.xtec.cat\/ses-elvern\/wp-json\/wp\/v2\/types\/page"}],"author":[{"embeddable":true,"href":"https:\/\/agora.xtec.cat\/ses-elvern\/wp-json\/wp\/v2\/users\/1"}],"replies":[{"embeddable":true,"href":"https:\/\/agora.xtec.cat\/ses-elvern\/wp-json\/wp\/v2\/comments?post=2700"}],"version-history":[{"count":6,"href":"https:\/\/agora.xtec.cat\/ses-elvern\/wp-json\/wp\/v2\/pages\/2700\/revisions"}],"predecessor-version":[{"id":11391,"href":"https:\/\/agora.xtec.cat\/ses-elvern\/wp-json\/wp\/v2\/pages\/2700\/revisions\/11391"}],"wp:attachment":[{"href":"https:\/\/agora.xtec.cat\/ses-elvern\/wp-json\/wp\/v2\/media?parent=2700"}],"curies":[{"name":"wp","href":"https:\/\/api.w.org\/{rel}","templated":true}]}}