{"id":2671,"date":"2020-03-14T13:20:09","date_gmt":"2020-03-14T12:20:09","guid":{"rendered":"http:\/\/agora.xtec.cat\/ses-elvern\/?page_id=2671"},"modified":"2026-03-23T17:07:01","modified_gmt":"2026-03-23T16:07:01","slug":"mira-com-llisco","status":"publish","type":"page","link":"https:\/\/agora.xtec.cat\/ses-elvern\/projectes-del-centre\/mira-com-llisco\/","title":{"rendered":"(1r d&#8217;ESO) Jocs Ol\u00edmpics"},"content":{"rendered":"\n<figure class=\"wp-block-image aligncenter size-full is-resized\"><img decoding=\"async\" src=\"https:\/\/agora.xtec.cat\/ses-elvern\/wp-content\/uploads\/usu1817\/Olympic_rings_without_rims.svg\" alt=\"\" class=\"wp-image-11336\" style=\"width:514px;height:auto\"\/><\/figure>\n\n\n\n<p><\/p>\n\n\n\n<p>El projecte transversal &#8220;Jocs ol\u00edmpics&#8221; de 1rd&#8217;ESO <span style=\"font-weight: 400;\">tracta de simular uns Jocs Ol\u00edmpics entre els alumnes, que es divideixen en 4 equips que representen a diferents pa\u00efsos del m\u00f3n, un de cada continent.&nbsp;<\/span><\/p>\n\n\n\n<p><span style=\"font-weight: 400;\">El propi alumnat \u00e9s el protagonista i organitzador de les activitats ja que cada equip ha d\u2019inventar dos jocs esportius o activitats, per despr\u00e9s competir tal com es fa als Jocs Ol\u00edmpics.&nbsp;<\/span><\/p>\n\n\n\n<p><span style=\"font-weight: 400;\">Per altra banda, es fan activitats per con\u00e8ixer la hist\u00f2ria dels Jocs Ol\u00edmpics i es treballa l\u2019exposici\u00f3 oral en grup amb l\u2019objectiu d\u2019investigar la cultura i caracter\u00edstiques socioecon\u00f2miques de cadascun dels pa\u00efsos que han escollit.&nbsp;<\/span><\/p>\n\n\n\n<p><span style=\"font-weight: 400;\">L\u2019\u00faltim dia del projecte es fa una clausura en qu\u00e8 descobrim quin pa\u00eds ha guanyat els JJOO de l\u2019Institut el Vern.<\/span><\/p>\n","protected":false},"excerpt":{"rendered":"<p>El projecte transversal &#8220;Jocs ol\u00edmpics&#8221; de 1rd&#8217;ESO tracta de simular uns Jocs Ol\u00edmpics entre els alumnes, que es divideixen en 4 equips que representen a diferents pa\u00efsos del m\u00f3n, un de cada continent.&nbsp; El propi alumnat \u00e9s el protagonista i organitzador de les activitats ja que cada equip ha d\u2019inventar dos jocs esportius o activitats, [&hellip;]<\/p>\n","protected":false},"author":1,"featured_media":0,"parent":57,"menu_order":1,"comment_status":"closed","ping_status":"closed","template":"","meta":{"_bbp_topic_count":0,"_bbp_reply_count":0,"_bbp_total_topic_count":0,"_bbp_total_reply_count":0,"_bbp_voice_count":0,"_bbp_anonymous_reply_count":0,"_bbp_topic_count_hidden":0,"_bbp_reply_count_hidden":0,"_bbp_forum_subforum_count":0,"site-sidebar-layout":"default","site-content-layout":"","ast-site-content-layout":"default","site-content-style":"default","site-sidebar-style":"default","ast-global-header-display":"","ast-banner-title-visibility":"","ast-main-header-display":"","ast-hfb-above-header-display":"","ast-hfb-below-header-display":"","ast-hfb-mobile-header-display":"","site-post-title":"","ast-breadcrumbs-content":"","ast-featured-img":"","footer-sml-layout":"","theme-transparent-header-meta":"","adv-header-id-meta":"","stick-header-meta":"","header-above-stick-meta":"","header-main-stick-meta":"","header-below-stick-meta":"","astra-migrate-meta-layouts":"set","ast-page-background-enabled":"default","ast-page-background-meta":{"desktop":{"background-color":"var(--ast-global-color-4)","background-image":"","background-repeat":"repeat","background-position":"center center","background-size":"auto","background-attachment":"scroll","background-type":"","background-media":"","overlay-type":"","overlay-color":"","overlay-opacity":"","overlay-gradient":""},"tablet":{"background-color":"","background-image":"","background-repeat":"repeat","background-position":"center center","background-size":"auto","background-attachment":"scroll","background-type":"","background-media":"","overlay-type":"","overlay-color":"","overlay-opacity":"","overlay-gradient":""},"mobile":{"background-color":"","background-image":"","background-repeat":"repeat","background-position":"center center","background-size":"auto","background-attachment":"scroll","background-type":"","background-media":"","overlay-type":"","overlay-color":"","overlay-opacity":"","overlay-gradient":""}},"ast-content-background-meta":{"desktop":{"background-color":"var(--ast-global-color-5)","background-image":"","background-repeat":"repeat","background-position":"center center","background-size":"auto","background-attachment":"scroll","background-type":"","background-media":"","overlay-type":"","overlay-color":"","overlay-opacity":"","overlay-gradient":""},"tablet":{"background-color":"var(--ast-global-color-5)","background-image":"","background-repeat":"repeat","background-position":"center center","background-size":"auto","background-attachment":"scroll","background-type":"","background-media":"","overlay-type":"","overlay-color":"","overlay-opacity":"","overlay-gradient":""},"mobile":{"background-color":"var(--ast-global-color-5)","background-image":"","background-repeat":"repeat","background-position":"center center","background-size":"auto","background-attachment":"scroll","background-type":"","background-media":"","overlay-type":"","overlay-color":"","overlay-opacity":"","overlay-gradient":""}},"footnotes":""},"class_list":["post-2671","page","type-page","status-publish","hentry"],"post_mailing_queue_ids":[],"_links":{"self":[{"href":"https:\/\/agora.xtec.cat\/ses-elvern\/wp-json\/wp\/v2\/pages\/2671","targetHints":{"allow":["GET"]}}],"collection":[{"href":"https:\/\/agora.xtec.cat\/ses-elvern\/wp-json\/wp\/v2\/pages"}],"about":[{"href":"https:\/\/agora.xtec.cat\/ses-elvern\/wp-json\/wp\/v2\/types\/page"}],"author":[{"embeddable":true,"href":"https:\/\/agora.xtec.cat\/ses-elvern\/wp-json\/wp\/v2\/users\/1"}],"replies":[{"embeddable":true,"href":"https:\/\/agora.xtec.cat\/ses-elvern\/wp-json\/wp\/v2\/comments?post=2671"}],"version-history":[{"count":6,"href":"https:\/\/agora.xtec.cat\/ses-elvern\/wp-json\/wp\/v2\/pages\/2671\/revisions"}],"predecessor-version":[{"id":11338,"href":"https:\/\/agora.xtec.cat\/ses-elvern\/wp-json\/wp\/v2\/pages\/2671\/revisions\/11338"}],"up":[{"embeddable":true,"href":"https:\/\/agora.xtec.cat\/ses-elvern\/wp-json\/wp\/v2\/pages\/57"}],"wp:attachment":[{"href":"https:\/\/agora.xtec.cat\/ses-elvern\/wp-json\/wp\/v2\/media?parent=2671"}],"curies":[{"name":"wp","href":"https:\/\/api.w.org\/{rel}","templated":true}]}}