{"id":2390,"date":"2020-01-19T10:49:59","date_gmt":"2020-01-19T09:49:59","guid":{"rendered":"http:\/\/agora.xtec.cat\/ses-elvern\/?page_id=2390"},"modified":"2025-11-19T16:39:26","modified_gmt":"2025-11-19T15:39:26","slug":"programa-de-suport-vital-basic","status":"publish","type":"page","link":"https:\/\/agora.xtec.cat\/ses-elvern\/programes-educatius\/programa-de-suport-vital-basic\/","title":{"rendered":"Programa de Suport Vital B\u00e0sic"},"content":{"rendered":"<p><span style=\"font-weight: 400;\"><a href=\"https:\/\/agora.xtec.cat\/ses-elvern\/wp-content\/uploads\/usu1817\/2020\/01\/Globus-CCR-.jpg\"><img loading=\"lazy\" decoding=\"async\" class=\"alignright wp-image-2391\" src=\"https:\/\/agora.xtec.cat\/ses-elvern\/wp-content\/uploads\/usu1817\/2020\/01\/Globus-CCR-.jpg\" alt=\"\" width=\"365\" height=\"334\" srcset=\"https:\/\/agora.xtec.cat\/ses-elvern\/wp-content\/uploads\/usu1817\/2020\/01\/Globus-CCR-.jpg 662w, https:\/\/agora.xtec.cat\/ses-elvern\/wp-content\/uploads\/usu1817\/2020\/01\/Globus-CCR--300x275.jpg 300w\" sizes=\"auto, (max-width: 365px) 100vw, 365px\" \/><\/a>El nostre centre participa del <a href=\"http:\/\/ccr.cat\/ensenyament-del-suport-vital-a-les-escoles-programa-del-consell-catala-de-ressuscitacio-i-departament-densenyament-de-la-generalitat-de-catalunya\/\" target=\"_blank\" rel=\"noopener noreferrer\">programa educatiu de \u201cSuport Vital B\u00e0sic<\/a>\u201d, que compta amb el suport\u00a0 i coordinaci\u00f3 del Departament d\u2019Educaci\u00f3 i del Consell Catal\u00e0 de Ressuscitaci\u00f3.\u00a0<\/span><\/p>\n<p><span style=\"font-weight: 400;\">L\u2019objectiu principal de l\u2019activitat \u00e9s que l&#8217;alumnat aprengui coneixements b\u00e0sics gradualment (te\u00f2rics i pr\u00e0ctics), adaptats a cada edat, relacionats amb <\/span><b>qu\u00e8 \u00e9s, qu\u00e8 cal fer i com podem actuar davant d\u2019una situaci\u00f3 d\u2019emerg\u00e8ncia vital<\/b><span style=\"font-weight: 400;\">.\u00a0\u00a0<\/span><\/p>\n<p><span style=\"font-weight: 400;\">En la formaci\u00f3 hi han participat mestres i professorat de les escoles de prim\u00e0ria i de l\u2019Institut, per la qual cosa en els propers anys, tota la poblaci\u00f3 escolar de Lli\u00e7\u00e0 de Vall accedir\u00e0 a aquesta formaci\u00f3 en suport vital. La formaci\u00f3 s\u2019inicia en l\u2019alumnat d\u2019infantil i prim\u00e0ria amb un contingut b\u00e0sic, cada any, de forma progressiva, i es van afegint nous continguts i objectius (a trav\u00e9s de diverses activitats adaptades a l\u2019edat del nen\/a, noi\/a) per aconseguir que a cada etapa formativa es realitzi una acci\u00f3 m\u00e9s davant l\u2019aturada cardiorespirat\u00f2ria (ACR), concepte que s\u2019introdueix a cicle mitj\u00e0 i superior de prim\u00e0ria.\u00a0<\/span><\/p>\n<p><span style=\"font-weight: 400;\">A secund\u00e0ria els nois i les noies ja aprenen a fer les posicions laterals de seguretat, la seq\u00fc\u00e8ncia de 30 compressions, a utilitzar el DEA (desfibrilador) i tot l\u2019algoritme de suport vital complet.\u00a0<\/span><\/p>\n<p><span style=\"font-weight: 400;\">Les activitats estaran dirigides pel professorat que ha adquirit la formaci\u00f3 en Suport Vital B\u00e0sic als centres educatius pel Consell Catal\u00e0 de Ressuscitaci\u00f3. Aquesta formaci\u00f3 es va iniciar com a pla pilot el 2008 a les Terres de l\u2019Ebre i Tarragona, i actualment s\u2019est\u00e0 introduint el programa a tot el territori catal\u00e0 amb l\u2019acceptaci\u00f3 i suport del Departament d\u2019educaci\u00f3. Tamb\u00e9 comptem amb el suport de ninots professionals que tenim en pr\u00e9stec al Centre de Recursos de Bigues i Riells.\u00a0<\/span><\/p>\n<p>L&#8217;alumnat del Vern que hagi realitzat en almenys 3 cursos la formaci\u00f3 podr\u00e0 acreditar a 4t d&#8217;ESO la formaci\u00f3 mitjan\u00e7ant un certificat expedit pel Consell Catal\u00e0 de la Ressucitaci\u00f3 que acredita la seva formaci\u00f3 en Suport Vital B\u00e0sic.<\/p>\n<p><span style=\"font-weight: 400;\">Al finalitzar els estudis tindrem uns ciutadans i ciutadanes conscienciats sobre la necessitat d\u2019intervenir de forma r\u00e0pida davant d\u2019una aturada cardiorespirat\u00f2ria i, el que \u00e9s m\u00e9s important, sabran com actuar.<\/span><\/p>\n<p><a href=\"https:\/\/sites.google.com\/suportvitalccr.org\/suport-vital-als-centres-educa\/home\" target=\"_blank\" rel=\"noopener noreferrer\">SUPORT VITAL ALS CENTRES EDUCATIUS<\/a><\/p>\n<p><a href=\"https:\/\/agora.xtec.cat\/ses-elvern\/wp-content\/uploads\/usu1817\/2020\/01\/logoCCR.png\"><img loading=\"lazy\" decoding=\"async\" class=\"size-full wp-image-2397 alignleft\" src=\"https:\/\/agora.xtec.cat\/ses-elvern\/wp-content\/uploads\/usu1817\/2020\/01\/logoCCR.png\" alt=\"\" width=\"173\" height=\"73\" \/><\/a><\/p>\n","protected":false},"excerpt":{"rendered":"<p>El nostre centre participa del programa educatiu de \u201cSuport Vital B\u00e0sic\u201d, que compta amb el suport\u00a0 i coordinaci\u00f3 del Departament d\u2019Educaci\u00f3 i del Consell Catal\u00e0 de Ressuscitaci\u00f3.\u00a0 L\u2019objectiu principal de l\u2019activitat \u00e9s que l&#8217;alumnat aprengui coneixements b\u00e0sics gradualment (te\u00f2rics i pr\u00e0ctics), adaptats a cada edat, relacionats amb qu\u00e8 \u00e9s, qu\u00e8 cal fer i com podem [&hellip;]<\/p>\n","protected":false},"author":1,"featured_media":0,"parent":10677,"menu_order":0,"comment_status":"closed","ping_status":"closed","template":"","meta":{"_bbp_topic_count":0,"_bbp_reply_count":0,"_bbp_total_topic_count":0,"_bbp_total_reply_count":0,"_bbp_voice_count":0,"_bbp_anonymous_reply_count":0,"_bbp_topic_count_hidden":0,"_bbp_reply_count_hidden":0,"_bbp_forum_subforum_count":0,"site-sidebar-layout":"default","site-content-layout":"","ast-site-content-layout":"default","site-content-style":"default","site-sidebar-style":"default","ast-global-header-display":"","ast-banner-title-visibility":"","ast-main-header-display":"","ast-hfb-above-header-display":"","ast-hfb-below-header-display":"","ast-hfb-mobile-header-display":"","site-post-title":"","ast-breadcrumbs-content":"","ast-featured-img":"","footer-sml-layout":"","theme-transparent-header-meta":"","adv-header-id-meta":"","stick-header-meta":"","header-above-stick-meta":"","header-main-stick-meta":"","header-below-stick-meta":"","astra-migrate-meta-layouts":"set","ast-page-background-enabled":"default","ast-page-background-meta":{"desktop":{"background-color":"var(--ast-global-color-4)","background-image":"","background-repeat":"repeat","background-position":"center center","background-size":"auto","background-attachment":"scroll","background-type":"","background-media":"","overlay-type":"","overlay-color":"","overlay-opacity":"","overlay-gradient":""},"tablet":{"background-color":"","background-image":"","background-repeat":"repeat","background-position":"center center","background-size":"auto","background-attachment":"scroll","background-type":"","background-media":"","overlay-type":"","overlay-color":"","overlay-opacity":"","overlay-gradient":""},"mobile":{"background-color":"","background-image":"","background-repeat":"repeat","background-position":"center center","background-size":"auto","background-attachment":"scroll","background-type":"","background-media":"","overlay-type":"","overlay-color":"","overlay-opacity":"","overlay-gradient":""}},"ast-content-background-meta":{"desktop":{"background-color":"var(--ast-global-color-5)","background-image":"","background-repeat":"repeat","background-position":"center center","background-size":"auto","background-attachment":"scroll","background-type":"","background-media":"","overlay-type":"","overlay-color":"","overlay-opacity":"","overlay-gradient":""},"tablet":{"background-color":"var(--ast-global-color-5)","background-image":"","background-repeat":"repeat","background-position":"center center","background-size":"auto","background-attachment":"scroll","background-type":"","background-media":"","overlay-type":"","overlay-color":"","overlay-opacity":"","overlay-gradient":""},"mobile":{"background-color":"var(--ast-global-color-5)","background-image":"","background-repeat":"repeat","background-position":"center center","background-size":"auto","background-attachment":"scroll","background-type":"","background-media":"","overlay-type":"","overlay-color":"","overlay-opacity":"","overlay-gradient":""}},"footnotes":""},"class_list":["post-2390","page","type-page","status-publish","hentry"],"post_mailing_queue_ids":[],"_links":{"self":[{"href":"https:\/\/agora.xtec.cat\/ses-elvern\/wp-json\/wp\/v2\/pages\/2390","targetHints":{"allow":["GET"]}}],"collection":[{"href":"https:\/\/agora.xtec.cat\/ses-elvern\/wp-json\/wp\/v2\/pages"}],"about":[{"href":"https:\/\/agora.xtec.cat\/ses-elvern\/wp-json\/wp\/v2\/types\/page"}],"author":[{"embeddable":true,"href":"https:\/\/agora.xtec.cat\/ses-elvern\/wp-json\/wp\/v2\/users\/1"}],"replies":[{"embeddable":true,"href":"https:\/\/agora.xtec.cat\/ses-elvern\/wp-json\/wp\/v2\/comments?post=2390"}],"version-history":[{"count":4,"href":"https:\/\/agora.xtec.cat\/ses-elvern\/wp-json\/wp\/v2\/pages\/2390\/revisions"}],"predecessor-version":[{"id":10602,"href":"https:\/\/agora.xtec.cat\/ses-elvern\/wp-json\/wp\/v2\/pages\/2390\/revisions\/10602"}],"up":[{"embeddable":true,"href":"https:\/\/agora.xtec.cat\/ses-elvern\/wp-json\/wp\/v2\/pages\/10677"}],"wp:attachment":[{"href":"https:\/\/agora.xtec.cat\/ses-elvern\/wp-json\/wp\/v2\/media?parent=2390"}],"curies":[{"name":"wp","href":"https:\/\/api.w.org\/{rel}","templated":true}]}}