{"id":21,"date":"2014-09-17T16:14:14","date_gmt":"2014-09-17T16:14:14","guid":{"rendered":"http:\/\/agora.xtec.cat\/ses-elvern\/?page_id=21"},"modified":"2025-10-22T11:42:45","modified_gmt":"2025-10-22T09:42:45","slug":"contacte-on-som","status":"publish","type":"page","link":"https:\/\/agora.xtec.cat\/ses-elvern\/linstitut\/contacte-on-som\/","title":{"rendered":"Contacte \/ On som"},"content":{"rendered":"<p style=\"color: #666666;\"><span style=\"color: #008000;\"><strong>Institut El Vern<\/strong><\/span><br \/>\n<span style=\"color: #333333;\">Passeig de l&#8217;Esgl\u00e9sia, 3<\/span><br \/>\n<span style=\"color: #333333;\"> 08185 Lli\u00e7\u00e0 de Vall<\/span><\/p>\n<p><span style=\"color: #333333;\"><strong>Tel\u00e8fon:<\/strong> 93.844.55.14<br \/>\n<strong>Correu electr\u00f2nic:<\/strong> elvern@institutelvern.cat<\/span><\/p>\n<p style=\"color: #666666;\"><iframe loading=\"lazy\" style=\"border: 0;\" src=\"https:\/\/www.google.com\/maps\/embed?pb=!1m18!1m12!1m3!1d2984.1956493853754!2d2.2350813155013842!3d41.58664997924639!2m3!1f0!2f0!3f0!3m2!1i1024!2i768!4f13.1!3m3!1m2!1s0x12a4c75b98b5968d%3A0x5a64f8f9b04e3d9d!2sPasseig+Esgl%C3%A9sia%2C+3%2C+08185+Lli%C3%A7%C3%A0+de+Vall%2C+Barcelona%2C+Espanya!5e0!3m2!1sca!2sus!4v1519978354939\" width=\"600\" height=\"450\" frameborder=\"0\" allowfullscreen=\"allowfullscreen\"><\/iframe><\/p>\n<p><strong><span style=\"color: #008000;\">Com arribar-hi:<\/span><\/strong><\/p>\n<p>Per bus:\u00a0Parada Can Coll<\/p>\n<p><strong><span style=\"color: #008000;\">Escoles adscrites a l&#8217;institut:<\/span><\/strong><\/p>\n<p>Escola Les Llisses i Escola Els Vinyals<\/p>\n<p><strong><span style=\"color: #008000;\">Correus electr\u00f2nics de contacte:<\/span><\/strong><\/p>\n<p><span style=\"font-size: medium;\">Bustia General:\u00a0<a href=\"mailto:elvern@institutelvern.cat\">elvern@institutelvern.cat\u00a0 \/\u00a0 a8058969@xtec.cat<\/a><\/span><\/p>\n<p><span style=\"font-size: medium;\">Directora:\u00a0<a href=\"mailto:dir@institutelvern.cat\">dir@institutelvern.cat<\/a><\/span><\/p>\n<p>Cap d&#8217;Estudis:\u00a0<a href=\"mailto:cap@institutelvern.cat\">cap@institutelvern.cat<\/a><\/p>\n<p>Coordinadora Pedag\u00f2gica:\u00a0<a href=\"mailto:coop@institutelvern.cat\">coop@institutelvern.cat<\/a><\/p>\n<p>Secret\u00e0ria:\u00a0<a href=\"mailto:sec@institutelvern.cat\">sec@institutelvern.cat<\/a><\/p>\n<p>Administraci\u00f3: <a href=\"mailto:admin@institutelvern.cat\">admin@institutelvern.cat<\/a><\/p>\n<p>Consergeria: <a href=\"mailto:consegeria@institutelvern.cat\">consegeria@institutelvern.cat<\/a><\/p>\n","protected":false},"excerpt":{"rendered":"<p>Institut El Vern Passeig de l&#8217;Esgl\u00e9sia, 3 08185 Lli\u00e7\u00e0 de Vall Tel\u00e8fon: 93.844.55.14 Correu electr\u00f2nic: elvern@institutelvern.cat Com arribar-hi: Per bus:\u00a0Parada Can Coll Escoles adscrites a l&#8217;institut: Escola Les Llisses i Escola Els Vinyals Correus electr\u00f2nics de contacte: Bustia General:\u00a0elvern@institutelvern.cat\u00a0 \/\u00a0 a8058969@xtec.cat Directora:\u00a0dir@institutelvern.cat Cap d&#8217;Estudis:\u00a0cap@institutelvern.cat Coordinadora Pedag\u00f2gica:\u00a0coop@institutelvern.cat Secret\u00e0ria:\u00a0sec@institutelvern.cat Administraci\u00f3: admin@institutelvern.cat Consergeria: consegeria@institutelvern.cat<\/p>\n","protected":false},"author":1,"featured_media":0,"parent":19,"menu_order":11,"comment_status":"closed","ping_status":"closed","template":"","meta":{"_bbp_topic_count":0,"_bbp_reply_count":0,"_bbp_total_topic_count":0,"_bbp_total_reply_count":0,"_bbp_voice_count":0,"_bbp_anonymous_reply_count":0,"_bbp_topic_count_hidden":0,"_bbp_reply_count_hidden":0,"_bbp_forum_subforum_count":0,"site-sidebar-layout":"default","site-content-layout":"","ast-site-content-layout":"default","site-content-style":"default","site-sidebar-style":"default","ast-global-header-display":"","ast-banner-title-visibility":"","ast-main-header-display":"","ast-hfb-above-header-display":"","ast-hfb-below-header-display":"","ast-hfb-mobile-header-display":"","site-post-title":"","ast-breadcrumbs-content":"","ast-featured-img":"","footer-sml-layout":"","theme-transparent-header-meta":"","adv-header-id-meta":"","stick-header-meta":"","header-above-stick-meta":"","header-main-stick-meta":"","header-below-stick-meta":"","astra-migrate-meta-layouts":"set","ast-page-background-enabled":"default","ast-page-background-meta":{"desktop":{"background-color":"var(--ast-global-color-4)","background-image":"","background-repeat":"repeat","background-position":"center center","background-size":"auto","background-attachment":"scroll","background-type":"","background-media":"","overlay-type":"","overlay-color":"","overlay-opacity":"","overlay-gradient":""},"tablet":{"background-color":"","background-image":"","background-repeat":"repeat","background-position":"center center","background-size":"auto","background-attachment":"scroll","background-type":"","background-media":"","overlay-type":"","overlay-color":"","overlay-opacity":"","overlay-gradient":""},"mobile":{"background-color":"","background-image":"","background-repeat":"repeat","background-position":"center center","background-size":"auto","background-attachment":"scroll","background-type":"","background-media":"","overlay-type":"","overlay-color":"","overlay-opacity":"","overlay-gradient":""}},"ast-content-background-meta":{"desktop":{"background-color":"var(--ast-global-color-5)","background-image":"","background-repeat":"repeat","background-position":"center center","background-size":"auto","background-attachment":"scroll","background-type":"","background-media":"","overlay-type":"","overlay-color":"","overlay-opacity":"","overlay-gradient":""},"tablet":{"background-color":"var(--ast-global-color-5)","background-image":"","background-repeat":"repeat","background-position":"center center","background-size":"auto","background-attachment":"scroll","background-type":"","background-media":"","overlay-type":"","overlay-color":"","overlay-opacity":"","overlay-gradient":""},"mobile":{"background-color":"var(--ast-global-color-5)","background-image":"","background-repeat":"repeat","background-position":"center center","background-size":"auto","background-attachment":"scroll","background-type":"","background-media":"","overlay-type":"","overlay-color":"","overlay-opacity":"","overlay-gradient":""}},"footnotes":""},"class_list":["post-21","page","type-page","status-publish","hentry"],"post_mailing_queue_ids":[],"_links":{"self":[{"href":"https:\/\/agora.xtec.cat\/ses-elvern\/wp-json\/wp\/v2\/pages\/21","targetHints":{"allow":["GET"]}}],"collection":[{"href":"https:\/\/agora.xtec.cat\/ses-elvern\/wp-json\/wp\/v2\/pages"}],"about":[{"href":"https:\/\/agora.xtec.cat\/ses-elvern\/wp-json\/wp\/v2\/types\/page"}],"author":[{"embeddable":true,"href":"https:\/\/agora.xtec.cat\/ses-elvern\/wp-json\/wp\/v2\/users\/1"}],"replies":[{"embeddable":true,"href":"https:\/\/agora.xtec.cat\/ses-elvern\/wp-json\/wp\/v2\/comments?post=21"}],"version-history":[{"count":4,"href":"https:\/\/agora.xtec.cat\/ses-elvern\/wp-json\/wp\/v2\/pages\/21\/revisions"}],"predecessor-version":[{"id":10381,"href":"https:\/\/agora.xtec.cat\/ses-elvern\/wp-json\/wp\/v2\/pages\/21\/revisions\/10381"}],"up":[{"embeddable":true,"href":"https:\/\/agora.xtec.cat\/ses-elvern\/wp-json\/wp\/v2\/pages\/19"}],"wp:attachment":[{"href":"https:\/\/agora.xtec.cat\/ses-elvern\/wp-json\/wp\/v2\/media?parent=21"}],"curies":[{"name":"wp","href":"https:\/\/api.w.org\/{rel}","templated":true}]}}