{"id":1774,"date":"2019-10-07T15:24:19","date_gmt":"2019-10-07T13:24:19","guid":{"rendered":"http:\/\/agora.xtec.cat\/ses-elvern\/?page_id=1774"},"modified":"2025-10-08T21:43:34","modified_gmt":"2025-10-08T19:43:34","slug":"dansa","status":"publish","type":"page","link":"https:\/\/agora.xtec.cat\/ses-elvern\/secretaria-2\/convalidacion-ef-musica\/dansa\/","title":{"rendered":"Dansa"},"content":{"rendered":"<h4><span style=\"color: #cf4040;\"><strong>Simultane\u00eftat d&#8217;estudis d&#8217;ESO amb estudis de dansa<\/strong><\/span><\/h4>\n<p>Els alumnes que cursen ESO i, simult\u00e0niament, estudis de dansa en conservatoris, centres professionals o escoles de dansa autoritzades, poden sol\u00b7licitar la convalidaci\u00f3 o el reconeixement de mat\u00e8ries en els termes que s&#8217;indiquen en aquest document.<\/p>\n<p>At\u00e8s que totes aquestes possibilitats es fonamenten en el fet de simultaniejar estudis ordinaris amb els estudis de dansa, la sol\u00b7licitud s&#8217;ha de renovar cada curs.<\/p>\n<p>Els alumnes que ho vulguin poden sol\u00b7licitar la convalidaci\u00f3 o el reconeixement d&#8217;un nombre d&#8217;hores inferior a aquell a qu\u00e8 tenen dret.<\/p>\n<p>L&#8217;alumne que repeteix estudis de dansa no pot tornar a sol\u00b7licitar la convalidaci\u00f3 o el reconeixement de la reducci\u00f3 del nombre de mat\u00e8ries d&#8217;ESO de qu\u00e8 hagi gaudit en cursos acad\u00e8mics anteriors.<\/p>\n<p>La llista dels centres autoritzats (conservatoris de dansa, centres professionals de dansa i escoles de dansa autoritzades) es pot consultar al cercador de centres del Departament.<\/p>\n<p>Les convalidacions i reconeixements de mat\u00e8ries que s&#8217;indiquen en aquest document no es poden aplicar als alumnes que estudien en centres integrats, ja que el curr\u00edculum impartit en aquests centres ja t\u00e9 en compte la simultane\u00eftat dels estudis. En el cas d&#8217;una escola de dansa en fase d&#8217;autoritzaci\u00f3, l&#8217;alumne ha de fer la sol\u00b7licitud dins el termini previst, i la convalidaci\u00f3 o reconeixement s&#8217;ha de fer efectiu a partir de la data d&#8217;autoritzaci\u00f3 de l&#8217;escola de dansa. La fam\u00edlia ha de fer arribar al centre de secund\u00e0ria el codi del centre.<\/p>\n<p><strong>1.1 Alumnes d&#8217;ESO que cursen estudis de dansa en un conservatori o en un centre professional <\/strong><\/p>\n<p><strong><em>Mat\u00e8ries convalidables<\/em><\/strong><\/p>\n<p><u>Es poden convalidar les mat\u00e8ries seg\u00fcents:<\/u><\/p>\n<p>Educaci\u00f3 F\u00edsica<\/p>\n<p>M\u00fasica (la mat\u00e8ria comuna de primer a tercer curs d&#8217;ESO)<\/p>\n<p>Les mat\u00e8ries optatives de primer a tercer curs d&#8217;ESO (2 hores setmanals per curs)<\/p>\n<p>Una mat\u00e8ria optativa de quart curs d&#8217;ESO (fins a un m\u00e0xim de 3 hores setmanals)<\/p>\n<p><u>No s\u00f3n convalidables les mat\u00e8ries de:<\/u><\/p>\n<p>Cultura i Valors \u00c8tics i de Religi\u00f3<\/p>\n<p>El Treball de S\u00edntesi (de primer a tercer) ni el Projecte de Recerca de quart curs.<\/p>\n<p><em><strong>Per\u00edode de presentaci\u00f3<\/strong><\/em><\/p>\n<p>L&#8217;interessat o interessada presenta al centre on cursa l&#8217;ESO, durant els dos primers mesos de classe.<\/p>\n<p><strong><em>Documentaci\u00f3 que cal presentar<\/em><\/strong><\/p>\n<p>&#8220;Sol\u00b7licitud de reducci\u00f3 de mat\u00e8ries de l&#8217;educaci\u00f3 secund\u00e0ria obligat\u00f2ria (ESO) per als alumnes que cursen estudis de dansa en un conservatori o en un centre professional o en una escola de dansa autoritzada&#8221; <a href=\"https:\/\/agora.xtec.cat\/ses-elvern\/wp-content\/uploads\/usu1817\/2020\/10\/model-EDA1-1.pdf\" target=\"_blank\" rel=\"noopener noreferrer\">model EDA1<\/a><\/p>\n<p>&#8220;Certificat expedit pel conservatori o pel centre professional de dansa en qu\u00e8 s&#8217;acredita el curs que fa l&#8217;alumne\/a&#8221; <a href=\"https:\/\/agora.xtec.cat\/ses-elvern\/wp-content\/uploads\/usu1817\/2020\/10\/CDA1Dansa2.pdf\" target=\"_blank\" rel=\"noopener noreferrer\">CDA1Dansa<\/a>.<\/p>\n<p><strong><em>Proc\u00e9s de convalidaci\u00f3<\/em><\/strong><\/p>\n<p>L&#8217;interessat presenta al centre on cursa l&#8217;ESO, durant els dos primers mesos de classe, la &#8220;Sol\u00b7licitud de reducci\u00f3 de mat\u00e8ries de l&#8217;educaci\u00f3 secund\u00e0ria obligat\u00f2ria (ESO) per als alumnes que cursen estudis de dansa en un conservatori o en un centre professional o en una escola de dansa autoritzada&#8221; (<a href=\"https:\/\/agora.xtec.cat\/ses-elvern\/wp-content\/uploads\/usu1817\/2020\/10\/model-EDA1.pdf\" target=\"_blank\" rel=\"noopener noreferrer\">model EDA1<\/a>), acompanyada del &#8220;Certificat expedit pel conservatori o pel centre professional de dansa en qu\u00e8 s&#8217;acredita el curs que fa l&#8217;alumne\/a&#8221; (<a href=\"https:\/\/agora.xtec.cat\/ses-elvern\/wp-content\/uploads\/usu1817\/2020\/10\/CDA1Dansa2.pdf\" target=\"_blank\" rel=\"noopener noreferrer\">CDA1Dansa<\/a>).<\/p>\n<p>Quan l&#8217;interessat presenta aquest document, el centre li lliura una c\u00f2pia de la sol\u00b7licitud amb acusament de recepci\u00f3, amb la data i signatura de la persona autoritzada del centre.<\/p>\n<p>El director o directora del centre resol la sol\u00b7licitud seguint el model de la &#8220;Resoluci\u00f3 per la qual es concedeix la convalidaci\u00f3 de mat\u00e8ries de l&#8217;educaci\u00f3 secund\u00e0ria obligat\u00f2ria (ESO) basant-se en estudis de dansa en un conservatori o en un centre professional de dansa&#8221; (<a href=\"https:\/\/agora.xtec.cat\/ses-elvern\/wp-content\/uploads\/usu1817\/2020\/10\/EDA2-Sol.licitud-convalidaci\u00f3-EF-dansa.pdf\" target=\"_blank\" rel=\"noopener noreferrer\">EDA2EF-dansa<\/a>).<\/p>\n<p>La resoluci\u00f3 es notifica per escrit a l&#8217;interessat i, en cas de disconformitat, s&#8217;hi pot presentar un recurs davant el director o directora dels serveis territorials o, a la ciutat de Barcelona, davant el o la gerent del Consorci d&#8217;Educaci\u00f3, en el termini de cinc dies h\u00e0bils a partir de l&#8217;endem\u00e0 de la notificaci\u00f3 de la resoluci\u00f3.<\/p>\n<p>La resoluci\u00f3 del director o directora del centre serveix com a document acreditatiu del pla de suport individualitzat de simultane\u00eftat d&#8217;aquest alumne.<\/p>\n<p>En els documents d&#8217;avaluaci\u00f3 de l&#8217;ESO cal fer constar la simultane\u00eftat amb el codi &#8220;Sim.&#8221;, a la columna Mesures d&#8217;atenci\u00f3 a l&#8217;alumnat. En els apartats d&#8217;observacions corresponents cal fer constar la resoluci\u00f3 del director o directora del centre.<\/p>\n<p>Les mat\u00e8ries que s&#8217;hagin convalidat no tenen qualificaci\u00f3 ni computen a l&#8217;efecte de c\u00e0lcul de la nota mitjana.<\/p>\n<p>Si l&#8217;alumne deixa els estudis de dansa, el conservatori o centre professional de dansa ho ha de comunicar al centre de secund\u00e0ria, que ha de prendre les mesures oportunes pel que fa a les mat\u00e8ries convalidades.<\/p>\n<p><strong>1.2 Alumnes d&#8217;ESO que cursen estudis de dansa en una escola de dansa <\/strong><strong>autoritzada<\/strong><\/p>\n<p><strong><em>Mat\u00e8ries que es poden recon\u00e8ixer<\/em><\/strong><\/p>\n<p>Les mat\u00e8ries es poden recon\u00e8ixer d&#8217;acord amb dues situacions diferents, segons les c\u00e0rregues hor\u00e0ries:<\/p>\n<p><strong><span style=\"color: #339966;\">Situaci\u00f3 1. Alumnes amb una dedicaci\u00f3 hor\u00e0ria als estudis de dansa d&#8217;entre 5 i 7 hores setmanals.<\/span><\/strong><\/p>\n<p>Se&#8217;ls pot recon\u00e8ixer la mat\u00e8ria seg\u00fcent:<\/p>\n<p>Educaci\u00f3 F\u00edsica<\/p>\n<p><span style=\"color: #339966;\"><strong>Situaci\u00f3 2<\/strong><strong>. Alumnes amb una dedicaci\u00f3 hor\u00e0ria als estudis de dansa de 7 hores setmanals o m\u00e9s.<\/strong><\/span><\/p>\n<p>Se&#8217;ls poden recon\u00e8ixer les mat\u00e8ries seg\u00fcents:<\/p>\n<p>Educaci\u00f3 F\u00edsica<\/p>\n<p>Les mat\u00e8ries optatives de primer a tercer curs d&#8217;ESO (2 hores setmanals per curs)<\/p>\n<p>Una mat\u00e8ria optativa de quart curs d&#8217;ESO (fins a un m\u00e0xim de 3 hores setmanals)<\/p>\n<p>No es poden recon\u00e8ixer les mat\u00e8ries de Cultura i Valors \u00c8tics ni de Religi\u00f3, el Treball de S\u00edntesi de primer a tercer ni el Projecte de Recerca de quart curs.<\/p>\n<p><strong><em>Documentaci\u00f3 que cal presentar<\/em><\/strong><\/p>\n<p>&#8220;Sol\u00b7licitud de reducci\u00f3 de mat\u00e8ries de l&#8217;educaci\u00f3 secund\u00e0ria obligat\u00f2ria (ESO) per als alumnes que cursen estudis de dansa en un conservatori o en un centre<\/p>\n<p>professional o en una escola de dansa autoritzada&#8221; (<a href=\"https:\/\/agora.xtec.cat\/ses-elvern\/wp-content\/uploads\/usu1817\/2020\/10\/model-EDA1-1.pdf\" target=\"_blank\" rel=\"noopener noreferrer\">model EDA1<\/a>).<\/p>\n<p>&#8220;Certificat expedit per l&#8217;escola de dansa autoritzada en qu\u00e8 s&#8217;acredita el curs i el<\/p>\n<p>nombre d&#8217;hores de dedicaci\u00f3 setmanal que fa l&#8217;alumne\/a per al reconeixement de la mat\u00e8ria d&#8217;Educaci\u00f3 F\u00edsica de l&#8217;ESO i el batxillerat i\/o les optatives de l&#8217;ESO&#8221; (<a href=\"https:\/\/agora.xtec.cat\/ses-elvern\/wp-content\/uploads\/usu1817\/2020\/10\/CDA2Dansa.pdf\" target=\"_blank\" rel=\"noopener noreferrer\">CDA2Dansa<\/a>).<\/p>\n<p><strong>\u00a0<\/strong><\/p>\n<p><strong><em>Proc\u00e9s de reconeixement<\/em><\/strong><\/p>\n<p>L&#8217;interessat presenta al centre on cursa l&#8217;ESO, durant els dos primers mesos de classe, la &#8220;Sol\u00b7licitud de reducci\u00f3 de mat\u00e8ries de l&#8217;educaci\u00f3 secund\u00e0ria obligat\u00f2ria (ESO) per als alumnes que cursen estudis de dansa en un conservatori o en un centre professional o en una escola de dansa autoritzada&#8221; (model EDA1), acompanyada del &#8220;Certificat expedit per l&#8217;escola de dansa autoritzada en qu\u00e8 s&#8217;acredita el curs i el nombre d&#8217;hores de dedicaci\u00f3 setmanal que fa l&#8217;alumne\/a per al reconeixement de la mat\u00e8ria d&#8217;Educaci\u00f3 F\u00edsica de l&#8217;ESO i el batxillerat i\/o les optatives de l&#8217;ESO&#8221; (<a href=\"https:\/\/agora.xtec.cat\/ses-elvern\/wp-content\/uploads\/usu1817\/2020\/10\/CDA2Dansa.pdf\" target=\"_blank\" rel=\"noopener noreferrer\">CDA2Dansa<\/a>).<\/p>\n<p>Quan l&#8217;interessat presenta aquest document, el centre li lliura una c\u00f2pia de la sol\u00b7licitud amb acusament de recepci\u00f3, amb la data i signatura de la persona autoritzada del centre.<\/p>\n<p>El director o directora del centre resol la sol\u00b7licitud seguint el model de la &#8220;Resoluci\u00f3 per la qual es concedeix el reconeixement de mat\u00e8ries optatives i\/o de la mat\u00e8ria d&#8217;educaci\u00f3 f\u00edsica de l&#8217;educaci\u00f3 secund\u00e0ria obligat\u00f2ria (ESO) als alumnes que cursen estudis de dansa en una escola de dansa autoritzada&#8221; (<a href=\"https:\/\/agora.xtec.cat\/ses-elvern\/wp-content\/uploads\/usu1817\/2020\/10\/model-EDA1-1.pdf\" target=\"_blank\" rel=\"noopener noreferrer\">model EDA1<\/a>).<\/p>\n<p>La resoluci\u00f3 es notifica per escrit a l&#8217;interessat i, en cas de disconformitat, s&#8217;hi pot presentar un recurs davant el director o directora dels serveis territorials o, a la ciutat de Barcelona, davant el o la gerent del Consorci d&#8217;Educaci\u00f3 en el termini de cinc dies h\u00e0bils a partir de l&#8217;endem\u00e0 de la notificaci\u00f3 de la resoluci\u00f3.<\/p>\n<p>La resoluci\u00f3 del director o directora del centre serveix com a document acreditatiu del pla de suport individualitzat de simultane\u00eftat d&#8217;aquest alumne.<\/p>\n<p>En els documents d&#8217;avaluaci\u00f3 de l&#8217;ESO cal fer constar la simultane\u00eftat amb el codi &#8220;Sim.&#8221;, a la columna Mesures d&#8217;atenci\u00f3 a l&#8217;alumnat. Les mat\u00e8ries comunes de M\u00fasica i d&#8217;Educaci\u00f3 F\u00edsica han de constar com a convalidades i en el bloc d&#8217;optatives ha de constar que l&#8217;optativa est\u00e0 convalidada. En els apartats d&#8217;observacions corresponents cal fer constar la resoluci\u00f3 del director o directora del centre.<\/p>\n<p>Les mat\u00e8ries que s&#8217;hagin convalidat no tenen qualificaci\u00f3 ni computen a l&#8217;efecte del c\u00e0lcul de la nota mitjana.<\/p>\n<p>Si l&#8217;alumne deixa els estudis de dansa, l&#8217;escola de dansa autoritzada ho ha de comunicar al centre de secund\u00e0ria, que ha de prendre les mesures oportunes amb relaci\u00f3 a les mat\u00e8ries que havien estat convalidades.<\/p>\n<p>El reconeixement est\u00e0 condicionat a la valoraci\u00f3 favorable del seguiment de l&#8217;alumne.<\/p>\n<p>Els alumnes que no compleixin les directrius que s&#8217;estableixen en el pla de seguiment s&#8217;incorporaran a les mat\u00e8ries de secund\u00e0ria amb les condicions que el centre de secund\u00e0ria determini.<\/p>\n","protected":false},"excerpt":{"rendered":"<p>Simultane\u00eftat d&#8217;estudis d&#8217;ESO amb estudis de dansa Els alumnes que cursen ESO i, simult\u00e0niament, estudis de dansa en conservatoris, centres professionals o escoles de dansa autoritzades, poden sol\u00b7licitar la convalidaci\u00f3 o el reconeixement de mat\u00e8ries en els termes que s&#8217;indiquen en aquest document. At\u00e8s que totes aquestes possibilitats es fonamenten en el fet de simultaniejar [&hellip;]<\/p>\n","protected":false},"author":1,"featured_media":0,"parent":1766,"menu_order":2,"comment_status":"closed","ping_status":"closed","template":"","meta":{"_bbp_topic_count":0,"_bbp_reply_count":0,"_bbp_total_topic_count":0,"_bbp_total_reply_count":0,"_bbp_voice_count":0,"_bbp_anonymous_reply_count":0,"_bbp_topic_count_hidden":0,"_bbp_reply_count_hidden":0,"_bbp_forum_subforum_count":0,"site-sidebar-layout":"default","site-content-layout":"","ast-site-content-layout":"default","site-content-style":"default","site-sidebar-style":"default","ast-global-header-display":"","ast-banner-title-visibility":"","ast-main-header-display":"","ast-hfb-above-header-display":"","ast-hfb-below-header-display":"","ast-hfb-mobile-header-display":"","site-post-title":"","ast-breadcrumbs-content":"","ast-featured-img":"","footer-sml-layout":"","theme-transparent-header-meta":"","adv-header-id-meta":"","stick-header-meta":"","header-above-stick-meta":"","header-main-stick-meta":"","header-below-stick-meta":"","astra-migrate-meta-layouts":"set","ast-page-background-enabled":"default","ast-page-background-meta":{"desktop":{"background-color":"var(--ast-global-color-4)","background-image":"","background-repeat":"repeat","background-position":"center center","background-size":"auto","background-attachment":"scroll","background-type":"","background-media":"","overlay-type":"","overlay-color":"","overlay-opacity":"","overlay-gradient":""},"tablet":{"background-color":"","background-image":"","background-repeat":"repeat","background-position":"center center","background-size":"auto","background-attachment":"scroll","background-type":"","background-media":"","overlay-type":"","overlay-color":"","overlay-opacity":"","overlay-gradient":""},"mobile":{"background-color":"","background-image":"","background-repeat":"repeat","background-position":"center center","background-size":"auto","background-attachment":"scroll","background-type":"","background-media":"","overlay-type":"","overlay-color":"","overlay-opacity":"","overlay-gradient":""}},"ast-content-background-meta":{"desktop":{"background-color":"var(--ast-global-color-5)","background-image":"","background-repeat":"repeat","background-position":"center center","background-size":"auto","background-attachment":"scroll","background-type":"","background-media":"","overlay-type":"","overlay-color":"","overlay-opacity":"","overlay-gradient":""},"tablet":{"background-color":"var(--ast-global-color-5)","background-image":"","background-repeat":"repeat","background-position":"center center","background-size":"auto","background-attachment":"scroll","background-type":"","background-media":"","overlay-type":"","overlay-color":"","overlay-opacity":"","overlay-gradient":""},"mobile":{"background-color":"var(--ast-global-color-5)","background-image":"","background-repeat":"repeat","background-position":"center center","background-size":"auto","background-attachment":"scroll","background-type":"","background-media":"","overlay-type":"","overlay-color":"","overlay-opacity":"","overlay-gradient":""}},"footnotes":""},"class_list":["post-1774","page","type-page","status-publish","hentry"],"post_mailing_queue_ids":[],"_links":{"self":[{"href":"https:\/\/agora.xtec.cat\/ses-elvern\/wp-json\/wp\/v2\/pages\/1774","targetHints":{"allow":["GET"]}}],"collection":[{"href":"https:\/\/agora.xtec.cat\/ses-elvern\/wp-json\/wp\/v2\/pages"}],"about":[{"href":"https:\/\/agora.xtec.cat\/ses-elvern\/wp-json\/wp\/v2\/types\/page"}],"author":[{"embeddable":true,"href":"https:\/\/agora.xtec.cat\/ses-elvern\/wp-json\/wp\/v2\/users\/1"}],"replies":[{"embeddable":true,"href":"https:\/\/agora.xtec.cat\/ses-elvern\/wp-json\/wp\/v2\/comments?post=1774"}],"version-history":[{"count":4,"href":"https:\/\/agora.xtec.cat\/ses-elvern\/wp-json\/wp\/v2\/pages\/1774\/revisions"}],"predecessor-version":[{"id":10166,"href":"https:\/\/agora.xtec.cat\/ses-elvern\/wp-json\/wp\/v2\/pages\/1774\/revisions\/10166"}],"up":[{"embeddable":true,"href":"https:\/\/agora.xtec.cat\/ses-elvern\/wp-json\/wp\/v2\/pages\/1766"}],"wp:attachment":[{"href":"https:\/\/agora.xtec.cat\/ses-elvern\/wp-json\/wp\/v2\/media?parent=1774"}],"curies":[{"name":"wp","href":"https:\/\/api.w.org\/{rel}","templated":true}]}}