{"id":1770,"date":"2019-10-07T14:39:10","date_gmt":"2019-10-07T12:39:10","guid":{"rendered":"http:\/\/agora.xtec.cat\/ses-elvern\/?page_id=1770"},"modified":"2025-10-08T21:43:10","modified_gmt":"2025-10-08T19:43:10","slug":"musica","status":"publish","type":"page","link":"https:\/\/agora.xtec.cat\/ses-elvern\/secretaria-2\/convalidacion-ef-musica\/musica\/","title":{"rendered":"M\u00fasica"},"content":{"rendered":"<h4><span style=\"color: #c92c2c;\"><b>Alumnes d&#8217;ESO que cursen estudis de m\u00fasica en un conservatori o en un centre professional\u00a0<\/b><\/span><\/h4>\n<p><b><i>Mat\u00e8ries convalidables<\/i><\/b><\/p>\n<p>Es poden convalidar les mat\u00e8ries seg\u00fcents:<\/p>\n<ul>\n<li>M\u00fasica (la mat\u00e8ria comuna de primer a tercer curs d&#8217;ESO)<\/li>\n<li>Les mat\u00e8ries optatives de primer a tercer curs d&#8217;ESO (2 hores per curs)<\/li>\n<li>Una mat\u00e8ria optativa de quart curs d&#8217;ESO (fins a un m\u00e0xim de 3 hores)<\/li>\n<\/ul>\n<p>No s\u00f3n convalidables les mat\u00e8ries de Cultura i Valors \u00c8tics i de Religi\u00f3, el Treball de S\u00edntesi (de primer a tercer) ni el Projecte de Recerca de quart curs.<\/p>\n<p><em><strong>Per\u00edode de presentaci\u00f3<\/strong><\/em><\/p>\n<p>L&#8217;interessat o interessada presenta al centre on cursa l&#8217;ESO, durant els dos primers mesos de classe.<\/p>\n<p><b><i>Documentaci\u00f3 que cal presentar\u00a0<\/i><\/b><\/p>\n<ul>\n<li>\u201cSol\u00b7licitud de reducci\u00f3 de mat\u00e8ries de l&#8217;educaci\u00f3 secund\u00e0ria obligat\u00f2ria (ESO) per als alumnes que cursen estudis de m\u00fasica en un conservatori o en un centre professional o en una escola de m\u00fasica autoritzada\u201d (<a href=\"https:\/\/agora.xtec.cat\/ses-elvern\/wp-content\/uploads\/usu1817\/2020\/10\/EMU1Solicitud.pdf\">EMU1Solicitud<\/a>).<\/li>\n<li>\u201cCertificat expedit pel conservatori o pel centre professional de m\u00fasica en qu\u00e8 s&#8217;acredita el curs que fa l&#8217;alumne\/a\u201d (<a href=\"https:\/\/agora.xtec.cat\/ses-elvern\/wp-content\/uploads\/usu1817\/2020\/10\/CMU1M\u00fasica.pdf\">CMU1M\u00fasica<\/a>).<\/li>\n<\/ul>\n<p><b><i>Proc\u00e9s de convalidaci\u00f3<\/i><\/b><\/p>\n<p>L&#8217;interessat presenta al centre on cursa l&#8217;ESO, durant els dos primers mesos de classe, la \u201cSol\u00b7licitud de reducci\u00f3 de mat\u00e8ries de l&#8217;educaci\u00f3 secund\u00e0ria obligat\u00f2ria (ESO) per als alumnes que cursen estudis de m\u00fasica en un conservatori o en un centre professional o en una escola de m\u00fasica autoritzada\u201d (<a href=\"https:\/\/agora.xtec.cat\/ses-elvern\/wp-content\/uploads\/usu1817\/2020\/10\/EMU1Solicitud.pdf\">EMU1Solicitud<\/a>), acompanyada del \u201cCertificat expedit pel conservatori o pel centre professional de m\u00fasica en qu\u00e8 s&#8217;acredita el curs que fa l&#8217;alumne\/a\u201d (<a href=\"https:\/\/agora.xtec.cat\/ses-elvern\/wp-content\/uploads\/usu1817\/2020\/10\/CMU1M\u00fasica.pdf\">CMU1M\u00fasica<\/a>).<\/p>\n<p>Quan l&#8217;interessat presenta aquest document, el centre li lliura una fotoc\u00f2pia de la sol\u00b7licitud amb acusament de recepci\u00f3, amb la data i signatura de la persona autoritzada del centre.<\/p>\n<p>El director o directora del centre resol la sol\u00b7licitud seguint el model de la &#8220;Resoluci\u00f3 per la qual es concedeix la convalidaci\u00f3 de mat\u00e8ries de l&#8217;educaci\u00f3 secund\u00e0ria obligat\u00f2ria (ESO) basant-se en estudis de m\u00fasica en un conservatori o en un centre professional de m\u00fasica&#8221; (<strong>model EMU2<\/strong>).<\/p>\n<p>La resoluci\u00f3 es notifica per escrit a l&#8217;interessat i, en cas de disconformitat, s&#8217;hi pot presentar un recurs davant el director o directora dels serveis territorials o, a la ciutat de Barcelona, davant el o la gerent del Consorci d&#8217;Educaci\u00f3, en el termini de cinc dies h\u00e0bils a partir de l&#8217;endem\u00e0 de la notificaci\u00f3 de la resoluci\u00f3.<\/p>\n<p>En els documents d&#8217;avaluaci\u00f3 de l&#8217;ESO cal fer-hi constar la simultane\u00eftat amb el codi \u201cSim.\u201d, a la columna Mesures d&#8217;atenci\u00f3 a l&#8217;alumnat. La mat\u00e8ria comuna de M\u00fasica ha de constar com a convalidada, i en el bloc d&#8217;optatives ha de constar que l&#8217;optativa est\u00e0 convalidada. En els apartats d&#8217;observacions corresponents cal fer constar la resoluci\u00f3 del director o directora del centre.<\/p>\n<p>Les mat\u00e8ries que s&#8217;hagin convalidat no tenen qualificaci\u00f3 ni computen a l&#8217;efecte de c\u00e0lcul de la nota mitjana.<\/p>\n<p>Si l&#8217;alumne deixa els estudis de m\u00fasica, el conservatori o centre professional ho ha de comunicar al centre de secund\u00e0ria, que ha de prendre les mesures oportunes pel que fa a les mat\u00e8ries convalidades.<\/p>\n<p><b>1.2 Alumnes d&#8217;ESO que cursen estudis de m\u00fasica en una escola de m\u00fasica autoritzada\u00a0<\/b><\/p>\n<p><b><i>Mat\u00e8ries que es poden recon\u00e8ixer<\/i><\/b><i>\u00a0<\/i><\/p>\n<p>Les mat\u00e8ries d&#8217;ESO es poden recon\u00e8ixer d&#8217;acord amb dues situacions diferents, segons les c\u00e0rregues hor\u00e0ries:<\/p>\n<p><b>Situaci\u00f3 1<\/b>. Alumnes amb una dedicaci\u00f3 hor\u00e0ria a l&#8217;escola de m\u00fasica d&#8217;entre 3 i 4 hores setmanals. Se&#8217;ls poden recon\u00e8ixer les mat\u00e8ries seg\u00fcents:<\/p>\n<ul>\n<li>Les mat\u00e8ries optatives de primer a tercer curs d&#8217;ESO<\/li>\n<li>Una mat\u00e8ria optativa de quart curs d&#8217;ESO (fins a un m\u00e0xim de 3 hores)<\/li>\n<\/ul>\n<p>No es poden recon\u00e8ixer les mat\u00e8ries de Cultura i Valors \u00c8tics i de Religi\u00f3, el Treball de S\u00edntesi de primer a tercer ni el Projecte de Recerca de quart curs.<\/p>\n<p><b>Situaci\u00f3 2<\/b>. Alumnes amb una dedicaci\u00f3 hor\u00e0ria a l&#8217;escola de m\u00fasica de 4 hores setmanals o m\u00e9s. Se&#8217;ls poden recon\u00e8ixer les mat\u00e8ries seg\u00fcents:<\/p>\n<ul>\n<li>M\u00fasica (la mat\u00e8ria comuna de primer a tercer curs d&#8217;ESO)<\/li>\n<li>Les mat\u00e8ries optatives de primer a tercer curs d&#8217;ESO<\/li>\n<li>Una mat\u00e8ria optativa de quart curs d&#8217;ESO (fins a un m\u00e0xim de 3 hores)<\/li>\n<\/ul>\n<p>No es poden recon\u00e8ixer les mat\u00e8ries de Cultura i Valors \u00c8tics i de Religi\u00f3, el Treball de S\u00edntesi de primer a tercer ni el Projecte de Recerca de quart curs.<\/p>\n<p><b><i>Documentaci\u00f3 que cal presentar\u00a0<\/i><\/b><\/p>\n<ul>\n<li>\u201cSol\u00b7licitud de reducci\u00f3 de mat\u00e8ries de l&#8217;educaci\u00f3 secund\u00e0ria obligat\u00f2ria (ESO) per als alumnes que cursen estudis de m\u00fasica en un conservatori o en un centre professional o en una escola de m\u00fasica autoritzada\u201d (<a href=\"https:\/\/agora.xtec.cat\/ses-elvern\/wp-content\/uploads\/usu1817\/2020\/10\/EMU1Solicitud.pdf\">EMU1Solicitud<\/a>).<\/li>\n<li>\u201cCertificat expedit per l&#8217;escola de m\u00fasica autoritzada en qu\u00e8 s&#8217;acredita el que fa l&#8217;alumne\/a per al reconeixement dels estudis en l&#8217;ESO\u201d (<a href=\"https:\/\/agora.xtec.cat\/ses-elvern\/wp-content\/uploads\/usu1817\/2020\/10\/CMU2M\u00fasica2.pdf\">CMU2M\u00fasica2<\/a>).<\/li>\n<\/ul>\n<p><b><i>Proc\u00e9s de reconeixement\u00a0<\/i><\/b><\/p>\n<p>L&#8217;interessat presenta al centre on cursa l&#8217;ESO, durant els dos primers mesos de classe, la \u201cSol\u00b7licitud de reducci\u00f3 de mat\u00e8ries de l&#8217;educaci\u00f3 secund\u00e0ria obligat\u00f2ria (ESO) per als alumnes que cursen estudis de m\u00fasica en un conservatori o en un centre professional o en una escola de m\u00fasica autoritzada\u201d (<a href=\"https:\/\/agora.xtec.cat\/ses-elvern\/wp-content\/uploads\/usu1817\/2020\/10\/EMU1Solicitud.pdf\">EMU1Solicitud<\/a>), acompanyada del \u201cCertificat expedit per l&#8217;escola de m\u00fasica autoritzada en qu\u00e8 s&#8217;acredita el que fa l&#8217;alumne\/a per al reconeixement dels estudis en l&#8217;ESO\u201d (<a href=\"https:\/\/agora.xtec.cat\/ses-elvern\/wp-content\/uploads\/usu1817\/2020\/10\/CMU2M\u00fasica2.pdf\">CMU2M\u00fasica2<\/a>).<\/p>\n<p>Quan l&#8217;interessat presenta aquest document, el centre li lliura una fotoc\u00f2pia de la sol\u00b7licitud amb acusament de recepci\u00f3, amb la data i signatura de la persona autoritzada del centre.<\/p>\n<p>El director o directora del centre resol la sol\u00b7licitud seguint el model de la \u201cResoluci\u00f3 per la qual es concedeix el reconeixement de mat\u00e8ries optatives i\/o de la mat\u00e8ria de m\u00fasica de l&#8217;educaci\u00f3 secund\u00e0ria obligat\u00f2ria (ESO) als alumnes que cursen estudis de m\u00fasica en una escola de m\u00fasica autoritzada\u201d (<strong>model EMU3<\/strong>)<\/p>\n<p>La resoluci\u00f3 es notifica per escrit als interessats i, en cas de disconformitat, s&#8217;hi pot presentar un recurs davant el director o directora dels serveis territorials o, a la ciutat de Barcelona, davant el o la gerent del Consorci d&#8217;Educaci\u00f3, en el termini de cinc dies h\u00e0bils a partir de l&#8217;endem\u00e0 de la notificaci\u00f3 de la resoluci\u00f3.<\/p>\n<p>En els documents d&#8217;avaluaci\u00f3 de l&#8217;ESO cal fer constar la simultane\u00eftat amb el codi Simultane\u00eftat d&#8217;estudis d&#8217;ESO o de batxillerat amb estudis de m\u00fasica 5\/15 \u201cSim.\u201d, en la columna Mesures d&#8217;atenci\u00f3 a l&#8217;alumnat. La mat\u00e8ria comuna de M\u00fasica ha de constar com a convalidada, i en el bloc d&#8217;optatives ha de constar que l&#8217;optativa est\u00e0 convalidada. En els apartats d&#8217;observacions corresponents cal fer constar la resoluci\u00f3 del director o directora del centre.<\/p>\n<p>Les mat\u00e8ries que s&#8217;hagin convalidat no tenen qualificaci\u00f3 ni computen a l&#8217;efecte de c\u00e0lcul de la nota mitjana.<\/p>\n<p>Durant el mes de setembre, i amb periodicitat quadrimestral, els dos centres estableixen el \u201cPla de seguiment per als alumnes que cursen simult\u00e0niament l&#8217;etapa d&#8217;ESO i estudis de m\u00fasica en una escola de m\u00fasica autoritzada\u201d (model EMU4).<\/p>\n<p>El director o directora del centre de secund\u00e0ria assigna un professor o professora, preferentment el que imparteix l&#8217;\u00e0rea de m\u00fasica o b\u00e9 un membre de l&#8217;equip directiu, perqu\u00e8 actu\u00ef de referent i de responsable de coordinaci\u00f3 amb el centre de m\u00fasica on l&#8217;alumne est\u00e0 matriculat. El director o directora del centre on est\u00e0 matriculat dels estudis de m\u00fasica actua com a responsable per coordinar-se amb el professor o professora del centre on l&#8217;alumne cursa l&#8217;ESO i fer el seguiment de l&#8217;alumne pel que fa al progr\u00e9s i a l&#8217;assist\u00e8ncia.<\/p>\n<p>Si l&#8217;alumne deixa els estudis de m\u00fasica, l&#8217;escola de m\u00fasica ho ha de comunicar al centre de secund\u00e0ria, que ha de prendre les mesures oportunes amb relaci\u00f3 a les mat\u00e8ries convalidades.<\/p>\n<p>El reconeixement est\u00e0 condicionat a la valoraci\u00f3 favorable del seguiment de l&#8217;alumne. Els alumnes que no compleixin les directrius establertes en el pla de seguiment s&#8217;incorporaran a les mat\u00e8ries de secund\u00e0ria en les condicions que el centre de secund\u00e0ria determini.<\/p>\n<p><strong>Quadre resum:<\/strong><\/p>\n<table style=\"height: 209px;\">\n<tbody>\n<tr style=\"height: 55px;\">\n<td style=\"height: 55px; width: 1356px;\" colspan=\"3\">\n<p style=\"text-align: center;\"><b>ESO M\u00daSICA<\/b><\/p>\n<\/td>\n<\/tr>\n<tr style=\"height: 31px;\">\n<td style=\"text-align: center; height: 31px; width: 540px;\"><b>CONSERVATORI O CENTRE PROFESSIONAL<\/b><\/td>\n<td style=\"text-align: center; height: 31px; width: 814px;\" colspan=\"2\"><b>ESCOLA DE M\u00daSICA AUTORITZADA<\/b><\/td>\n<\/tr>\n<tr style=\"height: 31px;\">\n<td style=\"text-align: center; height: 31px; width: 540px;\">CONVALIDACI\u00d3 M\u00c0XIMA<\/td>\n<td style=\"text-align: center; height: 31px; width: 814px;\" colspan=\"2\">RECONEIXEMENT M\u00c0XIM<\/td>\n<\/tr>\n<tr style=\"height: 46px;\">\n<td style=\"text-align: center; height: 46px; width: 540px;\">M\u00fasica (mat\u00e8ria comuna de 1r a 3r) Les mat\u00e8ries optatives de 1r a 3r (2 hores per curs) Una mat\u00e8ria optativa de 4t (fins a un m\u00e0xim de 3 hores)<\/td>\n<td style=\"text-align: center; height: 46px; width: 339px;\">Les mat\u00e8ries optatives de 1r a 3r Una mat\u00e8ria optativa de 4t (fins a un m\u00e0xim de 3 hores)<\/td>\n<td style=\"text-align: center; height: 46px; width: 473px;\">M\u00fasica (mat\u00e8ria comuna de 1r a 3r) Les mat\u00e8ries optatives de 1r a 3r Una mat\u00e8ria optativa de 4t (fins a un m\u00e0xim de 3 hores)<\/td>\n<\/tr>\n<tr style=\"height: 46px;\">\n<td style=\"text-align: center; height: 46px; width: 540px;\">Models:<b> <a href=\"https:\/\/agora.xtec.cat\/ses-elvern\/wp-content\/uploads\/usu1817\/2020\/10\/EMU1Solicitud.pdf\">EMU1Solicitud<\/a><\/b>: Sol\u00b7licitud alumnes <strong><a href=\"https:\/\/agora.xtec.cat\/ses-elvern\/wp-content\/uploads\/usu1817\/2020\/10\/CMU1M\u00fasica.pdf\">CMU1M\u00fasica<\/a><\/strong>: Certificat conservatori o centre professional <a href=\"http:\/\/educacio.gencat.cat\/documents\/FormularisModels\/CentresGestioAdministrativa\/SimultaneitatMusicaDansa\/A278.pdf\"><b>EMU2<\/b><\/a>: Resoluci\u00f3<\/td>\n<td style=\"text-align: center; height: 46px; width: 814px;\" colspan=\"2\">Models: <b> <a href=\"https:\/\/agora.xtec.cat\/ses-elvern\/wp-content\/uploads\/usu1817\/2020\/10\/EMU1Solicitud.pdf\">EMU1Solicitud<\/a><\/b>: Sol\u00b7licitud alumnes <strong><a href=\"https:\/\/agora.xtec.cat\/ses-elvern\/wp-content\/uploads\/usu1817\/2020\/10\/CMU2M\u00fasica2.pdf\">CMU2M\u00fasica2<\/a><\/strong>: Certificat escola de m\u00fasica autoritzada <a href=\"http:\/\/educacio.gencat.cat\/documents\/FormularisModels\/CentresGestioAdministrativa\/SimultaneitatMusicaDansa\/Y332_067.pdf\"><b>EMU3<\/b><\/a>: Resoluci\u00f3 <a href=\"http:\/\/educacio.gencat.cat\/portal\/page\/portal\/Educacio\/PCentrePrivat\/PCPInici\/PCPCatalegModels\/Simultane%EFtat%20d'estudis%20amb%20m%FAsica%20i%20dansa?_template=\/Educacio\/IDE_ITEM_PLACEHOLDER\"><b>EMU4<\/b><\/a>: Pla de seguiment quadrimestral<\/td>\n<\/tr>\n<\/tbody>\n<\/table>\n<p><strong>M\u00e9s informaci\u00f3 a \u201c<a href=\"https:\/\/agora.xtec.cat\/ses-elvern\/wp-content\/uploads\/usu1817\/2020\/10\/ConvMusica_ESO-Bat.pdf\">ConvMusica_ESO-Bat<\/a>\u201d<\/strong><\/p>\n","protected":false},"excerpt":{"rendered":"<p>Alumnes d&#8217;ESO que cursen estudis de m\u00fasica en un conservatori o en un centre professional\u00a0 Mat\u00e8ries convalidables Es poden convalidar les mat\u00e8ries seg\u00fcents: M\u00fasica (la mat\u00e8ria comuna de primer a tercer curs d&#8217;ESO) Les mat\u00e8ries optatives de primer a tercer curs d&#8217;ESO (2 hores per curs) Una mat\u00e8ria optativa de quart curs d&#8217;ESO (fins a [&hellip;]<\/p>\n","protected":false},"author":1,"featured_media":0,"parent":1766,"menu_order":1,"comment_status":"closed","ping_status":"closed","template":"","meta":{"_bbp_topic_count":0,"_bbp_reply_count":0,"_bbp_total_topic_count":0,"_bbp_total_reply_count":0,"_bbp_voice_count":0,"_bbp_anonymous_reply_count":0,"_bbp_topic_count_hidden":0,"_bbp_reply_count_hidden":0,"_bbp_forum_subforum_count":0,"site-sidebar-layout":"default","site-content-layout":"","ast-site-content-layout":"default","site-content-style":"default","site-sidebar-style":"default","ast-global-header-display":"","ast-banner-title-visibility":"","ast-main-header-display":"","ast-hfb-above-header-display":"","ast-hfb-below-header-display":"","ast-hfb-mobile-header-display":"","site-post-title":"","ast-breadcrumbs-content":"","ast-featured-img":"","footer-sml-layout":"","theme-transparent-header-meta":"","adv-header-id-meta":"","stick-header-meta":"","header-above-stick-meta":"","header-main-stick-meta":"","header-below-stick-meta":"","astra-migrate-meta-layouts":"set","ast-page-background-enabled":"default","ast-page-background-meta":{"desktop":{"background-color":"var(--ast-global-color-4)","background-image":"","background-repeat":"repeat","background-position":"center center","background-size":"auto","background-attachment":"scroll","background-type":"","background-media":"","overlay-type":"","overlay-color":"","overlay-opacity":"","overlay-gradient":""},"tablet":{"background-color":"","background-image":"","background-repeat":"repeat","background-position":"center center","background-size":"auto","background-attachment":"scroll","background-type":"","background-media":"","overlay-type":"","overlay-color":"","overlay-opacity":"","overlay-gradient":""},"mobile":{"background-color":"","background-image":"","background-repeat":"repeat","background-position":"center center","background-size":"auto","background-attachment":"scroll","background-type":"","background-media":"","overlay-type":"","overlay-color":"","overlay-opacity":"","overlay-gradient":""}},"ast-content-background-meta":{"desktop":{"background-color":"var(--ast-global-color-5)","background-image":"","background-repeat":"repeat","background-position":"center center","background-size":"auto","background-attachment":"scroll","background-type":"","background-media":"","overlay-type":"","overlay-color":"","overlay-opacity":"","overlay-gradient":""},"tablet":{"background-color":"var(--ast-global-color-5)","background-image":"","background-repeat":"repeat","background-position":"center center","background-size":"auto","background-attachment":"scroll","background-type":"","background-media":"","overlay-type":"","overlay-color":"","overlay-opacity":"","overlay-gradient":""},"mobile":{"background-color":"var(--ast-global-color-5)","background-image":"","background-repeat":"repeat","background-position":"center center","background-size":"auto","background-attachment":"scroll","background-type":"","background-media":"","overlay-type":"","overlay-color":"","overlay-opacity":"","overlay-gradient":""}},"footnotes":""},"class_list":["post-1770","page","type-page","status-publish","hentry"],"post_mailing_queue_ids":[],"_links":{"self":[{"href":"https:\/\/agora.xtec.cat\/ses-elvern\/wp-json\/wp\/v2\/pages\/1770","targetHints":{"allow":["GET"]}}],"collection":[{"href":"https:\/\/agora.xtec.cat\/ses-elvern\/wp-json\/wp\/v2\/pages"}],"about":[{"href":"https:\/\/agora.xtec.cat\/ses-elvern\/wp-json\/wp\/v2\/types\/page"}],"author":[{"embeddable":true,"href":"https:\/\/agora.xtec.cat\/ses-elvern\/wp-json\/wp\/v2\/users\/1"}],"replies":[{"embeddable":true,"href":"https:\/\/agora.xtec.cat\/ses-elvern\/wp-json\/wp\/v2\/comments?post=1770"}],"version-history":[{"count":5,"href":"https:\/\/agora.xtec.cat\/ses-elvern\/wp-json\/wp\/v2\/pages\/1770\/revisions"}],"predecessor-version":[{"id":10164,"href":"https:\/\/agora.xtec.cat\/ses-elvern\/wp-json\/wp\/v2\/pages\/1770\/revisions\/10164"}],"up":[{"embeddable":true,"href":"https:\/\/agora.xtec.cat\/ses-elvern\/wp-json\/wp\/v2\/pages\/1766"}],"wp:attachment":[{"href":"https:\/\/agora.xtec.cat\/ses-elvern\/wp-json\/wp\/v2\/media?parent=1770"}],"curies":[{"name":"wp","href":"https:\/\/api.w.org\/{rel}","templated":true}]}}