{"id":1736,"date":"2019-09-24T13:02:11","date_gmt":"2019-09-24T11:02:11","guid":{"rendered":"http:\/\/agora.xtec.cat\/ses-elvern\/?page_id=1736"},"modified":"2025-08-20T18:50:48","modified_gmt":"2025-08-20T16:50:48","slug":"normativa-en-lus-dels-ordinadors","status":"publish","type":"page","link":"https:\/\/agora.xtec.cat\/ses-elvern\/families-digitals\/normativa-en-lus-dels-ordinadors\/","title":{"rendered":"Normativa en l&#8217;\u00fas dels ordinadors en pr\u00e9stec"},"content":{"rendered":"<p><img loading=\"lazy\" decoding=\"async\" class=\"size-medium wp-image-1737 aligncenter\" src=\"https:\/\/agora.xtec.cat\/ses-elvern\/wp-content\/uploads\/usu1817\/2019\/09\/laptop-isolated_109327-158-300x261.jpg\" alt=\"\" width=\"300\" height=\"261\" srcset=\"https:\/\/agora.xtec.cat\/ses-elvern\/wp-content\/uploads\/usu1817\/2019\/09\/laptop-isolated_109327-158-300x261.jpg 300w, https:\/\/agora.xtec.cat\/ses-elvern\/wp-content\/uploads\/usu1817\/2019\/09\/laptop-isolated_109327-158.jpg 626w\" sizes=\"auto, (max-width: 300px) 100vw, 300px\" \/><\/p>\n<p>L\u2019Institut El Vern disposa d\u2019un <b>petit banc d\u2019ordinadors netbook<\/b> que pot deixar en pr\u00e9stec a l\u2019alumnat que tingui avariat el seu. En cas que l&#8217;ordinador sigui del propi alumne\/a, per accedir al pr\u00e9stec <b>cal portar un document que acrediti que el seu ordinador est\u00e0 en reparaci\u00f3<\/b>. El document ha de ser em\u00e8s per la botiga o servei t\u00e8cnic on s\u2019ha dut el port\u00e0til. El primer dia que s\u2019accedeix al pr\u00e9stec es lliura el document justificatiu que es queda a secretaria.<\/p>\n<p>En cas que l&#8217;ordinador sigui cedit pel centre (ordinadors del pla digital) <strong>cal informar-ne sempre a la coordinaci\u00f3 digital<\/strong> mitjan\u00e7ant el formulari d&#8217;incid\u00e8ncies que hi ha a la web del centre (<strong><a href=\"https:\/\/forms.gle\/e9JQNYeLJ8G2LCq49\" target=\"_blank\" rel=\"noopener\">Formulari d&#8217;incid\u00e8ncies inform\u00e0tiques<\/a><\/strong>) o a trav\u00e9s del correu electr\u00f2nic a <strong><a href=\"mailto:informatica@institutelvern.cat\" target=\"_blank\" rel=\"noopener\">informatica@institutelvern.cat<\/a> <\/strong>. Un cop validada l&#8217;avaria l&#8217;alumne\/a podr\u00e0 utilitzar un ordinador en pr\u00e9stec fins a la reparaci\u00f3 o substituci\u00f3 del dispositiu.<\/p>\n<p><b>L&#8217;ordinador en pr\u00e9stec s&#8217;ha d&#8217;anar a buscar a secretaria. L&#8217;administratiu del centre li donar\u00e0 un ordinador<\/b> que est\u00e0 etiquetat amb un n\u00famero. Cal anotar el nom i cognom de l\u2019alumne\/a a la llibreta de pr\u00e9stec, la data i fer una signatura (<b>cal signar tan en el moment de rebre l\u2019ordinador com en el moment de retornar-lo<\/b>). L&#8217;ordinador es retorna sempre al final de la jornada, no m\u00e9s tard de les 14:15 a secretaria i cal lliurar-lo en persona a l&#8217;administratiu. Si s&#8217;abandona un ordinador al taulell de secretaria o no es retorna a l&#8217;hora indicada el centre preveu una sanci\u00f3 a l&#8217;alumne\/a que no ha complert la normativa.<\/p>\n<p>L\u2019alumne\/a que rep un ordinador en pr\u00e9stec es compromet a:<\/p>\n<ul>\n<li>Tractar amb cura el port\u00e0til<\/li>\n<li>Fer-ne un \u00fas acad\u00e8mic<\/li>\n<li>Avisar a direcci\u00f3 o a la coordinaci\u00f3 digital de qualsevol incid\u00e8ncia detectada<\/li>\n<li>No esborrar l\u2019historial de navegaci\u00f3<\/li>\n<li>Retornar-lo a secretaria al final del mat\u00ed (no m\u00e9s tard de les 14:15) o quan ja no se n\u2019hagi de fer \u00fas<\/li>\n<\/ul>\n<p>D\u2019altra banda i com a mesura preventiva l\u2019alumne\/a no ha de demanar l\u2019ordinador si no l\u2019ha d\u2019utilitzar per permetre que d\u2019altres persones que s\u00ed el necessiten en puguin fer \u00fas.<\/p>\n<p>En el moment del retorn <b>cal esperar-se que l&#8217;administratiu<\/b>\u00a0verifiqui que s\u2019ha retornat l\u2019ordinador en perfectes condicions.<\/p>\n<p>L\u2019Institut es reserva el dret a no deixar l\u2019ordinador en pr\u00e9stec si es detecta que l\u2019alumne\/a no n\u2019est\u00e0 fent bon \u00fas. Aix\u00f2 inclou no retornar-lo al final del mat\u00ed o deixar-lo oblidat en una aula o al taulell de secretaria.<\/p>\n<p>En cap cas es permetr\u00e0 que l\u2019alumne s\u2019endugui l\u2019ordinador en pr\u00e9stec a casa.<\/p>\n<p><strong>Aquest protocol ha estat revisat el juliol de 2025<\/strong><\/p>\n","protected":false},"excerpt":{"rendered":"<p>L\u2019Institut El Vern disposa d\u2019un petit banc d\u2019ordinadors netbook que pot deixar en pr\u00e9stec a l\u2019alumnat que tingui avariat el seu. En cas que l&#8217;ordinador sigui del propi alumne\/a, per accedir al pr\u00e9stec cal portar un document que acrediti que el seu ordinador est\u00e0 en reparaci\u00f3. El document ha de ser em\u00e8s per la botiga [&hellip;]<\/p>\n","protected":false},"author":1,"featured_media":0,"parent":10015,"menu_order":3,"comment_status":"closed","ping_status":"closed","template":"","meta":{"_bbp_topic_count":0,"_bbp_reply_count":0,"_bbp_total_topic_count":0,"_bbp_total_reply_count":0,"_bbp_voice_count":0,"_bbp_anonymous_reply_count":0,"_bbp_topic_count_hidden":0,"_bbp_reply_count_hidden":0,"_bbp_forum_subforum_count":0,"site-sidebar-layout":"left-sidebar","site-content-layout":"","ast-site-content-layout":"default","site-content-style":"default","site-sidebar-style":"default","ast-global-header-display":"","ast-banner-title-visibility":"","ast-main-header-display":"","ast-hfb-above-header-display":"","ast-hfb-below-header-display":"","ast-hfb-mobile-header-display":"","site-post-title":"","ast-breadcrumbs-content":"","ast-featured-img":"disabled","footer-sml-layout":"","theme-transparent-header-meta":"","adv-header-id-meta":"","stick-header-meta":"","header-above-stick-meta":"","header-main-stick-meta":"","header-below-stick-meta":"","astra-migrate-meta-layouts":"set","ast-page-background-enabled":"default","ast-page-background-meta":{"desktop":{"background-color":"var(--ast-global-color-4)","background-image":"","background-repeat":"repeat","background-position":"center center","background-size":"auto","background-attachment":"scroll","background-type":"","background-media":"","overlay-type":"","overlay-color":"","overlay-opacity":"","overlay-gradient":""},"tablet":{"background-color":"","background-image":"","background-repeat":"repeat","background-position":"center center","background-size":"auto","background-attachment":"scroll","background-type":"","background-media":"","overlay-type":"","overlay-color":"","overlay-opacity":"","overlay-gradient":""},"mobile":{"background-color":"","background-image":"","background-repeat":"repeat","background-position":"center center","background-size":"auto","background-attachment":"scroll","background-type":"","background-media":"","overlay-type":"","overlay-color":"","overlay-opacity":"","overlay-gradient":""}},"ast-content-background-meta":{"desktop":{"background-color":"var(--ast-global-color-5)","background-image":"","background-repeat":"repeat","background-position":"center center","background-size":"auto","background-attachment":"scroll","background-type":"","background-media":"","overlay-type":"","overlay-color":"","overlay-opacity":"","overlay-gradient":""},"tablet":{"background-color":"var(--ast-global-color-5)","background-image":"","background-repeat":"repeat","background-position":"center center","background-size":"auto","background-attachment":"scroll","background-type":"","background-media":"","overlay-type":"","overlay-color":"","overlay-opacity":"","overlay-gradient":""},"mobile":{"background-color":"var(--ast-global-color-5)","background-image":"","background-repeat":"repeat","background-position":"center center","background-size":"auto","background-attachment":"scroll","background-type":"","background-media":"","overlay-type":"","overlay-color":"","overlay-opacity":"","overlay-gradient":""}},"footnotes":""},"class_list":["post-1736","page","type-page","status-publish","hentry"],"post_mailing_queue_ids":[],"_links":{"self":[{"href":"https:\/\/agora.xtec.cat\/ses-elvern\/wp-json\/wp\/v2\/pages\/1736","targetHints":{"allow":["GET"]}}],"collection":[{"href":"https:\/\/agora.xtec.cat\/ses-elvern\/wp-json\/wp\/v2\/pages"}],"about":[{"href":"https:\/\/agora.xtec.cat\/ses-elvern\/wp-json\/wp\/v2\/types\/page"}],"author":[{"embeddable":true,"href":"https:\/\/agora.xtec.cat\/ses-elvern\/wp-json\/wp\/v2\/users\/1"}],"replies":[{"embeddable":true,"href":"https:\/\/agora.xtec.cat\/ses-elvern\/wp-json\/wp\/v2\/comments?post=1736"}],"version-history":[{"count":6,"href":"https:\/\/agora.xtec.cat\/ses-elvern\/wp-json\/wp\/v2\/pages\/1736\/revisions"}],"predecessor-version":[{"id":10046,"href":"https:\/\/agora.xtec.cat\/ses-elvern\/wp-json\/wp\/v2\/pages\/1736\/revisions\/10046"}],"up":[{"embeddable":true,"href":"https:\/\/agora.xtec.cat\/ses-elvern\/wp-json\/wp\/v2\/pages\/10015"}],"wp:attachment":[{"href":"https:\/\/agora.xtec.cat\/ses-elvern\/wp-json\/wp\/v2\/media?parent=1736"}],"curies":[{"name":"wp","href":"https:\/\/api.w.org\/{rel}","templated":true}]}}