{"id":1724,"date":"2019-09-23T15:54:07","date_gmt":"2019-09-23T13:54:07","guid":{"rendered":"http:\/\/agora.xtec.cat\/ses-elvern\/?page_id=1724"},"modified":"2024-06-30T10:51:00","modified_gmt":"2024-06-30T08:51:00","slug":"documents-en-cas-dabsencia-de-lalumnat","status":"publish","type":"page","link":"https:\/\/agora.xtec.cat\/ses-elvern\/curs-2025-2026\/documents-en-cas-dabsencia-de-lalumnat\/","title":{"rendered":"Gesti\u00f3 d&#8217;abs\u00e8ncies de l&#8217;alumnat"},"content":{"rendered":"<p>En cas que l&#8217;alumnat falti i ho s\u00e0piga amb antel\u00b7laci\u00f3 la fam\u00edlia podr\u00e0 justificar-la informant-ne a trav\u00e9s del correu electr\u00f2nic a <strong>consergeria@institutelvern.cat\u00a0 o al seu tutor\/a de grup.<\/strong><\/p>\n<p>Tamb\u00e9 es pot trucar a primera hora del mat\u00ed, entre les 7:50 i les 8:30 al centre al tel\u00e8fon<strong> 93 844 55 14.<\/strong><\/p>\n<p>Tamb\u00e9 es es pot justificar la falta amb posterioritat amb un document imprimible si es considera necessari aportar algun document acreditatiu de l&#8217;abs\u00e8ncia: <strong><a href=\"https:\/\/agora.xtec.cat\/ses-elvern\/wp-content\/uploads\/usu1817\/2019\/09\/justificacio\u0301-abse\u0300ncies-alumnat.pdf\">justificacio\u0301 abse\u0300ncies alumnat<\/a><\/strong><\/p>\n<p>Si l&#8217;alumnat ha faltat a una classe on es feia una prova\/examen, cal que demani fer l&#8217;examen per escrit entregant aquest document al professor\/a de la mat\u00e8ria en q\u00fcesti\u00f3.<\/p>\n<p><strong><a href=\"https:\/\/agora.xtec.cat\/ses-elvern\/wp-content\/uploads\/usu1817\/2019\/09\/sol.licitud-de-repeticio\u0301-dun-examen-per-abse\u0300ncia-justificada.pdf\">sol\u00b7licitud de repeticio\u0301 d&#8217;un examen per abse\u0300ncia justificada<\/a><\/strong><\/p>\n<p>Sempre que no s&#8217;informa de l&#8217;abs\u00e8ncia o el retard d&#8217;un alumne\/a a primera hora del mat\u00ed, s&#8217;envia una notificaci\u00f3 a la fam\u00edlia mitjan\u00e7ant un av\u00eds a l&#8217;app TokApp o una trucada si no teniu instal\u00b7lada l&#8217;aplicaci\u00f3. S<span style=\"font-weight: 400;\">i es d\u00f3na el cas que rebeu l\u2019av\u00eds que el vostre fill\/a no \u00e9s al centre, per\u00f2 vosaltres sabeu segur que hi \u00e9s truqueu-nos i no us espanteu, pot haver arribat tard i no se l\u2019ha registrat a l\u2019entrada o pot haver-hi hagut algun error en el moment de passar llista.<\/span><\/p>\n<p>&nbsp;<\/p>\n<p><img loading=\"lazy\" decoding=\"async\" class=\"wp-image-1727 aligncenter\" src=\"https:\/\/agora.xtec.cat\/ses-elvern\/wp-content\/uploads\/usu1817\/2019\/09\/920x920-300x257.jpg\" alt=\"\" width=\"568\" height=\"487\" srcset=\"https:\/\/agora.xtec.cat\/ses-elvern\/wp-content\/uploads\/usu1817\/2019\/09\/920x920-300x257.jpg 300w, https:\/\/agora.xtec.cat\/ses-elvern\/wp-content\/uploads\/usu1817\/2019\/09\/920x920-768x658.jpg 768w, https:\/\/agora.xtec.cat\/ses-elvern\/wp-content\/uploads\/usu1817\/2019\/09\/920x920.jpg 920w\" sizes=\"auto, (max-width: 568px) 100vw, 568px\" \/><\/p>\n","protected":false},"excerpt":{"rendered":"<p>En cas que l&#8217;alumnat falti i ho s\u00e0piga amb antel\u00b7laci\u00f3 la fam\u00edlia podr\u00e0 justificar-la informant-ne a trav\u00e9s del correu electr\u00f2nic a consergeria@institutelvern.cat\u00a0 o al seu tutor\/a de grup. Tamb\u00e9 es pot trucar a primera hora del mat\u00ed, entre les 7:50 i les 8:30 al centre al tel\u00e8fon 93 844 55 14. Tamb\u00e9 es es pot [&hellip;]<\/p>\n","protected":false},"author":1,"featured_media":0,"parent":1570,"menu_order":8,"comment_status":"closed","ping_status":"closed","template":"page-templates\/side-menu.php","meta":{"_bbp_topic_count":0,"_bbp_reply_count":0,"_bbp_total_topic_count":0,"_bbp_total_reply_count":0,"_bbp_voice_count":0,"_bbp_anonymous_reply_count":0,"_bbp_topic_count_hidden":0,"_bbp_reply_count_hidden":0,"_bbp_forum_subforum_count":0,"site-sidebar-layout":"default","site-content-layout":"","ast-site-content-layout":"","site-content-style":"default","site-sidebar-style":"default","ast-global-header-display":"","ast-banner-title-visibility":"","ast-main-header-display":"","ast-hfb-above-header-display":"","ast-hfb-below-header-display":"","ast-hfb-mobile-header-display":"","site-post-title":"","ast-breadcrumbs-content":"","ast-featured-img":"","footer-sml-layout":"","theme-transparent-header-meta":"","adv-header-id-meta":"","stick-header-meta":"","header-above-stick-meta":"","header-main-stick-meta":"","header-below-stick-meta":"","astra-migrate-meta-layouts":"default","ast-page-background-enabled":"default","ast-page-background-meta":{"desktop":{"background-color":"var(--ast-global-color-4)","background-image":"","background-repeat":"repeat","background-position":"center center","background-size":"auto","background-attachment":"scroll","background-type":"","background-media":"","overlay-type":"","overlay-color":"","overlay-opacity":"","overlay-gradient":""},"tablet":{"background-color":"","background-image":"","background-repeat":"repeat","background-position":"center center","background-size":"auto","background-attachment":"scroll","background-type":"","background-media":"","overlay-type":"","overlay-color":"","overlay-opacity":"","overlay-gradient":""},"mobile":{"background-color":"","background-image":"","background-repeat":"repeat","background-position":"center center","background-size":"auto","background-attachment":"scroll","background-type":"","background-media":"","overlay-type":"","overlay-color":"","overlay-opacity":"","overlay-gradient":""}},"ast-content-background-meta":{"desktop":{"background-color":"var(--ast-global-color-5)","background-image":"","background-repeat":"repeat","background-position":"center center","background-size":"auto","background-attachment":"scroll","background-type":"","background-media":"","overlay-type":"","overlay-color":"","overlay-opacity":"","overlay-gradient":""},"tablet":{"background-color":"var(--ast-global-color-5)","background-image":"","background-repeat":"repeat","background-position":"center center","background-size":"auto","background-attachment":"scroll","background-type":"","background-media":"","overlay-type":"","overlay-color":"","overlay-opacity":"","overlay-gradient":""},"mobile":{"background-color":"var(--ast-global-color-5)","background-image":"","background-repeat":"repeat","background-position":"center center","background-size":"auto","background-attachment":"scroll","background-type":"","background-media":"","overlay-type":"","overlay-color":"","overlay-opacity":"","overlay-gradient":""}},"footnotes":""},"class_list":["post-1724","page","type-page","status-publish","hentry"],"post_mailing_queue_ids":[],"_links":{"self":[{"href":"https:\/\/agora.xtec.cat\/ses-elvern\/wp-json\/wp\/v2\/pages\/1724","targetHints":{"allow":["GET"]}}],"collection":[{"href":"https:\/\/agora.xtec.cat\/ses-elvern\/wp-json\/wp\/v2\/pages"}],"about":[{"href":"https:\/\/agora.xtec.cat\/ses-elvern\/wp-json\/wp\/v2\/types\/page"}],"author":[{"embeddable":true,"href":"https:\/\/agora.xtec.cat\/ses-elvern\/wp-json\/wp\/v2\/users\/1"}],"replies":[{"embeddable":true,"href":"https:\/\/agora.xtec.cat\/ses-elvern\/wp-json\/wp\/v2\/comments?post=1724"}],"version-history":[{"count":5,"href":"https:\/\/agora.xtec.cat\/ses-elvern\/wp-json\/wp\/v2\/pages\/1724\/revisions"}],"predecessor-version":[{"id":10389,"href":"https:\/\/agora.xtec.cat\/ses-elvern\/wp-json\/wp\/v2\/pages\/1724\/revisions\/10389"}],"up":[{"embeddable":true,"href":"https:\/\/agora.xtec.cat\/ses-elvern\/wp-json\/wp\/v2\/pages\/1570"}],"wp:attachment":[{"href":"https:\/\/agora.xtec.cat\/ses-elvern\/wp-json\/wp\/v2\/media?parent=1724"}],"curies":[{"name":"wp","href":"https:\/\/api.w.org\/{rel}","templated":true}]}}