{"id":1707,"date":"2019-09-18T23:35:17","date_gmt":"2019-09-18T21:35:17","guid":{"rendered":"http:\/\/agora.xtec.cat\/ses-elvern\/?page_id=1707"},"modified":"2025-11-03T17:36:32","modified_gmt":"2025-11-03T16:36:32","slug":"criteris-davaluacio-2024-2025","status":"publish","type":"page","link":"https:\/\/agora.xtec.cat\/ses-elvern\/curs-2025-2026\/criteris-davaluacio-2024-2025\/","title":{"rendered":"Criteris d&#8217;Avaluaci\u00f3 2025\/2026"},"content":{"rendered":"\n<div class=\"wp-block-columns is-layout-flex wp-container-core-columns-is-layout-1 wp-block-columns-is-layout-flex\">\n<div class=\"wp-block-column is-layout-flow wp-block-column-is-layout-flow\">\n<p><\/p>\n\n\n\n<figure class=\"wp-block-image aligncenter\"><img loading=\"lazy\" decoding=\"async\" width=\"300\" height=\"287\" src=\"https:\/\/agora.xtec.cat\/ses-elvern\/wp-content\/uploads\/usu1817\/2019\/09\/Screen-Shot-2019-09-18-at-23.26.30-300x287.png\" alt=\"\" class=\"wp-image-1708\" srcset=\"https:\/\/agora.xtec.cat\/ses-elvern\/wp-content\/uploads\/usu1817\/2019\/09\/Screen-Shot-2019-09-18-at-23.26.30-300x287.png 300w, https:\/\/agora.xtec.cat\/ses-elvern\/wp-content\/uploads\/usu1817\/2019\/09\/Screen-Shot-2019-09-18-at-23.26.30.png 728w\" sizes=\"auto, (max-width: 300px) 100vw, 300px\" \/><\/figure>\n\n\n\n<h3 class=\"wp-block-heading has-text-align-center has-vivid-red-color has-text-color has-link-color wp-elements-1bfb0d8f6b84542ebd9c428a2b6e0612\">Consulta els diferents criteris d&#8217;avaluaci\u00f3 utilitzant els desplegables<\/h3>\n<\/div>\n\n\n\n<div class=\"wp-block-column is-layout-flow wp-block-column-is-layout-flow\">\n<figure class=\"wp-block-image aligncenter size-large is-resized\"><img loading=\"lazy\" decoding=\"async\" width=\"1024\" height=\"1024\" src=\"https:\/\/agora.xtec.cat\/ses-elvern\/wp-content\/uploads\/usu1817\/ambit-llengues-1-1024x1024.jpg\" alt=\"\" class=\"wp-image-10422\" style=\"width:149px;height:auto\" srcset=\"https:\/\/agora.xtec.cat\/ses-elvern\/wp-content\/uploads\/usu1817\/ambit-llengues-1-1024x1024.jpg 1024w, https:\/\/agora.xtec.cat\/ses-elvern\/wp-content\/uploads\/usu1817\/ambit-llengues-1-300x300.jpg 300w, https:\/\/agora.xtec.cat\/ses-elvern\/wp-content\/uploads\/usu1817\/ambit-llengues-1-150x150.jpg 150w, https:\/\/agora.xtec.cat\/ses-elvern\/wp-content\/uploads\/usu1817\/ambit-llengues-1-768x768.jpg 768w, https:\/\/agora.xtec.cat\/ses-elvern\/wp-content\/uploads\/usu1817\/ambit-llengues-1.jpg 1300w\" sizes=\"auto, (max-width: 1024px) 100vw, 1024px\" \/><\/figure>\n\n\n\n<h4 class=\"wp-block-heading has-text-align-center has-ast-global-color-1-color has-text-color has-link-color wp-elements-0385eaf109d5183dedc64dc7513f2ee2\">\u00c0mbit de lleng\u00fces<\/h4>\n\n\n\n<div class=\"wp-block-getwid-accordion has-icon-left\" data-active-element=\"none\">\n<div class=\"wp-block-getwid-accordion__header-wrapper\"><span class=\"wp-block-getwid-accordion__header\"><a href=\"#\"><span class=\"wp-block-getwid-accordion__header-title\">Criteris d&#8217;avaluaci\u00f3 de Catal\u00e0 i Castell\u00e0<\/span><span class=\"wp-block-getwid-accordion__icon is-active\"><i class=\"fas fa-plus\"><\/i><\/span><span class=\"wp-block-getwid-accordion__icon is-passive\"><i class=\"fas fa-minus\"><\/i><\/span><\/a><\/span><\/div><div class=\"wp-block-getwid-accordion__content-wrapper\"><div class=\"wp-block-getwid-accordion__content\">\n<p><a href=\"https:\/\/agora.xtec.cat\/ses-elvern\/wp-content\/uploads\/usu1817\/25-26-Criteris-davaluacio-CAT_CAST-.pdf\" target=\"_blank\" rel=\"noreferrer noopener\">Llegeix els criteris d&#8217;avaluaci\u00f3 de Llengua catalana i llengua castellana<\/a><\/p>\n<\/div><\/div>\n\n\n\n<div class=\"wp-block-getwid-accordion__header-wrapper\"><span class=\"wp-block-getwid-accordion__header\"><a href=\"#\"><span class=\"wp-block-getwid-accordion__header-title\">Criteris d&#8217;avaluaci\u00f3 de Lleng\u00fces estrangeres<\/span><span class=\"wp-block-getwid-accordion__icon is-active\"><i class=\"fas fa-plus\"><\/i><\/span><span class=\"wp-block-getwid-accordion__icon is-passive\"><i class=\"fas fa-minus\"><\/i><\/span><\/a><\/span><\/div><div class=\"wp-block-getwid-accordion__content-wrapper\"><div class=\"wp-block-getwid-accordion__content\">\n<p><a href=\"https:\/\/agora.xtec.cat\/ses-elvern\/wp-content\/uploads\/usu1817\/25-26-ANGLES-CRITERIS-DAVALUACIO-.pdf\" target=\"_blank\" rel=\"noreferrer noopener\">Llegeix els criteris d&#8217;avaluaci\u00f3 d&#8217;Angl\u00e8s<\/a><\/p>\n\n\n\n<p><a href=\"https:\/\/agora.xtec.cat\/ses-elvern\/wp-content\/uploads\/usu1817\/25-26-FRANCES-CRITERIS-DAVALUACIO-.pdf\" target=\"_blank\" rel=\"noreferrer noopener\">Llegeix els criteris d&#8217;avaluaci\u00f3 de Franc\u00e8s<\/a><\/p>\n<\/div><\/div>\n<\/div>\n<\/div>\n<\/div>\n\n\n\n<div class=\"wp-block-columns is-layout-flex wp-container-core-columns-is-layout-2 wp-block-columns-is-layout-flex\">\n<div class=\"wp-block-column is-layout-flow wp-block-column-is-layout-flow\">\n<figure class=\"wp-block-image aligncenter size-full is-resized\"><img loading=\"lazy\" decoding=\"async\" width=\"657\" height=\"490\" src=\"https:\/\/agora.xtec.cat\/ses-elvern\/wp-content\/uploads\/usu1817\/ambit-ciencia-i-tecnologia.jpg\" alt=\"\" class=\"wp-image-10421\" style=\"width:149px\" srcset=\"https:\/\/agora.xtec.cat\/ses-elvern\/wp-content\/uploads\/usu1817\/ambit-ciencia-i-tecnologia.jpg 657w, https:\/\/agora.xtec.cat\/ses-elvern\/wp-content\/uploads\/usu1817\/ambit-ciencia-i-tecnologia-300x224.jpg 300w\" sizes=\"auto, (max-width: 657px) 100vw, 657px\" \/><\/figure>\n\n\n\n<h4 class=\"wp-block-heading has-text-align-center\"><strong><span style=\"color: #993300;\">\u00c0mbit cient\u00edfic i tecnol\u00f2gic<\/span><\/strong><\/h4>\n\n\n\n<div class=\"wp-block-getwid-accordion has-icon-left\" data-active-element=\"none\">\n<div class=\"wp-block-getwid-accordion__header-wrapper\"><span class=\"wp-block-getwid-accordion__header\"><a href=\"#\"><span class=\"wp-block-getwid-accordion__header-title\">Criteris d&#8217;avaluaci\u00f3 de Matem\u00e0tiques<\/span><span class=\"wp-block-getwid-accordion__icon is-active\"><i class=\"fas fa-plus\"><\/i><\/span><span class=\"wp-block-getwid-accordion__icon is-passive\"><i class=\"fas fa-minus\"><\/i><\/span><\/a><\/span><\/div><div class=\"wp-block-getwid-accordion__content-wrapper\"><div class=\"wp-block-getwid-accordion__content\">\n<p><a href=\"https:\/\/agora.xtec.cat\/ses-elvern\/wp-content\/uploads\/usu1817\/Matematiques-CA-2025-2026.pdf\" target=\"_blank\" rel=\"noreferrer noopener\">Llegeix els criteris d&#8217;avaluaci\u00f3 de matem\u00e0tiques<\/a><\/p>\n<\/div><\/div>\n\n\n\n<div class=\"wp-block-getwid-accordion__header-wrapper\"><span class=\"wp-block-getwid-accordion__header\"><a href=\"#\"><span class=\"wp-block-getwid-accordion__header-title\">Criteris d&#8217;avaluaci\u00f3 de Ci\u00e8ncies<\/span><span class=\"wp-block-getwid-accordion__icon is-active\"><i class=\"fas fa-plus\"><\/i><\/span><span class=\"wp-block-getwid-accordion__icon is-passive\"><i class=\"fas fa-minus\"><\/i><\/span><\/a><\/span><\/div><div class=\"wp-block-getwid-accordion__content-wrapper\"><div class=\"wp-block-getwid-accordion__content\">\n<p><a href=\"https:\/\/agora.xtec.cat\/ses-elvern\/wp-content\/uploads\/usu1817\/Ciencies-BiG-CA-2025-2026.pdf\" target=\"_blank\" rel=\"noreferrer noopener\">Llegeix els criteris d&#8217;avaluaci\u00f3 de Biologia i Geologia<\/a><\/p>\n\n\n\n<p><a href=\"https:\/\/agora.xtec.cat\/ses-elvern\/wp-content\/uploads\/usu1817\/Ciencies-FiQ-CA-2025-2026.pdf\" target=\"_blank\" rel=\"noreferrer noopener\">Llegeix els criteris d&#8217;avaluaci\u00f3 de F\u00edsica i Qu\u00edmica<\/a><\/p>\n<\/div><\/div>\n\n\n\n<div class=\"wp-block-getwid-accordion__header-wrapper\"><span class=\"wp-block-getwid-accordion__header\"><a href=\"#\"><span class=\"wp-block-getwid-accordion__header-title\">Criteris d&#8217;avaluaci\u00f3 de Tecnologia i digitalitzaci\u00f3<\/span><span class=\"wp-block-getwid-accordion__icon is-active\"><i class=\"fas fa-plus\"><\/i><\/span><span class=\"wp-block-getwid-accordion__icon is-passive\"><i class=\"fas fa-minus\"><\/i><\/span><\/a><\/span><\/div><div class=\"wp-block-getwid-accordion__content-wrapper\"><div class=\"wp-block-getwid-accordion__content\">\n<p><a href=\"https:\/\/agora.xtec.cat\/ses-elvern\/wp-content\/uploads\/usu1817\/Tecnologia-i-digitalitzacio-CA-2025-2026.pdf\" target=\"_blank\" rel=\"noreferrer noopener\">Llegeix els criteris de Tecnologia i digitalitzaci\u00f3<\/a><\/p>\n\n\n\n<p><a href=\"https:\/\/agora.xtec.cat\/ses-elvern\/wp-content\/uploads\/usu1817\/Robotica-i-Programacio-3r-CA-1.pdf\" target=\"_blank\" rel=\"noreferrer noopener\">Llegeix els criteris de rob\u00f2tica de 3r d&#8217;ESO<\/a><\/p>\n\n\n\n<p><a href=\"https:\/\/agora.xtec.cat\/ses-elvern\/wp-content\/uploads\/usu1817\/Digitalitzacio-4t-CA-1.pdf\" target=\"_blank\" rel=\"noreferrer noopener\">Llegeix els criteris de digitalitzaci\u00f3 de 4t d&#8217;ESO<\/a><\/p>\n\n\n\n<p><a href=\"https:\/\/agora.xtec.cat\/ses-elvern\/wp-content\/uploads\/usu1817\/Tecnologia-4t-CA-1.pdf\" target=\"_blank\" rel=\"noreferrer noopener\">Llegeix els criteris de Tecnologia de 4t d&#8217;ESO<\/a><\/p>\n<\/div><\/div>\n<\/div>\n<\/div>\n\n\n\n<div class=\"wp-block-column is-layout-flow wp-block-column-is-layout-flow\">\n<figure class=\"wp-block-image aligncenter size-full is-resized\"><img loading=\"lazy\" decoding=\"async\" width=\"980\" height=\"980\" src=\"https:\/\/agora.xtec.cat\/ses-elvern\/wp-content\/uploads\/usu1817\/ambit-social.jpg\" alt=\"\" class=\"wp-image-10423\" style=\"width:149px\" srcset=\"https:\/\/agora.xtec.cat\/ses-elvern\/wp-content\/uploads\/usu1817\/ambit-social.jpg 980w, https:\/\/agora.xtec.cat\/ses-elvern\/wp-content\/uploads\/usu1817\/ambit-social-300x300.jpg 300w, https:\/\/agora.xtec.cat\/ses-elvern\/wp-content\/uploads\/usu1817\/ambit-social-150x150.jpg 150w, https:\/\/agora.xtec.cat\/ses-elvern\/wp-content\/uploads\/usu1817\/ambit-social-768x768.jpg 768w\" sizes=\"auto, (max-width: 980px) 100vw, 980px\" \/><\/figure>\n\n\n\n<h4 class=\"wp-block-heading has-text-align-center\"><span style=\"color: #993300;\"><strong>\u00c0mbit social<\/strong><\/span><\/h4>\n\n\n\n<div class=\"wp-block-getwid-accordion has-icon-left\" data-active-element=\"none\">\n<div class=\"wp-block-getwid-accordion__header-wrapper\"><span class=\"wp-block-getwid-accordion__header\"><a href=\"#\"><span class=\"wp-block-getwid-accordion__header-title\">Criteris d&#8217;avaluaci\u00f3 de Ci\u00e8ncies Socials<\/span><span class=\"wp-block-getwid-accordion__icon is-active\"><i class=\"fas fa-plus\"><\/i><\/span><span class=\"wp-block-getwid-accordion__icon is-passive\"><i class=\"fas fa-minus\"><\/i><\/span><\/a><\/span><\/div><div class=\"wp-block-getwid-accordion__content-wrapper\"><div class=\"wp-block-getwid-accordion__content\">\n<p><a href=\"https:\/\/agora.xtec.cat\/ses-elvern\/wp-content\/uploads\/usu1817\/CRITERIS-DAVALUACIO-SOCIALS-25-26-.pdf\" target=\"_blank\" rel=\"noreferrer noopener\">Llegeix els criteris de Ci\u00e8ncies Socials<\/a><\/p>\n\n\n\n<p><a href=\"https:\/\/agora.xtec.cat\/ses-elvern\/wp-content\/uploads\/usu1817\/CRITERIS-DAVALUACIO-ECONOMIA-25-26.docx.pdf\" target=\"_blank\" rel=\"noreferrer noopener\">Llegeix els criteris d&#8217;Economia de 4t d&#8217;ESO  (optativa)<\/a><\/p>\n\n\n\n<p><a href=\"https:\/\/agora.xtec.cat\/ses-elvern\/wp-content\/uploads\/usu1817\/CRITERIS-DAVALUACIO-EMPRENEDORIA-25-26.docx.pdf\" target=\"_blank\" rel=\"noreferrer noopener\">Llegeix els criteris d&#8217;emprenedoria (optativa)<\/a><\/p>\n<\/div><\/div>\n\n\n\n<div class=\"wp-block-getwid-accordion__header-wrapper\"><span class=\"wp-block-getwid-accordion__header\"><a href=\"#\"><span class=\"wp-block-getwid-accordion__header-title\">Criteris d&#8217;avaluaci\u00f3 d&#8217;Humanitats<\/span><span class=\"wp-block-getwid-accordion__icon is-active\"><i class=\"fas fa-plus\"><\/i><\/span><span class=\"wp-block-getwid-accordion__icon is-passive\"><i class=\"fas fa-minus\"><\/i><\/span><\/a><\/span><\/div><div class=\"wp-block-getwid-accordion__content-wrapper\"><div class=\"wp-block-getwid-accordion__content\">\n<p><a href=\"https:\/\/agora.xtec.cat\/ses-elvern\/wp-content\/uploads\/usu1817\/CRITERIS-DAVALUACIO-LLATI-25-26.docx.pdf\" target=\"_blank\" rel=\"noreferrer noopener\">Llegeix els criteris de Llat\u00ed de 4t d&#8217;ESO (optativa)<\/a><\/p>\n\n\n\n<p><a href=\"https:\/\/agora.xtec.cat\/ses-elvern\/wp-content\/uploads\/usu1817\/CRITERIS-DAVALUACIO-CULTURA-CLASSICA-25-26.docx.pdf\" target=\"_blank\" rel=\"noreferrer noopener\">Llegeix els criteris  de Cultura Cl\u00e0ssica (optativa)<\/a><\/p>\n\n\n\n<p><a href=\"https:\/\/agora.xtec.cat\/ses-elvern\/wp-content\/uploads\/usu1817\/CRITERIS-DAVALUACIO-DE-FILOSOFIA-25-26.docx.pdf\" target=\"_blank\" rel=\"noreferrer noopener\">Llegeix els criteris de Filosofia de 4t d&#8217;ESO (optativa)<\/a><\/p>\n\n\n\n<p><a href=\"https:\/\/agora.xtec.cat\/ses-elvern\/wp-content\/uploads\/usu1817\/CRITERIS-DAVALUACIO-VALORS-CIVICS-I-ETICS-4t-ESO-25-26.pdf\" target=\"_blank\" rel=\"noreferrer noopener\">Llegeix els criteris de Valors \u00c8tico-c\u00edvics de 4t d&#8217;ESO<\/a><\/p>\n\n\n\n<p><a href=\"https:\/\/agora.xtec.cat\/ses-elvern\/wp-content\/uploads\/usu1817\/CRITERIS-DAVALUACIO-RELIGIO-25-26.docx.pdf\" target=\"_blank\" rel=\"noreferrer noopener\">Llegeix els criteris de Religi\u00f3<\/a><\/p>\n<\/div><\/div>\n<\/div>\n<\/div>\n<\/div>\n\n\n\n<p>&nbsp;<\/p>\n\n\n\n<div class=\"wp-block-columns is-layout-flex wp-container-core-columns-is-layout-3 wp-block-columns-is-layout-flex\">\n<div class=\"wp-block-column is-layout-flow wp-block-column-is-layout-flow\">\n<figure class=\"wp-block-image aligncenter size-full is-resized\"><img loading=\"lazy\" decoding=\"async\" width=\"740\" height=\"740\" src=\"https:\/\/agora.xtec.cat\/ses-elvern\/wp-content\/uploads\/usu1817\/ambit-artistic.avif\" alt=\"\" class=\"wp-image-10424\" style=\"width:149px\"\/><\/figure>\n\n\n\n<h4 class=\"wp-block-heading has-text-align-center\"><strong><span style=\"color: #993300;\">\u00c0mbit art\u00edstic<\/span><\/strong><\/h4>\n\n\n\n<div class=\"wp-block-getwid-accordion has-icon-left\" data-active-element=\"none\">\n<div class=\"wp-block-getwid-accordion__header-wrapper\"><span class=\"wp-block-getwid-accordion__header\"><a href=\"#\"><span class=\"wp-block-getwid-accordion__header-title\">Criteris d&#8217;avaluaci\u00f3 d&#8217;Educaci\u00f3 Visual i Audiovisual<\/span><span class=\"wp-block-getwid-accordion__icon is-active\"><i class=\"fas fa-plus\"><\/i><\/span><span class=\"wp-block-getwid-accordion__icon is-passive\"><i class=\"fas fa-minus\"><\/i><\/span><\/a><\/span><\/div><div class=\"wp-block-getwid-accordion__content-wrapper\"><div class=\"wp-block-getwid-accordion__content\">\n<p><a href=\"https:\/\/agora.xtec.cat\/ses-elvern\/wp-content\/uploads\/usu1817\/CRITERIS-DAVALUACIO-EPViA-25-26-.pdf\" target=\"_blank\" rel=\"noreferrer noopener\">Llegeix els criteris d&#8217;EPViA<\/a><\/p>\n<\/div><\/div>\n\n\n\n<div class=\"wp-block-getwid-accordion__header-wrapper\"><span class=\"wp-block-getwid-accordion__header\"><a href=\"#\"><span class=\"wp-block-getwid-accordion__header-title\">Criteris d&#8217;avaluaci\u00f3 de M\u00fasica <\/span><span class=\"wp-block-getwid-accordion__icon is-active\"><i class=\"fas fa-plus\"><\/i><\/span><span class=\"wp-block-getwid-accordion__icon is-passive\"><i class=\"fas fa-minus\"><\/i><\/span><\/a><\/span><\/div><div class=\"wp-block-getwid-accordion__content-wrapper\"><div class=\"wp-block-getwid-accordion__content\">\n<p><a href=\"https:\/\/agora.xtec.cat\/ses-elvern\/wp-content\/uploads\/usu1817\/CRITERIS-DAVALUACIO-MUSICA-25-26-1r-i-2n-dESO.pdf\" target=\"_blank\" rel=\"noreferrer noopener\">Llegeix els criteris de m\u00fasica de 1r i 2n d&#8217;ESO<\/a><\/p>\n\n\n\n<p><a href=\"https:\/\/agora.xtec.cat\/ses-elvern\/wp-content\/uploads\/usu1817\/CRITERIS-DAVALUACIO-MUSICA-25-26-4t-dESO.pdf\" target=\"_blank\" rel=\"noreferrer noopener\">Llegeix els criteris de m\u00fasica de 4t d&#8217;ESO (optativa)<\/a><\/p>\n<\/div><\/div>\n<\/div>\n<\/div>\n\n\n\n<div class=\"wp-block-column is-layout-flow wp-block-column-is-layout-flow\">\n<figure class=\"wp-block-image aligncenter size-large is-resized\"><img loading=\"lazy\" decoding=\"async\" width=\"1024\" height=\"1024\" src=\"https:\/\/agora.xtec.cat\/ses-elvern\/wp-content\/uploads\/usu1817\/ambit-educacio-fisica-1024x1024.jpg\" alt=\"\" class=\"wp-image-10425\" style=\"width:149px\" srcset=\"https:\/\/agora.xtec.cat\/ses-elvern\/wp-content\/uploads\/usu1817\/ambit-educacio-fisica-1024x1024.jpg 1024w, https:\/\/agora.xtec.cat\/ses-elvern\/wp-content\/uploads\/usu1817\/ambit-educacio-fisica-300x300.jpg 300w, https:\/\/agora.xtec.cat\/ses-elvern\/wp-content\/uploads\/usu1817\/ambit-educacio-fisica-150x150.jpg 150w, https:\/\/agora.xtec.cat\/ses-elvern\/wp-content\/uploads\/usu1817\/ambit-educacio-fisica-768x768.jpg 768w, https:\/\/agora.xtec.cat\/ses-elvern\/wp-content\/uploads\/usu1817\/ambit-educacio-fisica.jpg 1300w\" sizes=\"auto, (max-width: 1024px) 100vw, 1024px\" \/><\/figure>\n\n\n\n<h4 class=\"wp-block-heading has-text-align-center\"><strong><span style=\"color: #993300;\">\u00c0mbit de l&#8217;educaci\u00f3 f\u00edsica<\/span><\/strong><\/h4>\n\n\n\n<div class=\"wp-block-getwid-accordion has-icon-left\" data-active-element=\"none\">\n<div class=\"wp-block-getwid-accordion__header-wrapper\"><span class=\"wp-block-getwid-accordion__header\"><a href=\"#\"><span class=\"wp-block-getwid-accordion__header-title\">Criteris d&#8217;avaluaci\u00f3 d&#8217;Educaci\u00f3 f\u00edsica<\/span><span class=\"wp-block-getwid-accordion__icon is-active\"><i class=\"fas fa-plus\"><\/i><\/span><span class=\"wp-block-getwid-accordion__icon is-passive\"><i class=\"fas fa-minus\"><\/i><\/span><\/a><\/span><\/div><div class=\"wp-block-getwid-accordion__content-wrapper\"><div class=\"wp-block-getwid-accordion__content\">\n<p><a href=\"https:\/\/agora.xtec.cat\/ses-elvern\/wp-content\/uploads\/usu1817\/CRITERIS-DAVALUACIO-E.F-25-26-.pdf\" target=\"_blank\" rel=\"noreferrer noopener\">Llegeix els criteris d&#8217;Educaci\u00f3 F\u00edsica<\/a><\/p>\n<\/div><\/div>\n<\/div>\n<\/div>\n<\/div>\n\n\n\n<p><\/p>\n\n\n\n<p><\/p>\n","protected":false},"excerpt":{"rendered":"<p>Consulta els diferents criteris d&#8217;avaluaci\u00f3 utilitzant els desplegables \u00c0mbit de lleng\u00fces \u00c0mbit cient\u00edfic i tecnol\u00f2gic \u00c0mbit social &nbsp; \u00c0mbit art\u00edstic \u00c0mbit de l&#8217;educaci\u00f3 f\u00edsica<\/p>\n","protected":false},"author":1,"featured_media":0,"parent":1570,"menu_order":6,"comment_status":"closed","ping_status":"closed","template":"","meta":{"_bbp_topic_count":0,"_bbp_reply_count":0,"_bbp_total_topic_count":0,"_bbp_total_reply_count":0,"_bbp_voice_count":0,"_bbp_anonymous_reply_count":0,"_bbp_topic_count_hidden":0,"_bbp_reply_count_hidden":0,"_bbp_forum_subforum_count":0,"site-sidebar-layout":"default","site-content-layout":"","ast-site-content-layout":"default","site-content-style":"default","site-sidebar-style":"default","ast-global-header-display":"","ast-banner-title-visibility":"","ast-main-header-display":"","ast-hfb-above-header-display":"","ast-hfb-below-header-display":"","ast-hfb-mobile-header-display":"","site-post-title":"","ast-breadcrumbs-content":"","ast-featured-img":"","footer-sml-layout":"","theme-transparent-header-meta":"","adv-header-id-meta":"","stick-header-meta":"","header-above-stick-meta":"","header-main-stick-meta":"","header-below-stick-meta":"","astra-migrate-meta-layouts":"set","ast-page-background-enabled":"default","ast-page-background-meta":{"desktop":{"background-color":"var(--ast-global-color-4)","background-image":"","background-repeat":"repeat","background-position":"center center","background-size":"auto","background-attachment":"scroll","background-type":"","background-media":"","overlay-type":"","overlay-color":"","overlay-opacity":"","overlay-gradient":""},"tablet":{"background-color":"","background-image":"","background-repeat":"repeat","background-position":"center center","background-size":"auto","background-attachment":"scroll","background-type":"","background-media":"","overlay-type":"","overlay-color":"","overlay-opacity":"","overlay-gradient":""},"mobile":{"background-color":"","background-image":"","background-repeat":"repeat","background-position":"center center","background-size":"auto","background-attachment":"scroll","background-type":"","background-media":"","overlay-type":"","overlay-color":"","overlay-opacity":"","overlay-gradient":""}},"ast-content-background-meta":{"desktop":{"background-color":"var(--ast-global-color-5)","background-image":"","background-repeat":"repeat","background-position":"center center","background-size":"auto","background-attachment":"scroll","background-type":"","background-media":"","overlay-type":"","overlay-color":"","overlay-opacity":"","overlay-gradient":""},"tablet":{"background-color":"var(--ast-global-color-5)","background-image":"","background-repeat":"repeat","background-position":"center center","background-size":"auto","background-attachment":"scroll","background-type":"","background-media":"","overlay-type":"","overlay-color":"","overlay-opacity":"","overlay-gradient":""},"mobile":{"background-color":"var(--ast-global-color-5)","background-image":"","background-repeat":"repeat","background-position":"center center","background-size":"auto","background-attachment":"scroll","background-type":"","background-media":"","overlay-type":"","overlay-color":"","overlay-opacity":"","overlay-gradient":""}},"footnotes":""},"class_list":["post-1707","page","type-page","status-publish","hentry"],"post_mailing_queue_ids":[],"_links":{"self":[{"href":"https:\/\/agora.xtec.cat\/ses-elvern\/wp-json\/wp\/v2\/pages\/1707","targetHints":{"allow":["GET"]}}],"collection":[{"href":"https:\/\/agora.xtec.cat\/ses-elvern\/wp-json\/wp\/v2\/pages"}],"about":[{"href":"https:\/\/agora.xtec.cat\/ses-elvern\/wp-json\/wp\/v2\/types\/page"}],"author":[{"embeddable":true,"href":"https:\/\/agora.xtec.cat\/ses-elvern\/wp-json\/wp\/v2\/users\/1"}],"replies":[{"embeddable":true,"href":"https:\/\/agora.xtec.cat\/ses-elvern\/wp-json\/wp\/v2\/comments?post=1707"}],"version-history":[{"count":6,"href":"https:\/\/agora.xtec.cat\/ses-elvern\/wp-json\/wp\/v2\/pages\/1707\/revisions"}],"predecessor-version":[{"id":10585,"href":"https:\/\/agora.xtec.cat\/ses-elvern\/wp-json\/wp\/v2\/pages\/1707\/revisions\/10585"}],"up":[{"embeddable":true,"href":"https:\/\/agora.xtec.cat\/ses-elvern\/wp-json\/wp\/v2\/pages\/1570"}],"wp:attachment":[{"href":"https:\/\/agora.xtec.cat\/ses-elvern\/wp-json\/wp\/v2\/media?parent=1707"}],"curies":[{"name":"wp","href":"https:\/\/api.w.org\/{rel}","templated":true}]}}