{"id":1586,"date":"2019-07-18T12:41:51","date_gmt":"2019-07-18T10:41:51","guid":{"rendered":"http:\/\/agora.xtec.cat\/ses-elvern\/?page_id=1586"},"modified":"2025-07-15T15:26:25","modified_gmt":"2025-07-15T13:26:25","slug":"calendari-escolar","status":"publish","type":"page","link":"https:\/\/agora.xtec.cat\/ses-elvern\/curs-2025-2026\/calendari-escolar\/","title":{"rendered":"Calendari escolar"},"content":{"rendered":"\n<h3 class=\"wp-block-heading\">&nbsp;<\/h3>\n\n\n\n<h3 class=\"wp-block-heading\"><a href=\"https:\/\/docs.google.com\/spreadsheets\/d\/18qWBagJRfx85KjAoAxkijl90jJlvVOTS7opUN9uTXdI\/edit?usp=sharing\" target=\"_blank\" rel=\"noopener\">Calendari escolar 2025-2026<\/a><figure><a href=\"https:\/\/docs.google.com\/spreadsheets\/d\/1Rk8vVaoYuam8oPeFjgdd7rN90iHs2VcGyArOqqTJ7hA\/edit?usp=sharing\" target=\"_blank\" rel=\"noopener noreferrer\"><img loading=\"lazy\" decoding=\"async\" class=\"alignleft wp-image-3106 size-medium\" src=\"https:\/\/agora.xtec.cat\/ses-elvern\/wp-content\/uploads\/usu1817\/2020\/07\/Calendari-Escolar-287x300.png\" alt=\"\" width=\"287\" height=\"300\" srcset=\"https:\/\/agora.xtec.cat\/ses-elvern\/wp-content\/uploads\/usu1817\/2020\/07\/Calendari-Escolar-287x300.png 287w, https:\/\/agora.xtec.cat\/ses-elvern\/wp-content\/uploads\/usu1817\/2020\/07\/Calendari-Escolar.png 734w\" sizes=\"auto, (max-width: 287px) 100vw, 287px\" \/><\/a><\/figure><\/h3>\n\n\n\n<p><\/p>\n\n\n\n<p><\/p>\n\n\n\n<p><\/p>\n\n\n\n<p><\/p>\n\n\n\n<p><\/p>\n\n\n\n<div class=\"wp-block-columns is-layout-flex wp-container-core-columns-is-layout-1 wp-block-columns-is-layout-flex\">\n<div class=\"wp-block-column is-layout-flow wp-block-column-is-layout-flow\">\n<h3 class=\"wp-block-heading has-ast-global-color-0-color has-text-color has-link-color wp-elements-dc14ea54e91c60d993f4bb96c25c7da3\">Festius nacionals i locals<\/h3>\n\n\n\n<p>11 de setembre<\/p>\n\n\n\n<p>8 de desembre<\/p>\n\n\n\n<p>27 d&#8217;abril<\/p>\n\n\n\n<p>1 de maig<\/p>\n<\/div>\n\n\n\n<div class=\"wp-block-column is-layout-flow wp-block-column-is-layout-flow\">\n<h3 class=\"wp-block-heading has-ast-global-color-0-color has-text-color has-link-color wp-elements-40e4fa8a7923ccce42b3e2f6368757d2\">Festius de lliure disposici\u00f3<\/h3>\n\n\n\n<p>31 d&#8217;octubre<\/p>\n\n\n\n<p>5 de desembre<\/p>\n\n\n\n<p>16 de febrer<\/p>\n\n\n\n<p>13 de mar\u00e7<\/p>\n\n\n\n<p>4 de maig<\/p>\n<\/div>\n\n\n\n<div class=\"wp-block-column is-layout-flow wp-block-column-is-layout-flow\">\n<h3 class=\"wp-block-heading has-ast-global-color-0-color has-text-color has-link-color wp-elements-585998fc0a243c9a6055dc65bcac0924\">Vacances escolars<\/h3>\n\n\n\n<p>Nadal: del 20 de desembre al 7 de gener<\/p>\n\n\n\n<p>Setmana Santa: del 30 de mar\u00e7 al 6 d&#8217;abril<\/p>\n\n\n\n<p>Vacances d&#8217;estiu: a partir del 20 de juny<\/p>\n<\/div>\n<\/div>\n\n\n\n<p><\/p>\n","protected":false},"excerpt":{"rendered":"<p>&nbsp; Calendari escolar 2025-2026 Festius nacionals i locals 11 de setembre 8 de desembre 27 d&#8217;abril 1 de maig Festius de lliure disposici\u00f3 31 d&#8217;octubre 5 de desembre 16 de febrer 13 de mar\u00e7 4 de maig Vacances escolars Nadal: del 20 de desembre al 7 de gener Setmana Santa: del 30 de mar\u00e7 al [&hellip;]<\/p>\n","protected":false},"author":1,"featured_media":0,"parent":1570,"menu_order":2,"comment_status":"closed","ping_status":"closed","template":"","meta":{"_bbp_topic_count":0,"_bbp_reply_count":0,"_bbp_total_topic_count":0,"_bbp_total_reply_count":0,"_bbp_voice_count":0,"_bbp_anonymous_reply_count":0,"_bbp_topic_count_hidden":0,"_bbp_reply_count_hidden":0,"_bbp_forum_subforum_count":0,"site-sidebar-layout":"default","site-content-layout":"","ast-site-content-layout":"default","site-content-style":"default","site-sidebar-style":"default","ast-global-header-display":"","ast-banner-title-visibility":"","ast-main-header-display":"","ast-hfb-above-header-display":"","ast-hfb-below-header-display":"","ast-hfb-mobile-header-display":"","site-post-title":"","ast-breadcrumbs-content":"","ast-featured-img":"","footer-sml-layout":"","theme-transparent-header-meta":"","adv-header-id-meta":"","stick-header-meta":"","header-above-stick-meta":"","header-main-stick-meta":"","header-below-stick-meta":"","astra-migrate-meta-layouts":"set","ast-page-background-enabled":"default","ast-page-background-meta":{"desktop":{"background-color":"var(--ast-global-color-4)","background-image":"","background-repeat":"repeat","background-position":"center center","background-size":"auto","background-attachment":"scroll","background-type":"","background-media":"","overlay-type":"","overlay-color":"","overlay-opacity":"","overlay-gradient":""},"tablet":{"background-color":"","background-image":"","background-repeat":"repeat","background-position":"center center","background-size":"auto","background-attachment":"scroll","background-type":"","background-media":"","overlay-type":"","overlay-color":"","overlay-opacity":"","overlay-gradient":""},"mobile":{"background-color":"","background-image":"","background-repeat":"repeat","background-position":"center center","background-size":"auto","background-attachment":"scroll","background-type":"","background-media":"","overlay-type":"","overlay-color":"","overlay-opacity":"","overlay-gradient":""}},"ast-content-background-meta":{"desktop":{"background-color":"var(--ast-global-color-5)","background-image":"","background-repeat":"repeat","background-position":"center center","background-size":"auto","background-attachment":"scroll","background-type":"","background-media":"","overlay-type":"","overlay-color":"","overlay-opacity":"","overlay-gradient":""},"tablet":{"background-color":"var(--ast-global-color-5)","background-image":"","background-repeat":"repeat","background-position":"center center","background-size":"auto","background-attachment":"scroll","background-type":"","background-media":"","overlay-type":"","overlay-color":"","overlay-opacity":"","overlay-gradient":""},"mobile":{"background-color":"var(--ast-global-color-5)","background-image":"","background-repeat":"repeat","background-position":"center center","background-size":"auto","background-attachment":"scroll","background-type":"","background-media":"","overlay-type":"","overlay-color":"","overlay-opacity":"","overlay-gradient":""}},"footnotes":""},"class_list":["post-1586","page","type-page","status-publish","hentry"],"post_mailing_queue_ids":[],"_links":{"self":[{"href":"https:\/\/agora.xtec.cat\/ses-elvern\/wp-json\/wp\/v2\/pages\/1586","targetHints":{"allow":["GET"]}}],"collection":[{"href":"https:\/\/agora.xtec.cat\/ses-elvern\/wp-json\/wp\/v2\/pages"}],"about":[{"href":"https:\/\/agora.xtec.cat\/ses-elvern\/wp-json\/wp\/v2\/types\/page"}],"author":[{"embeddable":true,"href":"https:\/\/agora.xtec.cat\/ses-elvern\/wp-json\/wp\/v2\/users\/1"}],"replies":[{"embeddable":true,"href":"https:\/\/agora.xtec.cat\/ses-elvern\/wp-json\/wp\/v2\/comments?post=1586"}],"version-history":[{"count":5,"href":"https:\/\/agora.xtec.cat\/ses-elvern\/wp-json\/wp\/v2\/pages\/1586\/revisions"}],"predecessor-version":[{"id":9991,"href":"https:\/\/agora.xtec.cat\/ses-elvern\/wp-json\/wp\/v2\/pages\/1586\/revisions\/9991"}],"up":[{"embeddable":true,"href":"https:\/\/agora.xtec.cat\/ses-elvern\/wp-json\/wp\/v2\/pages\/1570"}],"wp:attachment":[{"href":"https:\/\/agora.xtec.cat\/ses-elvern\/wp-json\/wp\/v2\/media?parent=1586"}],"curies":[{"name":"wp","href":"https:\/\/api.w.org\/{rel}","templated":true}]}}