{"id":1525,"date":"2019-05-23T23:33:22","date_gmt":"2019-05-23T21:33:22","guid":{"rendered":"http:\/\/agora.xtec.cat\/ses-elvern\/?page_id=1525"},"modified":"2026-03-24T19:47:26","modified_gmt":"2026-03-24T18:47:26","slug":"projecte-mou-te-per-granollers","status":"publish","type":"page","link":"https:\/\/agora.xtec.cat\/ses-elvern\/projectes-del-centre\/projecte-mou-te-per-granollers\/","title":{"rendered":"(3r d&#8217;ESO) Hipote-russa"},"content":{"rendered":"\n<p>L&#8217;alumnat de 3r d&#8217;ESO realitza dos projectes a partir \u00a0de l&#8217;aplicaci\u00f3 del Teorema de Pit\u00e0gores.<\/p>\n\n\n\n<p>Mitjan\u00e7ant el disseny digital i el tall l\u00e0ser amb la m\u00e0quina BeamBox, construeixen maquetes en 2D per demostrar visualment com les \u00e0rees dels quadrats dels catets sumen la de la hipotenusa.\u00a0<\/p>\n\n\n\n<p>El projecte inclou la resoluci\u00f3 de problemes del m\u00f3n real i una original demostraci\u00f3 amb grans d&#8217;aliments per comprovar la f\u00f3rmula matem\u00e0tica de forma tangible. Aquesta experi\u00e8ncia integral permet a l&#8217;alumnat aplicar conceptes te\u00f2rics a situacions quotidianes, com el c\u00e0lcul de rampes o dist\u00e0ncies de navegaci\u00f3.\u00a0<\/p>\n\n\n\n<figure class=\"wp-block-image size-full\"><img loading=\"lazy\" decoding=\"async\" width=\"1024\" height=\"451\" src=\"https:\/\/agora.xtec.cat\/ses-elvern\/wp-content\/uploads\/usu1817\/Teorema_Pitagores-1-1024x451-1.jpg\" alt=\"\" class=\"wp-image-10531\" srcset=\"https:\/\/agora.xtec.cat\/ses-elvern\/wp-content\/uploads\/usu1817\/Teorema_Pitagores-1-1024x451-1.jpg 1024w, https:\/\/agora.xtec.cat\/ses-elvern\/wp-content\/uploads\/usu1817\/Teorema_Pitagores-1-1024x451-1-300x132.jpg 300w, https:\/\/agora.xtec.cat\/ses-elvern\/wp-content\/uploads\/usu1817\/Teorema_Pitagores-1-1024x451-1-768x338.jpg 768w\" sizes=\"auto, (max-width: 1024px) 100vw, 1024px\" \/><\/figure>\n\n\n\n<p>D&#8217;altra banda, es converteixen en enginyers per dissenyar un parc d\u2019atraccions utilitzant la geometria en 3D.\u00a0<\/p>\n\n\n\n<p>Mitjan\u00e7ant aquest projecte, analitzen i apliquen f\u00f3rmules d&#8217;\u00e0rea i volum a figures com prismes, cons i esferes per crear atraccions com n\u00f2ries i muntanyes russes.\u00a0<\/p>\n\n\n\n<p>L&#8217;activitat inclou l&#8217;estudi d&#8217;objectes del m\u00f3n real i l&#8217;\u00fas del Teorema de Pit\u00e0gores per a c\u00e0lculs precisos de disseny. Amb aquest repte, els estudiants aprenen a realitzar un c\u00e0lcul global de superf\u00edcies i capacitats de forma pr\u00e0ctica i creativa. \u00c9s una oportunitat \u00fanica per veure com les matem\u00e0tiques te\u00f2riques prenen forma en estructures d&#8217;oci complexes i imaginatives.<\/p>\n\n\n\n<p><\/p>\n","protected":false},"excerpt":{"rendered":"<p>L&#8217;alumnat de 3r d&#8217;ESO realitza dos projectes a partir \u00a0de l&#8217;aplicaci\u00f3 del Teorema de Pit\u00e0gores. Mitjan\u00e7ant el disseny digital i el tall l\u00e0ser amb la m\u00e0quina BeamBox, construeixen maquetes en 2D per demostrar visualment com les \u00e0rees dels quadrats dels catets sumen la de la hipotenusa.\u00a0 El projecte inclou la resoluci\u00f3 de problemes del m\u00f3n [&hellip;]<\/p>\n","protected":false},"author":1,"featured_media":0,"parent":57,"menu_order":10,"comment_status":"closed","ping_status":"closed","template":"","meta":{"_bbp_topic_count":0,"_bbp_reply_count":0,"_bbp_total_topic_count":0,"_bbp_total_reply_count":0,"_bbp_voice_count":0,"_bbp_anonymous_reply_count":0,"_bbp_topic_count_hidden":0,"_bbp_reply_count_hidden":0,"_bbp_forum_subforum_count":0,"site-sidebar-layout":"default","site-content-layout":"","ast-site-content-layout":"default","site-content-style":"default","site-sidebar-style":"default","ast-global-header-display":"","ast-banner-title-visibility":"","ast-main-header-display":"","ast-hfb-above-header-display":"","ast-hfb-below-header-display":"","ast-hfb-mobile-header-display":"","site-post-title":"","ast-breadcrumbs-content":"","ast-featured-img":"","footer-sml-layout":"","theme-transparent-header-meta":"","adv-header-id-meta":"","stick-header-meta":"","header-above-stick-meta":"","header-main-stick-meta":"","header-below-stick-meta":"","astra-migrate-meta-layouts":"set","ast-page-background-enabled":"default","ast-page-background-meta":{"desktop":{"background-color":"var(--ast-global-color-4)","background-image":"","background-repeat":"repeat","background-position":"center center","background-size":"auto","background-attachment":"scroll","background-type":"","background-media":"","overlay-type":"","overlay-color":"","overlay-opacity":"","overlay-gradient":""},"tablet":{"background-color":"","background-image":"","background-repeat":"repeat","background-position":"center center","background-size":"auto","background-attachment":"scroll","background-type":"","background-media":"","overlay-type":"","overlay-color":"","overlay-opacity":"","overlay-gradient":""},"mobile":{"background-color":"","background-image":"","background-repeat":"repeat","background-position":"center center","background-size":"auto","background-attachment":"scroll","background-type":"","background-media":"","overlay-type":"","overlay-color":"","overlay-opacity":"","overlay-gradient":""}},"ast-content-background-meta":{"desktop":{"background-color":"var(--ast-global-color-5)","background-image":"","background-repeat":"repeat","background-position":"center center","background-size":"auto","background-attachment":"scroll","background-type":"","background-media":"","overlay-type":"","overlay-color":"","overlay-opacity":"","overlay-gradient":""},"tablet":{"background-color":"var(--ast-global-color-5)","background-image":"","background-repeat":"repeat","background-position":"center center","background-size":"auto","background-attachment":"scroll","background-type":"","background-media":"","overlay-type":"","overlay-color":"","overlay-opacity":"","overlay-gradient":""},"mobile":{"background-color":"var(--ast-global-color-5)","background-image":"","background-repeat":"repeat","background-position":"center center","background-size":"auto","background-attachment":"scroll","background-type":"","background-media":"","overlay-type":"","overlay-color":"","overlay-opacity":"","overlay-gradient":""}},"footnotes":""},"class_list":["post-1525","page","type-page","status-publish","hentry"],"post_mailing_queue_ids":[],"_links":{"self":[{"href":"https:\/\/agora.xtec.cat\/ses-elvern\/wp-json\/wp\/v2\/pages\/1525","targetHints":{"allow":["GET"]}}],"collection":[{"href":"https:\/\/agora.xtec.cat\/ses-elvern\/wp-json\/wp\/v2\/pages"}],"about":[{"href":"https:\/\/agora.xtec.cat\/ses-elvern\/wp-json\/wp\/v2\/types\/page"}],"author":[{"embeddable":true,"href":"https:\/\/agora.xtec.cat\/ses-elvern\/wp-json\/wp\/v2\/users\/1"}],"replies":[{"embeddable":true,"href":"https:\/\/agora.xtec.cat\/ses-elvern\/wp-json\/wp\/v2\/comments?post=1525"}],"version-history":[{"count":6,"href":"https:\/\/agora.xtec.cat\/ses-elvern\/wp-json\/wp\/v2\/pages\/1525\/revisions"}],"predecessor-version":[{"id":11373,"href":"https:\/\/agora.xtec.cat\/ses-elvern\/wp-json\/wp\/v2\/pages\/1525\/revisions\/11373"}],"up":[{"embeddable":true,"href":"https:\/\/agora.xtec.cat\/ses-elvern\/wp-json\/wp\/v2\/pages\/57"}],"wp:attachment":[{"href":"https:\/\/agora.xtec.cat\/ses-elvern\/wp-json\/wp\/v2\/media?parent=1525"}],"curies":[{"name":"wp","href":"https:\/\/api.w.org\/{rel}","templated":true}]}}