{"id":1381,"date":"2019-05-05T22:24:31","date_gmt":"2019-05-05T20:24:31","guid":{"rendered":"http:\/\/agora.xtec.cat\/ses-elvern\/?page_id=1381"},"modified":"2026-02-05T13:50:16","modified_gmt":"2026-02-05T12:50:16","slug":"formulari-de-contacte","status":"publish","type":"page","link":"https:\/\/agora.xtec.cat\/ses-elvern\/secretaria-2\/formulari-de-contacte\/","title":{"rendered":"Sol\u00b7licitud de documentaci\u00f3"},"content":{"rendered":"<h4>Per sol\u00b7licitar documentaci\u00f3 al centre, com expedients acad\u00e8mics, certificacions de nivell de catal\u00e0 o altres, cal entrar la sol\u00b7licitud a trav\u00e9s d&#8217;aquest formulari:<\/h4>\n<h4><a href=\"https:\/\/docs.google.com\/forms\/d\/e\/1FAIpQLScJ_dQL1JvtiutXZHwbb-kurqG6FTl39xwPIzNLLXPVkJoIcw\/viewform\" target=\"_blank\" rel=\"noopener\">FORMULARI DE SOL\u00b7LICITUD DE DOCUMENTACI\u00d3<\/a><\/h4>\n\n\n<hr class=\"wp-block-separator has-alpha-channel-opacity\"\/>\n\n\n\n<h3 class=\"wp-block-heading\">Tr\u00e0mits per a la certificaci\u00f3 del nivell de catal\u00e0<\/h3>\n\n\n\n<h5 class=\"wp-block-heading\"><a href=\"https:\/\/agora.xtec.cat\/ses-elvern\/wp-content\/uploads\/usu1817\/Sol.licitud-de-reconeixement-catala-B2.pdf\" target=\"_blank\" rel=\"noreferrer noopener\">Sol\u00b7licitud de reconeixement de l\u2019equival\u00e8ncia del nivell B2\/C1 de llengua catalana per l\u2019escolaritat reglada no universit\u00e0ria<\/a><\/h5>\n\n\n\n<h4 class=\"wp-block-heading\"><strong>Requeriments<\/strong> per a demanar el certificat de catal\u00e0<\/h4>\n\n\n\n<ul class=\"wp-block-list\">\n<li><strong>Escolaritzaci\u00f3 complerta a Catalunya (des de l\u2019EGB o Prim\u00e0ria).<\/strong><\/li>\n\n\n\n<li>No haver estat exempt de catal\u00e0.<\/li>\n\n\n\n<li>Inici de l\u2019escolaritzaci\u00f3 a partir del curs 1978-79 (incl\u00f2s). Acompleix aquest requisit la gent nascuda a partir de 1972.<\/li>\n\n\n\n<li>Si has nascut abans del 1972 i vols obtenir el certificat de catal\u00e0 has de dirigir-te al Departament d\u2019Educaci\u00f3 (per normativa els instituts no els poden certificar).<\/li>\n<\/ul>\n\n\n\n<h4 class=\"wp-block-heading\"><strong>Com es sol\u00b7licita?<\/strong><\/h4>\n\n\n\n<p>PRESENCIALMENT: Portar a la Secretaria del centre la sol\u00b7licitud complimentada (pots descarregar-la&nbsp;<strong><a href=\"https:\/\/documents.espai.educacio.gencat.cat\/FormularisModels\/CentresGestioAdministrativa\/A816.pdf\" target=\"_blank\" rel=\"noreferrer noopener\">aqu\u00ed<\/a><\/strong>) i la documentaci\u00f3 que s\u2019indica a la taula d\u2019equival\u00e8ncies amb el DNI de la persona que sol\u00b7licita el certificat. No cal que vingui el titular personalment. <\/p>\n\n\n\n<h4 class=\"wp-block-heading\"><strong>Documentaci\u00f3 a aportar i Taula d\u2019equival\u00e8ncies<\/strong><\/h4>\n\n\n\n<p>Nom\u00e9s es poden sol\u00b7licitar els nivells que s\u2019indiquen.<\/p>\n\n\n\n<h4 class=\"wp-block-heading\"><strong>Requisits<\/strong><strong>&nbsp;<\/strong><strong>per<\/strong><strong>&nbsp;<\/strong><strong>poder<\/strong><strong>&nbsp;<\/strong><strong>acreditar<\/strong><strong>&nbsp;<\/strong><strong>el<\/strong><strong>&nbsp;<\/strong><strong>nivell<\/strong><strong>&nbsp;<\/strong><strong>de<\/strong><strong>&nbsp;<\/strong><strong>catal\u00e0 B2 i C1<\/strong><\/h4>\n\n\n\n<figure class=\"wp-block-image size-full\"><img loading=\"lazy\" decoding=\"async\" width=\"710\" height=\"858\" src=\"https:\/\/agora.xtec.cat\/ses-elvern\/wp-content\/uploads\/usu1817\/nivellB2-C1-1-1.jpg\" alt=\"\" class=\"wp-image-11062\" srcset=\"https:\/\/agora.xtec.cat\/ses-elvern\/wp-content\/uploads\/usu1817\/nivellB2-C1-1-1.jpg 710w, https:\/\/agora.xtec.cat\/ses-elvern\/wp-content\/uploads\/usu1817\/nivellB2-C1-1-1-248x300.jpg 248w\" sizes=\"auto, (max-width: 710px) 100vw, 710px\" \/><\/figure>\n\n\n\n<p>*certificat acreditatiu: en cas de no tenir el llibre d\u2019escolaritat, heu d\u2019anar a l\u2019escola o institut on vau estudiar la prim\u00e0ria\/secund\u00e0ria\/batxillerat\/FPI\/FP2\/BUP, per demanar un certificat que indiqui els anys i els cursos d\u2019escolaritat i la frase&nbsp;<em>\u201cl\u2019alumne ha cursat i aprovat la mat\u00e8ria de llengua catalana\u201d.<\/em><\/p>\n","protected":false},"excerpt":{"rendered":"<p>Per sol\u00b7licitar documentaci\u00f3 al centre, com expedients acad\u00e8mics, certificacions de nivell de catal\u00e0 o altres, cal entrar la sol\u00b7licitud a trav\u00e9s d&#8217;aquest formulari: FORMULARI DE SOL\u00b7LICITUD DE DOCUMENTACI\u00d3 Tr\u00e0mits per a la certificaci\u00f3 del nivell de catal\u00e0 Sol\u00b7licitud de reconeixement de l\u2019equival\u00e8ncia del nivell B2\/C1 de llengua catalana per l\u2019escolaritat reglada no universit\u00e0ria Requeriments per [&hellip;]<\/p>\n","protected":false},"author":1,"featured_media":0,"parent":887,"menu_order":10,"comment_status":"closed","ping_status":"closed","template":"","meta":{"_bbp_topic_count":0,"_bbp_reply_count":0,"_bbp_total_topic_count":0,"_bbp_total_reply_count":0,"_bbp_voice_count":0,"_bbp_anonymous_reply_count":0,"_bbp_topic_count_hidden":0,"_bbp_reply_count_hidden":0,"_bbp_forum_subforum_count":0,"site-sidebar-layout":"default","site-content-layout":"","ast-site-content-layout":"default","site-content-style":"default","site-sidebar-style":"default","ast-global-header-display":"","ast-banner-title-visibility":"","ast-main-header-display":"","ast-hfb-above-header-display":"","ast-hfb-below-header-display":"","ast-hfb-mobile-header-display":"","site-post-title":"","ast-breadcrumbs-content":"","ast-featured-img":"","footer-sml-layout":"","theme-transparent-header-meta":"","adv-header-id-meta":"","stick-header-meta":"","header-above-stick-meta":"","header-main-stick-meta":"","header-below-stick-meta":"","astra-migrate-meta-layouts":"set","ast-page-background-enabled":"default","ast-page-background-meta":{"desktop":{"background-color":"var(--ast-global-color-4)","background-image":"","background-repeat":"repeat","background-position":"center center","background-size":"auto","background-attachment":"scroll","background-type":"","background-media":"","overlay-type":"","overlay-color":"","overlay-opacity":"","overlay-gradient":""},"tablet":{"background-color":"","background-image":"","background-repeat":"repeat","background-position":"center center","background-size":"auto","background-attachment":"scroll","background-type":"","background-media":"","overlay-type":"","overlay-color":"","overlay-opacity":"","overlay-gradient":""},"mobile":{"background-color":"","background-image":"","background-repeat":"repeat","background-position":"center center","background-size":"auto","background-attachment":"scroll","background-type":"","background-media":"","overlay-type":"","overlay-color":"","overlay-opacity":"","overlay-gradient":""}},"ast-content-background-meta":{"desktop":{"background-color":"var(--ast-global-color-5)","background-image":"","background-repeat":"repeat","background-position":"center center","background-size":"auto","background-attachment":"scroll","background-type":"","background-media":"","overlay-type":"","overlay-color":"","overlay-opacity":"","overlay-gradient":""},"tablet":{"background-color":"var(--ast-global-color-5)","background-image":"","background-repeat":"repeat","background-position":"center center","background-size":"auto","background-attachment":"scroll","background-type":"","background-media":"","overlay-type":"","overlay-color":"","overlay-opacity":"","overlay-gradient":""},"mobile":{"background-color":"var(--ast-global-color-5)","background-image":"","background-repeat":"repeat","background-position":"center center","background-size":"auto","background-attachment":"scroll","background-type":"","background-media":"","overlay-type":"","overlay-color":"","overlay-opacity":"","overlay-gradient":""}},"footnotes":""},"class_list":["post-1381","page","type-page","status-publish","hentry"],"post_mailing_queue_ids":[],"_links":{"self":[{"href":"https:\/\/agora.xtec.cat\/ses-elvern\/wp-json\/wp\/v2\/pages\/1381","targetHints":{"allow":["GET"]}}],"collection":[{"href":"https:\/\/agora.xtec.cat\/ses-elvern\/wp-json\/wp\/v2\/pages"}],"about":[{"href":"https:\/\/agora.xtec.cat\/ses-elvern\/wp-json\/wp\/v2\/types\/page"}],"author":[{"embeddable":true,"href":"https:\/\/agora.xtec.cat\/ses-elvern\/wp-json\/wp\/v2\/users\/1"}],"replies":[{"embeddable":true,"href":"https:\/\/agora.xtec.cat\/ses-elvern\/wp-json\/wp\/v2\/comments?post=1381"}],"version-history":[{"count":6,"href":"https:\/\/agora.xtec.cat\/ses-elvern\/wp-json\/wp\/v2\/pages\/1381\/revisions"}],"predecessor-version":[{"id":11066,"href":"https:\/\/agora.xtec.cat\/ses-elvern\/wp-json\/wp\/v2\/pages\/1381\/revisions\/11066"}],"up":[{"embeddable":true,"href":"https:\/\/agora.xtec.cat\/ses-elvern\/wp-json\/wp\/v2\/pages\/887"}],"wp:attachment":[{"href":"https:\/\/agora.xtec.cat\/ses-elvern\/wp-json\/wp\/v2\/media?parent=1381"}],"curies":[{"name":"wp","href":"https:\/\/api.w.org\/{rel}","templated":true}]}}