{"id":11328,"date":"2026-03-23T16:59:11","date_gmt":"2026-03-23T15:59:11","guid":{"rendered":"https:\/\/agora.xtec.cat\/ses-elvern\/?page_id=11328"},"modified":"2026-03-23T16:59:47","modified_gmt":"2026-03-23T15:59:47","slug":"4t-eso-i-despres-de-leso-que","status":"publish","type":"page","link":"https:\/\/agora.xtec.cat\/ses-elvern\/projectes-del-centre\/4t-eso-i-despres-de-leso-que\/","title":{"rendered":"(4t ESO) I despr\u00e9s de l&#8217;ESO, qu\u00e8?"},"content":{"rendered":"\n<p>El projecte <strong>\u201cI despr\u00e9s de l\u2019ESO, qu\u00e8?\u201d<\/strong> \u00e9s un projecte que es duu a terme al segon trimestre a 4t de l\u2019ESO amb <strong>&nbsp;l\u2019objectiu d\u2019oferir a l\u2019alumnat una orientaci\u00f3 acad\u00e8mica i professional, ajustada als seus interessos, capacitats i necessitats<\/strong>. El projecte es desenvolupa en el marc de l\u2019acci\u00f3 tutorial i de l\u2019orientaci\u00f3 educativa del centre.&nbsp;<\/p>\n\n\n\n<p>Durant el projecte, l\u2019alumnat de 4t d\u2019ESO reflexiona sobre el seu itinerari formatiu i personal, coneix les opcions educatives postobligat\u00f2ries i descobreix recursos i eines per prendre decisions informades. Les activitats inclouen tallers d\u2019orientaci\u00f3, xerrades de professionals i exalumnes, visites a centres de formaci\u00f3 professional, recerca d\u2019informaci\u00f3 sobre batxillerats i cicles formatius,&nbsp; sessions de treball dedicades a l\u2019autoconeixement i a la construcci\u00f3 del projecte vital i professional i visita a la Fira Guia\u2019t de Granollers.<\/p>\n\n\n\n<p>A m\u00e9s, s\u2019ofereix un acompanyament individualitzat per ajudar l\u2019alumnat a comprendre les seves fortaleses, interessos i motivacions, aix\u00ed com per con\u00e8ixer les mesures i suports disponibles en el marc del <strong>sistema educatiu inclusiu<\/strong>, d\u2019acord amb el Decret 150\/2017. L\u2019objectiu \u00e9s garantir que cada estudiant pugui tra\u00e7ar un itinerari ajustat, realista i coherent amb el seu perfil.<\/p>\n\n\n\n<p>El projecte <strong>\u201cI despr\u00e9s de l\u2019ESO, qu\u00e8?\u201d<\/strong> esdev\u00e9, aix\u00ed, una eina clau per facilitar la transici\u00f3 educativa, reduir la incertesa davant el futur i potenciar la capacitat de decisi\u00f3 de l\u2019alumnat. Des de l\u2019Institut El Vern, es treballa per assegurar que totes les decisions es prenguin de manera conscient, informada i orientada al creixement personal.<\/p>\n\n\n\n<figure class=\"wp-block-image aligncenter size-large is-resized\"><img loading=\"lazy\" decoding=\"async\" width=\"1024\" height=\"556\" src=\"https:\/\/agora.xtec.cat\/ses-elvern\/wp-content\/uploads\/usu1817\/itineraris-futur-1024x556.jpg\" alt=\"\" class=\"wp-image-11330\" style=\"width:795px;height:auto\" srcset=\"https:\/\/agora.xtec.cat\/ses-elvern\/wp-content\/uploads\/usu1817\/itineraris-futur-1024x556.jpg 1024w, https:\/\/agora.xtec.cat\/ses-elvern\/wp-content\/uploads\/usu1817\/itineraris-futur-300x163.jpg 300w, https:\/\/agora.xtec.cat\/ses-elvern\/wp-content\/uploads\/usu1817\/itineraris-futur-768x417.jpg 768w, https:\/\/agora.xtec.cat\/ses-elvern\/wp-content\/uploads\/usu1817\/itineraris-futur.jpg 1360w\" sizes=\"auto, (max-width: 1024px) 100vw, 1024px\" \/><\/figure>\n","protected":false},"excerpt":{"rendered":"<p>El projecte \u201cI despr\u00e9s de l\u2019ESO, qu\u00e8?\u201d \u00e9s un projecte que es duu a terme al segon trimestre a 4t de l\u2019ESO amb &nbsp;l\u2019objectiu d\u2019oferir a l\u2019alumnat una orientaci\u00f3 acad\u00e8mica i professional, ajustada als seus interessos, capacitats i necessitats. El projecte es desenvolupa en el marc de l\u2019acci\u00f3 tutorial i de l\u2019orientaci\u00f3 educativa del centre.&nbsp; [&hellip;]<\/p>\n","protected":false},"author":4,"featured_media":0,"parent":57,"menu_order":14,"comment_status":"closed","ping_status":"close","template":"","meta":{"_bbp_topic_count":0,"_bbp_reply_count":0,"_bbp_total_topic_count":0,"_bbp_total_reply_count":0,"_bbp_voice_count":0,"_bbp_anonymous_reply_count":0,"_bbp_topic_count_hidden":0,"_bbp_reply_count_hidden":0,"_bbp_forum_subforum_count":0,"site-sidebar-layout":"default","site-content-layout":"","ast-site-content-layout":"default","site-content-style":"default","site-sidebar-style":"default","ast-global-header-display":"","ast-banner-title-visibility":"","ast-main-header-display":"","ast-hfb-above-header-display":"","ast-hfb-below-header-display":"","ast-hfb-mobile-header-display":"","site-post-title":"","ast-breadcrumbs-content":"","ast-featured-img":"","footer-sml-layout":"","theme-transparent-header-meta":"","adv-header-id-meta":"","stick-header-meta":"","header-above-stick-meta":"","header-main-stick-meta":"","header-below-stick-meta":"","astra-migrate-meta-layouts":"set","ast-page-background-enabled":"default","ast-page-background-meta":{"desktop":{"background-color":"var(--ast-global-color-4)","background-image":"","background-repeat":"repeat","background-position":"center center","background-size":"auto","background-attachment":"scroll","background-type":"","background-media":"","overlay-type":"","overlay-color":"","overlay-opacity":"","overlay-gradient":""},"tablet":{"background-color":"","background-image":"","background-repeat":"repeat","background-position":"center center","background-size":"auto","background-attachment":"scroll","background-type":"","background-media":"","overlay-type":"","overlay-color":"","overlay-opacity":"","overlay-gradient":""},"mobile":{"background-color":"","background-image":"","background-repeat":"repeat","background-position":"center center","background-size":"auto","background-attachment":"scroll","background-type":"","background-media":"","overlay-type":"","overlay-color":"","overlay-opacity":"","overlay-gradient":""}},"ast-content-background-meta":{"desktop":{"background-color":"var(--ast-global-color-5)","background-image":"","background-repeat":"repeat","background-position":"center center","background-size":"auto","background-attachment":"scroll","background-type":"","background-media":"","overlay-type":"","overlay-color":"","overlay-opacity":"","overlay-gradient":""},"tablet":{"background-color":"var(--ast-global-color-5)","background-image":"","background-repeat":"repeat","background-position":"center center","background-size":"auto","background-attachment":"scroll","background-type":"","background-media":"","overlay-type":"","overlay-color":"","overlay-opacity":"","overlay-gradient":""},"mobile":{"background-color":"var(--ast-global-color-5)","background-image":"","background-repeat":"repeat","background-position":"center center","background-size":"auto","background-attachment":"scroll","background-type":"","background-media":"","overlay-type":"","overlay-color":"","overlay-opacity":"","overlay-gradient":""}},"footnotes":""},"class_list":["post-11328","page","type-page","status-publish","hentry"],"post_mailing_queue_ids":[],"_links":{"self":[{"href":"https:\/\/agora.xtec.cat\/ses-elvern\/wp-json\/wp\/v2\/pages\/11328","targetHints":{"allow":["GET"]}}],"collection":[{"href":"https:\/\/agora.xtec.cat\/ses-elvern\/wp-json\/wp\/v2\/pages"}],"about":[{"href":"https:\/\/agora.xtec.cat\/ses-elvern\/wp-json\/wp\/v2\/types\/page"}],"author":[{"embeddable":true,"href":"https:\/\/agora.xtec.cat\/ses-elvern\/wp-json\/wp\/v2\/users\/4"}],"replies":[{"embeddable":true,"href":"https:\/\/agora.xtec.cat\/ses-elvern\/wp-json\/wp\/v2\/comments?post=11328"}],"version-history":[{"count":3,"href":"https:\/\/agora.xtec.cat\/ses-elvern\/wp-json\/wp\/v2\/pages\/11328\/revisions"}],"predecessor-version":[{"id":11332,"href":"https:\/\/agora.xtec.cat\/ses-elvern\/wp-json\/wp\/v2\/pages\/11328\/revisions\/11332"}],"up":[{"embeddable":true,"href":"https:\/\/agora.xtec.cat\/ses-elvern\/wp-json\/wp\/v2\/pages\/57"}],"wp:attachment":[{"href":"https:\/\/agora.xtec.cat\/ses-elvern\/wp-json\/wp\/v2\/media?parent=11328"}],"curies":[{"name":"wp","href":"https:\/\/api.w.org\/{rel}","templated":true}]}}