{"id":11319,"date":"2026-03-23T16:42:32","date_gmt":"2026-03-23T15:42:32","guid":{"rendered":"https:\/\/agora.xtec.cat\/ses-elvern\/?page_id=11319"},"modified":"2026-03-25T09:40:10","modified_gmt":"2026-03-25T08:40:10","slug":"4t-eso-avis-davui-joves-dahir","status":"publish","type":"page","link":"https:\/\/agora.xtec.cat\/ses-elvern\/projectes-del-centre\/4t-eso-avis-davui-joves-dahir\/","title":{"rendered":"(4t ESO) Avis d&#8217;avui, joves d&#8217;ahir"},"content":{"rendered":"\n<p>Aquest projecte transversal de 4t d\u2019ESO pret\u00e9n fer que l\u2019alumnat conegui un moment hist\u00f2ric, el de la dictadura franquista, a trav\u00e9s del testimoni real dels seus avis i \u00e0vies. Gr\u00e0cies a les seves viv\u00e8ncies, els alumnes poden entendre de m\u00e9s a prop quin impacte va tenir la dictadura franquista en la societat, la cultura, l\u2019economia, l\u2019ensenyament, etc.<\/p>\n\n\n\n<p>El producte final que elaboren \u00e9s una entrevista audiovisual als seus avis i \u00e0vies, en la qual els plantegen les preguntes que han anat formulant a partir de la descoberta dels diversos temes treballats. L\u2019entrevista immortalitza les veus d\u2019uns testimonis reals, vius i molt valuosos per a la hist\u00f2ria personal i col\u00b7lectiva.<\/p>\n\n\n\n<p>Durant les sessions, l\u2019alumnat s\u2019organitza en grups de treball i fa diverses tasques que tenen l\u2019objectiu de veure com ha canviat la nostra societat des del 1939 fins avui dia. Les activitats combinen la preparaci\u00f3 del producte final, l\u2019an\u00e0lisi de fonts hist\u00f2riques i la reflexi\u00f3 sobre com era viure durant la dictadura. El projecte mobilitza, per tant, compet\u00e8ncies dels \u00e0mbits de les ci\u00e8ncies socials i de les lleng\u00fces, ja que s\u2019indaga en un context hist\u00f2ric determinat i es treballa el g\u00e8nere discursiu de l\u2019entrevista.<\/p>\n\n\n\n<p>El contacte amb una generaci\u00f3 que, malauradament, va haver de viure silenciada durant molts anys, el fa un projecte encara m\u00e9s enriquidor, at\u00e8s que els alumnes tenen l\u2019oportunitat de con\u00e8ixer amb m\u00e9s profunditat la biografia dels seus familiars.<\/p>\n\n\n\n<figure class=\"wp-block-image aligncenter size-full is-resized\"><img loading=\"lazy\" decoding=\"async\" width=\"674\" height=\"390\" src=\"https:\/\/agora.xtec.cat\/ses-elvern\/wp-content\/uploads\/usu1817\/vejez.jpg\" alt=\"\" class=\"wp-image-11321\" style=\"width:458px;height:auto\" srcset=\"https:\/\/agora.xtec.cat\/ses-elvern\/wp-content\/uploads\/usu1817\/vejez.jpg 674w, https:\/\/agora.xtec.cat\/ses-elvern\/wp-content\/uploads\/usu1817\/vejez-300x174.jpg 300w\" sizes=\"auto, (max-width: 674px) 100vw, 674px\" \/><\/figure>\n","protected":false},"excerpt":{"rendered":"<p>Aquest projecte transversal de 4t d\u2019ESO pret\u00e9n fer que l\u2019alumnat conegui un moment hist\u00f2ric, el de la dictadura franquista, a trav\u00e9s del testimoni real dels seus avis i \u00e0vies. Gr\u00e0cies a les seves viv\u00e8ncies, els alumnes poden entendre de m\u00e9s a prop quin impacte va tenir la dictadura franquista en la societat, la cultura, l\u2019economia, [&hellip;]<\/p>\n","protected":false},"author":4,"featured_media":0,"parent":57,"menu_order":13,"comment_status":"closed","ping_status":"close","template":"","meta":{"_bbp_topic_count":0,"_bbp_reply_count":0,"_bbp_total_topic_count":0,"_bbp_total_reply_count":0,"_bbp_voice_count":0,"_bbp_anonymous_reply_count":0,"_bbp_topic_count_hidden":0,"_bbp_reply_count_hidden":0,"_bbp_forum_subforum_count":0,"site-sidebar-layout":"default","site-content-layout":"","ast-site-content-layout":"default","site-content-style":"default","site-sidebar-style":"default","ast-global-header-display":"","ast-banner-title-visibility":"","ast-main-header-display":"","ast-hfb-above-header-display":"","ast-hfb-below-header-display":"","ast-hfb-mobile-header-display":"","site-post-title":"","ast-breadcrumbs-content":"","ast-featured-img":"","footer-sml-layout":"","theme-transparent-header-meta":"","adv-header-id-meta":"","stick-header-meta":"","header-above-stick-meta":"","header-main-stick-meta":"","header-below-stick-meta":"","astra-migrate-meta-layouts":"set","ast-page-background-enabled":"default","ast-page-background-meta":{"desktop":{"background-color":"var(--ast-global-color-4)","background-image":"","background-repeat":"repeat","background-position":"center center","background-size":"auto","background-attachment":"scroll","background-type":"","background-media":"","overlay-type":"","overlay-color":"","overlay-opacity":"","overlay-gradient":""},"tablet":{"background-color":"","background-image":"","background-repeat":"repeat","background-position":"center center","background-size":"auto","background-attachment":"scroll","background-type":"","background-media":"","overlay-type":"","overlay-color":"","overlay-opacity":"","overlay-gradient":""},"mobile":{"background-color":"","background-image":"","background-repeat":"repeat","background-position":"center center","background-size":"auto","background-attachment":"scroll","background-type":"","background-media":"","overlay-type":"","overlay-color":"","overlay-opacity":"","overlay-gradient":""}},"ast-content-background-meta":{"desktop":{"background-color":"var(--ast-global-color-5)","background-image":"","background-repeat":"repeat","background-position":"center center","background-size":"auto","background-attachment":"scroll","background-type":"","background-media":"","overlay-type":"","overlay-color":"","overlay-opacity":"","overlay-gradient":""},"tablet":{"background-color":"var(--ast-global-color-5)","background-image":"","background-repeat":"repeat","background-position":"center center","background-size":"auto","background-attachment":"scroll","background-type":"","background-media":"","overlay-type":"","overlay-color":"","overlay-opacity":"","overlay-gradient":""},"mobile":{"background-color":"var(--ast-global-color-5)","background-image":"","background-repeat":"repeat","background-position":"center center","background-size":"auto","background-attachment":"scroll","background-type":"","background-media":"","overlay-type":"","overlay-color":"","overlay-opacity":"","overlay-gradient":""}},"footnotes":""},"class_list":["post-11319","page","type-page","status-publish","hentry"],"post_mailing_queue_ids":[],"_links":{"self":[{"href":"https:\/\/agora.xtec.cat\/ses-elvern\/wp-json\/wp\/v2\/pages\/11319","targetHints":{"allow":["GET"]}}],"collection":[{"href":"https:\/\/agora.xtec.cat\/ses-elvern\/wp-json\/wp\/v2\/pages"}],"about":[{"href":"https:\/\/agora.xtec.cat\/ses-elvern\/wp-json\/wp\/v2\/types\/page"}],"author":[{"embeddable":true,"href":"https:\/\/agora.xtec.cat\/ses-elvern\/wp-json\/wp\/v2\/users\/4"}],"replies":[{"embeddable":true,"href":"https:\/\/agora.xtec.cat\/ses-elvern\/wp-json\/wp\/v2\/comments?post=11319"}],"version-history":[{"count":6,"href":"https:\/\/agora.xtec.cat\/ses-elvern\/wp-json\/wp\/v2\/pages\/11319\/revisions"}],"predecessor-version":[{"id":11377,"href":"https:\/\/agora.xtec.cat\/ses-elvern\/wp-json\/wp\/v2\/pages\/11319\/revisions\/11377"}],"up":[{"embeddable":true,"href":"https:\/\/agora.xtec.cat\/ses-elvern\/wp-json\/wp\/v2\/pages\/57"}],"wp:attachment":[{"href":"https:\/\/agora.xtec.cat\/ses-elvern\/wp-json\/wp\/v2\/media?parent=11319"}],"curies":[{"name":"wp","href":"https:\/\/api.w.org\/{rel}","templated":true}]}}