{"id":11282,"date":"2026-03-19T08:43:33","date_gmt":"2026-03-19T07:43:33","guid":{"rendered":"https:\/\/agora.xtec.cat\/ses-elvern\/?page_id=11282"},"modified":"2026-03-23T17:10:16","modified_gmt":"2026-03-23T16:10:16","slug":"get-your-passport","status":"publish","type":"page","link":"https:\/\/agora.xtec.cat\/ses-elvern\/projectes-del-centre\/get-your-passport\/","title":{"rendered":"(2n d&#8217;ESO) Get your passport"},"content":{"rendered":"\n<p>\u201cGet your Passport\u201d de 2n d\u2019ESO \u00e9s un projecte adre\u00e7at a investigar i con\u00e8ixer aspectes culturals i ling\u00fc\u00edstics rellevants de diversos pa\u00efsos europeus.&nbsp;<\/p>\n\n\n\n<p>A trav\u00e9s de la recerca a partir de blocs tem\u00e0tics, els alumnes investigaran les expressions i vocabulari \u00fatils per a poder viatjar al pa\u00eds, la seva geografia i llocs d\u2019inter\u00e8s a visitar aix\u00ed com la seva flora i fauna, la gastronomia i la cultura.&nbsp;<\/p>\n\n\n\n<p>El projecte combina un treball de recerca que requereix comprendre la informaci\u00f3 essencial trobada, la producci\u00f3 de textos orals i escrits aix\u00ed com interactuar en activitats comunicatives b\u00e0siques tot mostrant inter\u00e8s i respecte per altres cultures.&nbsp;<\/p>\n\n\n\n<p>Aquesta investigaci\u00f3 els permetr\u00e0 crear de manera cooperativa una guia multim\u00e8dia interactiva adre\u00e7ada a joves viatgers, elaborar un tr\u00edptic tur\u00edstic per oferir la seva proposta de viatge i dissenyar una activitat gamificada.<\/p>\n\n\n\n<figure class=\"wp-block-image aligncenter size-full is-resized\"><img loading=\"lazy\" decoding=\"async\" width=\"772\" height=\"720\" src=\"https:\/\/agora.xtec.cat\/ses-elvern\/wp-content\/uploads\/usu1817\/europe-culture.jpg\" alt=\"\" class=\"wp-image-11339\" style=\"width:397px;height:auto\" srcset=\"https:\/\/agora.xtec.cat\/ses-elvern\/wp-content\/uploads\/usu1817\/europe-culture.jpg 772w, https:\/\/agora.xtec.cat\/ses-elvern\/wp-content\/uploads\/usu1817\/europe-culture-300x280.jpg 300w, https:\/\/agora.xtec.cat\/ses-elvern\/wp-content\/uploads\/usu1817\/europe-culture-768x716.jpg 768w\" sizes=\"auto, (max-width: 772px) 100vw, 772px\" \/><\/figure>\n","protected":false},"excerpt":{"rendered":"<p>\u201cGet your Passport\u201d de 2n d\u2019ESO \u00e9s un projecte adre\u00e7at a investigar i con\u00e8ixer aspectes culturals i ling\u00fc\u00edstics rellevants de diversos pa\u00efsos europeus.&nbsp; A trav\u00e9s de la recerca a partir de blocs tem\u00e0tics, els alumnes investigaran les expressions i vocabulari \u00fatils per a poder viatjar al pa\u00eds, la seva geografia i llocs d\u2019inter\u00e8s a visitar [&hellip;]<\/p>\n","protected":false},"author":4,"featured_media":0,"parent":57,"menu_order":6,"comment_status":"closed","ping_status":"close","template":"","meta":{"_bbp_topic_count":0,"_bbp_reply_count":0,"_bbp_total_topic_count":0,"_bbp_total_reply_count":0,"_bbp_voice_count":0,"_bbp_anonymous_reply_count":0,"_bbp_topic_count_hidden":0,"_bbp_reply_count_hidden":0,"_bbp_forum_subforum_count":0,"site-sidebar-layout":"default","site-content-layout":"","ast-site-content-layout":"default","site-content-style":"default","site-sidebar-style":"default","ast-global-header-display":"","ast-banner-title-visibility":"","ast-main-header-display":"","ast-hfb-above-header-display":"","ast-hfb-below-header-display":"","ast-hfb-mobile-header-display":"","site-post-title":"","ast-breadcrumbs-content":"","ast-featured-img":"","footer-sml-layout":"","theme-transparent-header-meta":"","adv-header-id-meta":"","stick-header-meta":"","header-above-stick-meta":"","header-main-stick-meta":"","header-below-stick-meta":"","astra-migrate-meta-layouts":"set","ast-page-background-enabled":"default","ast-page-background-meta":{"desktop":{"background-color":"var(--ast-global-color-4)","background-image":"","background-repeat":"repeat","background-position":"center center","background-size":"auto","background-attachment":"scroll","background-type":"","background-media":"","overlay-type":"","overlay-color":"","overlay-opacity":"","overlay-gradient":""},"tablet":{"background-color":"","background-image":"","background-repeat":"repeat","background-position":"center center","background-size":"auto","background-attachment":"scroll","background-type":"","background-media":"","overlay-type":"","overlay-color":"","overlay-opacity":"","overlay-gradient":""},"mobile":{"background-color":"","background-image":"","background-repeat":"repeat","background-position":"center center","background-size":"auto","background-attachment":"scroll","background-type":"","background-media":"","overlay-type":"","overlay-color":"","overlay-opacity":"","overlay-gradient":""}},"ast-content-background-meta":{"desktop":{"background-color":"var(--ast-global-color-5)","background-image":"","background-repeat":"repeat","background-position":"center center","background-size":"auto","background-attachment":"scroll","background-type":"","background-media":"","overlay-type":"","overlay-color":"","overlay-opacity":"","overlay-gradient":""},"tablet":{"background-color":"var(--ast-global-color-5)","background-image":"","background-repeat":"repeat","background-position":"center center","background-size":"auto","background-attachment":"scroll","background-type":"","background-media":"","overlay-type":"","overlay-color":"","overlay-opacity":"","overlay-gradient":""},"mobile":{"background-color":"var(--ast-global-color-5)","background-image":"","background-repeat":"repeat","background-position":"center center","background-size":"auto","background-attachment":"scroll","background-type":"","background-media":"","overlay-type":"","overlay-color":"","overlay-opacity":"","overlay-gradient":""}},"footnotes":""},"class_list":["post-11282","page","type-page","status-publish","hentry"],"post_mailing_queue_ids":[],"_links":{"self":[{"href":"https:\/\/agora.xtec.cat\/ses-elvern\/wp-json\/wp\/v2\/pages\/11282","targetHints":{"allow":["GET"]}}],"collection":[{"href":"https:\/\/agora.xtec.cat\/ses-elvern\/wp-json\/wp\/v2\/pages"}],"about":[{"href":"https:\/\/agora.xtec.cat\/ses-elvern\/wp-json\/wp\/v2\/types\/page"}],"author":[{"embeddable":true,"href":"https:\/\/agora.xtec.cat\/ses-elvern\/wp-json\/wp\/v2\/users\/4"}],"replies":[{"embeddable":true,"href":"https:\/\/agora.xtec.cat\/ses-elvern\/wp-json\/wp\/v2\/comments?post=11282"}],"version-history":[{"count":3,"href":"https:\/\/agora.xtec.cat\/ses-elvern\/wp-json\/wp\/v2\/pages\/11282\/revisions"}],"predecessor-version":[{"id":11340,"href":"https:\/\/agora.xtec.cat\/ses-elvern\/wp-json\/wp\/v2\/pages\/11282\/revisions\/11340"}],"up":[{"embeddable":true,"href":"https:\/\/agora.xtec.cat\/ses-elvern\/wp-json\/wp\/v2\/pages\/57"}],"wp:attachment":[{"href":"https:\/\/agora.xtec.cat\/ses-elvern\/wp-json\/wp\/v2\/media?parent=11282"}],"curies":[{"name":"wp","href":"https:\/\/api.w.org\/{rel}","templated":true}]}}