{"id":10082,"date":"2025-09-25T20:59:35","date_gmt":"2025-09-25T18:59:35","guid":{"rendered":"https:\/\/agora.xtec.cat\/ses-elvern\/?page_id=10082"},"modified":"2025-09-26T07:26:28","modified_gmt":"2025-09-26T05:26:28","slug":"pla-de-digitalitzacio-responsable","status":"publish","type":"page","link":"https:\/\/agora.xtec.cat\/ses-elvern\/families-digitals\/pla-de-digitalitzacio-responsable\/","title":{"rendered":"Pla de digitalitzaci\u00f3 responsable"},"content":{"rendered":"\n<p>El Departament d\u2019Educaci\u00f3 i Formaci\u00f3 Professional ha impulsat el&nbsp;<a href=\"https:\/\/objenv.gencat.cat\/v4\/public\/estadisticas\/link\/gencat_educacio\/2089\/1\/7205\/f62f67f1b98d3e173cd3a0ac6c25b0cc\/\" target=\"_blank\" rel=\"noreferrer noopener\">Pla de digitalitzaci\u00f3 responsable<\/a>, amb l\u2019objectiu d\u2019assegurar que l\u2019alumnat adquireix la compet\u00e8ncia digital, i de promoure un \u00fas adequat, \u00e8tic, saludable i responsable dels dispositius, per posar-los al servei de l&#8217;aprenentatge.<\/p>\n\n\n\n<p><\/p>\n\n\n\n<div class=\"wp-block-columns is-layout-flex wp-container-core-columns-is-layout-1 wp-block-columns-is-layout-flex\">\n<div class=\"wp-block-column is-layout-flow wp-block-column-is-layout-flow\">\n<figure class=\"wp-block-image size-medium is-resized\" style=\"margin-top:0;margin-right:0;margin-bottom:0;margin-left:0\"><img loading=\"lazy\" decoding=\"async\" width=\"300\" height=\"145\" src=\"https:\/\/agora.xtec.cat\/ses-elvern\/wp-content\/uploads\/usu1817\/imatge_destacada-300x145.jpg\" alt=\"\" class=\"wp-image-10083\" style=\"width:602px;height:auto\" srcset=\"https:\/\/agora.xtec.cat\/ses-elvern\/wp-content\/uploads\/usu1817\/imatge_destacada-300x145.jpg 300w, https:\/\/agora.xtec.cat\/ses-elvern\/wp-content\/uploads\/usu1817\/imatge_destacada-768x371.jpg 768w, https:\/\/agora.xtec.cat\/ses-elvern\/wp-content\/uploads\/usu1817\/imatge_destacada.jpg 951w\" sizes=\"auto, (max-width: 300px) 100vw, 300px\" \/><\/figure>\n\n\n\n<p class=\"has-text-align-center\"><a href=\"https:\/\/agora.xtec.cat\/ses-elvern\/wp-content\/uploads\/usu1817\/guia-families.pdf\" data-type=\"link\" data-id=\"chrome-extension:\/\/efaidnbmnnnibpcajpcglclefindmkaj\/https:\/\/educacio.gencat.cat\/web\/.content\/home\/departament\/linies-estrategiques\/pla-digitalitzacio-responsable\/guia-families.pdf\" target=\"_blank\" rel=\"noreferrer noopener\"><strong>Guia en PDF<\/strong><\/a><\/p>\n<\/div>\n\n\n\n<div class=\"wp-block-column is-layout-flow wp-block-column-is-layout-flow\">\n<figure class=\"wp-block-embed is-type-video is-provider-youtube wp-block-embed-youtube wp-embed-aspect-16-9 wp-has-aspect-ratio\"><div class=\"wp-block-embed__wrapper\">\n<div class=\"ast-oembed-container \" style=\"height: 100%;\"><iframe loading=\"lazy\" title=\"Menys pantalla, m\u00e9s vida | Pla de digitalitzaci\u00f3 responsable\" width=\"500\" height=\"281\" src=\"https:\/\/www.youtube.com\/embed\/wn7_gVc0FQc?feature=oembed\" frameborder=\"0\" allow=\"accelerometer; autoplay; clipboard-write; encrypted-media; gyroscope; picture-in-picture; web-share\" referrerpolicy=\"strict-origin-when-cross-origin\" allowfullscreen><\/iframe><\/div>\n<\/div><\/figure>\n<\/div>\n<\/div>\n\n\n\n<h2 class=\"wp-block-heading has-text-align-center has-ast-global-color-0-color has-text-color has-link-color wp-elements-68cc5242b9ac15894a714ac92d92d087\">Mesures previstes a partir del curs 2025-2026<\/h2>\n\n\n\n<div class=\"wp-block-columns is-layout-flex wp-container-core-columns-is-layout-2 wp-block-columns-is-layout-flex\">\n<div class=\"wp-block-column is-layout-flow wp-block-column-is-layout-flow\">\n<figure class=\"wp-block-image aligncenter size-full\"><img loading=\"lazy\" decoding=\"async\" width=\"122\" height=\"123\" src=\"https:\/\/agora.xtec.cat\/ses-elvern\/wp-content\/uploads\/usu1817\/mobil.jpg\" alt=\"\" class=\"wp-image-10084\"\/><\/figure>\n\n\n\n<h3 class=\"wp-block-heading has-text-align-center has-ast-global-color-0-color has-text-color has-link-color wp-elements-ed405826397156dca8fc9ab415a7ad54\">Tel\u00e8fons m\u00f2bils<\/h3>\n\n\n\n<p>Eliminaci\u00f3 total en els centres educatius de l&#8217;\u00fas de tel\u00e8fons m\u00f2bils per part de l&#8217;alumnat a totes les etapes educatives obligat\u00f2ries.<\/p>\n\n\n\n<p>La prohibici\u00f3 inclou tamb\u00e9 els tel\u00e8fons intel\u00b7ligents.<\/p>\n<\/div>\n\n\n\n<div class=\"wp-block-column is-layout-flow wp-block-column-is-layout-flow\">\n<figure class=\"wp-block-image aligncenter size-full\"><img loading=\"lazy\" decoding=\"async\" width=\"122\" height=\"121\" src=\"https:\/\/agora.xtec.cat\/ses-elvern\/wp-content\/uploads\/usu1817\/ordinadors.jpg\" alt=\"\" class=\"wp-image-10085\"\/><\/figure>\n\n\n\n<h3 class=\"wp-block-heading has-text-align-center has-ast-global-color-0-color has-text-color has-link-color wp-elements-16b3e3060a9e9072832070270c29d585\">Ordinadors port\u00e0tils<\/h3>\n\n\n\n<p>Dispositius port\u00e0tils per a l&#8217;alumnat de 5\u00e8, 6\u00e8 i ESO.<\/p>\n\n\n\n<p>Promoci\u00f3 entre l&#8217;alumnat de la responsabilitat, cura i bon \u00fas dels ordinadors port\u00e0tils.<\/p>\n<\/div>\n\n\n\n<div class=\"wp-block-column is-layout-flow wp-block-column-is-layout-flow\">\n<figure class=\"wp-block-image aligncenter size-full\"><img loading=\"lazy\" decoding=\"async\" width=\"120\" height=\"120\" src=\"https:\/\/agora.xtec.cat\/ses-elvern\/wp-content\/uploads\/usu1817\/competencies.jpg\" alt=\"\" class=\"wp-image-10086\"\/><\/figure>\n\n\n\n<h3 class=\"wp-block-heading has-text-align-center has-ast-global-color-0-color has-text-color has-link-color wp-elements-8ea29b1e071bf4763e56494c9736dab4\">Compet\u00e8ncies digitals<\/h3>\n\n\n\n<p>Refor\u00e7 de les compet\u00e8ncies amb enfocament en l&#8217;\u00fas \u00e8tic de les tecnologies.<\/p>\n\n\n\n<p>Refor\u00e7 de l&#8217;educaci\u00f3 medi\u00e0tica i tecnol\u00f2gica per detectar not\u00edcies falses.<\/p>\n\n\n\n<p>Formaci\u00f3 espec\u00edfica als docents en IA.<\/p>\n<\/div>\n<\/div>\n\n\n\n<p><\/p>\n","protected":false},"excerpt":{"rendered":"<p>El Departament d\u2019Educaci\u00f3 i Formaci\u00f3 Professional ha impulsat el&nbsp;Pla de digitalitzaci\u00f3 responsable, amb l\u2019objectiu d\u2019assegurar que l\u2019alumnat adquireix la compet\u00e8ncia digital, i de promoure un \u00fas adequat, \u00e8tic, saludable i responsable dels dispositius, per posar-los al servei de l&#8217;aprenentatge. Guia en PDF Mesures previstes a partir del curs 2025-2026 Tel\u00e8fons m\u00f2bils Eliminaci\u00f3 total en els [&hellip;]<\/p>\n","protected":false},"author":1,"featured_media":0,"parent":10015,"menu_order":0,"comment_status":"closed","ping_status":"close","template":"","meta":{"_bbp_topic_count":0,"_bbp_reply_count":0,"_bbp_total_topic_count":0,"_bbp_total_reply_count":0,"_bbp_voice_count":0,"_bbp_anonymous_reply_count":0,"_bbp_topic_count_hidden":0,"_bbp_reply_count_hidden":0,"_bbp_forum_subforum_count":0,"site-sidebar-layout":"default","site-content-layout":"","ast-site-content-layout":"default","site-content-style":"default","site-sidebar-style":"default","ast-global-header-display":"","ast-banner-title-visibility":"","ast-main-header-display":"","ast-hfb-above-header-display":"","ast-hfb-below-header-display":"","ast-hfb-mobile-header-display":"","site-post-title":"","ast-breadcrumbs-content":"","ast-featured-img":"","footer-sml-layout":"","theme-transparent-header-meta":"","adv-header-id-meta":"","stick-header-meta":"","header-above-stick-meta":"","header-main-stick-meta":"","header-below-stick-meta":"","astra-migrate-meta-layouts":"set","ast-page-background-enabled":"default","ast-page-background-meta":{"desktop":{"background-color":"var(--ast-global-color-4)","background-image":"","background-repeat":"repeat","background-position":"center center","background-size":"auto","background-attachment":"scroll","background-type":"","background-media":"","overlay-type":"","overlay-color":"","overlay-opacity":"","overlay-gradient":""},"tablet":{"background-color":"","background-image":"","background-repeat":"repeat","background-position":"center center","background-size":"auto","background-attachment":"scroll","background-type":"","background-media":"","overlay-type":"","overlay-color":"","overlay-opacity":"","overlay-gradient":""},"mobile":{"background-color":"","background-image":"","background-repeat":"repeat","background-position":"center center","background-size":"auto","background-attachment":"scroll","background-type":"","background-media":"","overlay-type":"","overlay-color":"","overlay-opacity":"","overlay-gradient":""}},"ast-content-background-meta":{"desktop":{"background-color":"var(--ast-global-color-5)","background-image":"","background-repeat":"repeat","background-position":"center center","background-size":"auto","background-attachment":"scroll","background-type":"","background-media":"","overlay-type":"","overlay-color":"","overlay-opacity":"","overlay-gradient":""},"tablet":{"background-color":"var(--ast-global-color-5)","background-image":"","background-repeat":"repeat","background-position":"center center","background-size":"auto","background-attachment":"scroll","background-type":"","background-media":"","overlay-type":"","overlay-color":"","overlay-opacity":"","overlay-gradient":""},"mobile":{"background-color":"var(--ast-global-color-5)","background-image":"","background-repeat":"repeat","background-position":"center center","background-size":"auto","background-attachment":"scroll","background-type":"","background-media":"","overlay-type":"","overlay-color":"","overlay-opacity":"","overlay-gradient":""}},"footnotes":""},"class_list":["post-10082","page","type-page","status-publish","hentry"],"post_mailing_queue_ids":[],"_links":{"self":[{"href":"https:\/\/agora.xtec.cat\/ses-elvern\/wp-json\/wp\/v2\/pages\/10082","targetHints":{"allow":["GET"]}}],"collection":[{"href":"https:\/\/agora.xtec.cat\/ses-elvern\/wp-json\/wp\/v2\/pages"}],"about":[{"href":"https:\/\/agora.xtec.cat\/ses-elvern\/wp-json\/wp\/v2\/types\/page"}],"author":[{"embeddable":true,"href":"https:\/\/agora.xtec.cat\/ses-elvern\/wp-json\/wp\/v2\/users\/1"}],"replies":[{"embeddable":true,"href":"https:\/\/agora.xtec.cat\/ses-elvern\/wp-json\/wp\/v2\/comments?post=10082"}],"version-history":[{"count":5,"href":"https:\/\/agora.xtec.cat\/ses-elvern\/wp-json\/wp\/v2\/pages\/10082\/revisions"}],"predecessor-version":[{"id":10095,"href":"https:\/\/agora.xtec.cat\/ses-elvern\/wp-json\/wp\/v2\/pages\/10082\/revisions\/10095"}],"up":[{"embeddable":true,"href":"https:\/\/agora.xtec.cat\/ses-elvern\/wp-json\/wp\/v2\/pages\/10015"}],"wp:attachment":[{"href":"https:\/\/agora.xtec.cat\/ses-elvern\/wp-json\/wp\/v2\/media?parent=10082"}],"curies":[{"name":"wp","href":"https:\/\/api.w.org\/{rel}","templated":true}]}}