{"id":46,"date":"2014-09-17T16:53:45","date_gmt":"2014-09-17T16:53:45","guid":{"rendered":"http:\/\/agora.xtec.cat\/ses-canovelles\/?page_id=46"},"modified":"2025-11-21T16:43:24","modified_gmt":"2025-11-21T15:43:24","slug":"organigrama","status":"publish","type":"page","link":"https:\/\/agora.xtec.cat\/ses-canovelles\/linstitut\/historia\/organigrama\/","title":{"rendered":"Organitzaci\u00f3 del centre"},"content":{"rendered":"<h3><span id=\"Curs_2016-2017\"><strong>Curs 2025-2026<\/strong><\/span><\/h3>\n<ul>\n<li><strong>EQUIP DIRECTIU<\/strong>\n<ul>\n<li><strong>Direcci\u00f3:<\/strong>\u00a0Jaume Muriel Flaqu\u00e9<\/li>\n<li><strong>Cap d\u2019Estudis:<\/strong>\u00a0M\u00f3nica Rubio Pi\u00f1eras<\/li>\n<li><strong>Secretari:<\/strong>\u00a0Jordi Palacios Parra<\/li>\n<li><strong>Coordinaci\u00f3 Pedag\u00f2gica:<\/strong>\u00a0Anna Ramos P\u00e9rez<\/li>\n<\/ul>\n<\/li>\n<\/ul>\n<ul>\n<li><strong>COORDINACIONS<\/strong>\n<ul>\n<li><strong>Coord. d\u2019Activitats i Serveis (AIS):<\/strong>\u00a0Elena Rovira Ripoll<\/li>\n<li><strong>Coord. d\u2019Inform\u00e0tica (TAC)<\/strong>: Francesca Heras Herreros<\/li>\n<li><strong>Coord. de Llengua, Interculturalitat i Cohesi\u00f3 Social (LIC)<\/strong>: Mireia Gil Termes<\/li>\n<li><strong>Coord. de prevenci\u00f3 de Riscos laborals (RL):<\/strong>\u00a0Maria Guix\u00e9 Viedma<\/li>\n<li><strong>Coord. Multim\u00e8dia (MM):\u00a0<\/strong>Marina Meseguer Galan<\/li>\n<li><strong>Coord. COCOBE:<\/strong>\u00a0N\u00faria Galobardes Casasampera<\/li>\n<li><strong>Coord. Servei comunitari (SC):\u00a0<\/strong>David Castells Jerez<\/li>\n<li><strong>Coord. Jornades, Tallers i Projectes (CJTP):<\/strong>\u00a0Jennifer Jim\u00e9nez Caballero<\/li>\n<li><strong>Coord. Conviv\u00e8ncia 1-3 (CC1):\u00a0<\/strong>Lucia Llombart, M\u00f3nica Rubio, TIS, Jordi Palacios, N\u00faria Riera, Clara Say\u00f3s, N\u00faria Galobardes<\/li>\n<li><strong>Coord. Conviv\u00e8ncia 2-4 (CC2):\u00a0<\/strong>N\u00faria Galobardes, Anna Ramos, TIS, Jaume Muriel, Mireia Gil, Maria Guix\u00e9<\/li>\n<\/ul>\n<\/li>\n<\/ul>\n<ul>\n<li><strong>ORIENTACI\u00d3<\/strong>\n<ul>\n<li><strong>Orientaci\u00f3 educativa:<\/strong>\u00a0Luc\u00eda Llombart (1r i 2n ESO), Anna Ramos (3r ESO), M\u00f3nica Rubio (4t ESO)<\/li>\n<\/ul>\n<\/li>\n<\/ul>\n<ul>\n<li><strong>TUTORIES<\/strong>\n<ul>\n<li><strong>Tutoria 1r A:\u00a0<\/strong>Jennifer Jim\u00e9nez Caballero<\/li>\n<li><strong>Tutoria 1r B:\u00a0<\/strong>Elisabet Portet Tort<\/li>\n<li><strong>Tutoria 2n A:\u00a0<\/strong>Xavier Serra Mas<\/li>\n<li><strong>Tutoria 3r A:\u00a0<\/strong>S\u00f2nia Mu\u00f1oz Navarro<\/li>\n<li><strong>Tutoria 3r B:\u00a0<\/strong>Marc Rimblas Freixas<\/li>\n<li><strong>Tutoria 3r D:\u00a0<\/strong>Maria Guix\u00e9 Viedma<\/li>\n<li><strong>Tutoria 4t A:\u00a0<\/strong>Adriana Fort Vargas<\/li>\n<li><strong>Tutoria 4t B:\u00a0<\/strong>N\u00faria Riera Cunill<\/li>\n<li><b>Tutoria Aula d\u2019Acollida:\u00a0<\/b>Paula Jorba Montserrat<\/li>\n<li><strong>Tutoria Formaci\u00f3 Professional B\u00e0sica (FPB):<\/strong>\u00a0Elisabeth Garcia Alcaraz<\/li>\n<\/ul>\n<\/li>\n<\/ul>\n<ul>\n<li><strong>CAPS D\u2019\u00c0MBIT<\/strong>\n<ul>\n<li><strong>\u00c0mbit Ling\u00fc\u00edstic:\u00a0<\/strong>M\u00f2nica Subirana Martos<\/li>\n<li><strong>\u00c0mbit Lleng\u00fces estrangeres:\u00a0<\/strong>Judit Adrobau Gr\u00e0cia<\/li>\n<li><strong>\u00c0mbit Cientificotecnol\u00f2gic:<\/strong>\u00a0Clara Say\u00f3s Crosas<\/li>\n<li><strong>\u00c0mbit Matem\u00e0tic:\u00a0<\/strong>Oriol Vilanova Gabarron<\/li>\n<li><strong>\u00c0mbit Artisticosocial:\u00a0<\/strong>Jordi Parramon Muntada<\/li>\n<li><strong>\u00c0mbit d\u2019Orientaci\u00f3:\u00a0<\/strong>Luc\u00eda Llombart Barrientos<\/li>\n<li><strong>\u00c0mbit Formaci\u00f3 Professional B\u00e0sica (FPB):\u00a0<\/strong>Nil Monfort Ib\u00e1\u00f1ez<\/li>\n<\/ul>\n<\/li>\n<\/ul>\n<p><strong>PERSONAL D\u2019ADMINISTRACI\u00d3 I SERVEIS (PAS):<\/strong><\/p>\n<ul>\n<li>\n<ul>\n<li><strong>Consergeria:\u00a0<\/strong>Cristina Balart<\/li>\n<li><strong>Auxiliar administrativa:\u00a0<\/strong>Sara Mart\u00ednez<\/li>\n<li><strong>TIS:<\/strong>\u00a0Cisco Rodr\u00edguez Gonz\u00e1lez<\/li>\n<li><strong>Vetlladora:\u00a0<\/strong>Khadija El Hana Louah<\/li>\n<\/ul>\n<\/li>\n<\/ul>\n<ul>\n<li style=\"list-style-type: none;\"><\/li>\n<\/ul>\n","protected":false},"excerpt":{"rendered":"<p>Curs 2025-2026<\/p>\n<ul>\n<li>EQUIP DIRECTIU\n<ul>\n<li>Direcci\u00f3:\u00a0Jaume Muriel Flaqu\u00e9<\/li>\n<li>Cap d\u2019Estudis:\u00a0M\u00f3nica Rubio Pi\u00f1eras<\/li>\n<li>Secretari:\u00a0Jordi Palacios Parra<\/li>\n<li>Coordinaci\u00f3 Pedag\u00f2gica:\u00a0Anna Ramos P\u00e9rez<\/li>\n<\/ul>\n<\/li>\n<\/ul>\n<ul>\n<li>COORDINACIONS\n<ul>\n<li>Coord. d\u2019Activitats i Serveis (AIS):\u00a0Elena Rovira Ripoll<\/li>\n<li>Coord. d\u2019Inform\u00e0tica (TAC): Francesca Heras Herreros<\/li>\n<li>Coord. de Llengua, Interculturalitat i Cohesi\u00f3 Social (LIC): Mireia Gil Termes<\/li>\n<li>Coord. de prevenci\u00f3 de Riscos laborals (RL):\u00a0Maria Guix\u00e9 Viedma<\/li>\n<li>Coord. Multim\u00e8dia (MM):\u00a0Marina Meseguer&hellip;  <a href=\"https:\/\/agora.xtec.cat\/ses-canovelles\/linstitut\/historia\/organigrama\/\" title=\"Read Organitzaci\u00f3 del centre\">Llegeix m\u00e9s\u00bb<\/a><br \/>\n","protected":false},"author":1,"featured_media":0,"parent":27,"menu_order":50,"comment_status":"closed","ping_status":"closed","template":"page-templates\/side-menu.php","meta":{"_bbp_topic_count":0,"_bbp_reply_count":0,"_bbp_total_topic_count":0,"_bbp_total_reply_count":0,"_bbp_voice_count":0,"_bbp_anonymous_reply_count":0,"_bbp_topic_count_hidden":0,"_bbp_reply_count_hidden":0,"_bbp_forum_subforum_count":0,"footnotes":""},"class_list":["post-46","page","type-page","status-publish","hentry"],"post_mailing_queue_ids":[],"_links":{"self":[{"href":"https:\/\/agora.xtec.cat\/ses-canovelles\/wp-json\/wp\/v2\/pages\/46","targetHints":{"allow":["GET"]}}],"collection":[{"href":"https:\/\/agora.xtec.cat\/ses-canovelles\/wp-json\/wp\/v2\/pages"}],"about":[{"href":"https:\/\/agora.xtec.cat\/ses-canovelles\/wp-json\/wp\/v2\/types\/page"}],"author":[{"embeddable":true,"href":"https:\/\/agora.xtec.cat\/ses-canovelles\/wp-json\/wp\/v2\/users\/1"}],"replies":[{"embeddable":true,"href":"https:\/\/agora.xtec.cat\/ses-canovelles\/wp-json\/wp\/v2\/comments?post=46"}],"version-history":[{"count":4,"href":"https:\/\/agora.xtec.cat\/ses-canovelles\/wp-json\/wp\/v2\/pages\/46\/revisions"}],"predecessor-version":[{"id":12610,"href":"https:\/\/agora.xtec.cat\/ses-canovelles\/wp-json\/wp\/v2\/pages\/46\/revisions\/12610"}],"up":[{"embeddable":true,"href":"https:\/\/agora.xtec.cat\/ses-canovelles\/wp-json\/wp\/v2\/pages\/27"}],"wp:attachment":[{"href":"https:\/\/agora.xtec.cat\/ses-canovelles\/wp-json\/wp\/v2\/media?parent=46"}],"curies":[{"name":"wp","href":"https:\/\/api.w.org\/{rel}","templated":true}]}}