{"id":340,"date":"2016-11-11T22:08:56","date_gmt":"2016-11-11T21:08:56","guid":{"rendered":"http:\/\/agora.xtec.cat\/ses-canovelles\/?page_id=340"},"modified":"2020-10-16T13:25:51","modified_gmt":"2020-10-16T11:25:51","slug":"viu-la-ciencia","status":"publish","type":"page","link":"https:\/\/agora.xtec.cat\/ses-canovelles\/projecte-educatiu\/viu-la-ciencia\/","title":{"rendered":"Viu la ci\u00e8ncia!"},"content":{"rendered":"<p><img loading=\"lazy\" decoding=\"async\" class=\"alignleft\" src=\"https:\/\/upload.wikimedia.org\/wikipedia\/commons\/thumb\/7\/75\/Science-symbol-2.svg\/1024px-Science-symbol-2.svg.png\" alt=\"\" width=\"230\" height=\"230\" \/>El projecte \u201cViu la ci\u00e8ncia!\u201d t\u00e9 l&#8217;objectiu d&#8217;estimular i ampliar l\u2019aprenentatge de les ci\u00e8ncies dels alumnes de la ESO, complementant els continguts te\u00f2rics adquirits a l\u2019aula i aprofundint en el coneixement de l&#8217;entorn m\u00e9s proper.<\/p>\n<p>A partir de les activitats del projecte, vertebrades entorn a les ci\u00e8ncies experimentals, es pret\u00e9n que els alumnes treballin les diferents compet\u00e8ncies b\u00e0siques. Volem utilitzar la ci\u00e8ncia per despertar i potenciar la creativitat dels alumnes, que aquesta sigui una eina per a comunicar-se i expressar-se correctament, per a desenvolupar-se de forma aut\u00f2noma, a relacionar-se i treballar conjuntament amb altres persones estimulant el treball en equip i cooperatiu.<\/p>\n","protected":false},"excerpt":{"rendered":"<p>El projecte \u201cViu la ci\u00e8ncia!\u201d t\u00e9 l&#8217;objectiu d&#8217;estimular i ampliar l\u2019aprenentatge de les ci\u00e8ncies dels alumnes de la ESO, complementant els continguts te\u00f2rics adquirits a l\u2019aula i aprofundint en el coneixement de l&#8217;entorn m\u00e9s proper.<br \/>\nA partir de les activitats del projecte, vertebrades entorn a les&hellip;  <a href=\"https:\/\/agora.xtec.cat\/ses-canovelles\/projecte-educatiu\/viu-la-ciencia\/\" title=\"Read Viu la ci\u00e8ncia!\">Llegeix m\u00e9s\u00bb<\/a><\/p>\n","protected":false},"author":1,"featured_media":0,"parent":57,"menu_order":0,"comment_status":"closed","ping_status":"closed","template":"","meta":{"_bbp_topic_count":0,"_bbp_reply_count":0,"_bbp_total_topic_count":0,"_bbp_total_reply_count":0,"_bbp_voice_count":0,"_bbp_anonymous_reply_count":0,"_bbp_topic_count_hidden":0,"_bbp_reply_count_hidden":0,"_bbp_forum_subforum_count":0,"footnotes":""},"class_list":["post-340","page","type-page","status-publish","hentry"],"post_mailing_queue_ids":[],"_links":{"self":[{"href":"https:\/\/agora.xtec.cat\/ses-canovelles\/wp-json\/wp\/v2\/pages\/340","targetHints":{"allow":["GET"]}}],"collection":[{"href":"https:\/\/agora.xtec.cat\/ses-canovelles\/wp-json\/wp\/v2\/pages"}],"about":[{"href":"https:\/\/agora.xtec.cat\/ses-canovelles\/wp-json\/wp\/v2\/types\/page"}],"author":[{"embeddable":true,"href":"https:\/\/agora.xtec.cat\/ses-canovelles\/wp-json\/wp\/v2\/users\/1"}],"replies":[{"embeddable":true,"href":"https:\/\/agora.xtec.cat\/ses-canovelles\/wp-json\/wp\/v2\/comments?post=340"}],"version-history":[{"count":3,"href":"https:\/\/agora.xtec.cat\/ses-canovelles\/wp-json\/wp\/v2\/pages\/340\/revisions"}],"predecessor-version":[{"id":8907,"href":"https:\/\/agora.xtec.cat\/ses-canovelles\/wp-json\/wp\/v2\/pages\/340\/revisions\/8907"}],"up":[{"embeddable":true,"href":"https:\/\/agora.xtec.cat\/ses-canovelles\/wp-json\/wp\/v2\/pages\/57"}],"wp:attachment":[{"href":"https:\/\/agora.xtec.cat\/ses-canovelles\/wp-json\/wp\/v2\/media?parent=340"}],"curies":[{"name":"wp","href":"https:\/\/api.w.org\/{rel}","templated":true}]}}