{"id":12458,"date":"2024-11-09T16:13:39","date_gmt":"2024-11-09T15:13:39","guid":{"rendered":"https:\/\/agora.xtec.cat\/ses-canovelles\/?page_id=12458"},"modified":"2024-11-09T16:29:34","modified_gmt":"2024-11-09T15:29:34","slug":"programa-tecnics-dintegracio-social-i-educadors-socials","status":"publish","type":"page","link":"https:\/\/agora.xtec.cat\/ses-canovelles\/programa-tecnics-dintegracio-social-i-educadors-socials\/","title":{"rendered":"Programa T\u00e8cnics d&#8217;integraci\u00f3 social i educadors socials"},"content":{"rendered":"<p>L&#8217;Institut Domus d\u2019Olivet disposa de professionals d\u2019atenci\u00f3 educativa amb la finalitat de garantir l\u2019equitat en l\u2019acc\u00e9s a l\u2019educaci\u00f3: educadora social.<\/p>\n<p>La contractaci\u00f3 d\u2019aquesta professional est\u00e0 cofinan\u00e7ada en un 40 % per la Uni\u00f3 Europea i la resta pel Departament d\u2019Educaci\u00f3 i Formaci\u00f3 Professional, fet que comporta complir unes mesures de publicitat i comunicaci\u00f3.<\/p>\n<p>La incorporaci\u00f3 de l\u2019educadora social t\u00e9 com a objecte suplementar amb professionals d&#8217;atenci\u00f3 educativa l&#8217;activitat que es presta en els centres educatius, amb la finalitat de garantir l&#8217;equitat en l&#8217;acc\u00e9s a l\u2019educaci\u00f3.<\/p>\n<p>Els objectius del Programa de t\u00e8cnics d\u2019integraci\u00f3 social i educadors socials, cofinan\u00e7at per la Uni\u00f3 Europea, s\u00f3n:<\/p>\n<ul>\n<li style=\"list-style-type: none;\">\n<ul>\n<li>Prevenir l\u2019abandonament prematur i el frac\u00e0s escolar.<\/li>\n<li>Procurar el benestar emocional dels alumnes.<\/li>\n<li>Facilitar una bona conviv\u00e8ncia en els centres educatius.<\/li>\n<li>Contribuir a l\u2019orientaci\u00f3 dels alumnes.<\/li>\n<li>Fomentar la implicaci\u00f3 de les fam\u00edlies.<\/li>\n<li>Fomentar el vincle entre l\u2019escola i el seu entorn.<\/li>\n<li>Contribuir al desenvolupament de plans d\u2019\u00e0mbit comunitari.<\/li>\n<\/ul>\n<\/li>\n<\/ul>\n<p>El resultat esperat del programa \u00e9s reduir l\u2019absentisme escolar i l\u2019abandonament prematur.<\/p>\n<p><img loading=\"lazy\" decoding=\"async\" class=\" wp-image-12468 alignleft\" src=\"https:\/\/agora.xtec.cat\/ses-canovelles\/wp-content\/uploads\/usu87\/2024\/11\/logo-cofinancament.png\" alt=\"\" width=\"660\" height=\"176\" srcset=\"https:\/\/agora.xtec.cat\/ses-canovelles\/wp-content\/uploads\/usu87\/2024\/11\/logo-cofinancament.png 750w, https:\/\/agora.xtec.cat\/ses-canovelles\/wp-content\/uploads\/usu87\/2024\/11\/logo-cofinancament-300x80.png 300w\" sizes=\"auto, (max-width: 660px) 100vw, 660px\" \/><\/p>\n<p>&nbsp;<\/p>\n","protected":false},"excerpt":{"rendered":"<p>L&#8217;Institut Domus d\u2019Olivet disposa de professionals d\u2019atenci\u00f3 educativa amb la finalitat de garantir l\u2019equitat en l\u2019acc\u00e9s a l\u2019educaci\u00f3: educadora social.<br \/>\nLa contractaci\u00f3 d\u2019aquesta professional est\u00e0 cofinan\u00e7ada en un 40 % per la Uni\u00f3 Europea i la resta pel Departament d\u2019Educaci\u00f3 i Formaci\u00f3 Professional, fet que comporta&hellip;  <a href=\"https:\/\/agora.xtec.cat\/ses-canovelles\/programa-tecnics-dintegracio-social-i-educadors-socials\/\" title=\"Read Programa T\u00e8cnics d&#8217;integraci\u00f3 social i educadors socials\">Llegeix m\u00e9s\u00bb<\/a><\/p>\n","protected":false},"author":21,"featured_media":0,"parent":0,"menu_order":0,"comment_status":"closed","ping_status":"closed","template":"","meta":{"_bbp_topic_count":0,"_bbp_reply_count":0,"_bbp_total_topic_count":0,"_bbp_total_reply_count":0,"_bbp_voice_count":0,"_bbp_anonymous_reply_count":0,"_bbp_topic_count_hidden":0,"_bbp_reply_count_hidden":0,"_bbp_forum_subforum_count":0,"footnotes":""},"class_list":["post-12458","page","type-page","status-publish","hentry"],"post_mailing_queue_ids":[],"_links":{"self":[{"href":"https:\/\/agora.xtec.cat\/ses-canovelles\/wp-json\/wp\/v2\/pages\/12458","targetHints":{"allow":["GET"]}}],"collection":[{"href":"https:\/\/agora.xtec.cat\/ses-canovelles\/wp-json\/wp\/v2\/pages"}],"about":[{"href":"https:\/\/agora.xtec.cat\/ses-canovelles\/wp-json\/wp\/v2\/types\/page"}],"author":[{"embeddable":true,"href":"https:\/\/agora.xtec.cat\/ses-canovelles\/wp-json\/wp\/v2\/users\/21"}],"replies":[{"embeddable":true,"href":"https:\/\/agora.xtec.cat\/ses-canovelles\/wp-json\/wp\/v2\/comments?post=12458"}],"version-history":[{"count":6,"href":"https:\/\/agora.xtec.cat\/ses-canovelles\/wp-json\/wp\/v2\/pages\/12458\/revisions"}],"predecessor-version":[{"id":12469,"href":"https:\/\/agora.xtec.cat\/ses-canovelles\/wp-json\/wp\/v2\/pages\/12458\/revisions\/12469"}],"wp:attachment":[{"href":"https:\/\/agora.xtec.cat\/ses-canovelles\/wp-json\/wp\/v2\/media?parent=12458"}],"curies":[{"name":"wp","href":"https:\/\/api.w.org\/{rel}","templated":true}]}}