{"id":81,"date":"2014-09-18T10:38:05","date_gmt":"2014-09-18T10:38:05","guid":{"rendered":"http:\/\/agora.xtec.cat\/ses-bisaura\/?page_id=81"},"modified":"2025-12-18T14:14:00","modified_gmt":"2025-12-18T13:14:00","slug":"secretaria","status":"publish","type":"page","link":"https:\/\/agora.xtec.cat\/ses-bisaura\/secretaria\/","title":{"rendered":"Secretaria"},"content":{"rendered":"<p style=\"text-align: justify;\">La secretaria del centre ofereix suport administratiu a l\u2019alumnat, a les fam\u00edlies i al professorat, garantint una atenci\u00f3 eficient, propera i ordenada.<br \/><br \/>Entre les seves funcions principals destaquen:<br \/><br \/><b>Gesti\u00f3 acad\u00e8mica de l\u2019alumnat<\/b>: matr\u00edcules, trasllats, certificats acad\u00e8mics, t\u00edtols i expedients.<br \/><br \/><b>Atenci\u00f3 a les fam\u00edlies i a l\u2019alumnat<\/b>: informaci\u00f3 sobre tr\u00e0mits administratius, calendari escolar, documentaci\u00f3 i procediments del centre.<br \/><br \/><b>Suport administratiu al professorat<\/b>: gesti\u00f3 de documentaci\u00f3 interna i comunicacions oficials.<br \/><br \/><b>Tramitaci\u00f3 de beques i ajuts<\/b>: informaci\u00f3, orientaci\u00f3 i recepci\u00f3 de sol\u00b7licituds.<br \/><br \/><b>Gesti\u00f3 econ\u00f2mica b\u00e0sica<\/b>: pagaments, rebuts i altres tr\u00e0mits relacionats amb els serveis del centre.<br \/><br \/><b>Comunicaci\u00f3 amb l\u2019administraci\u00f3 educativa<\/b>: gesti\u00f3 de documents oficials i tr\u00e0mits institucionals.<br \/><br \/><b>Horari i contacte:<\/b><br \/><br \/><b>Horari d\u2019atenci\u00f3<\/b>: de dilluns a divendres, de 8.00 a 15.00 h<br \/><b>Correu electr\u00f2nic<\/b>:\u00a0<a href=\"mailto:administracio@insbisaura.cat\" target=\"_blank\" rel=\"noopener\">administracio@insbisaura.cat<\/a><br \/><br \/><em>Per garantir una millor atenci\u00f3, es recomana contactar amb la secretaria dins l\u2019horari establert.<\/em><\/p>\n<ul style=\"text-align: left;\">\n<li style=\"list-style-type: none;\">\n<ul>\n<li style=\"list-style-type: none;\">\u00a0<\/li>\n<\/ul>\n<\/li>\n<\/ul>\n<p>\u00a0<\/p>\n\n\n<p><\/p>\n","protected":false},"excerpt":{"rendered":"<p>La secretaria del centre ofereix suport administratiu a l\u2019alumnat, a les fam\u00edlies i al professorat, garantint una atenci\u00f3 eficient, propera i ordenada. Entre les seves funcions principals destaquen: Gesti\u00f3 acad\u00e8mica de l\u2019alumnat: matr\u00edcules, trasllats, certificats acad\u00e8mics, t\u00edtols i expedients. Atenci\u00f3 a les fam\u00edlies i a l\u2019alumnat: informaci\u00f3 sobre tr\u00e0mits administratius, calendari escolar, documentaci\u00f3 i procediments [&hellip;]<\/p>\n","protected":false},"author":1,"featured_media":0,"parent":0,"menu_order":0,"comment_status":"closed","ping_status":"closed","template":"","meta":{"_bbp_topic_count":0,"_bbp_reply_count":0,"_bbp_total_topic_count":0,"_bbp_total_reply_count":0,"_bbp_voice_count":0,"_bbp_anonymous_reply_count":0,"_bbp_topic_count_hidden":0,"_bbp_reply_count_hidden":0,"_bbp_forum_subforum_count":0,"site-sidebar-layout":"default","site-content-layout":"","ast-site-content-layout":"default","site-content-style":"default","site-sidebar-style":"default","ast-global-header-display":"","ast-banner-title-visibility":"","ast-main-header-display":"","ast-hfb-above-header-display":"","ast-hfb-below-header-display":"","ast-hfb-mobile-header-display":"","site-post-title":"","ast-breadcrumbs-content":"","ast-featured-img":"","footer-sml-layout":"","theme-transparent-header-meta":"","adv-header-id-meta":"","stick-header-meta":"","header-above-stick-meta":"","header-main-stick-meta":"","header-below-stick-meta":"","astra-migrate-meta-layouts":"set","ast-page-background-enabled":"default","ast-page-background-meta":{"desktop":{"background-color":"var(--ast-global-color-4)","background-image":"","background-repeat":"repeat","background-position":"center center","background-size":"auto","background-attachment":"scroll","background-type":"","background-media":"","overlay-type":"","overlay-color":"","overlay-opacity":"","overlay-gradient":""},"tablet":{"background-color":"","background-image":"","background-repeat":"repeat","background-position":"center center","background-size":"auto","background-attachment":"scroll","background-type":"","background-media":"","overlay-type":"","overlay-color":"","overlay-opacity":"","overlay-gradient":""},"mobile":{"background-color":"","background-image":"","background-repeat":"repeat","background-position":"center center","background-size":"auto","background-attachment":"scroll","background-type":"","background-media":"","overlay-type":"","overlay-color":"","overlay-opacity":"","overlay-gradient":""}},"ast-content-background-meta":{"desktop":{"background-color":"var(--ast-global-color-5)","background-image":"","background-repeat":"repeat","background-position":"center center","background-size":"auto","background-attachment":"scroll","background-type":"","background-media":"","overlay-type":"","overlay-color":"","overlay-opacity":"","overlay-gradient":""},"tablet":{"background-color":"var(--ast-global-color-5)","background-image":"","background-repeat":"repeat","background-position":"center center","background-size":"auto","background-attachment":"scroll","background-type":"","background-media":"","overlay-type":"","overlay-color":"","overlay-opacity":"","overlay-gradient":""},"mobile":{"background-color":"var(--ast-global-color-5)","background-image":"","background-repeat":"repeat","background-position":"center center","background-size":"auto","background-attachment":"scroll","background-type":"","background-media":"","overlay-type":"","overlay-color":"","overlay-opacity":"","overlay-gradient":""}},"footnotes":""},"class_list":["post-81","page","type-page","status-publish","hentry"],"post_mailing_queue_ids":[],"_links":{"self":[{"href":"https:\/\/agora.xtec.cat\/ses-bisaura\/wp-json\/wp\/v2\/pages\/81","targetHints":{"allow":["GET"]}}],"collection":[{"href":"https:\/\/agora.xtec.cat\/ses-bisaura\/wp-json\/wp\/v2\/pages"}],"about":[{"href":"https:\/\/agora.xtec.cat\/ses-bisaura\/wp-json\/wp\/v2\/types\/page"}],"author":[{"embeddable":true,"href":"https:\/\/agora.xtec.cat\/ses-bisaura\/wp-json\/wp\/v2\/users\/1"}],"replies":[{"embeddable":true,"href":"https:\/\/agora.xtec.cat\/ses-bisaura\/wp-json\/wp\/v2\/comments?post=81"}],"version-history":[{"count":6,"href":"https:\/\/agora.xtec.cat\/ses-bisaura\/wp-json\/wp\/v2\/pages\/81\/revisions"}],"predecessor-version":[{"id":4407,"href":"https:\/\/agora.xtec.cat\/ses-bisaura\/wp-json\/wp\/v2\/pages\/81\/revisions\/4407"}],"wp:attachment":[{"href":"https:\/\/agora.xtec.cat\/ses-bisaura\/wp-json\/wp\/v2\/media?parent=81"}],"curies":[{"name":"wp","href":"https:\/\/api.w.org\/{rel}","templated":true}]}}