{"id":65,"date":"2014-09-18T10:12:22","date_gmt":"2014-09-18T10:12:22","guid":{"rendered":"http:\/\/agora.xtec.cat\/ses-bisaura\/?page_id=65"},"modified":"2026-01-19T10:15:21","modified_gmt":"2026-01-19T09:15:21","slug":"serveis-digitals","status":"publish","type":"page","link":"https:\/\/agora.xtec.cat\/ses-bisaura\/secretaria\/serveis-digitals\/","title":{"rendered":"Serveis digitals"},"content":{"rendered":"<p>L\u2019Institut Bisaura utilitza els <strong>serveis\u00a0digitals<\/strong>\u00a0seg\u00fcents:<\/p>\n<ul>\n<li><a href=\"https:\/\/educaciodigital.cat\/ses-bisaura\/moodle\/\"><strong>Moodle.<\/strong><\/a> \u00c9s l\u2019entorn virtual d\u2019aprenentatge que s\u2019utilitza a tots els cursos. El professorat l\u2019utilitza per compartir tota la informaci\u00f3 de la mat\u00e8ria amb l\u2019alumnat. Tamb\u00e9 s\u2019hi recullen les tasques i lliuraments de l\u2019alumnat i s\u2019utilitza per fer-los el retorn.<\/li>\n<\/ul>\n<p><img loading=\"lazy\" decoding=\"async\" class=\"alignnone wp-image-905\" src=\"http:\/\/agora.xtec.cat\/insgurb\/wp-content\/uploads\/usu1744\/2018\/08\/moodle-logo-1024x313.png\" sizes=\"auto, (max-width: 222px) 100vw, 222px\" srcset=\"https:\/\/agora.xtec.cat\/insgurb\/wp-content\/uploads\/usu1744\/2018\/08\/moodle-logo-1024x313.png 1024w, https:\/\/agora.xtec.cat\/insgurb\/wp-content\/uploads\/usu1744\/2018\/08\/moodle-logo-300x92.png 300w, https:\/\/agora.xtec.cat\/insgurb\/wp-content\/uploads\/usu1744\/2018\/08\/moodle-logo-768x234.png 768w, https:\/\/agora.xtec.cat\/insgurb\/wp-content\/uploads\/usu1744\/2018\/08\/moodle-logo.png 1091w\" alt=\"\" width=\"222\" height=\"68\" \/><\/p>\n<ul>\n<li><strong>Google Workspace. <\/strong>El centre t\u00e9 un compte de Google Workspace per a Centres Educatius que li proporciona eines d\u2019emmagatzematge i edici\u00f3 col\u00b7laborativa de documents per a l\u2019alumnat i professorat (Drive), comunicaci\u00f3 (correu corporatiu per alumnat i professorat i Google Meet) i organitzaci\u00f3 (calendari). El coordinador digital \u00e9s l\u2019encarregat de crear i gestionar els usuaris, i tamb\u00e9 s\u2019encarrega del manteniment de la plataforma en general.<\/li>\n<\/ul>\n<p><img loading=\"lazy\" decoding=\"async\" class=\"alignnone size-full wp-image-4764\" src=\"https:\/\/agora.xtec.cat\/insgurb\/wp-content\/uploads\/usu1744\/2023\/05\/Google-workspace.jpg\" alt=\"\" width=\"296\" height=\"101\" \/><\/p>\n<ul>\n<li><strong>App<\/strong>\n<ul>\n<li style=\"list-style-type: none;\">\n<ul>\n<li><strong>TokApp<\/strong>: la plataforma de gesti\u00f3 cont\u00e9 una aplicaci\u00f3 per al m\u00f2bil, l\u2019<strong>iEduca Tokapp<\/strong>, que s\u2019utilitza des de la coordinaci\u00f3 de comunicaci\u00f3 per enviar comunicacions instant\u00e0nies a les fam\u00edlies. Aquestes tamb\u00e9 poden consultar les faltes d\u2019assist\u00e8ncia, retards, incid\u00e8ncies i faltes de materials dels seus fills\/es.<\/li>\n<\/ul>\n<\/li>\n<\/ul>\n<\/li>\n<\/ul>\n<p><a href=\"https:\/\/tokappschool.com\/\"><img loading=\"lazy\" decoding=\"async\" class=\"size-full wp-image-4463 alignleft\" src=\"https:\/\/agora.xtec.cat\/ses-bisaura\/wp-content\/uploads\/usu1136\/2026\/01\/image.png\" alt=\"\" width=\"262\" height=\"124\" \/><\/a><\/p>\n<ul>\n<li><strong>eP\u00e8rgam. <\/strong>\u00c9s el programa que s\u2019utilitza per a la catalogaci\u00f3 dels llibres de la Biblioteca.<\/li>\n<\/ul>\n<p><a href=\"https:\/\/agora.xtec.cat\/insgurb\/wp-content\/uploads\/usu1744\/2023\/05\/ePergam.png\"><img loading=\"lazy\" decoding=\"async\" class=\"alignnone wp-image-4762 \" src=\"https:\/\/agora.xtec.cat\/insgurb\/wp-content\/uploads\/usu1744\/2023\/05\/ePergam.png\" sizes=\"auto, (max-width: 326px) 100vw, 326px\" srcset=\"https:\/\/agora.xtec.cat\/insgurb\/wp-content\/uploads\/usu1744\/2023\/05\/ePergam.png 389w, https:\/\/agora.xtec.cat\/insgurb\/wp-content\/uploads\/usu1744\/2023\/05\/ePergam-300x99.png 300w\" alt=\"\" width=\"326\" height=\"108\" \/><\/a><\/p>\n<ul>\n<li><strong>Canva for education. <\/strong>Aquesta aplicaci\u00f3 permet crear p\u00f2ster digitals a l\u2019alumnat i professorat.<\/li>\n<\/ul>\n<p><a href=\"https:\/\/agora.xtec.cat\/insgurb\/wp-content\/uploads\/usu1744\/2023\/05\/Canva.png\"><img loading=\"lazy\" decoding=\"async\" class=\"alignnone wp-image-4765\" src=\"https:\/\/agora.xtec.cat\/insgurb\/wp-content\/uploads\/usu1744\/2023\/05\/Canva.png\" sizes=\"auto, (max-width: 320px) 100vw, 320px\" srcset=\"https:\/\/agora.xtec.cat\/insgurb\/wp-content\/uploads\/usu1744\/2023\/05\/Canva.png 399w, https:\/\/agora.xtec.cat\/insgurb\/wp-content\/uploads\/usu1744\/2023\/05\/Canva-300x128.png 300w\" alt=\"\" width=\"320\" height=\"136\" \/><\/a><\/p>\n<ul>\n<li><strong>Domini.cat. <\/strong>El centre t\u00e9 el domini propi (insbisaura.cat).<\/li>\n<\/ul>\n<p><a href=\"https:\/\/agora.xtec.cat\/insgurb\/wp-content\/uploads\/usu1744\/2023\/05\/domini.jpg\"><img loading=\"lazy\" decoding=\"async\" class=\"alignnone wp-image-4767\" src=\"https:\/\/agora.xtec.cat\/insgurb\/wp-content\/uploads\/usu1744\/2023\/05\/domini.jpg\" alt=\"\" width=\"307\" height=\"95\" \/><\/a><\/p>\n<ul>\n<li><strong>Nodes<\/strong> \u00e9s la plataforma on s\u2019allotja la p\u00e0gina web del centre. Pertany al Departament d\u2019Educaci\u00f3 de la Generalitat de Catalunya.<\/li>\n<\/ul>\n<p><img loading=\"lazy\" decoding=\"async\" class=\"alignnone wp-image-4770\" src=\"https:\/\/agora.xtec.cat\/insgurb\/wp-content\/uploads\/usu1744\/2023\/05\/nodes.png\" sizes=\"auto, (max-width: 315px) 100vw, 315px\" srcset=\"https:\/\/agora.xtec.cat\/insgurb\/wp-content\/uploads\/usu1744\/2023\/05\/nodes.png 402w, https:\/\/agora.xtec.cat\/insgurb\/wp-content\/uploads\/usu1744\/2023\/05\/nodes-300x93.png 300w\" alt=\"\" width=\"315\" height=\"98\" \/><\/p>\n<ul>\n<li><strong>Xarxes socials. <\/strong>Per a la difusi\u00f3 de les activitats que es duen a terme al centre en el seu dia a dia s\u2019utilitzen les xarxes socials seg\u00fcents:\n<ul>\n<li>Instagram (<a href=\"https:\/\/www.instagram.com\/ins_bisaura\/\">ins_bisaura<\/a>)<\/li>\n<li>Youtube (<a href=\"https:\/\/www.youtube.com\/@INS_Bisaura\"><span class=\"yt-core-attributed-string yt-content-metadata-view-model-wiz__metadata-text yt-core-attributed-string--white-space-pre-wrap yt-core-attributed-string--link-inherit-color\" dir=\"auto\" role=\"text\">@INS_Bisaura<\/span><\/a>)<\/li>\n<\/ul>\n<\/li>\n<\/ul>\n","protected":false},"excerpt":{"rendered":"<p>L\u2019Institut Bisaura utilitza els serveis\u00a0digitals\u00a0seg\u00fcents: Moodle. \u00c9s l\u2019entorn virtual d\u2019aprenentatge que s\u2019utilitza a tots els cursos. El professorat l\u2019utilitza per compartir tota la informaci\u00f3 de la mat\u00e8ria amb l\u2019alumnat. Tamb\u00e9 s\u2019hi recullen les tasques i lliuraments de l\u2019alumnat i s\u2019utilitza per fer-los el retorn. Google Workspace. El centre t\u00e9 un compte de Google Workspace per [&hellip;]<\/p>\n","protected":false},"author":1,"featured_media":0,"parent":81,"menu_order":10,"comment_status":"closed","ping_status":"open","template":"","meta":{"_bbp_topic_count":0,"_bbp_reply_count":0,"_bbp_total_topic_count":0,"_bbp_total_reply_count":0,"_bbp_voice_count":0,"_bbp_anonymous_reply_count":0,"_bbp_topic_count_hidden":0,"_bbp_reply_count_hidden":0,"_bbp_forum_subforum_count":0,"site-sidebar-layout":"default","site-content-layout":"","ast-site-content-layout":"default","site-content-style":"default","site-sidebar-style":"default","ast-global-header-display":"","ast-banner-title-visibility":"","ast-main-header-display":"","ast-hfb-above-header-display":"","ast-hfb-below-header-display":"","ast-hfb-mobile-header-display":"","site-post-title":"","ast-breadcrumbs-content":"","ast-featured-img":"","footer-sml-layout":"","theme-transparent-header-meta":"","adv-header-id-meta":"","stick-header-meta":"","header-above-stick-meta":"","header-main-stick-meta":"","header-below-stick-meta":"","astra-migrate-meta-layouts":"set","ast-page-background-enabled":"default","ast-page-background-meta":{"desktop":{"background-color":"var(--ast-global-color-4)","background-image":"","background-repeat":"repeat","background-position":"center center","background-size":"auto","background-attachment":"scroll","background-type":"","background-media":"","overlay-type":"","overlay-color":"","overlay-opacity":"","overlay-gradient":""},"tablet":{"background-color":"","background-image":"","background-repeat":"repeat","background-position":"center center","background-size":"auto","background-attachment":"scroll","background-type":"","background-media":"","overlay-type":"","overlay-color":"","overlay-opacity":"","overlay-gradient":""},"mobile":{"background-color":"","background-image":"","background-repeat":"repeat","background-position":"center center","background-size":"auto","background-attachment":"scroll","background-type":"","background-media":"","overlay-type":"","overlay-color":"","overlay-opacity":"","overlay-gradient":""}},"ast-content-background-meta":{"desktop":{"background-color":"var(--ast-global-color-5)","background-image":"","background-repeat":"repeat","background-position":"center center","background-size":"auto","background-attachment":"scroll","background-type":"","background-media":"","overlay-type":"","overlay-color":"","overlay-opacity":"","overlay-gradient":""},"tablet":{"background-color":"var(--ast-global-color-5)","background-image":"","background-repeat":"repeat","background-position":"center center","background-size":"auto","background-attachment":"scroll","background-type":"","background-media":"","overlay-type":"","overlay-color":"","overlay-opacity":"","overlay-gradient":""},"mobile":{"background-color":"var(--ast-global-color-5)","background-image":"","background-repeat":"repeat","background-position":"center center","background-size":"auto","background-attachment":"scroll","background-type":"","background-media":"","overlay-type":"","overlay-color":"","overlay-opacity":"","overlay-gradient":""}},"footnotes":""},"class_list":["post-65","page","type-page","status-publish","hentry"],"post_mailing_queue_ids":[],"_links":{"self":[{"href":"https:\/\/agora.xtec.cat\/ses-bisaura\/wp-json\/wp\/v2\/pages\/65","targetHints":{"allow":["GET"]}}],"collection":[{"href":"https:\/\/agora.xtec.cat\/ses-bisaura\/wp-json\/wp\/v2\/pages"}],"about":[{"href":"https:\/\/agora.xtec.cat\/ses-bisaura\/wp-json\/wp\/v2\/types\/page"}],"author":[{"embeddable":true,"href":"https:\/\/agora.xtec.cat\/ses-bisaura\/wp-json\/wp\/v2\/users\/1"}],"replies":[{"embeddable":true,"href":"https:\/\/agora.xtec.cat\/ses-bisaura\/wp-json\/wp\/v2\/comments?post=65"}],"version-history":[{"count":5,"href":"https:\/\/agora.xtec.cat\/ses-bisaura\/wp-json\/wp\/v2\/pages\/65\/revisions"}],"predecessor-version":[{"id":4464,"href":"https:\/\/agora.xtec.cat\/ses-bisaura\/wp-json\/wp\/v2\/pages\/65\/revisions\/4464"}],"up":[{"embeddable":true,"href":"https:\/\/agora.xtec.cat\/ses-bisaura\/wp-json\/wp\/v2\/pages\/81"}],"wp:attachment":[{"href":"https:\/\/agora.xtec.cat\/ses-bisaura\/wp-json\/wp\/v2\/media?parent=65"}],"curies":[{"name":"wp","href":"https:\/\/api.w.org\/{rel}","templated":true}]}}