{"id":4442,"date":"2026-01-18T22:21:40","date_gmt":"2026-01-18T21:21:40","guid":{"rendered":"https:\/\/agora.xtec.cat\/ses-bisaura\/?page_id=4442"},"modified":"2026-02-05T12:56:18","modified_gmt":"2026-02-05T11:56:18","slug":"prova-obtencio-graduat-eso","status":"publish","type":"page","link":"https:\/\/agora.xtec.cat\/ses-bisaura\/prova-obtencio-graduat-eso\/","title":{"rendered":"Prova obtenci\u00f3 graduat ESO"},"content":{"rendered":"\n<p>L&#8217;obtenci\u00f3 del graduat d&#8217;ESO fora del termini establert es convoca anualment, per als alumnes que no l&#8217;hagin obtingut en finalitzar l&#8217;etapa.<\/p>\n\n\n\n<p>Per poder-s\u2019hi presentar l\u2019alumne o alumna ha d\u2019haver finalitzat l\u2019etapa durant un dels dos cursos anteriors al qual es presenti a la prova.<\/p>\n\n\n\n<p><strong>Alumnes que poden presentar-s&#8217;hi<\/strong><\/p>\n\n\n\n<p>Els alumnes han de complir els dos requisits seg\u00fcents per poder presentar-se a aquesta prova l\u2019any 2026:<\/p>\n\n\n\n<ol class=\"wp-block-list\">\n<li>   Tenir almenys 18 anys o complir-los dins de l&#8217;any 2026. L\u2019edat requerida es podr\u00e0 rebaixar fins als setze anys sempre que l\u2019alumne o alumna compleixi alguna de les condicions seg\u00fcents:<\/li>\n<\/ol>\n\n\n\n<p>&nbsp;&#8211; Tenir un contracte laboral que l\u2019impedeixi assistir al centre en r\u00e8gim ordinari.<\/p>\n\n\n\n<p>&nbsp;&#8211; Trobar-se en proc\u00e9s d&#8217;obtenci\u00f3 d&#8217;un perm\u00eds de treball.<\/p>\n\n\n\n<p>&nbsp;&#8211; Ser esportista d&#8217;alt rendiment. En aquest cas, caldr\u00e0 presentar una certificaci\u00f3 del Consell Catal\u00e0 de l\u2019Esport que acrediti que aquests esportistes figuren en el programa de tecnificaci\u00f3 (ARC) de la federaci\u00f3 catalana corresponent.<\/p>\n\n\n\n<p>&nbsp;&#8211; Tenir un expedient d\u2019homologaci\u00f3 obert d\u2019estudis estrangers al t\u00edtol de GESO.<\/p>\n\n\n\n<p>2.    Haver finalitzat l\u2019ESO l\u2019any 2024 o 2025 sense haver obtingut el t\u00edtol o haver finalitzat l\u2019equivalent del quart curs de l\u2019educaci\u00f3 secund\u00e0ria obligat\u00f2ria en un sistema educatiu estranger amb mat\u00e8ries amb avaluaci\u00f3 negativa en cursos anteriors.<\/p>\n\n\n\n<p>De manera excepcional, tamb\u00e9 s&#8217;hi poden acollir alumnes amb informe de reconeixement de necessitats educatives especials, em\u00e8s per l&#8217;equip d&#8217;assessorament psicopedag\u00f2gic (EAP), per als quals es va elaborar un pla de suport individualitzat durant el per\u00edode compr\u00e8s entre els cursos 2017-2018 i 2022-2023.<\/p>\n\n\n\n<p>En aplicaci\u00f3 d\u2019aquests requisits, queden exclosos de la prova els alumnes inscrits per repetir quart d\u2019ESO en el present curs 2025-2026.<\/p>\n\n\n\n<p>D\u2019altra banda, els alumnes que estan matriculats en ensenyaments d&#8217;adults o a l&#8217;Institut Obert de Catalunya hi poden conc\u00f3rrer, sempre que compleixin els requisits abans esmentats.<\/p>\n\n\n\n<p><strong>Avaluaci\u00f3, qualificaci\u00f3 i obtenci\u00f3 del t\u00edtol<\/strong><\/p>\n\n\n\n<ol class=\"wp-block-list\">\n<li>   El centre realitza una sessi\u00f3 d&#8217;avaluaci\u00f3 per prendre les decisions oportunes sobre les qualificacions de les diferents mat\u00e8ries i sobre l&#8217;obtenci\u00f3 del t\u00edtol de l&#8217;alumne o alumna que s&#8217;hagi presentat a la prova.\n<ul class=\"wp-block-list\">\n<li><\/li>\n<\/ul>\n<\/li>\n\n\n\n<li>Les qualificacions de les mat\u00e8ries es fan constar a l&#8217;acta d&#8217;avaluaci\u00f3, d&#8217;acord amb el model de l&#8217;annex 2 de la Resoluci\u00f3 EDU\/2730\/2024, de 16 de juliol, per la qual es regula la convocat\u00f2ria anual de la prova per a l&#8217;obtenci\u00f3 del t\u00edtol de graduat o graduada en educaci\u00f3 secund\u00e0ria obligat\u00f2ria per a l&#8217;alumnat que no l&#8217;hagi obtingut en finalitzar l&#8217;etapa esmentada.<\/li>\n\n\n\n<li>El centre informa, en el termini de deu dies lectius seg\u00fcents a la realitzaci\u00f3 de la prova i per mitj\u00e0 dels canals que tingui establerts, de la relaci\u00f3 d&#8217;alumnes presentats i de les qualificacions obtingudes aplicant la normativa vigent de protecci\u00f3 de dades.<\/li>\n\n\n\n<li>L&#8217;alumne o alumna o, en cas que sigui menor d&#8217;edat, el seu pare, mare o tutor o tutora legal, poden reclamar contra les qualificacions obtingudes durant els tres dies h\u00e0bils seg\u00fcents a la data d&#8217;informaci\u00f3 dels resultats obtinguts davant. La direcci\u00f3 del centre ha de convocar una reuni\u00f3 extraordin\u00e0ria de la sessi\u00f3 d&#8217;avaluaci\u00f3 en un termini de 48 hores per confirmar o modificar els resultats.<\/li>\n\n\n\n<li>Els alumnes han de rebre una certificaci\u00f3 de les qualificacions obtingudes expedida per la secretaria del centre amb el vistiplau de la direcci\u00f3, d&#8217;acord amb el model de l&#8217;annex 3 de la Resoluci\u00f3 EDU\/2730\/2024, de 16 de juliol, per la qual es regula la convocat\u00f2ria anual de la prova per a l&#8217;obtenci\u00f3 del t\u00edtol de graduat o graduada en educaci\u00f3 secund\u00e0ria obligat\u00f2ria per a l&#8217;alumnat que no l&#8217;hagi obtingut en finalitzar l&#8217;etapa esmentada.<\/li>\n<\/ol>\n\n\n\n<p><strong>A continuaci\u00f3 adjuntem els documents on consten els continguts relatius a cada prova<\/strong><\/p>\n\n\n\n<div class=\"wp-block-getwid-button-group\"><div class=\"wp-block-getwid-button-group__wrapper\">\n<div class=\"wp-block-button\"><a class=\"wp-block-button__link wp-element-button\" href=\"https:\/\/agora.xtec.cat\/ses-bisaura\/wp-content\/uploads\/usu1136\/2026\/01\/GESO-FiQ-continguts-1.pdf\">F\u00edsica i qu\u00edmica<\/a><\/div>\n\n\n\n<div class=\"wp-block-button\"><a class=\"wp-block-button__link wp-element-button\" href=\"https:\/\/agora.xtec.cat\/ses-bisaura\/wp-content\/uploads\/usu1136\/2026\/01\/mate_GESO.pdf\">Matem\u00e0tiques<\/a><\/div>\n\n\n\n<div class=\"wp-block-button\"><a class=\"wp-block-button__link wp-element-button\" href=\"https:\/\/agora.xtec.cat\/ses-bisaura\/wp-content\/uploads\/usu1136\/2026\/01\/GESO_Contingut-prova-Llengua-catalana-i-literatura-1.pdf\">Catal\u00e0<\/a><\/div>\n\n\n\n<div class=\"wp-block-button\"><a class=\"wp-block-button__link wp-element-button\" href=\"https:\/\/agora.xtec.cat\/ses-bisaura\/wp-content\/uploads\/usu1136\/2026\/01\/GESO-Socials-25-26.pdf\">Socials<\/a><\/div>\n\n\n\n<div class=\"wp-block-button\"><a class=\"wp-block-button__link wp-element-button\" href=\"https:\/\/agora.xtec.cat\/ses-bisaura\/wp-content\/uploads\/usu1136\/2026\/01\/GESO-TECNOLOGIA.pdf\">Tecnologia<\/a><\/div>\n\n\n\n<div class=\"wp-block-button\"><a class=\"wp-block-button__link wp-element-button\" href=\"https:\/\/agora.xtec.cat\/ses-bisaura\/wp-content\/uploads\/usu1136\/2026\/01\/GESO-EMPRENEDORIA.pdf\">Emprenedoria<\/a><\/div>\n\n\n\n<div class=\"wp-block-button\"><a class=\"wp-block-button__link wp-element-button\" href=\"https:\/\/agora.xtec.cat\/ses-bisaura\/wp-content\/uploads\/usu1136\/2026\/01\/Model-Prova-GESO-Musica.pdf\">M\u00fasica<\/a><\/div>\n\n\n\n<div class=\"wp-block-button\"><a class=\"wp-block-button__link wp-element-button\" href=\"https:\/\/agora.xtec.cat\/ses-bisaura\/wp-content\/uploads\/usu1136\/2026\/01\/GESO-FILOSOFIA.pdf\">Filosofia<\/a><\/div>\n\n\n\n<div class=\"wp-block-button\"><a class=\"wp-block-button__link wp-element-button\" href=\"https:\/\/agora.xtec.cat\/ses-bisaura\/wp-content\/uploads\/usu1136\/2026\/01\/GESO_Contingut-prova-Frances.pdf\">Franc\u00e8s<\/a><\/div>\n\n\n\n<div class=\"wp-block-button\"><a class=\"wp-block-button__link wp-element-button\" href=\"https:\/\/agora.xtec.cat\/ses-bisaura\/wp-content\/uploads\/usu1136\/2026\/01\/GESO-BIOLOGIA-I-GEOLOGIA-DEFINITIU.pdf\">Biologia i Geologia<\/a><\/div>\n\n\n\n<div class=\"wp-block-button\"><a class=\"wp-block-button__link wp-element-button\" href=\"https:\/\/agora.xtec.cat\/ses-bisaura\/wp-content\/uploads\/usu1136\/2026\/01\/GESO-Curriculum-angles.docx.pdf\">Angl\u00e8s<\/a><\/div>\n\n\n\n<div class=\"wp-block-button\"><a class=\"wp-block-button__link wp-element-button\" href=\"https:\/\/agora.xtec.cat\/ses-bisaura\/wp-content\/uploads\/usu1136\/2026\/01\/GESO_Contingut-Optativa-Expressio-Oral-4T-1.pdf\">Expressi\u00f3 oral ( catal\u00e0)<\/a><\/div>\n\n\n\n<div class=\"wp-block-button\"><a class=\"wp-block-button__link wp-element-button\" href=\"https:\/\/agora.xtec.cat\/ses-bisaura\/wp-content\/uploads\/usu1136\/2026\/01\/GESO_Llengua_Castellana.pdf\">Castell\u00e0<\/a><\/div>\n\n\n\n<div class=\"wp-block-button\"><a class=\"wp-block-button__link wp-element-button\" href=\"https:\/\/agora.xtec.cat\/ses-bisaura\/wp-content\/uploads\/usu1136\/2026\/01\/EXPRESSIO-ARTISTICA-competencies-i-examen.pdf\">E. Art\u00edstica<\/a><\/div>\n\n\n\n<div class=\"wp-block-button\"><a class=\"wp-block-button__link wp-element-button\" href=\"https:\/\/agora.xtec.cat\/ses-bisaura\/wp-content\/uploads\/usu1136\/2026\/01\/GESO-Valors-Etics-i-Civics-25-26.pdf\">Valors \u00e8tics<\/a><\/div>\n\n\n\n<div class=\"wp-block-button\"><a class=\"wp-block-button__link wp-element-button\" href=\"https:\/\/agora.xtec.cat\/ses-bisaura\/wp-content\/uploads\/usu1136\/2026\/01\/GESO_Contingut-prova-Llengua-i-cultura-llatines.docx.pdf\">Llat\u00ed<\/a><\/div>\n\n\n\n<div class=\"wp-block-button\"><a class=\"wp-block-button__link wp-element-button\" href=\"https:\/\/agora.xtec.cat\/ses-bisaura\/wp-content\/uploads\/usu1136\/2026\/02\/Educaciofisica-Geso.pdf\">Educaci\u00f3 F\u00edsica<\/a><\/div>\n<\/div><\/div>\n\n\n\n<p><\/p>\n","protected":false},"excerpt":{"rendered":"<p>L&#8217;obtenci\u00f3 del graduat d&#8217;ESO fora del termini establert es convoca anualment, per als alumnes que no l&#8217;hagin obtingut en finalitzar l&#8217;etapa. Per poder-s\u2019hi presentar l\u2019alumne o alumna ha d\u2019haver finalitzat l\u2019etapa durant un dels dos cursos anteriors al qual es presenti a la prova. Alumnes que poden presentar-s&#8217;hi Els alumnes han de complir els dos [&hellip;]<\/p>\n","protected":false},"author":1,"featured_media":0,"parent":0,"menu_order":0,"comment_status":"closed","ping_status":"close","template":"","meta":{"_bbp_topic_count":0,"_bbp_reply_count":0,"_bbp_total_topic_count":0,"_bbp_total_reply_count":0,"_bbp_voice_count":0,"_bbp_anonymous_reply_count":0,"_bbp_topic_count_hidden":0,"_bbp_reply_count_hidden":0,"_bbp_forum_subforum_count":0,"site-sidebar-layout":"default","site-content-layout":"","ast-site-content-layout":"default","site-content-style":"default","site-sidebar-style":"default","ast-global-header-display":"","ast-banner-title-visibility":"","ast-main-header-display":"","ast-hfb-above-header-display":"","ast-hfb-below-header-display":"","ast-hfb-mobile-header-display":"","site-post-title":"","ast-breadcrumbs-content":"","ast-featured-img":"","footer-sml-layout":"","theme-transparent-header-meta":"","adv-header-id-meta":"","stick-header-meta":"","header-above-stick-meta":"","header-main-stick-meta":"","header-below-stick-meta":"","astra-migrate-meta-layouts":"set","ast-page-background-enabled":"default","ast-page-background-meta":{"desktop":{"background-color":"var(--ast-global-color-4)","background-image":"","background-repeat":"repeat","background-position":"center center","background-size":"auto","background-attachment":"scroll","background-type":"","background-media":"","overlay-type":"","overlay-color":"","overlay-opacity":"","overlay-gradient":""},"tablet":{"background-color":"","background-image":"","background-repeat":"repeat","background-position":"center center","background-size":"auto","background-attachment":"scroll","background-type":"","background-media":"","overlay-type":"","overlay-color":"","overlay-opacity":"","overlay-gradient":""},"mobile":{"background-color":"","background-image":"","background-repeat":"repeat","background-position":"center center","background-size":"auto","background-attachment":"scroll","background-type":"","background-media":"","overlay-type":"","overlay-color":"","overlay-opacity":"","overlay-gradient":""}},"ast-content-background-meta":{"desktop":{"background-color":"var(--ast-global-color-5)","background-image":"","background-repeat":"repeat","background-position":"center center","background-size":"auto","background-attachment":"scroll","background-type":"","background-media":"","overlay-type":"","overlay-color":"","overlay-opacity":"","overlay-gradient":""},"tablet":{"background-color":"var(--ast-global-color-5)","background-image":"","background-repeat":"repeat","background-position":"center center","background-size":"auto","background-attachment":"scroll","background-type":"","background-media":"","overlay-type":"","overlay-color":"","overlay-opacity":"","overlay-gradient":""},"mobile":{"background-color":"var(--ast-global-color-5)","background-image":"","background-repeat":"repeat","background-position":"center center","background-size":"auto","background-attachment":"scroll","background-type":"","background-media":"","overlay-type":"","overlay-color":"","overlay-opacity":"","overlay-gradient":""}},"footnotes":""},"class_list":["post-4442","page","type-page","status-publish","hentry"],"post_mailing_queue_ids":[],"_links":{"self":[{"href":"https:\/\/agora.xtec.cat\/ses-bisaura\/wp-json\/wp\/v2\/pages\/4442","targetHints":{"allow":["GET"]}}],"collection":[{"href":"https:\/\/agora.xtec.cat\/ses-bisaura\/wp-json\/wp\/v2\/pages"}],"about":[{"href":"https:\/\/agora.xtec.cat\/ses-bisaura\/wp-json\/wp\/v2\/types\/page"}],"author":[{"embeddable":true,"href":"https:\/\/agora.xtec.cat\/ses-bisaura\/wp-json\/wp\/v2\/users\/1"}],"replies":[{"embeddable":true,"href":"https:\/\/agora.xtec.cat\/ses-bisaura\/wp-json\/wp\/v2\/comments?post=4442"}],"version-history":[{"count":5,"href":"https:\/\/agora.xtec.cat\/ses-bisaura\/wp-json\/wp\/v2\/pages\/4442\/revisions"}],"predecessor-version":[{"id":4480,"href":"https:\/\/agora.xtec.cat\/ses-bisaura\/wp-json\/wp\/v2\/pages\/4442\/revisions\/4480"}],"wp:attachment":[{"href":"https:\/\/agora.xtec.cat\/ses-bisaura\/wp-json\/wp\/v2\/media?parent=4442"}],"curies":[{"name":"wp","href":"https:\/\/api.w.org\/{rel}","templated":true}]}}