{"id":4390,"date":"2025-12-16T18:48:40","date_gmt":"2025-12-16T17:48:40","guid":{"rendered":"https:\/\/agora.xtec.cat\/ses-bisaura\/?page_id=4390"},"modified":"2025-12-16T18:50:51","modified_gmt":"2025-12-16T17:50:51","slug":"horaris-del-centre","status":"publish","type":"page","link":"https:\/\/agora.xtec.cat\/ses-bisaura\/linstitut\/horaris-del-centre\/","title":{"rendered":"Horaris del centre"},"content":{"rendered":"\n<p><strong>Horaris del centre<\/strong><\/p>\n\n\n\n<ul class=\"wp-block-list\">\n<li><strong>Consergeria:<\/strong>\u00a0de dilluns a divendres, de 8:00 a 14:30<\/li>\n\n\n\n<li><strong>Secretaria:<\/strong>\u00a0de dilluns a divendres, de 8:00 a 15:00<\/li>\n\n\n\n<li><strong>Centre:<\/strong>\u00a0de dilluns a divendres, de 8:00 a 14:30<\/li>\n<\/ul>\n\n\n\n<p>Cal tenir en compte que l\u2019horari del centre i de consergeria es pot veure modificat en les jornades de reducci\u00f3 hor\u00e0ria o jornada intensiva. Per a m\u00e9s informaci\u00f3 sobre aquestes modificacions, consulteu el calendari escolar.<\/p>\n\n\n\n<p><\/p>\n","protected":false},"excerpt":{"rendered":"<p>Horaris del centre Cal tenir en compte que l\u2019horari del centre i de consergeria es pot veure modificat en les jornades de reducci\u00f3 hor\u00e0ria o jornada intensiva. Per a m\u00e9s informaci\u00f3 sobre aquestes modificacions, consulteu el calendari escolar.<\/p>\n","protected":false},"author":1,"featured_media":0,"parent":19,"menu_order":0,"comment_status":"closed","ping_status":"closed","template":"","meta":{"_bbp_topic_count":0,"_bbp_reply_count":0,"_bbp_total_topic_count":0,"_bbp_total_reply_count":0,"_bbp_voice_count":0,"_bbp_anonymous_reply_count":0,"_bbp_topic_count_hidden":0,"_bbp_reply_count_hidden":0,"_bbp_forum_subforum_count":0,"site-sidebar-layout":"left-sidebar","site-content-layout":"","ast-site-content-layout":"default","site-content-style":"default","site-sidebar-style":"default","ast-global-header-display":"","ast-banner-title-visibility":"","ast-main-header-display":"","ast-hfb-above-header-display":"","ast-hfb-below-header-display":"","ast-hfb-mobile-header-display":"","site-post-title":"","ast-breadcrumbs-content":"","ast-featured-img":"","footer-sml-layout":"","theme-transparent-header-meta":"","adv-header-id-meta":"","stick-header-meta":"","header-above-stick-meta":"","header-main-stick-meta":"","header-below-stick-meta":"","astra-migrate-meta-layouts":"set","ast-page-background-enabled":"default","ast-page-background-meta":{"desktop":{"background-color":"var(--ast-global-color-4)","background-image":"","background-repeat":"repeat","background-position":"center center","background-size":"auto","background-attachment":"scroll","background-type":"","background-media":"","overlay-type":"","overlay-color":"","overlay-opacity":"","overlay-gradient":""},"tablet":{"background-color":"","background-image":"","background-repeat":"repeat","background-position":"center center","background-size":"auto","background-attachment":"scroll","background-type":"","background-media":"","overlay-type":"","overlay-color":"","overlay-opacity":"","overlay-gradient":""},"mobile":{"background-color":"","background-image":"","background-repeat":"repeat","background-position":"center center","background-size":"auto","background-attachment":"scroll","background-type":"","background-media":"","overlay-type":"","overlay-color":"","overlay-opacity":"","overlay-gradient":""}},"ast-content-background-meta":{"desktop":{"background-color":"var(--ast-global-color-5)","background-image":"","background-repeat":"repeat","background-position":"center center","background-size":"auto","background-attachment":"scroll","background-type":"","background-media":"","overlay-type":"","overlay-color":"","overlay-opacity":"","overlay-gradient":""},"tablet":{"background-color":"var(--ast-global-color-5)","background-image":"","background-repeat":"repeat","background-position":"center center","background-size":"auto","background-attachment":"scroll","background-type":"","background-media":"","overlay-type":"","overlay-color":"","overlay-opacity":"","overlay-gradient":""},"mobile":{"background-color":"var(--ast-global-color-5)","background-image":"","background-repeat":"repeat","background-position":"center center","background-size":"auto","background-attachment":"scroll","background-type":"","background-media":"","overlay-type":"","overlay-color":"","overlay-opacity":"","overlay-gradient":""}},"footnotes":""},"class_list":["post-4390","page","type-page","status-publish","hentry"],"post_mailing_queue_ids":[],"_links":{"self":[{"href":"https:\/\/agora.xtec.cat\/ses-bisaura\/wp-json\/wp\/v2\/pages\/4390","targetHints":{"allow":["GET"]}}],"collection":[{"href":"https:\/\/agora.xtec.cat\/ses-bisaura\/wp-json\/wp\/v2\/pages"}],"about":[{"href":"https:\/\/agora.xtec.cat\/ses-bisaura\/wp-json\/wp\/v2\/types\/page"}],"author":[{"embeddable":true,"href":"https:\/\/agora.xtec.cat\/ses-bisaura\/wp-json\/wp\/v2\/users\/1"}],"replies":[{"embeddable":true,"href":"https:\/\/agora.xtec.cat\/ses-bisaura\/wp-json\/wp\/v2\/comments?post=4390"}],"version-history":[{"count":1,"href":"https:\/\/agora.xtec.cat\/ses-bisaura\/wp-json\/wp\/v2\/pages\/4390\/revisions"}],"predecessor-version":[{"id":4391,"href":"https:\/\/agora.xtec.cat\/ses-bisaura\/wp-json\/wp\/v2\/pages\/4390\/revisions\/4391"}],"up":[{"embeddable":true,"href":"https:\/\/agora.xtec.cat\/ses-bisaura\/wp-json\/wp\/v2\/pages\/19"}],"wp:attachment":[{"href":"https:\/\/agora.xtec.cat\/ses-bisaura\/wp-json\/wp\/v2\/media?parent=4390"}],"curies":[{"name":"wp","href":"https:\/\/api.w.org\/{rel}","templated":true}]}}