{"id":39,"date":"2014-09-17T16:36:44","date_gmt":"2014-09-17T16:36:44","guid":{"rendered":"http:\/\/agora.xtec.cat\/ses-bisaura\/?page_id=39"},"modified":"2025-12-18T19:40:51","modified_gmt":"2025-12-18T18:40:51","slug":"instal%c2%b7lacions","status":"publish","type":"page","link":"https:\/\/agora.xtec.cat\/ses-bisaura\/linstitut\/instal%c2%b7lacions\/","title":{"rendered":"Instal\u00b7lacions"},"content":{"rendered":"<p>El centre disposa de les seg\u00fcents aules:<\/p>\n<p>8 aules\u00a0 de classe<\/p>\n<p><img loading=\"lazy\" decoding=\"async\" class=\"aligncenter size-large wp-image-4293\" src=\"https:\/\/agora.xtec.cat\/ses-bisaura\/wp-content\/uploads\/usu1136\/2025\/12\/20250926_104938-1-1024x378.jpg\" alt=\"\" width=\"1024\" height=\"378\" srcset=\"https:\/\/agora.xtec.cat\/ses-bisaura\/wp-content\/uploads\/usu1136\/2025\/12\/20250926_104938-1-1024x378.jpg 1024w, https:\/\/agora.xtec.cat\/ses-bisaura\/wp-content\/uploads\/usu1136\/2025\/12\/20250926_104938-1-300x111.jpg 300w, https:\/\/agora.xtec.cat\/ses-bisaura\/wp-content\/uploads\/usu1136\/2025\/12\/20250926_104938-1-768x283.jpg 768w, https:\/\/agora.xtec.cat\/ses-bisaura\/wp-content\/uploads\/usu1136\/2025\/12\/20250926_104938-1-1536x567.jpg 1536w, https:\/\/agora.xtec.cat\/ses-bisaura\/wp-content\/uploads\/usu1136\/2025\/12\/20250926_104938-1-2048x756.jpg 2048w\" sizes=\"auto, (max-width: 1024px) 100vw, 1024px\" \/><\/p>\n<p>Taller tecnologia<\/p>\n<p><img loading=\"lazy\" decoding=\"async\" class=\"aligncenter size-large wp-image-4277\" src=\"https:\/\/agora.xtec.cat\/ses-bisaura\/wp-content\/uploads\/usu1136\/2025\/12\/20250926_104326-1024x368.jpg\" alt=\"\" width=\"1024\" height=\"368\" srcset=\"https:\/\/agora.xtec.cat\/ses-bisaura\/wp-content\/uploads\/usu1136\/2025\/12\/20250926_104326-1024x368.jpg 1024w, https:\/\/agora.xtec.cat\/ses-bisaura\/wp-content\/uploads\/usu1136\/2025\/12\/20250926_104326-300x108.jpg 300w, https:\/\/agora.xtec.cat\/ses-bisaura\/wp-content\/uploads\/usu1136\/2025\/12\/20250926_104326-768x276.jpg 768w, https:\/\/agora.xtec.cat\/ses-bisaura\/wp-content\/uploads\/usu1136\/2025\/12\/20250926_104326-1536x552.jpg 1536w, https:\/\/agora.xtec.cat\/ses-bisaura\/wp-content\/uploads\/usu1136\/2025\/12\/20250926_104326-2048x736.jpg 2048w\" sizes=\"auto, (max-width: 1024px) 100vw, 1024px\" \/> <img loading=\"lazy\" decoding=\"async\" class=\"aligncenter size-large wp-image-4279\" src=\"https:\/\/agora.xtec.cat\/ses-bisaura\/wp-content\/uploads\/usu1136\/2025\/12\/20250926_104508-1024x350.jpg\" alt=\"\" width=\"1024\" height=\"350\" srcset=\"https:\/\/agora.xtec.cat\/ses-bisaura\/wp-content\/uploads\/usu1136\/2025\/12\/20250926_104508-1024x350.jpg 1024w, https:\/\/agora.xtec.cat\/ses-bisaura\/wp-content\/uploads\/usu1136\/2025\/12\/20250926_104508-300x102.jpg 300w, https:\/\/agora.xtec.cat\/ses-bisaura\/wp-content\/uploads\/usu1136\/2025\/12\/20250926_104508-768x262.jpg 768w, https:\/\/agora.xtec.cat\/ses-bisaura\/wp-content\/uploads\/usu1136\/2025\/12\/20250926_104508-1536x525.jpg 1536w, https:\/\/agora.xtec.cat\/ses-bisaura\/wp-content\/uploads\/usu1136\/2025\/12\/20250926_104508-2048x700.jpg 2048w\" sizes=\"auto, (max-width: 1024px) 100vw, 1024px\" \/><\/p>\n<p>Laboratori<\/p>\n<p>Aula desdoblament<\/p>\n<p>Aula d&#8217;audiovisuals<\/p>\n<p>Utilitzem el pavell\u00f3 municipal per fer educaci\u00f3 f\u00edsica i celebracions. All\u00e0 tamb\u00e9 hi tenim l&#8217;aula de m\u00fasica.<\/p>\n<p><img decoding=\"async\" class=\"aligncenter size-full wp-image-4291\" src=\"https:\/\/agora.xtec.cat\/ses-bisaura\/wp-content\/uploads\/usu1136\/2025\/12\/IMG_0212-1.heic\" alt=\"\" \/><\/p>\n<p>\u00a0<\/p>\n\n\n<p><\/p>\n","protected":false},"excerpt":{"rendered":"<p>El centre disposa de les seg\u00fcents aules: 8 aules\u00a0 de classe Taller tecnologia Laboratori Aula desdoblament Aula d&#8217;audiovisuals Utilitzem el pavell\u00f3 municipal per fer educaci\u00f3 f\u00edsica i celebracions. All\u00e0 tamb\u00e9 hi tenim l&#8217;aula de m\u00fasica. \u00a0<\/p>\n","protected":false},"author":1,"featured_media":0,"parent":19,"menu_order":30,"comment_status":"closed","ping_status":"closed","template":"","meta":{"_bbp_topic_count":0,"_bbp_reply_count":0,"_bbp_total_topic_count":0,"_bbp_total_reply_count":0,"_bbp_voice_count":0,"_bbp_anonymous_reply_count":0,"_bbp_topic_count_hidden":0,"_bbp_reply_count_hidden":0,"_bbp_forum_subforum_count":0,"site-sidebar-layout":"default","site-content-layout":"","ast-site-content-layout":"default","site-content-style":"default","site-sidebar-style":"default","ast-global-header-display":"","ast-banner-title-visibility":"","ast-main-header-display":"","ast-hfb-above-header-display":"","ast-hfb-below-header-display":"","ast-hfb-mobile-header-display":"","site-post-title":"","ast-breadcrumbs-content":"","ast-featured-img":"","footer-sml-layout":"","theme-transparent-header-meta":"","adv-header-id-meta":"","stick-header-meta":"","header-above-stick-meta":"","header-main-stick-meta":"","header-below-stick-meta":"","astra-migrate-meta-layouts":"set","ast-page-background-enabled":"default","ast-page-background-meta":{"desktop":{"background-color":"var(--ast-global-color-4)","background-image":"","background-repeat":"repeat","background-position":"center center","background-size":"auto","background-attachment":"scroll","background-type":"","background-media":"","overlay-type":"","overlay-color":"","overlay-opacity":"","overlay-gradient":""},"tablet":{"background-color":"","background-image":"","background-repeat":"repeat","background-position":"center center","background-size":"auto","background-attachment":"scroll","background-type":"","background-media":"","overlay-type":"","overlay-color":"","overlay-opacity":"","overlay-gradient":""},"mobile":{"background-color":"","background-image":"","background-repeat":"repeat","background-position":"center center","background-size":"auto","background-attachment":"scroll","background-type":"","background-media":"","overlay-type":"","overlay-color":"","overlay-opacity":"","overlay-gradient":""}},"ast-content-background-meta":{"desktop":{"background-color":"var(--ast-global-color-5)","background-image":"","background-repeat":"repeat","background-position":"center center","background-size":"auto","background-attachment":"scroll","background-type":"","background-media":"","overlay-type":"","overlay-color":"","overlay-opacity":"","overlay-gradient":""},"tablet":{"background-color":"var(--ast-global-color-5)","background-image":"","background-repeat":"repeat","background-position":"center center","background-size":"auto","background-attachment":"scroll","background-type":"","background-media":"","overlay-type":"","overlay-color":"","overlay-opacity":"","overlay-gradient":""},"mobile":{"background-color":"var(--ast-global-color-5)","background-image":"","background-repeat":"repeat","background-position":"center center","background-size":"auto","background-attachment":"scroll","background-type":"","background-media":"","overlay-type":"","overlay-color":"","overlay-opacity":"","overlay-gradient":""}},"footnotes":""},"class_list":["post-39","page","type-page","status-publish","hentry"],"post_mailing_queue_ids":[],"_links":{"self":[{"href":"https:\/\/agora.xtec.cat\/ses-bisaura\/wp-json\/wp\/v2\/pages\/39","targetHints":{"allow":["GET"]}}],"collection":[{"href":"https:\/\/agora.xtec.cat\/ses-bisaura\/wp-json\/wp\/v2\/pages"}],"about":[{"href":"https:\/\/agora.xtec.cat\/ses-bisaura\/wp-json\/wp\/v2\/types\/page"}],"author":[{"embeddable":true,"href":"https:\/\/agora.xtec.cat\/ses-bisaura\/wp-json\/wp\/v2\/users\/1"}],"replies":[{"embeddable":true,"href":"https:\/\/agora.xtec.cat\/ses-bisaura\/wp-json\/wp\/v2\/comments?post=39"}],"version-history":[{"count":5,"href":"https:\/\/agora.xtec.cat\/ses-bisaura\/wp-json\/wp\/v2\/pages\/39\/revisions"}],"predecessor-version":[{"id":4430,"href":"https:\/\/agora.xtec.cat\/ses-bisaura\/wp-json\/wp\/v2\/pages\/39\/revisions\/4430"}],"up":[{"embeddable":true,"href":"https:\/\/agora.xtec.cat\/ses-bisaura\/wp-json\/wp\/v2\/pages\/19"}],"wp:attachment":[{"href":"https:\/\/agora.xtec.cat\/ses-bisaura\/wp-json\/wp\/v2\/media?parent=39"}],"curies":[{"name":"wp","href":"https:\/\/api.w.org\/{rel}","templated":true}]}}