{"id":490,"date":"2015-11-30T15:02:39","date_gmt":"2015-11-30T14:02:39","guid":{"rendered":"http:\/\/agora.xtec.cat\/ses-badalona\/?page_id=490"},"modified":"2019-02-09T00:09:32","modified_gmt":"2019-02-08T23:09:32","slug":"organs-de-gestio","status":"publish","type":"page","link":"https:\/\/agora.xtec.cat\/ses-badalona\/institut\/organs-de-gestio\/","title":{"rendered":"\u00d2rgans de gesti\u00f3"},"content":{"rendered":"<p><strong>Equip de Gesti\u00f3<\/strong><\/p>\n<ul style=\"list-style-type: disc;\">\n<li>Direcci\u00f3: Merc\u00e8 Piqueras Cano<\/li>\n<li>Cap d\u00b4estudis: Silvia Rios<\/li>\n<li>Secret\u00e0ria: M. Carme L\u00f3pez Gim\u00e9nez<\/li>\n<li>Coordinaci\u00f3 Pedag\u00f2gica: Xavier Carbonell D\u00edaz<\/li>\n<\/ul>\n","protected":false},"excerpt":{"rendered":"<p>Equip de Gesti\u00f3<\/p>\n<ul style=\"list-style-type: disc;\">\n<li>Direcci\u00f3: Merc\u00e8 Piqueras Cano<\/li>\n<li>Cap d\u00b4estudis: Silvia Rios<\/li>\n<li>Secret\u00e0ria: M. Carme L\u00f3pez Gim\u00e9nez<\/li>\n<li>Coordinaci\u00f3 Pedag\u00f2gica: Xavier Carbonell D\u00edaz<\/li>\n<\/ul>\n","protected":false},"author":1,"featured_media":0,"parent":296,"menu_order":1,"comment_status":"closed","ping_status":"closed","template":"page-templates\/side-menu.php","meta":{"_bbp_topic_count":0,"_bbp_reply_count":0,"_bbp_total_topic_count":0,"_bbp_total_reply_count":0,"_bbp_voice_count":0,"_bbp_anonymous_reply_count":0,"_bbp_topic_count_hidden":0,"_bbp_reply_count_hidden":0,"_bbp_forum_subforum_count":0,"footnotes":""},"class_list":["post-490","page","type-page","status-publish","hentry"],"post_mailing_queue_ids":[],"_links":{"self":[{"href":"https:\/\/agora.xtec.cat\/ses-badalona\/wp-json\/wp\/v2\/pages\/490","targetHints":{"allow":["GET"]}}],"collection":[{"href":"https:\/\/agora.xtec.cat\/ses-badalona\/wp-json\/wp\/v2\/pages"}],"about":[{"href":"https:\/\/agora.xtec.cat\/ses-badalona\/wp-json\/wp\/v2\/types\/page"}],"author":[{"embeddable":true,"href":"https:\/\/agora.xtec.cat\/ses-badalona\/wp-json\/wp\/v2\/users\/1"}],"replies":[{"embeddable":true,"href":"https:\/\/agora.xtec.cat\/ses-badalona\/wp-json\/wp\/v2\/comments?post=490"}],"version-history":[{"count":4,"href":"https:\/\/agora.xtec.cat\/ses-badalona\/wp-json\/wp\/v2\/pages\/490\/revisions"}],"predecessor-version":[{"id":10335,"href":"https:\/\/agora.xtec.cat\/ses-badalona\/wp-json\/wp\/v2\/pages\/490\/revisions\/10335"}],"up":[{"embeddable":true,"href":"https:\/\/agora.xtec.cat\/ses-badalona\/wp-json\/wp\/v2\/pages\/296"}],"wp:attachment":[{"href":"https:\/\/agora.xtec.cat\/ses-badalona\/wp-json\/wp\/v2\/media?parent=490"}],"curies":[{"name":"wp","href":"https:\/\/api.w.org\/{rel}","templated":true}]}}