{"id":488,"date":"2015-11-30T14:57:43","date_gmt":"2015-11-30T13:57:43","guid":{"rendered":"http:\/\/agora.xtec.cat\/ses-badalona\/?page_id=488"},"modified":"2019-02-09T00:19:28","modified_gmt":"2019-02-08T23:19:28","slug":"presentacio-3","status":"publish","type":"page","link":"https:\/\/agora.xtec.cat\/ses-badalona\/institut\/presentacio-3\/","title":{"rendered":"Presentaci\u00f3"},"content":{"rendered":"<p><strong>1. Institut Baetulo<\/strong><\/p>\n<p>L&#8217;institut Baetulo \u00e9s una instituci\u00f3 escolar de car\u00e0cter p\u00fablic creada\u00a0 com a Secci\u00f3 d&#8217;Ensenyament Secundari a partir de la resoluci\u00f3 del 2 de novembre de 1998 (DOGC n 2794) adscrita a l\u00b4Institut d\u00b4Educaci\u00f3 secund\u00e0ria Enric Borr\u00e0s.<\/p>\n<p>A les Seccions d\u00b4Ensenyament de Secund\u00e0ria s&#8217;hi imparteix Educaci\u00f3 \u00a0Secund\u00e0ria Obligat\u00f2ria i tamb\u00e9 pot impartir-se Formaci\u00f3 Professional de Grau Mitj\u00e0. La S.I de Badalona va completar el segon cicle de l&#8217;ESO en el curs 2001\/02 i, ara ja com a institut Baetulo, mant\u00e9 la intenci\u00f3 d&#8217;encetar algun PFI o Cicle Formatiu de Grau Mitj\u00e0 compatible amb les instal\u00b7lacions del centre i fruit de la demanda de l&#8217;entorn, aix\u00ed com a poder optar a oferir places de batxillerat a alumnat nouvingut recentment a la ciutat i que necessita de plans individuals per poder optar a estudis universitaris o de grau superior en cicles formatius.<\/p>\n<p><strong>2. <a href=\"https:\/\/goo.gl\/maps\/iLomrTkRtxz\" target=\"_blank\" rel=\"noopener\">La Ubicaci\u00f3 de l&#8217;Institut Baetulo<\/a><\/strong><\/p>\n<p>L&#8217;institut Baetulo est\u00e0 ubicat al Barri de la Salut de Badalona, un barri fruit de la parcel\u00b7laci\u00f3 de grans finques a finals dels anys 20, el qual, un cop acabada la Guerra Civil, va veure apar\u00e8ixer les primeres construccions habitades per immigrants a la recerca de feina, fetes de forma prec\u00e0ria per ells mateixos. Eren immigrants procedents principalment d&#8217;Andalusia, Extremadura i M\u00farcia, els quals, ens diferents onades i fins els anys 70, fan cr\u00e9ixer la poblaci\u00f3 i determinen, lligat al desinter\u00e8s del r\u00e8gim franquista, la manca d&#8217;estudi urban\u00edstic del barri.<\/p>\n<p>Als anys 80 s&#8217;estabilitza la poblaci\u00f3, per\u00f2 l\u00b4atur afecta notablement el barri. A finals de la d\u00e8cada, la part alta del barri s&#8217;estableix com a zona de tallers de confecci\u00f3 i venda a l&#8217;engr\u00f2s de roba. Aquest fet fa\u00a0proliferar l\u00b4economia submergida i l&#8217;arribada d&#8217;una altra onada migrat\u00f2ria provinent del nord d&#8217;\u00c0frica principalment.<\/p>\n<p>A partir dels anys 90 comen\u00e7a un altre moviment de poblaci\u00f3 vers altres barris de Badalona , la qual cosa fa que quedin lliures habitatges que, per les seves caracter\u00edstiques, es van ocupant amb poblaci\u00f3 de nivell econ\u00f2mic m\u00e9s baix i d&#8217;elevat risc social.<\/p>\n<p>En els darrers anys, el barri de La Salut ha viscut una altra onada immigrat\u00f2ria, en concret de proced\u00e8ncia asi\u00e0tica (Xina, Pakistan, Bangladesh) i de l&#8217;Am\u00e8rica Llatina, fet que fa que m\u00e9s del 80% del nostre alumnat sigui nouvingut.<\/p>\n","protected":false},"excerpt":{"rendered":"<p>1. Institut Baetulo<br \/>\nL&#8217;institut Baetulo \u00e9s una instituci\u00f3 escolar de car\u00e0cter p\u00fablic creada\u00a0 com a Secci\u00f3 d&#8217;Ensenyament Secundari a partir de la resoluci\u00f3 del 2 de novembre de 1998 (DOGC n 2794) adscrita a l\u00b4Institut d\u00b4Educaci\u00f3 secund\u00e0ria Enric Borr\u00e0s.<br \/>\nA les Seccions d\u00b4Ensenyament de Secund\u00e0ria s&#8217;hi imparteix&hellip;  <a href=\"https:\/\/agora.xtec.cat\/ses-badalona\/institut\/presentacio-3\/\" title=\"Read Presentaci\u00f3\">Llegeix m\u00e9s\u00bb<\/a><\/p>\n","protected":false},"author":1,"featured_media":0,"parent":296,"menu_order":0,"comment_status":"closed","ping_status":"closed","template":"page-templates\/side-menu.php","meta":{"_bbp_topic_count":0,"_bbp_reply_count":0,"_bbp_total_topic_count":0,"_bbp_total_reply_count":0,"_bbp_voice_count":0,"_bbp_anonymous_reply_count":0,"_bbp_topic_count_hidden":0,"_bbp_reply_count_hidden":0,"_bbp_forum_subforum_count":0,"footnotes":""},"class_list":["post-488","page","type-page","status-publish","hentry"],"post_mailing_queue_ids":[],"_links":{"self":[{"href":"https:\/\/agora.xtec.cat\/ses-badalona\/wp-json\/wp\/v2\/pages\/488","targetHints":{"allow":["GET"]}}],"collection":[{"href":"https:\/\/agora.xtec.cat\/ses-badalona\/wp-json\/wp\/v2\/pages"}],"about":[{"href":"https:\/\/agora.xtec.cat\/ses-badalona\/wp-json\/wp\/v2\/types\/page"}],"author":[{"embeddable":true,"href":"https:\/\/agora.xtec.cat\/ses-badalona\/wp-json\/wp\/v2\/users\/1"}],"replies":[{"embeddable":true,"href":"https:\/\/agora.xtec.cat\/ses-badalona\/wp-json\/wp\/v2\/comments?post=488"}],"version-history":[{"count":3,"href":"https:\/\/agora.xtec.cat\/ses-badalona\/wp-json\/wp\/v2\/pages\/488\/revisions"}],"predecessor-version":[{"id":10336,"href":"https:\/\/agora.xtec.cat\/ses-badalona\/wp-json\/wp\/v2\/pages\/488\/revisions\/10336"}],"up":[{"embeddable":true,"href":"https:\/\/agora.xtec.cat\/ses-badalona\/wp-json\/wp\/v2\/pages\/296"}],"wp:attachment":[{"href":"https:\/\/agora.xtec.cat\/ses-badalona\/wp-json\/wp\/v2\/media?parent=488"}],"curies":[{"name":"wp","href":"https:\/\/api.w.org\/{rel}","templated":true}]}}