{"id":463,"date":"2015-11-30T14:19:31","date_gmt":"2015-11-30T13:19:31","guid":{"rendered":"http:\/\/agora.xtec.cat\/ses-badalona\/?page_id=463"},"modified":"2018-03-18T00:23:08","modified_gmt":"2018-03-17T23:23:08","slug":"aula-dacollida","status":"publish","type":"page","link":"https:\/\/agora.xtec.cat\/ses-badalona\/organitzacio-del-centre\/aula-dacollida\/","title":{"rendered":"Aula d\u00b4Acollida"},"content":{"rendered":"<p>L&#8217;Aula d&#8217;Acollida \u00e9s el recurs que t\u00e9 l&#8217;institut per rebre a tot l&#8217;alumnat que arriba de diferents parts del m\u00f3n i que no coneix la llengua ni el sistema educatiu d&#8217;aqu\u00ed.<\/p>\n<p>Els nois i noies hi resten el temps suficient per assolir un grau suficient de comprensi\u00f3 de la llengua que els doni eines per poder seguir les explicacions del professorat en qualsevol de les mat\u00e8ries del curr\u00edculum. El temps d&#8217;estada dependr\u00e0 de molts factors: el grau d&#8217;escolaritzaci\u00f3 de l&#8217;alumne, la seva implicaci\u00f3 en l&#8217;aprenentatge, la motivaci\u00f3 per integrar-se a la nova societat&#8230;<\/p>\n<p>&nbsp;<\/p>\n","protected":false},"excerpt":{"rendered":"<p>L&#8217;Aula d&#8217;Acollida \u00e9s el recurs que t\u00e9 l&#8217;institut per rebre a tot l&#8217;alumnat que arriba de diferents parts del m\u00f3n i que no coneix la llengua ni el sistema educatiu d&#8217;aqu\u00ed.<br \/>\nEls nois i noies hi resten el temps suficient per assolir un grau suficient de&hellip;  <a href=\"https:\/\/agora.xtec.cat\/ses-badalona\/organitzacio-del-centre\/aula-dacollida\/\" title=\"Read Aula d\u00b4Acollida\">Llegeix m\u00e9s\u00bb<\/a><\/p>\n","protected":false},"author":1,"featured_media":0,"parent":298,"menu_order":4,"comment_status":"closed","ping_status":"closed","template":"page-templates\/side-menu.php","meta":{"_bbp_topic_count":0,"_bbp_reply_count":0,"_bbp_total_topic_count":0,"_bbp_total_reply_count":0,"_bbp_voice_count":0,"_bbp_anonymous_reply_count":0,"_bbp_topic_count_hidden":0,"_bbp_reply_count_hidden":0,"_bbp_forum_subforum_count":0,"footnotes":""},"class_list":["post-463","page","type-page","status-publish","hentry"],"post_mailing_queue_ids":[],"_links":{"self":[{"href":"https:\/\/agora.xtec.cat\/ses-badalona\/wp-json\/wp\/v2\/pages\/463","targetHints":{"allow":["GET"]}}],"collection":[{"href":"https:\/\/agora.xtec.cat\/ses-badalona\/wp-json\/wp\/v2\/pages"}],"about":[{"href":"https:\/\/agora.xtec.cat\/ses-badalona\/wp-json\/wp\/v2\/types\/page"}],"author":[{"embeddable":true,"href":"https:\/\/agora.xtec.cat\/ses-badalona\/wp-json\/wp\/v2\/users\/1"}],"replies":[{"embeddable":true,"href":"https:\/\/agora.xtec.cat\/ses-badalona\/wp-json\/wp\/v2\/comments?post=463"}],"version-history":[{"count":3,"href":"https:\/\/agora.xtec.cat\/ses-badalona\/wp-json\/wp\/v2\/pages\/463\/revisions"}],"predecessor-version":[{"id":9446,"href":"https:\/\/agora.xtec.cat\/ses-badalona\/wp-json\/wp\/v2\/pages\/463\/revisions\/9446"}],"up":[{"embeddable":true,"href":"https:\/\/agora.xtec.cat\/ses-badalona\/wp-json\/wp\/v2\/pages\/298"}],"wp:attachment":[{"href":"https:\/\/agora.xtec.cat\/ses-badalona\/wp-json\/wp\/v2\/media?parent=463"}],"curies":[{"name":"wp","href":"https:\/\/api.w.org\/{rel}","templated":true}]}}