{"id":461,"date":"2015-11-30T14:18:46","date_gmt":"2015-11-30T13:18:46","guid":{"rendered":"http:\/\/agora.xtec.cat\/ses-badalona\/?page_id=461"},"modified":"2018-01-29T10:47:10","modified_gmt":"2018-01-29T09:47:10","slug":"aula-oberta","status":"publish","type":"page","link":"https:\/\/agora.xtec.cat\/ses-badalona\/organitzacio-del-centre\/aula-oberta\/","title":{"rendered":"Aula Oberta"},"content":{"rendered":"<p>L&#8217;Institut de Badalona disposa d&#8217;una Aula Oberta com a un recurs m\u00e9s per atendre la diversitat de les necessitats educatives de l&#8217;alumnat.<\/p>\n<p>Es tracta d&#8217;un grup redu\u00eft on es contempla la possibilitat de fusionar \u00e0rees amb la finalitat d&#8217;oferir activitats d&#8217;ensenyament aprenentatge de tipus funcionals-globalitzadores, properes a l&#8217;experi\u00e8ncia dels alumnes, amb predomini dels aspectes manipulatius o d&#8217;aplicaci\u00f3 pr\u00e0ctica.<\/p>\n","protected":false},"excerpt":{"rendered":"<p>L&#8217;Institut de Badalona disposa d&#8217;una Aula Oberta com a un recurs m\u00e9s per atendre la diversitat de les necessitats educatives de l&#8217;alumnat.<br \/>\nEs tracta d&#8217;un grup redu\u00eft on es contempla la possibilitat de fusionar \u00e0rees amb la finalitat d&#8217;oferir activitats d&#8217;ensenyament aprenentatge de tipus funcionals-globalitzadores, properes&hellip;  <a href=\"https:\/\/agora.xtec.cat\/ses-badalona\/organitzacio-del-centre\/aula-oberta\/\" title=\"Read Aula Oberta\">Llegeix m\u00e9s\u00bb<\/a><\/p>\n","protected":false},"author":1,"featured_media":0,"parent":298,"menu_order":3,"comment_status":"closed","ping_status":"closed","template":"page-templates\/side-menu.php","meta":{"_bbp_topic_count":0,"_bbp_reply_count":0,"_bbp_total_topic_count":0,"_bbp_total_reply_count":0,"_bbp_voice_count":0,"_bbp_anonymous_reply_count":0,"_bbp_topic_count_hidden":0,"_bbp_reply_count_hidden":0,"_bbp_forum_subforum_count":0,"footnotes":""},"class_list":["post-461","page","type-page","status-publish","hentry"],"post_mailing_queue_ids":[],"_links":{"self":[{"href":"https:\/\/agora.xtec.cat\/ses-badalona\/wp-json\/wp\/v2\/pages\/461","targetHints":{"allow":["GET"]}}],"collection":[{"href":"https:\/\/agora.xtec.cat\/ses-badalona\/wp-json\/wp\/v2\/pages"}],"about":[{"href":"https:\/\/agora.xtec.cat\/ses-badalona\/wp-json\/wp\/v2\/types\/page"}],"author":[{"embeddable":true,"href":"https:\/\/agora.xtec.cat\/ses-badalona\/wp-json\/wp\/v2\/users\/1"}],"replies":[{"embeddable":true,"href":"https:\/\/agora.xtec.cat\/ses-badalona\/wp-json\/wp\/v2\/comments?post=461"}],"version-history":[{"count":3,"href":"https:\/\/agora.xtec.cat\/ses-badalona\/wp-json\/wp\/v2\/pages\/461\/revisions"}],"predecessor-version":[{"id":9214,"href":"https:\/\/agora.xtec.cat\/ses-badalona\/wp-json\/wp\/v2\/pages\/461\/revisions\/9214"}],"up":[{"embeddable":true,"href":"https:\/\/agora.xtec.cat\/ses-badalona\/wp-json\/wp\/v2\/pages\/298"}],"wp:attachment":[{"href":"https:\/\/agora.xtec.cat\/ses-badalona\/wp-json\/wp\/v2\/media?parent=461"}],"curies":[{"name":"wp","href":"https:\/\/api.w.org\/{rel}","templated":true}]}}