{"id":459,"date":"2015-11-30T14:18:15","date_gmt":"2015-11-30T13:18:15","guid":{"rendered":"http:\/\/agora.xtec.cat\/ses-badalona\/?page_id=459"},"modified":"2018-03-18T00:24:00","modified_gmt":"2018-03-17T23:24:00","slug":"usee","status":"publish","type":"page","link":"https:\/\/agora.xtec.cat\/ses-badalona\/organitzacio-del-centre\/usee\/","title":{"rendered":"SIEI (USEE)"},"content":{"rendered":"<p>L&#8217;Institut de Badalona disposa d&#8217;una unitat de\u00a0<strong>suport intensiu per a l\u2019escolaritzaci\u00f3 inclusiva. <\/strong>\u00a0Est\u00e0 dotada de recursos humans, t\u00e8cnics i materials\u00a0i ajuda en el proc\u00e9s d&#8217;aprenentatge de l&#8217;alumnat amb necessitats educatives especials al llarg de la seva escolaritzaci\u00f3 ordin\u00e0ria.<\/p>\n<p>Implicacions d&#8217;aquest model educatiu d&#8217;inclusi\u00f3:<\/p>\n<ul>\n<li><b>Tots els infants <\/b><u><b>aprenen dels seus iguals<\/b><\/u><b>, i els infants amb discapacitat no s\u00f3n una excepci\u00f3, encara que tinguin un grau d\u2019afectaci\u00f3 important.<\/b><\/li>\n<li><b>La inclusi\u00f3 ha de facilitar el seu desenvolupament <\/b><u><b>all\u00e0 on visqui\u00a0<\/b><\/u><u><b>l\u2019infant<\/b><\/u><b>, permetent que el coneguin en el seu entorn com a persona. El distanciament facilita els prejudicis i estereotips que l\u2019exclouen del seu entorn.<\/b><\/li>\n<li><b>Les discapacitats no anul\u00b7len les persones. Els nens i joves amb discapacitat tenen els <\/b><u><b>mateixos drets<\/b><\/u><b> que la resta: ser feli\u00e7os, ser tractats amb respecte, estimar i ser estimats, en definitiva tenen un dret b\u00e0sic: <\/b><b>SER COM S\u00d3N!<\/b><\/li>\n<\/ul>\n","protected":false},"excerpt":{"rendered":"<p>L&#8217;Institut de Badalona disposa d&#8217;una unitat de\u00a0suport intensiu per a l\u2019escolaritzaci\u00f3 inclusiva. \u00a0Est\u00e0 dotada de recursos humans, t\u00e8cnics i materials\u00a0i ajuda en el proc\u00e9s d&#8217;aprenentatge de l&#8217;alumnat amb necessitats educatives especials al llarg de la seva escolaritzaci\u00f3 ordin\u00e0ria.<br \/>\nImplicacions d&#8217;aquest model educatiu d&#8217;inclusi\u00f3:<\/p>\n<ul>\n<li>Tots els infants aprenen&hellip;  <a href=\"https:\/\/agora.xtec.cat\/ses-badalona\/organitzacio-del-centre\/usee\/\" title=\"Read SIEI (USEE)\">Llegeix m\u00e9s\u00bb<\/a><br \/>\n","protected":false},"author":1,"featured_media":0,"parent":298,"menu_order":2,"comment_status":"closed","ping_status":"closed","template":"page-templates\/side-menu.php","meta":{"_bbp_topic_count":0,"_bbp_reply_count":0,"_bbp_total_topic_count":0,"_bbp_total_reply_count":0,"_bbp_voice_count":0,"_bbp_anonymous_reply_count":0,"_bbp_topic_count_hidden":0,"_bbp_reply_count_hidden":0,"_bbp_forum_subforum_count":0,"footnotes":""},"class_list":["post-459","page","type-page","status-publish","hentry"],"post_mailing_queue_ids":[],"_links":{"self":[{"href":"https:\/\/agora.xtec.cat\/ses-badalona\/wp-json\/wp\/v2\/pages\/459","targetHints":{"allow":["GET"]}}],"collection":[{"href":"https:\/\/agora.xtec.cat\/ses-badalona\/wp-json\/wp\/v2\/pages"}],"about":[{"href":"https:\/\/agora.xtec.cat\/ses-badalona\/wp-json\/wp\/v2\/types\/page"}],"author":[{"embeddable":true,"href":"https:\/\/agora.xtec.cat\/ses-badalona\/wp-json\/wp\/v2\/users\/1"}],"replies":[{"embeddable":true,"href":"https:\/\/agora.xtec.cat\/ses-badalona\/wp-json\/wp\/v2\/comments?post=459"}],"version-history":[{"count":3,"href":"https:\/\/agora.xtec.cat\/ses-badalona\/wp-json\/wp\/v2\/pages\/459\/revisions"}],"predecessor-version":[{"id":9419,"href":"https:\/\/agora.xtec.cat\/ses-badalona\/wp-json\/wp\/v2\/pages\/459\/revisions\/9419"}],"up":[{"embeddable":true,"href":"https:\/\/agora.xtec.cat\/ses-badalona\/wp-json\/wp\/v2\/pages\/298"}],"wp:attachment":[{"href":"https:\/\/agora.xtec.cat\/ses-badalona\/wp-json\/wp\/v2\/media?parent=459"}],"curies":[{"name":"wp","href":"https:\/\/api.w.org\/{rel}","templated":true}]}}