{"id":298,"date":"2015-11-04T12:33:04","date_gmt":"2015-11-04T11:33:04","guid":{"rendered":"http:\/\/agora.xtec.cat\/ses-badalona\/?page_id=298"},"modified":"2019-02-08T23:41:29","modified_gmt":"2019-02-08T22:41:29","slug":"organitzacio-del-centre","status":"publish","type":"page","link":"https:\/\/agora.xtec.cat\/ses-badalona\/organitzacio-del-centre\/","title":{"rendered":"Organitzaci\u00f3 del centre"},"content":{"rendered":"<p>Aqu\u00ed trobareu una breu presentaci\u00f3 de les activitats que es desenvolupen als diferents departament de l&#8217;institut, al Suport Intensiu d&#8217;Escolaritzaci\u00f3 Inclusiva , a l&#8217;Aula Oberta i a l&#8217;Aula d&#8217;Acollida.<\/p>\n","protected":false},"excerpt":{"rendered":"<p>Aqu\u00ed trobareu una breu presentaci\u00f3 de les activitats que es desenvolupen als diferents departament de l&#8217;institut, al Suport Intensiu d&#8217;Escolaritzaci\u00f3 Inclusiva , a l&#8217;Aula Oberta i a l&#8217;Aula d&#8217;Acollida.<\/p>\n","protected":false},"author":1,"featured_media":0,"parent":0,"menu_order":0,"comment_status":"closed","ping_status":"closed","template":"page-templates\/side-menu.php","meta":{"_bbp_topic_count":0,"_bbp_reply_count":0,"_bbp_total_topic_count":0,"_bbp_total_reply_count":0,"_bbp_voice_count":0,"_bbp_anonymous_reply_count":0,"_bbp_topic_count_hidden":0,"_bbp_reply_count_hidden":0,"_bbp_forum_subforum_count":0,"footnotes":""},"class_list":["post-298","page","type-page","status-publish","hentry"],"post_mailing_queue_ids":[],"_links":{"self":[{"href":"https:\/\/agora.xtec.cat\/ses-badalona\/wp-json\/wp\/v2\/pages\/298","targetHints":{"allow":["GET"]}}],"collection":[{"href":"https:\/\/agora.xtec.cat\/ses-badalona\/wp-json\/wp\/v2\/pages"}],"about":[{"href":"https:\/\/agora.xtec.cat\/ses-badalona\/wp-json\/wp\/v2\/types\/page"}],"author":[{"embeddable":true,"href":"https:\/\/agora.xtec.cat\/ses-badalona\/wp-json\/wp\/v2\/users\/1"}],"replies":[{"embeddable":true,"href":"https:\/\/agora.xtec.cat\/ses-badalona\/wp-json\/wp\/v2\/comments?post=298"}],"version-history":[{"count":4,"href":"https:\/\/agora.xtec.cat\/ses-badalona\/wp-json\/wp\/v2\/pages\/298\/revisions"}],"predecessor-version":[{"id":10332,"href":"https:\/\/agora.xtec.cat\/ses-badalona\/wp-json\/wp\/v2\/pages\/298\/revisions\/10332"}],"wp:attachment":[{"href":"https:\/\/agora.xtec.cat\/ses-badalona\/wp-json\/wp\/v2\/media?parent=298"}],"curies":[{"name":"wp","href":"https:\/\/api.w.org\/{rel}","templated":true}]}}