{"id":43,"date":"2014-09-17T16:45:07","date_gmt":"2014-09-17T16:45:07","guid":{"rendered":"http:\/\/agora.xtec.cat\/seccio-institut-manlleu\/\/?page_id=43"},"modified":"2025-09-23T11:56:13","modified_gmt":"2025-09-23T09:56:13","slug":"consell-escolar","status":"publish","type":"page","link":"https:\/\/agora.xtec.cat\/seccio-institut-manlleu\/pagines-dinici\/linstitut\/consell-escolar\/","title":{"rendered":"Consell escolar"},"content":{"rendered":"<h4><img loading=\"lazy\" decoding=\"async\" class=\"wp-image-2764 aligncenter\" src=\"https:\/\/agora.xtec.cat\/seccio-institut-manlleu\/wp-content\/uploads\/usu1224\/2024\/07\/CONSELL.jpg\" alt=\"\" width=\"221\" height=\"205\" srcset=\"https:\/\/agora.xtec.cat\/seccio-institut-manlleu\/wp-content\/uploads\/usu1224\/2024\/07\/CONSELL.jpg 1051w, https:\/\/agora.xtec.cat\/seccio-institut-manlleu\/wp-content\/uploads\/usu1224\/2024\/07\/CONSELL-300x279.jpg 300w, https:\/\/agora.xtec.cat\/seccio-institut-manlleu\/wp-content\/uploads\/usu1224\/2024\/07\/CONSELL-768x714.jpg 768w\" sizes=\"auto, (max-width: 221px) 100vw, 221px\" \/><\/h4>\n<h4><\/h4>\n<p class=\"western\" align=\"justify\">El Consell Escolar \u00e9s l\u2019\u00f2rgan de participaci\u00f3 de la comunitat educativa en el govern del centre i l\u2019\u00f2rgan de programaci\u00f3, seguiment i avaluaci\u00f3 de les seves activitats. Per aix\u00f2 \u00e9s molt important la participaci\u00f3 de tots els sectors de la comunitat educativa i la seva implicaci\u00f3. A<strong><span style=\"color: #000000;\">l Consell escolar hi estan representats tots els sectors implicats: AFA,\u00a0 fam\u00edlies, alumnat, professorat, PAS-PAE, direcci\u00f3, cap d\u2019Estudis i Ajuntament.<\/span><\/strong><\/p>\n<p class=\"western\">Corresponen al consell escolar les funcions seg\u00fcents:<\/p>\n<ul>\n<li>\n<p class=\"western\">Aprovar el projecte educatiu i les modificacions corresponents per una majoria de tres cinquenes parts dels membres.<\/p>\n<\/li>\n<li>\n<p class=\"western\">Aprovar la programaci\u00f3 general anual del centre i avaluar-ne el desenvolupament i els resultats.<\/p>\n<\/li>\n<li>\n<p class=\"western\">Aprovar les propostes d\u2019acords de corresponsabilitat, convenis i altres acords de col\u00b7laboraci\u00f3 del centre amb entitats o institucions.<\/p>\n<\/li>\n<li>\n<p class=\"western\">Aprovar les normes d\u2019organitzaci\u00f3 i funcionament i les modificacions corresponents.<\/p>\n<\/li>\n<li>\n<p class=\"western\">Aprovar la carta de comprom\u00eds educatiu.<\/p>\n<\/li>\n<li>\n<p class=\"western\">Aprovar el pressupost del centre i el rendiment de comptes.<\/p>\n<\/li>\n<li>\n<p class=\"western\">Intervenir en el procediment d\u2019admissi\u00f3 d\u2019alumnes.<\/p>\n<\/li>\n<li>\n<p class=\"western\">Participar en el procediment de selecci\u00f3 i en la proposta de cessament del director o directora.<\/p>\n<\/li>\n<li>\n<p class=\"western\">Intervenir en la resoluci\u00f3 dels conflictes i, si escau, revisar les sancions als alumnes.<\/p>\n<\/li>\n<li>\n<p class=\"western\">Aprovar les directrius per a la programaci\u00f3 d\u2019activitats escolars complement\u00e0ries i d\u2019activitats extraescolars, i avaluar-ne el desenvolupament.<\/p>\n<\/li>\n<li>\n<p class=\"western\">Participar en les an\u00e0lisis i les avaluacions del funcionament general del centre i con\u00e8ixer l\u2019evoluci\u00f3 del rendiment escolar.<\/p>\n<\/li>\n<li>\n<p class=\"western\">Aprovar els criteris de col\u00b7laboraci\u00f3 amb altres centres i amb l\u2019entorn.<\/p>\n<\/li>\n<li>\n<p class=\"western\" align=\"justify\"><strong><span style=\"color: #000000;\">Qualsevol altra que li sigui atribu\u00efda per les normes legals o reglament\u00e0ries.<\/span><\/strong><\/p>\n<\/li>\n<\/ul>\n<p class=\"western\">Els representants del consell escolar s\u00f3n escollits per un per\u00edode de quatre anys, per\u00f2 cada dos anys es convoquen eleccions per renovar la meitat dels seus membres.<\/p>\n<p class=\"western\" align=\"justify\">El Consell Escolar de l\u2019Institut del Ter el formen 16 membres :<\/p>\n<ul>\n<li>\n<p class=\"western\" align=\"justify\">La directora, la cap d\u2019estudis i la secret\u00e0ria<\/p>\n<\/li>\n<li>\n<p class=\"western\" align=\"justify\">1 representant de l\u2019Ajuntament<\/p>\n<\/li>\n<li>\n<p class=\"western\" align=\"justify\">5 representants del professorat<\/p>\n<\/li>\n<li>\n<p class=\"western\" align=\"justify\">3 representants dels pares, mares i\/o tutors\/es<\/p>\n<\/li>\n<li>\n<p class=\"western\" align=\"justify\">1 representant de l\u2019AFA<\/p>\n<\/li>\n<li>\n<p class=\"western\" align=\"justify\">2 representants de l\u2019alumnat<\/p>\n<\/li>\n<li>\n<p class=\"western\" align=\"justify\">1 representant del personal d\u2019administraci\u00f3 i serveis<\/p>\n<\/li>\n<\/ul>\n<p align=\"justify\">\n","protected":false},"excerpt":{"rendered":"<p>El Consell Escolar \u00e9s l\u2019\u00f2rgan de participaci\u00f3 de la comunitat educativa en el govern del centre i l\u2019\u00f2rgan de programaci\u00f3, seguiment i avaluaci\u00f3 de les seves activitats. Per aix\u00f2 \u00e9s molt important la participaci\u00f3 de tots els sectors de la comunitat educativa i la seva implicaci\u00f3. Al Consell escolar hi estan representats tots els sectors [&hellip;]<\/p>\n","protected":false},"author":1,"featured_media":0,"parent":19,"menu_order":60,"comment_status":"closed","ping_status":"closed","template":"","meta":{"_bbp_topic_count":0,"_bbp_reply_count":0,"_bbp_total_topic_count":0,"_bbp_total_reply_count":0,"_bbp_voice_count":0,"_bbp_anonymous_reply_count":0,"_bbp_topic_count_hidden":0,"_bbp_reply_count_hidden":0,"_bbp_forum_subforum_count":0,"site-sidebar-layout":"default","site-content-layout":"","ast-site-content-layout":"default","site-content-style":"default","site-sidebar-style":"default","ast-global-header-display":"","ast-banner-title-visibility":"","ast-main-header-display":"","ast-hfb-above-header-display":"","ast-hfb-below-header-display":"","ast-hfb-mobile-header-display":"","site-post-title":"","ast-breadcrumbs-content":"","ast-featured-img":"","footer-sml-layout":"","theme-transparent-header-meta":"default","adv-header-id-meta":"","stick-header-meta":"","header-above-stick-meta":"","header-main-stick-meta":"","header-below-stick-meta":"","astra-migrate-meta-layouts":"set","ast-page-background-enabled":"default","ast-page-background-meta":{"desktop":{"background-color":"var(--ast-global-color-4)","background-image":"","background-repeat":"repeat","background-position":"center center","background-size":"auto","background-attachment":"scroll","background-type":"","background-media":"","overlay-type":"","overlay-color":"","overlay-opacity":"","overlay-gradient":""},"tablet":{"background-color":"","background-image":"","background-repeat":"repeat","background-position":"center center","background-size":"auto","background-attachment":"scroll","background-type":"","background-media":"","overlay-type":"","overlay-color":"","overlay-opacity":"","overlay-gradient":""},"mobile":{"background-color":"","background-image":"","background-repeat":"repeat","background-position":"center center","background-size":"auto","background-attachment":"scroll","background-type":"","background-media":"","overlay-type":"","overlay-color":"","overlay-opacity":"","overlay-gradient":""}},"ast-content-background-meta":{"desktop":{"background-color":"var(--ast-global-color-5)","background-image":"","background-repeat":"repeat","background-position":"center center","background-size":"auto","background-attachment":"scroll","background-type":"","background-media":"","overlay-type":"","overlay-color":"","overlay-opacity":"","overlay-gradient":""},"tablet":{"background-color":"var(--ast-global-color-5)","background-image":"","background-repeat":"repeat","background-position":"center center","background-size":"auto","background-attachment":"scroll","background-type":"","background-media":"","overlay-type":"","overlay-color":"","overlay-opacity":"","overlay-gradient":""},"mobile":{"background-color":"var(--ast-global-color-5)","background-image":"","background-repeat":"repeat","background-position":"center center","background-size":"auto","background-attachment":"scroll","background-type":"","background-media":"","overlay-type":"","overlay-color":"","overlay-opacity":"","overlay-gradient":""}},"footnotes":""},"class_list":["post-43","page","type-page","status-publish","hentry"],"post_mailing_queue_ids":[],"_links":{"self":[{"href":"https:\/\/agora.xtec.cat\/seccio-institut-manlleu\/wp-json\/wp\/v2\/pages\/43","targetHints":{"allow":["GET"]}}],"collection":[{"href":"https:\/\/agora.xtec.cat\/seccio-institut-manlleu\/wp-json\/wp\/v2\/pages"}],"about":[{"href":"https:\/\/agora.xtec.cat\/seccio-institut-manlleu\/wp-json\/wp\/v2\/types\/page"}],"author":[{"embeddable":true,"href":"https:\/\/agora.xtec.cat\/seccio-institut-manlleu\/wp-json\/wp\/v2\/users\/1"}],"replies":[{"embeddable":true,"href":"https:\/\/agora.xtec.cat\/seccio-institut-manlleu\/wp-json\/wp\/v2\/comments?post=43"}],"version-history":[{"count":6,"href":"https:\/\/agora.xtec.cat\/seccio-institut-manlleu\/wp-json\/wp\/v2\/pages\/43\/revisions"}],"predecessor-version":[{"id":3703,"href":"https:\/\/agora.xtec.cat\/seccio-institut-manlleu\/wp-json\/wp\/v2\/pages\/43\/revisions\/3703"}],"up":[{"embeddable":true,"href":"https:\/\/agora.xtec.cat\/seccio-institut-manlleu\/wp-json\/wp\/v2\/pages\/19"}],"wp:attachment":[{"href":"https:\/\/agora.xtec.cat\/seccio-institut-manlleu\/wp-json\/wp\/v2\/media?parent=43"}],"curies":[{"name":"wp","href":"https:\/\/api.w.org\/{rel}","templated":true}]}}