{"id":3402,"date":"2025-07-25T13:55:47","date_gmt":"2025-07-25T11:55:47","guid":{"rendered":"https:\/\/agora.xtec.cat\/seccio-institut-manlleu\/?page_id=3402"},"modified":"2026-03-21T17:39:08","modified_gmt":"2026-03-21T16:39:08","slug":"2n-deso","status":"publish","type":"page","link":"https:\/\/agora.xtec.cat\/seccio-institut-manlleu\/pagines-dinici\/1r-eso\/2n-deso\/","title":{"rendered":"2n d&#8217;ESO"},"content":{"rendered":"<table style=\"width: 100%; border-collapse: collapse; border-color: #000000; border-style: solid;\">\n<tbody>\n<tr>\n<td style=\"width: 100%; border-color: #000000; border-style: solid; background-color: #defeff;\"><strong>Informacions generals\u00a0<\/strong><\/td>\n<\/tr>\n<\/tbody>\n<\/table>\n<p><b>\u00a0<a href=\"https:\/\/agora.xtec.cat\/seccio-institut-manlleu\/wp-content\/uploads\/usu1224\/2025\/09\/Guia-de-lestudiant2nESO.pdf\">Guia de l&#8217;estudiant2nESO<\/a><\/b><\/p>\n<table style=\"width: 100%; border-collapse: collapse; border-color: #000000; border-style: solid; height: 16px;\">\n<tbody>\n<tr style=\"height: 16px;\">\n<td style=\"width: 100%; border-color: #000000; border-style: solid; background-color: #5cff4a; height: 16px;\"><strong>Professorat de\u00a0 2n d&#8217;ESO\u00a0<\/strong><\/td>\n<\/tr>\n<\/tbody>\n<\/table>\n<h6 style=\"text-align: center;\"><\/h6>\n<table style=\"height: 901px; width: 92.3868%; border-collapse: collapse; border-color: #000000; border-style: solid;\">\n<tbody>\n<tr style=\"height: 52px;\">\n<td style=\"width: 44.2614%; height: 142px; border-color: #000000; border-style: solid; background-color: #f0f0f0; text-align: center;\" rowspan=\"3\"><strong>Tutoria<\/strong><strong><br \/>\n<\/strong><\/td>\n<td style=\"width: 59.7729%; height: 39px; border-color: #000000; border-style: solid; text-align: center;\">Maria Ferr\u00f3n Sol\u00e0 (2n A) <strong>(coordinadora)<\/strong><\/td>\n<\/tr>\n<tr style=\"height: 53px;\">\n<td style=\"width: 59.7729%; border-color: #000000; border-style: solid; height: 53px; text-align: center;\">Lourdes Rovira Serra (2nB)<\/td>\n<\/tr>\n<tr style=\"height: 50px;\">\n<td style=\"width: 59.7729%; border-color: #000000; border-style: solid; height: 50px; text-align: center;\">Rosa Pujol Famadas (2nC)<\/td>\n<\/tr>\n<tr style=\"height: 52px;\">\n<td style=\"width: 44.2614%; height: 10px; border-color: #000000; border-style: solid; background-color: #f0f0f0; text-align: center;\"><strong>Llengua catalana i literatura<\/strong><\/td>\n<td style=\"width: 59.7729%; height: 10px; border-color: #000000; border-style: solid; text-align: center;\">Rosa Regales Pou<\/td>\n<\/tr>\n<tr style=\"height: 52px;\">\n<td style=\"width: 44.2614%; height: 52px; border-color: #000000; border-style: solid; background-color: #f0f0f0; text-align: center;\"><strong>Llengua castellana i literatura<\/strong><\/td>\n<td style=\"width: 59.7729%; height: 52px; border-color: #000000; border-style: solid; text-align: center;\">Ruth Serrano Castillo<\/td>\n<\/tr>\n<tr style=\"height: 52px;\">\n<td style=\"width: 44.2614%; height: 52px; border-color: #000000; border-style: solid; background-color: #f0f0f0; text-align: center;\"><strong>Estructures ling\u00fc\u00edstiques<\/strong><\/td>\n<td style=\"width: 59.7729%; height: 52px; border-color: #000000; border-style: solid; text-align: center;\">Rosa Regales Pou , Emma Canals Mart\u00ednez<\/td>\n<\/tr>\n<tr style=\"height: 52px;\">\n<td style=\"width: 44.2614%; height: 52px; border-color: #000000; border-style: solid; background-color: #f0f0f0; text-align: center;\"><strong>Llengua estrangera: angl\u00e8s<\/strong><\/td>\n<td style=\"width: 59.7729%; height: 52px; border-color: #000000; border-style: solid; text-align: center;\">Maria Ferr\u00f3n Sol\u00e0<\/td>\n<\/tr>\n<tr style=\"height: 52px;\">\n<td style=\"width: 44.2614%; height: 10px; border-color: #000000; border-style: solid; background-color: #f0f0f0; text-align: center;\"><strong>Ci\u00e8ncies socials<\/strong><\/td>\n<td style=\"width: 59.7729%; height: 10px; border-color: #000000; border-style: solid; text-align: center;\">Trini Montero Blanco<\/td>\n<\/tr>\n<tr style=\"height: 52px;\">\n<td style=\"width: 44.2614%; height: 52px; border-color: #000000; border-style: solid; background-color: #f0f0f0; text-align: center;\"><strong>F\u00edsica i qu\u00edmica<\/strong><\/td>\n<td style=\"width: 59.7729%; height: 52px; border-color: #000000; border-style: solid; text-align: center;\"><span style=\"font-weight: 400;\">Naroa de la Fuente Gonz\u00e0lez\u00a0<\/span><\/td>\n<\/tr>\n<tr style=\"height: 52px;\">\n<td style=\"width: 44.2614%; height: 52px; border-color: #000000; border-style: solid; background-color: #f0f0f0; text-align: center;\"><strong>Matem\u00e0tiques<\/strong><\/td>\n<td style=\"width: 59.7729%; height: 52px; border-color: #000000; border-style: solid; text-align: center;\">T\u00e0nia Rodeja Ferrer<\/td>\n<\/tr>\n<tr style=\"height: 52px;\">\n<td style=\"width: 44.2614%; height: 52px; border-color: #000000; border-style: solid; background-color: #f0f0f0; text-align: center;\"><strong>Educaci\u00f3 f\u00edsica<\/strong><\/td>\n<td style=\"width: 59.7729%; height: 52px; border-color: #000000; border-style: solid; text-align: center;\">Ivet Planas Lozano<\/td>\n<\/tr>\n<tr style=\"height: 52px;\">\n<td style=\"width: 44.2614%; height: 52px; border-color: #000000; border-style: solid; background-color: #f0f0f0; text-align: center;\"><strong>Educaci\u00f3 emocional<\/strong><\/td>\n<td style=\"width: 59.7729%; height: 52px; border-color: #000000; border-style: solid; text-align: center;\">\u00a0Rosa Pujol Famadas<\/td>\n<\/tr>\n<tr style=\"height: 52px;\">\n<td style=\"width: 44.2614%; border-color: #000000; border-style: solid; background-color: #f0f0f0; height: 52px; text-align: center;\"><strong>M\u00fasica<\/strong><\/td>\n<td style=\"width: 59.7729%; border-color: #000000; border-style: solid; height: 52px; text-align: center;\">Lourdes Rovira Serra<\/td>\n<\/tr>\n<tr style=\"height: 52px;\">\n<td style=\"width: 44.2614%; border-color: #000000; border-style: solid; background-color: #f0f0f0; height: 53px; text-align: center;\"><strong>Tecnologia i digitalitzaci\u00f3<\/strong><\/td>\n<td style=\"width: 59.7729%; border-color: #000000; border-style: solid; height: 53px; text-align: center;\">Jordi Bonet Folgosa<\/td>\n<\/tr>\n<tr style=\"height: 52px;\">\n<td style=\"width: 44.2614%; border-color: #000000; border-style: solid; background-color: #f0f0f0; height: 52px; text-align: center;\"><strong>Projecte STEAM<\/strong><\/td>\n<td style=\"width: 59.7729%; border-color: #000000; border-style: solid; height: 52px; text-align: center;\"><span style=\"font-weight: 400;\">Naroa de la Fuente, Mireia Colomer\u00a0<\/span><\/td>\n<\/tr>\n<tr style=\"height: 52px;\">\n<td style=\"width: 44.2614%; border-color: #000000; border-style: solid; background-color: #f0f0f0; height: 52px; text-align: center;\"><strong>Optativa: franc\u00e8s<\/strong><\/td>\n<td style=\"width: 59.7729%; border-color: #000000; border-style: solid; height: 52px; text-align: center;\">Cristina Cunill Vilalta<\/td>\n<\/tr>\n<tr style=\"height: 52px;\">\n<td style=\"width: 44.2614%; border-color: #000000; border-style: solid; background-color: #f0f0f0; height: 52px; text-align: center;\"><strong>Optativa: teatre<\/strong><\/td>\n<td style=\"width: 59.7729%; border-color: #000000; border-style: solid; height: 52px; text-align: center;\">Rosa Regales Pou<\/td>\n<\/tr>\n<tr style=\"height: 52px;\">\n<td style=\"width: 44.2614%; border-color: #000000; border-style: solid; background-color: #f0f0f0; height: 52px; text-align: center;\"><strong>Optativa: petites investigacions<\/strong><\/td>\n<td style=\"width: 59.7729%; border-color: #000000; border-style: solid; height: 52px; text-align: center;\">Assumpta Rovira Erra<\/td>\n<\/tr>\n<tr style=\"height: 52px;\">\n<td style=\"width: 44.2614%; border-color: #000000; border-style: solid; background-color: #f0f0f0; height: 52px; text-align: center;\"><strong>Optativa: jocs col\u00b7laboratius<\/strong><\/td>\n<td style=\"width: 59.7729%; border-color: #000000; border-style: solid; height: 52px; text-align: center;\">N\u00faria Par\u00e9 Soldevila<\/td>\n<\/tr>\n<tr style=\"height: 52px;\">\n<td style=\"width: 44.2614%; border-color: #000000; border-style: solid; background-color: #f0f0f0; height: 10px; text-align: center;\"><strong>Aula d&#8217;acollida<\/strong><\/td>\n<td style=\"width: 59.7729%; border-color: #000000; border-style: solid; height: 10px; text-align: center;\"><span style=\"font-weight: 400;\">Arnau Oll\u00e9 Cuxart i Sergi Herreros (\u00d2scar Murin)<\/span><\/td>\n<\/tr>\n<\/tbody>\n<\/table>\n","protected":false},"excerpt":{"rendered":"<p>Informacions generals\u00a0 \u00a0Guia de l&#8217;estudiant2nESO Professorat de\u00a0 2n d&#8217;ESO\u00a0 Tutoria Maria Ferr\u00f3n Sol\u00e0 (2n A) (coordinadora) Lourdes Rovira Serra (2nB) Rosa Pujol Famadas (2nC) Llengua catalana i literatura Rosa Regales Pou Llengua castellana i literatura Ruth Serrano Castillo Estructures ling\u00fc\u00edstiques Rosa Regales Pou , Emma Canals Mart\u00ednez Llengua estrangera: angl\u00e8s Maria Ferr\u00f3n Sol\u00e0 Ci\u00e8ncies socials [&hellip;]<\/p>\n","protected":false},"author":1,"featured_media":0,"parent":2808,"menu_order":0,"comment_status":"closed","ping_status":"closed","template":"","meta":{"_bbp_topic_count":0,"_bbp_reply_count":0,"_bbp_total_topic_count":0,"_bbp_total_reply_count":0,"_bbp_voice_count":0,"_bbp_anonymous_reply_count":0,"_bbp_topic_count_hidden":0,"_bbp_reply_count_hidden":0,"_bbp_forum_subforum_count":0,"site-sidebar-layout":"default","site-content-layout":"","ast-site-content-layout":"default","site-content-style":"default","site-sidebar-style":"default","ast-global-header-display":"","ast-banner-title-visibility":"","ast-main-header-display":"","ast-hfb-above-header-display":"","ast-hfb-below-header-display":"","ast-hfb-mobile-header-display":"","site-post-title":"","ast-breadcrumbs-content":"","ast-featured-img":"","footer-sml-layout":"","theme-transparent-header-meta":"default","adv-header-id-meta":"","stick-header-meta":"","header-above-stick-meta":"","header-main-stick-meta":"","header-below-stick-meta":"","astra-migrate-meta-layouts":"set","ast-page-background-enabled":"default","ast-page-background-meta":{"desktop":{"background-color":"var(--ast-global-color-4)","background-image":"","background-repeat":"repeat","background-position":"center center","background-size":"auto","background-attachment":"scroll","background-type":"","background-media":"","overlay-type":"","overlay-color":"","overlay-opacity":"","overlay-gradient":""},"tablet":{"background-color":"","background-image":"","background-repeat":"repeat","background-position":"center center","background-size":"auto","background-attachment":"scroll","background-type":"","background-media":"","overlay-type":"","overlay-color":"","overlay-opacity":"","overlay-gradient":""},"mobile":{"background-color":"","background-image":"","background-repeat":"repeat","background-position":"center center","background-size":"auto","background-attachment":"scroll","background-type":"","background-media":"","overlay-type":"","overlay-color":"","overlay-opacity":"","overlay-gradient":""}},"ast-content-background-meta":{"desktop":{"background-color":"var(--ast-global-color-5)","background-image":"","background-repeat":"repeat","background-position":"center center","background-size":"auto","background-attachment":"scroll","background-type":"","background-media":"","overlay-type":"","overlay-color":"","overlay-opacity":"","overlay-gradient":""},"tablet":{"background-color":"var(--ast-global-color-5)","background-image":"","background-repeat":"repeat","background-position":"center center","background-size":"auto","background-attachment":"scroll","background-type":"","background-media":"","overlay-type":"","overlay-color":"","overlay-opacity":"","overlay-gradient":""},"mobile":{"background-color":"var(--ast-global-color-5)","background-image":"","background-repeat":"repeat","background-position":"center center","background-size":"auto","background-attachment":"scroll","background-type":"","background-media":"","overlay-type":"","overlay-color":"","overlay-opacity":"","overlay-gradient":""}},"footnotes":""},"class_list":["post-3402","page","type-page","status-publish","hentry"],"post_mailing_queue_ids":[],"_links":{"self":[{"href":"https:\/\/agora.xtec.cat\/seccio-institut-manlleu\/wp-json\/wp\/v2\/pages\/3402","targetHints":{"allow":["GET"]}}],"collection":[{"href":"https:\/\/agora.xtec.cat\/seccio-institut-manlleu\/wp-json\/wp\/v2\/pages"}],"about":[{"href":"https:\/\/agora.xtec.cat\/seccio-institut-manlleu\/wp-json\/wp\/v2\/types\/page"}],"author":[{"embeddable":true,"href":"https:\/\/agora.xtec.cat\/seccio-institut-manlleu\/wp-json\/wp\/v2\/users\/1"}],"replies":[{"embeddable":true,"href":"https:\/\/agora.xtec.cat\/seccio-institut-manlleu\/wp-json\/wp\/v2\/comments?post=3402"}],"version-history":[{"count":6,"href":"https:\/\/agora.xtec.cat\/seccio-institut-manlleu\/wp-json\/wp\/v2\/pages\/3402\/revisions"}],"predecessor-version":[{"id":4888,"href":"https:\/\/agora.xtec.cat\/seccio-institut-manlleu\/wp-json\/wp\/v2\/pages\/3402\/revisions\/4888"}],"up":[{"embeddable":true,"href":"https:\/\/agora.xtec.cat\/seccio-institut-manlleu\/wp-json\/wp\/v2\/pages\/2808"}],"wp:attachment":[{"href":"https:\/\/agora.xtec.cat\/seccio-institut-manlleu\/wp-json\/wp\/v2\/media?parent=3402"}],"curies":[{"name":"wp","href":"https:\/\/api.w.org\/{rel}","templated":true}]}}