{"id":2917,"date":"2024-07-19T10:47:52","date_gmt":"2024-07-19T08:47:52","guid":{"rendered":"https:\/\/agora.xtec.cat\/seccio-institut-manlleu\/?page_id=2917"},"modified":"2025-12-07T19:15:31","modified_gmt":"2025-12-07T18:15:31","slug":"afa","status":"publish","type":"page","link":"https:\/\/agora.xtec.cat\/seccio-institut-manlleu\/pagines-dinici\/afa\/","title":{"rendered":"AFA"},"content":{"rendered":"<table style=\"border-collapse: collapse; width: 100%;\" border=\"0\">\n<tbody>\n<tr>\n<td style=\"width: 72.2801%;\">Si us voleu posar en contacte amb l&#8217;associaci\u00f3 de fam\u00edlies, per a comentaris, propostes, participaci\u00f3, o el que vulgueu, podeu escriure un correu a: <strong>ampainsdelter@gmail.com<\/strong><\/td>\n<td style=\"width: 27.7199%; text-align: center;\">\u00a0<a href=\"https:\/\/sites.google.com\/institutdelter.com\/institutdelterafa\/p%C3%A0gina-principal\"><img loading=\"lazy\" decoding=\"async\" class=\"wp-image-783 aligncenter\" style=\"font-size: 16px;\" src=\"http:\/\/agora.xtec.cat\/seccio-institut-manlleu\/wp-content\/uploads\/usu1224\/2016\/10\/AMPATER-1.jpg\" alt=\"\" width=\"116\" height=\"123\" srcset=\"https:\/\/agora.xtec.cat\/seccio-institut-manlleu\/wp-content\/uploads\/usu1224\/2016\/10\/AMPATER-1.jpg 428w, https:\/\/agora.xtec.cat\/seccio-institut-manlleu\/wp-content\/uploads\/usu1224\/2016\/10\/AMPATER-1-282x300.jpg 282w\" sizes=\"auto, (max-width: 116px) 100vw, 116px\" \/><\/a><\/td>\n<\/tr>\n<\/tbody>\n<\/table>\n<p style=\"text-align: center;\">\n","protected":false},"excerpt":{"rendered":"<p>Si us voleu posar en contacte amb l&#8217;associaci\u00f3 de fam\u00edlies, per a comentaris, propostes, participaci\u00f3, o el que vulgueu, podeu escriure un correu a: ampainsdelter@gmail.com \u00a0<\/p>\n","protected":false},"author":1,"featured_media":0,"parent":7,"menu_order":70,"comment_status":"closed","ping_status":"closed","template":"","meta":{"_bbp_topic_count":0,"_bbp_reply_count":0,"_bbp_total_topic_count":0,"_bbp_total_reply_count":0,"_bbp_voice_count":0,"_bbp_anonymous_reply_count":0,"_bbp_topic_count_hidden":0,"_bbp_reply_count_hidden":0,"_bbp_forum_subforum_count":0,"site-sidebar-layout":"default","site-content-layout":"","ast-site-content-layout":"default","site-content-style":"default","site-sidebar-style":"default","ast-global-header-display":"","ast-banner-title-visibility":"","ast-main-header-display":"","ast-hfb-above-header-display":"","ast-hfb-below-header-display":"","ast-hfb-mobile-header-display":"","site-post-title":"","ast-breadcrumbs-content":"","ast-featured-img":"","footer-sml-layout":"","theme-transparent-header-meta":"default","adv-header-id-meta":"","stick-header-meta":"","header-above-stick-meta":"","header-main-stick-meta":"","header-below-stick-meta":"","astra-migrate-meta-layouts":"set","ast-page-background-enabled":"default","ast-page-background-meta":{"desktop":{"background-color":"var(--ast-global-color-4)","background-image":"","background-repeat":"repeat","background-position":"center center","background-size":"auto","background-attachment":"scroll","background-type":"","background-media":"","overlay-type":"","overlay-color":"","overlay-opacity":"","overlay-gradient":""},"tablet":{"background-color":"","background-image":"","background-repeat":"repeat","background-position":"center center","background-size":"auto","background-attachment":"scroll","background-type":"","background-media":"","overlay-type":"","overlay-color":"","overlay-opacity":"","overlay-gradient":""},"mobile":{"background-color":"","background-image":"","background-repeat":"repeat","background-position":"center center","background-size":"auto","background-attachment":"scroll","background-type":"","background-media":"","overlay-type":"","overlay-color":"","overlay-opacity":"","overlay-gradient":""}},"ast-content-background-meta":{"desktop":{"background-color":"var(--ast-global-color-5)","background-image":"","background-repeat":"repeat","background-position":"center center","background-size":"auto","background-attachment":"scroll","background-type":"","background-media":"","overlay-type":"","overlay-color":"","overlay-opacity":"","overlay-gradient":""},"tablet":{"background-color":"var(--ast-global-color-5)","background-image":"","background-repeat":"repeat","background-position":"center center","background-size":"auto","background-attachment":"scroll","background-type":"","background-media":"","overlay-type":"","overlay-color":"","overlay-opacity":"","overlay-gradient":""},"mobile":{"background-color":"var(--ast-global-color-5)","background-image":"","background-repeat":"repeat","background-position":"center center","background-size":"auto","background-attachment":"scroll","background-type":"","background-media":"","overlay-type":"","overlay-color":"","overlay-opacity":"","overlay-gradient":""}},"footnotes":""},"class_list":["post-2917","page","type-page","status-publish","hentry"],"post_mailing_queue_ids":[],"_links":{"self":[{"href":"https:\/\/agora.xtec.cat\/seccio-institut-manlleu\/wp-json\/wp\/v2\/pages\/2917","targetHints":{"allow":["GET"]}}],"collection":[{"href":"https:\/\/agora.xtec.cat\/seccio-institut-manlleu\/wp-json\/wp\/v2\/pages"}],"about":[{"href":"https:\/\/agora.xtec.cat\/seccio-institut-manlleu\/wp-json\/wp\/v2\/types\/page"}],"author":[{"embeddable":true,"href":"https:\/\/agora.xtec.cat\/seccio-institut-manlleu\/wp-json\/wp\/v2\/users\/1"}],"replies":[{"embeddable":true,"href":"https:\/\/agora.xtec.cat\/seccio-institut-manlleu\/wp-json\/wp\/v2\/comments?post=2917"}],"version-history":[{"count":6,"href":"https:\/\/agora.xtec.cat\/seccio-institut-manlleu\/wp-json\/wp\/v2\/pages\/2917\/revisions"}],"predecessor-version":[{"id":3718,"href":"https:\/\/agora.xtec.cat\/seccio-institut-manlleu\/wp-json\/wp\/v2\/pages\/2917\/revisions\/3718"}],"up":[{"embeddable":true,"href":"https:\/\/agora.xtec.cat\/seccio-institut-manlleu\/wp-json\/wp\/v2\/pages\/7"}],"wp:attachment":[{"href":"https:\/\/agora.xtec.cat\/seccio-institut-manlleu\/wp-json\/wp\/v2\/media?parent=2917"}],"curies":[{"name":"wp","href":"https:\/\/api.w.org\/{rel}","templated":true}]}}