{"id":2859,"date":"2024-07-08T20:16:47","date_gmt":"2024-07-08T18:16:47","guid":{"rendered":"https:\/\/agora.xtec.cat\/seccio-institut-manlleu\/?page_id=2859"},"modified":"2025-12-15T17:21:54","modified_gmt":"2025-12-15T16:21:54","slug":"proa","status":"publish","type":"page","link":"https:\/\/agora.xtec.cat\/seccio-institut-manlleu\/pagines-dinici\/projectes-2\/proa\/","title":{"rendered":"PROA +"},"content":{"rendered":"<p><a href=\"https:\/\/www.educacionfpydeportes.gob.es\/mc\/sgctie\/cooperacion-territorial\/programas-cooperacion\/proa.html\"><img loading=\"lazy\" decoding=\"async\" class=\"wp-image-2860 alignleft\" src=\"https:\/\/agora.xtec.cat\/seccio-institut-manlleu\/wp-content\/uploads\/usu1224\/2024\/07\/proa.png\" alt=\"\" width=\"307\" height=\"93\" srcset=\"https:\/\/agora.xtec.cat\/seccio-institut-manlleu\/wp-content\/uploads\/usu1224\/2024\/07\/proa.png 1024w, https:\/\/agora.xtec.cat\/seccio-institut-manlleu\/wp-content\/uploads\/usu1224\/2024\/07\/proa-300x91.png 300w, https:\/\/agora.xtec.cat\/seccio-institut-manlleu\/wp-content\/uploads\/usu1224\/2024\/07\/proa-768x233.png 768w\" sizes=\"auto, (max-width: 307px) 100vw, 307px\" \/><\/a><\/p>\n<p>&nbsp;<\/p>\n<p>&nbsp;<\/p>\n<p>&nbsp;<\/p>\n<p>Amb les directrius marcades al Proa+ es desenvolupa el PEM.<\/p>\n<p>El Pla Estrat\u00e8gic de Millora de l\u2019Institut del Ter, \u00e9s un document o conjunt d\u2019iniciatives que estableix les directrius i estrat\u00e8gies a seguir assolir una millora continua a l\u2019educaci\u00f3 que s\u2019ofereix a l\u2019Institut.<\/p>\n<p>Aquesta planificaci\u00f3 estrat\u00e8gica es composa dels seg\u00fcents aparats:<\/p>\n<ul>\n<li>An\u00e0lisi de la Situaci\u00f3 Actual:<\/li>\n<li>Objectius a Llarg i Curt Termini:<\/li>\n<li>Estrat\u00e8gies i Accions<\/li>\n<li>Indicadors de Rendiment<\/li>\n<li>Participaci\u00f3 i Col\u00b7laboraci\u00f3<\/li>\n<li>Avaluaci\u00f3 i Revisi\u00f3<\/li>\n<\/ul>\n<p>Pots consultar el Pla, clicant aqu\u00ed:\u00a0<a href=\"https:\/\/agora.xtec.cat\/seccio-institut-manlleu\/wp-content\/uploads\/usu1224\/2025\/12\/PEM-2428.docx-1.pdf\">PEM<\/a><\/p>\n","protected":false},"excerpt":{"rendered":"<p>&nbsp; &nbsp; &nbsp; Amb les directrius marcades al Proa+ es desenvolupa el PEM. El Pla Estrat\u00e8gic de Millora de l\u2019Institut del Ter, \u00e9s un document o conjunt d\u2019iniciatives que estableix les directrius i estrat\u00e8gies a seguir assolir una millora continua a l\u2019educaci\u00f3 que s\u2019ofereix a l\u2019Institut. Aquesta planificaci\u00f3 estrat\u00e8gica es composa dels seg\u00fcents aparats: An\u00e0lisi [&hellip;]<\/p>\n","protected":false},"author":1,"featured_media":0,"parent":2939,"menu_order":20,"comment_status":"closed","ping_status":"closed","template":"","meta":{"_bbp_topic_count":0,"_bbp_reply_count":0,"_bbp_total_topic_count":0,"_bbp_total_reply_count":0,"_bbp_voice_count":0,"_bbp_anonymous_reply_count":0,"_bbp_topic_count_hidden":0,"_bbp_reply_count_hidden":0,"_bbp_forum_subforum_count":0,"site-sidebar-layout":"default","site-content-layout":"","ast-site-content-layout":"default","site-content-style":"default","site-sidebar-style":"default","ast-global-header-display":"","ast-banner-title-visibility":"","ast-main-header-display":"","ast-hfb-above-header-display":"","ast-hfb-below-header-display":"","ast-hfb-mobile-header-display":"","site-post-title":"","ast-breadcrumbs-content":"","ast-featured-img":"","footer-sml-layout":"","theme-transparent-header-meta":"default","adv-header-id-meta":"","stick-header-meta":"","header-above-stick-meta":"","header-main-stick-meta":"","header-below-stick-meta":"","astra-migrate-meta-layouts":"set","ast-page-background-enabled":"default","ast-page-background-meta":{"desktop":{"background-color":"var(--ast-global-color-4)","background-image":"","background-repeat":"repeat","background-position":"center center","background-size":"auto","background-attachment":"scroll","background-type":"","background-media":"","overlay-type":"","overlay-color":"","overlay-opacity":"","overlay-gradient":""},"tablet":{"background-color":"","background-image":"","background-repeat":"repeat","background-position":"center center","background-size":"auto","background-attachment":"scroll","background-type":"","background-media":"","overlay-type":"","overlay-color":"","overlay-opacity":"","overlay-gradient":""},"mobile":{"background-color":"","background-image":"","background-repeat":"repeat","background-position":"center center","background-size":"auto","background-attachment":"scroll","background-type":"","background-media":"","overlay-type":"","overlay-color":"","overlay-opacity":"","overlay-gradient":""}},"ast-content-background-meta":{"desktop":{"background-color":"var(--ast-global-color-5)","background-image":"","background-repeat":"repeat","background-position":"center center","background-size":"auto","background-attachment":"scroll","background-type":"","background-media":"","overlay-type":"","overlay-color":"","overlay-opacity":"","overlay-gradient":""},"tablet":{"background-color":"var(--ast-global-color-5)","background-image":"","background-repeat":"repeat","background-position":"center center","background-size":"auto","background-attachment":"scroll","background-type":"","background-media":"","overlay-type":"","overlay-color":"","overlay-opacity":"","overlay-gradient":""},"mobile":{"background-color":"var(--ast-global-color-5)","background-image":"","background-repeat":"repeat","background-position":"center center","background-size":"auto","background-attachment":"scroll","background-type":"","background-media":"","overlay-type":"","overlay-color":"","overlay-opacity":"","overlay-gradient":""}},"footnotes":""},"class_list":["post-2859","page","type-page","status-publish","hentry"],"post_mailing_queue_ids":[],"_links":{"self":[{"href":"https:\/\/agora.xtec.cat\/seccio-institut-manlleu\/wp-json\/wp\/v2\/pages\/2859","targetHints":{"allow":["GET"]}}],"collection":[{"href":"https:\/\/agora.xtec.cat\/seccio-institut-manlleu\/wp-json\/wp\/v2\/pages"}],"about":[{"href":"https:\/\/agora.xtec.cat\/seccio-institut-manlleu\/wp-json\/wp\/v2\/types\/page"}],"author":[{"embeddable":true,"href":"https:\/\/agora.xtec.cat\/seccio-institut-manlleu\/wp-json\/wp\/v2\/users\/1"}],"replies":[{"embeddable":true,"href":"https:\/\/agora.xtec.cat\/seccio-institut-manlleu\/wp-json\/wp\/v2\/comments?post=2859"}],"version-history":[{"count":6,"href":"https:\/\/agora.xtec.cat\/seccio-institut-manlleu\/wp-json\/wp\/v2\/pages\/2859\/revisions"}],"predecessor-version":[{"id":4094,"href":"https:\/\/agora.xtec.cat\/seccio-institut-manlleu\/wp-json\/wp\/v2\/pages\/2859\/revisions\/4094"}],"up":[{"embeddable":true,"href":"https:\/\/agora.xtec.cat\/seccio-institut-manlleu\/wp-json\/wp\/v2\/pages\/2939"}],"wp:attachment":[{"href":"https:\/\/agora.xtec.cat\/seccio-institut-manlleu\/wp-json\/wp\/v2\/media?parent=2859"}],"curies":[{"name":"wp","href":"https:\/\/api.w.org\/{rel}","templated":true}]}}